{"id":2327,"date":"2023-07-06T10:48:40","date_gmt":"2023-07-06T10:48:40","guid":{"rendered":"https:\/\/mboprinters.com\/?page_id=2327"},"modified":"2023-07-06T10:53:49","modified_gmt":"2023-07-06T10:53:49","slug":"privacy-policy","status":"publish","type":"page","link":"https:\/\/mboprinters.com\/de\/privacy-policy","title":{"rendered":"Datenschutzrichtlinie"},"content":{"rendered":"\n<p><strong>Bomedia SL<\/strong> (\u201ewir\u201c, \u201euns\u201c oder \u201eunser\u201c) betreibt die Website MBO printers (der \u201eService\u201c).<\/p>\n\n\n\n<p>Diese Seite informiert Sie \u00fcber unsere Richtlinien zur Erhebung, Nutzung und Offenlegung personenbezogener Daten bei der Nutzung unseres Service.<\/p>\n\n\n\n<p>Wir werden Ihre Informationen gem\u00e4\u00df dieser Datenschutzrichtlinie nicht verwenden oder mit anderen teilen, au\u00dfer wie in dieser Datenschutzrichtlinie beschrieben.<\/p>\n\n\n\n<p>Wir verwenden Ihre personenbezogenen Informationen, um den Service bereitzustellen und zu verbessern. Durch die Nutzung des Service stimmen Sie der Erhebung und Nutzung von Informationen gem\u00e4\u00df dieser Richtlinie zu. Sofern in dieser Datenschutzrichtlinie nicht anders definiert, haben die in dieser Datenschutzrichtlinie verwendeten Begriffe die gleiche Bedeutung wie in unseren Allgemeinen Gesch\u00e4ftsbedingungen, abrufbar unter mboprinters.com<\/p>\n\n\n\n<p>Datenerhebung und -verwendung<\/p>\n\n\n\n<p>W\u00e4hrend der Nutzung unseres Service bitten wir Sie m\u00f6glicherweise um bestimmte personenbezogene Informationen, die zur Kontaktaufnahme oder Identifizierung verwendet werden k\u00f6nnen. Personenbezogene Informationen k\u00f6nnen Namen, E-Mail-Adressen, Telefonnummern und Adressen umfassen.<\/p>\n\n\n\n<p>Protokolldaten<\/p>\n\n\n\n<p>Wir erfassen Informationen, die Ihr Browser sendet, wenn Sie unseren Service besuchen (\u201eProtokolldaten\u201c). Diese Protokolldaten k\u00f6nnen Informationen wie Ihre Internetprotokoll-Adresse (\u201eIP-Adresse\u201c), Browsertyp, Browserversion, die Seiten unseres Service, die Sie besuchen, die Uhrzeit und das Datum Ihres Besuchs, die auf diesen Seiten verbrachte Zeit und andere Statistiken umfassen.<\/p>\n\n\n\n<p>Cookies<\/p>\n\n\n\n<p>Cookies sind Dateien mit einer geringen Datenmenge, die eine anonyme eindeutige Kennung enthalten k\u00f6nnen. Cookies werden von einer Website an Ihren Browser gesendet und auf der Festplatte Ihres Computers gespeichert.<\/p>\n\n\n\n<p>Wir verwenden \u201eCookies\u201c, um Informationen zu sammeln. Sie k\u00f6nnen Ihren Browser anweisen, alle Cookies abzulehnen oder anzuzeigen, wenn ein Cookie gesendet wird. Wenn Sie jedoch Cookies nicht akzeptieren, k\u00f6nnen Sie m\u00f6glicherweise bestimmte Teile unseres Service nicht nutzen.<\/p>\n\n\n\n<p>Dienstleister<\/p>\n\n\n\n<p>Wir k\u00f6nnen Drittanbieter-Unternehmen und Einzelpersonen einsetzen, um unseren Service zu erleichtern, den Service in unserem Auftrag bereitzustellen, Service-bezogene Dienstleistungen durchzuf\u00fchren oder uns bei der Analyse der Nutzung unseres Service zu unterst\u00fctzen.<\/p>\n\n\n\n<p>Diese Dritten haben nur Zugang zu Ihren personenbezogenen Informationen, um diese Aufgaben in unserem Namen auszuf\u00fchren, und sie sind verpflichtet, diese Informationen nicht offenzulegen oder f\u00fcr andere Zwecke zu verwenden.<\/p>\n\n\n\n<p>Sicherheit<\/p>\n\n\n\n<p>Die Sicherheit Ihrer personenbezogenen Informationen ist uns wichtig, aber bitte beachten Sie, dass keine \u00dcbertragungsmethode \u00fcber das Internet oder elektronische Speicherung zu 100 % sicher ist. Wir bem\u00fchen uns zwar, kommerziell akzeptable Mittel zum Schutz Ihrer personenbezogenen Informationen einzusetzen, k\u00f6nnen jedoch keine absolute Sicherheit garantieren.<\/p>\n\n\n\n<p>Links zu anderen Websites<\/p>\n\n\n\n<p>Unser Service kann Links zu anderen Websites enthalten, die nicht von uns bet rieben werden. Wenn Sie auf einen Link von Drittanbietern klicken, werden Sie auf die Website dieses Dritten weitergeleitet. Wir empfehlen Ihnen dringend, die Datenschutzrichtlinie jeder Website zu \u00fcberpr\u00fcfen, die Sie besuchen.<\/p>\n\n\n\n<p>Wir haben keine Kontrolle \u00fcber den Inhalt, die Datenschutzrichtlinien oder die Praktiken von Websites oder Diensten Dritter und \u00fcbernehmen keine Verantwortung daf\u00fcr.<\/p>\n\n\n\n<p>Datenschutz von Kindern<\/p>\n\n\n\n<p>Unser Service richtet sich nicht an Personen unter 18 Jahren (\u201eKinder\u201c).<\/p>\n\n\n\n<p>Wir erfassen wissentlich keine personenbezogenen Informationen von Kindern unter 18 Jahren. Wenn Sie ein Elternteil oder Erziehungsberechtigter sind und wissen, dass Ihr Kind uns personenbezogene Informationen zur Verf\u00fcgung gestellt hat, nehmen Sie bitte Kontakt mit uns auf. Wenn wir feststellen, dass wir personenbezogene Informationen von Kindern unter 18 Jahren erhalten haben, werden wir diese Informationen umgehend von unseren Servern l\u00f6schen.<\/p>\n\n\n\n<p>Einhaltung von Gesetzen<\/p>\n\n\n\n<p>Wir werden Ihre personenbezogenen Informationen offenlegen, wenn wir dazu gesetzlich verpflichtet sind oder einer Vorladung nachkommen m\u00fcssen.<\/p>\n\n\n\n<p>\u00c4nderungen dieser Datenschutzrichtlinie<\/p>\n\n\n\n<p>Wir k\u00f6nnen unsere Datenschutzrichtlinie von Zeit zu Zeit aktualisieren. Wir werden Sie \u00fcber etwaige \u00c4nderungen informieren, indem wir die neue Datenschutzrichtlinie auf dieser Seite ver\u00f6ffentlichen.<\/p>\n\n\n\n<p>Es wird empfohlen, diese Datenschutzrichtlinie regelm\u00e4\u00dfig auf etwaige \u00c4nderungen hin zu \u00fcberpr\u00fcfen. \u00c4nderungen dieser Datenschutzrichtlinie treten in Kraft, sobald sie auf dieser Seite ver\u00f6ffentlicht werden.<\/p>\n\n\n\n<p>Kontaktieren Sie uns<\/p>\n\n\n\n<p>Wenn Sie Fragen zu dieser Datenschutzrichtlinie haben, kontaktieren Sie uns bitte.<\/p>\n","protected":false},"excerpt":{"rendered":"<p>Bomedia SL (\u201ewir\u201c, \u201euns\u201c oder \u201eunser\u201c) betreibt die Website MBO printers (der \u201eService\u201c). Diese Seite informiert Sie \u00fcber unsere Richtlinien zur Erhebung, Nutzung und Offenlegung personenbezogener Daten bei der Nutzung unseres Service. Wir werden Ihre Informationen gem\u00e4\u00df dieser Datenschutzrichtlinie nicht<\/p>\n","protected":false},"author":1,"featured_media":0,"parent":0,"menu_order":0,"comment_status":"closed","ping_status":"closed","template":"","meta":{"footnotes":""},"class_list":["post-2327","page","type-page","status-publish","hentry"],"translation":{"provider":"WPGlobus","version":"3.0.0","language":"de","enabled_languages":["es","en","de","fr"],"languages":{"es":{"title":true,"content":true,"excerpt":false},"en":{"title":true,"content":true,"excerpt":false},"de":{"title":true,"content":true,"excerpt":false},"fr":{"title":true,"content":true,"excerpt":false}}},"_links":{"self":[{"href":"https:\/\/mboprinters.com\/de\/wp-json\/wp\/v2\/pages\/2327","targetHints":{"allow":["GET"]}}],"collection":[{"href":"https:\/\/mboprinters.com\/de\/wp-json\/wp\/v2\/pages"}],"about":[{"href":"https:\/\/mboprinters.com\/de\/wp-json\/wp\/v2\/types\/page"}],"author":[{"embeddable":true,"href":"https:\/\/mboprinters.com\/de\/wp-json\/wp\/v2\/users\/1"}],"replies":[{"embeddable":true,"href":"https:\/\/mboprinters.com\/de\/wp-json\/wp\/v2\/comments?post=2327"}],"version-history":[{"count":16,"href":"https:\/\/mboprinters.com\/de\/wp-json\/wp\/v2\/pages\/2327\/revisions"}],"predecessor-version":[{"id":3310,"href":"https:\/\/mboprinters.com\/de\/wp-json\/wp\/v2\/pages\/2327\/revisions\/3310"}],"wp:attachment":[{"href":"https:\/\/mboprinters.com\/de\/wp-json\/wp\/v2\/media?parent=2327"}],"curies":[{"name":"wp","href":"https:\/\/api.w.org\/{rel}","templated":true}]}}