{"id":2554,"date":"2022-04-14T07:03:35","date_gmt":"2022-04-14T07:03:35","guid":{"rendered":"https:\/\/mboprinters.com\/?page_id=2554"},"modified":"2022-11-17T04:16:43","modified_gmt":"2022-11-17T04:16:43","slug":"mbo-600-dtf","status":"publish","type":"page","link":"https:\/\/mboprinters.com\/de\/mbo-600-dtf","title":{"rendered":"MBO 600 DTF Digitaldrucker"},"content":{"rendered":"\n<h2 class=\"has-text-align-center wp-block-heading\">MBO 600 DTF PRO Digitaldruck-System<\/h2>\n\n\n\n<div style=\"height:22px\" aria-hidden=\"true\" class=\"wp-block-spacer\"><\/div>\n\n\n\n<div class=\"wp-block-columns is-layout-flex wp-container-core-columns-is-layout-9d6595d7 wp-block-columns-is-layout-flex\">\n<div class=\"wp-block-column is-layout-flow wp-block-column-is-layout-flow\">\n<figure class=\"wp-block-image size-large\"><img decoding=\"async\" width=\"1024\" height=\"1012\" src=\"https:\/\/mboprinters.com\/wp-content\/uploads\/2022\/04\/mbo600tshirts-1024x1012.png\" alt=\"\" class=\"wp-image-2557\" srcset=\"https:\/\/mboprinters.com\/wp-content\/uploads\/2022\/04\/mbo600tshirts-1024x1012.png 1024w, https:\/\/mboprinters.com\/wp-content\/uploads\/2022\/04\/mbo600tshirts-300x297.png 300w, https:\/\/mboprinters.com\/wp-content\/uploads\/2022\/04\/mbo600tshirts-768x759.png 768w, https:\/\/mboprinters.com\/wp-content\/uploads\/2022\/04\/mbo600tshirts-45x45.png 45w, https:\/\/mboprinters.com\/wp-content\/uploads\/2022\/04\/mbo600tshirts.png 1300w\" sizes=\"(max-width: 1024px) 100vw, 1024px\" \/><\/figure>\n<\/div>\n\n\n\n<div class=\"wp-block-column is-layout-flow wp-block-column-is-layout-flow\">\n<h4 class=\"wp-block-heading\">Direkt zu Film Digitaldruck-System: MBO 600 DTF Pro<\/h4>\n\n\n\n<h5 class=\"wp-block-heading\"><strong><strong>Parameter<\/strong><\/strong><\/h5>\n\n\n\n<ul class=\"wp-block-list\">\n<li><strong>Druckkopf&nbsp;<strong>:<\/strong>&nbsp;Zwei Epson PrecisionCore\u2122 I3200\/4720-Druckk\u00f6pfe.<\/strong><\/li>\n\n\n\n<li><strong><strong>Max. Druckgr\u00f6\u00dfe:<\/strong>&nbsp;600 mm Druckbreite.<\/strong><\/li>\n<\/ul>\n\n\n\n<h5 class=\"wp-block-heading\"><strong><strong><strong>Besonderheit<\/strong><\/strong><\/strong><\/h5>\n\n\n\n<p>MBO 600 DTF ist eine&nbsp;<strong>neue Generation<\/strong>&nbsp;der digitalen Revolution und schafft ein neues digitales DTF-Filmdruckverfahren. Es gleicht die Unzul\u00e4nglichkeiten der bestehenden DTF-Technologie aus. Die maximale Druckbreite 24 Zoll. Mit Epson-Druckkopf, einschlie\u00dflich 400 D\u00fcsen\/Reihe*g*lincs*2, hohe Qualit\u00e4t bis zu 1800 dpi<\/p>\n\n\n\n<h4 class=\"wp-block-heading\">FORDERN SIE DRUCKMUSTER ODER EINE PRODUKTDEMO AN<\/h4>\n\n\n\n<div class=\"wp-block-buttons is-horizontal is-content-justification-center is-layout-flex wp-container-core-buttons-is-layout-499968f5 wp-block-buttons-is-layout-flex\">\n<div class=\"wp-block-button\"><a class=\"wp-block-button__link has-black-color has-text-color has-background wp-element-button\" href=\"https:\/\/mboprinters.com\/de\/contact\" style=\"background-color:#0fbe7c\">Mehr Informationen<\/a><\/div>\n<\/div>\n<\/div>\n<\/div>\n\n\n\n<hr class=\"wp-block-separator has-text-color has-black-color has-css-opacity has-black-background-color has-background is-style-wide\"\/>\n\n\n\n<div class=\"wp-block-columns is-layout-flex wp-container-core-columns-is-layout-9d6595d7 wp-block-columns-is-layout-flex\">\n<div class=\"wp-block-column is-layout-flow wp-block-column-is-layout-flow\">\n<div class=\"wp-block-columns is-layout-flex wp-container-core-columns-is-layout-9d6595d7 wp-block-columns-is-layout-flex\">\n<div class=\"wp-block-column is-layout-flow wp-block-column-is-layout-flow\" style=\"flex-basis:100%\">\n<h4 class=\"wp-block-heading\">Gestaggered Tintenstrahldrucktechnologie<\/h4>\n\n\n\n<p>Die neue Generation der gestaffelten Drucktechnologie mit zwei Druckk\u00f6pfeverbessert die Druckgeschwindigkeit erheblich.<\/p>\n<\/div>\n<\/div>\n\n\n\n<div class=\"wp-block-columns is-layout-flex wp-container-core-columns-is-layout-9d6595d7 wp-block-columns-is-layout-flex\">\n<div class=\"wp-block-column is-layout-flow wp-block-column-is-layout-flow\" style=\"flex-basis:100%\">\n<h5 class=\"wp-block-heading\">Upgrade des Saugsystems<\/h5>\n\n\n\n<p>Vakuum-Adsorptions-F\u00f6rderplattform, die das Druckmaterial aufnimmt, um sicherzustellen, dass das Material nicht ausbeult oder abl\u00e4uft.<\/p>\n<\/div>\n<\/div>\n<\/div>\n\n\n\n<div class=\"wp-block-column is-vertically-aligned-center is-layout-flow wp-block-column-is-layout-flow\">\n<figure class=\"wp-block-image size-full\"><img decoding=\"async\" width=\"375\" height=\"560\" src=\"https:\/\/mboprinters.com\/wp-content\/uploads\/2022\/04\/33.png\" alt=\"\" class=\"wp-image-2559\" srcset=\"https:\/\/mboprinters.com\/wp-content\/uploads\/2022\/04\/33.png 375w, https:\/\/mboprinters.com\/wp-content\/uploads\/2022\/04\/33-201x300.png 201w\" sizes=\"(max-width: 375px) 100vw, 375px\" \/><\/figure>\n<\/div>\n\n\n\n<div class=\"wp-block-column is-layout-flow wp-block-column-is-layout-flow\">\n<div class=\"wp-block-columns is-layout-flex wp-container-core-columns-is-layout-9d6595d7 wp-block-columns-is-layout-flex\">\n<div class=\"wp-block-column is-layout-flow wp-block-column-is-layout-flow\" style=\"flex-basis:100%\">\n<h5 class=\"wp-block-heading\">Konstantes Spannungskontrollsystem<\/h5>\n\n\n\n<p>Das Spannungskontrollsystem steuert automatisch die Spannung w\u00e4hrend des DTF-Film-Druckprozesses.<br><br><\/p>\n<\/div>\n<\/div>\n\n\n\n<div class=\"wp-block-columns is-layout-flex wp-container-core-columns-is-layout-9d6595d7 wp-block-columns-is-layout-flex\">\n<div class=\"wp-block-column is-layout-flow wp-block-column-is-layout-flow\" style=\"flex-basis:100%\">\n<h5 class=\"wp-block-heading\">Pulverbox-Upgrade<\/h5>\n\n\n\n<p>Konischer Pulverbeh\u00e4lter, entlastet den Motor und verl\u00e4ngert die Lebensdauer des Motors.<\/p>\n<\/div>\n<\/div>\n<\/div>\n<\/div>\n\n\n\n<hr class=\"wp-block-separator has-text-color has-black-color has-css-opacity has-black-background-color has-background is-style-wide\"\/>\n\n\n\n<div class=\"wp-block-columns is-layout-flex wp-container-core-columns-is-layout-9d6595d7 wp-block-columns-is-layout-flex\">\n<div class=\"wp-block-column is-vertically-aligned-center is-layout-flow wp-block-column-is-layout-flow\"><div class=\"wp-block-image\">\n<figure class=\"aligncenter size-full\"><img decoding=\"async\" width=\"500\" height=\"350\" src=\"https:\/\/mboprinters.com\/wp-content\/uploads\/2022\/04\/I3200-A1-1.png\" alt=\"\" class=\"wp-image-2563\" srcset=\"https:\/\/mboprinters.com\/wp-content\/uploads\/2022\/04\/I3200-A1-1.png 500w, https:\/\/mboprinters.com\/wp-content\/uploads\/2022\/04\/I3200-A1-1-300x210.png 300w\" sizes=\"(max-width: 500px) 100vw, 500px\" \/><\/figure><\/div><\/div>\n\n\n\n<div class=\"wp-block-column is-layout-flow wp-block-column-is-layout-flow\">\n<h5 class=\"wp-block-heading\"><strong>Epson I3200-A1\/4720 <meta charset=\"utf-8\">Druckkopf<\/strong><\/h5>\n\n\n\n<p>MBO 600 DTF mit Epson I3200-Druckk\u00f6pfen. Der Epson I3200-Kopf hat 3200 D\u00fcsen, eine Aufl\u00f6sung von 600 npi, die Strahlfrequenz ist h\u00f6her als bei DX5 und XP600, und auch Farbs\u00e4ttigung, Druckgeschwindigkeit und Druckgenauigkeit sind besser und der Preis ist g\u00fcnstig. Sehr kosteng\u00fcnstig.<\/p>\n\n\n\n<figure class=\"wp-block-table\"><table><tbody><tr><td>Model<\/td><td>I3200-A1\/4720<\/td><\/tr><tr><td>Ink Types<\/td><td>Water based ink<\/td><\/tr><tr><td>Size(width x depth x height)(mm)<\/td><td>69.1\u00d759.4\u00d735.6<\/td><\/tr><tr><td>Weight(g)<\/td><td>82<\/td><\/tr><tr><td>Nozzle Numbers<\/td><td>3200<\/td><\/tr><tr><td>Length Between Nozzles(inch)<\/td><td>1\/300(in one row)<\/td><\/tr><tr><td>Nozzle Row<\/td><td>8row<\/td><\/tr><tr><td>Max color\/head<\/td><td>4colors<\/td><\/tr><tr><td>Resolution<\/td><td>300npi\/1row 600npi\/2row<\/td><\/tr><tr><td>Effective Printing Width(mm)<\/td><td>33.8<\/td><\/tr><tr><td>Jet Freqency(kHz)<\/td><td>43.2(single dot), 21.6(multi dot)<\/td><\/tr><tr><td>Ink Drops(pl)<\/td><td>3.8-6-12(9.4)<\/td><\/tr><tr><td>Ink Viscosity(mPa.s)<\/td><td>3~4<\/td><\/tr><\/tbody><\/table><\/figure>\n<\/div>\n<\/div>\n\n\n\n<hr class=\"wp-block-separator has-text-color has-black-color has-css-opacity has-black-background-color has-background is-style-wide\"\/>\n\n\n\n<div class=\"wp-block-columns is-layout-flex wp-container-core-columns-is-layout-9d6595d7 wp-block-columns-is-layout-flex\">\n<div class=\"wp-block-column is-layout-flow wp-block-column-is-layout-flow\">\n<h3 class=\"has-text-align-center wp-block-heading\">DTF-Produktionsprozess<\/h3>\n\n\n\n<div style=\"height:54px\" aria-hidden=\"true\" class=\"wp-block-spacer\"><\/div>\n\n\n\n<div class=\"wp-block-columns is-layout-flex wp-container-core-columns-is-layout-9d6595d7 wp-block-columns-is-layout-flex\">\n<div class=\"wp-block-column editorskit-no-mobile is-layout-flow wp-block-column-is-layout-flow\" style=\"flex-basis:10%\">\n<figure class=\"wp-block-image size-full\"><img decoding=\"async\" width=\"512\" height=\"512\" src=\"https:\/\/mboprinters.com\/wp-content\/uploads\/2022\/04\/3159310.png\" alt=\"\" class=\"wp-image-2500\" srcset=\"https:\/\/mboprinters.com\/wp-content\/uploads\/2022\/04\/3159310.png 512w, https:\/\/mboprinters.com\/wp-content\/uploads\/2022\/04\/3159310-300x300.png 300w, https:\/\/mboprinters.com\/wp-content\/uploads\/2022\/04\/3159310-150x150.png 150w, https:\/\/mboprinters.com\/wp-content\/uploads\/2022\/04\/3159310-270x270.png 270w, https:\/\/mboprinters.com\/wp-content\/uploads\/2022\/04\/3159310-230x230.png 230w, https:\/\/mboprinters.com\/wp-content\/uploads\/2022\/04\/3159310-45x45.png 45w\" sizes=\"(max-width: 512px) 100vw, 512px\" \/><\/figure>\n<\/div>\n\n\n\n<div class=\"wp-block-column is-layout-flow wp-block-column-is-layout-flow\" style=\"flex-basis:90%\">\n<h5 class=\"wp-block-heading\">Entwurfsmuster<\/h5>\n\n\n\n<p>Verwenden Sie Photoshop, Illustrator oder andere Software, um Ihr Muster zu entwerfen.<\/p>\n<\/div>\n<\/div>\n\n\n\n<div class=\"wp-block-columns is-layout-flex wp-container-core-columns-is-layout-9d6595d7 wp-block-columns-is-layout-flex\">\n<div class=\"wp-block-column editorskit-no-mobile is-layout-flow wp-block-column-is-layout-flow\" style=\"flex-basis:10%\">\n<figure class=\"wp-block-image size-full\"><img decoding=\"async\" width=\"512\" height=\"512\" src=\"https:\/\/mboprinters.com\/wp-content\/uploads\/2022\/04\/1379744.png\" alt=\"\" class=\"wp-image-2501\" srcset=\"https:\/\/mboprinters.com\/wp-content\/uploads\/2022\/04\/1379744.png 512w, https:\/\/mboprinters.com\/wp-content\/uploads\/2022\/04\/1379744-300x300.png 300w, https:\/\/mboprinters.com\/wp-content\/uploads\/2022\/04\/1379744-150x150.png 150w, https:\/\/mboprinters.com\/wp-content\/uploads\/2022\/04\/1379744-270x270.png 270w, https:\/\/mboprinters.com\/wp-content\/uploads\/2022\/04\/1379744-230x230.png 230w, https:\/\/mboprinters.com\/wp-content\/uploads\/2022\/04\/1379744-45x45.png 45w\" sizes=\"(max-width: 512px) 100vw, 512px\" \/><\/figure>\n<\/div>\n\n\n\n<div class=\"wp-block-column is-layout-flow wp-block-column-is-layout-flow\" style=\"flex-basis:90%\">\n<h5 class=\"wp-block-heading\">Drucken Sie Ihr Design<\/h5>\n\n\n\n<p>Stellen Sie die Druckerparameter in der RIP-Software ein und verwenden Sie unseren Drucker und unsere Tinte, um Ihr Muster zu drucken.<\/p>\n<\/div>\n<\/div>\n\n\n\n<div class=\"wp-block-columns is-layout-flex wp-container-core-columns-is-layout-9d6595d7 wp-block-columns-is-layout-flex\">\n<div class=\"wp-block-column editorskit-no-mobile is-layout-flow wp-block-column-is-layout-flow\" style=\"flex-basis:10%\">\n<figure class=\"wp-block-image size-full\"><img decoding=\"async\" width=\"512\" height=\"512\" src=\"https:\/\/mboprinters.com\/wp-content\/uploads\/2022\/04\/1501060.png\" alt=\"\" class=\"wp-image-2502\" srcset=\"https:\/\/mboprinters.com\/wp-content\/uploads\/2022\/04\/1501060.png 512w, https:\/\/mboprinters.com\/wp-content\/uploads\/2022\/04\/1501060-300x300.png 300w, https:\/\/mboprinters.com\/wp-content\/uploads\/2022\/04\/1501060-150x150.png 150w, https:\/\/mboprinters.com\/wp-content\/uploads\/2022\/04\/1501060-270x270.png 270w, https:\/\/mboprinters.com\/wp-content\/uploads\/2022\/04\/1501060-230x230.png 230w, https:\/\/mboprinters.com\/wp-content\/uploads\/2022\/04\/1501060-45x45.png 45w\" sizes=\"(max-width: 512px) 100vw, 512px\" \/><\/figure>\n<\/div>\n\n\n\n<div class=\"wp-block-column is-layout-flow wp-block-column-is-layout-flow\" style=\"flex-basis:90%\">\n<h5 class=\"wp-block-heading\">Pulverfixierung<\/h5>\n\n\n\n<p>Schalten Sie den Schalter der Pulversch\u00fcttelmaschine ein, die Maschine spr\u00fcht, trocknet und fixiert die Farbe automatisch.<\/p>\n<\/div>\n<\/div>\n\n\n\n<div class=\"wp-block-columns is-layout-flex wp-container-core-columns-is-layout-9d6595d7 wp-block-columns-is-layout-flex\">\n<div class=\"wp-block-column editorskit-no-mobile is-layout-flow wp-block-column-is-layout-flow\" style=\"flex-basis:10%\">\n<figure class=\"wp-block-image size-full\"><img decoding=\"async\" width=\"512\" height=\"512\" src=\"https:\/\/mboprinters.com\/wp-content\/uploads\/2022\/04\/3977851.png\" alt=\"\" class=\"wp-image-2503\" srcset=\"https:\/\/mboprinters.com\/wp-content\/uploads\/2022\/04\/3977851.png 512w, https:\/\/mboprinters.com\/wp-content\/uploads\/2022\/04\/3977851-300x300.png 300w, https:\/\/mboprinters.com\/wp-content\/uploads\/2022\/04\/3977851-150x150.png 150w, https:\/\/mboprinters.com\/wp-content\/uploads\/2022\/04\/3977851-270x270.png 270w, https:\/\/mboprinters.com\/wp-content\/uploads\/2022\/04\/3977851-230x230.png 230w, https:\/\/mboprinters.com\/wp-content\/uploads\/2022\/04\/3977851-45x45.png 45w\" sizes=\"(max-width: 512px) 100vw, 512px\" \/><\/figure>\n<\/div>\n\n\n\n<div class=\"wp-block-column is-layout-flow wp-block-column-is-layout-flow\" style=\"flex-basis:90%\">\n<h5 class=\"wp-block-heading\">Hei\u00dfpresse<\/h5>\n\n\n\n<p>Verwenden Sie eine Hei\u00dfpressmaschine, stellen Sie die Temperatur auf 180 Grad ein und warten Sie 15 Sekunden mit der \u00dcbertragung.<\/p>\n<\/div>\n<\/div>\n<\/div>\n\n\n\n<div class=\"wp-block-column is-vertically-aligned-center is-layout-flow wp-block-column-is-layout-flow\">\n<figure class=\"wp-block-embed is-type-video is-provider-youtube wp-block-embed-youtube wp-embed-aspect-16-9 wp-has-aspect-ratio\"><div class=\"wp-block-embed__wrapper\">\n<iframe loading=\"lazy\" title=\"Textil DTF Printers - MBO Printers\" width=\"750\" height=\"422\" src=\"https:\/\/www.youtube.com\/embed\/OYQg19gJSOE?feature=oembed\" frameborder=\"0\" allow=\"accelerometer; autoplay; clipboard-write; encrypted-media; gyroscope; picture-in-picture\" allowfullscreen><\/iframe>\n<\/div><\/figure>\n\n\n\n<figure class=\"wp-block-embed is-type-video is-provider-youtube wp-block-embed-youtube wp-embed-aspect-16-9 wp-has-aspect-ratio\"><div class=\"wp-block-embed__wrapper\">\n<iframe loading=\"lazy\" title=\"MBO DTF Printer System with Shaker and Stove\" width=\"750\" height=\"422\" src=\"https:\/\/www.youtube.com\/embed\/edZb_2GkWW0?feature=oembed\" frameborder=\"0\" allow=\"accelerometer; autoplay; clipboard-write; encrypted-media; gyroscope; picture-in-picture\" allowfullscreen><\/iframe>\n<\/div><\/figure>\n<\/div>\n<\/div>\n\n\n\n<hr class=\"wp-block-separator has-text-color has-black-color has-css-opacity has-black-background-color has-background is-style-wide\"\/>\n\n\n\n<h3 class=\"has-text-align-center wp-block-heading\">Vorteile von MBO DTF-Druckern<\/h3>\n\n\n\n<div style=\"height:31px\" aria-hidden=\"true\" class=\"wp-block-spacer\"><\/div>\n\n\n\n<div class=\"wp-block-columns is-layout-flex wp-container-core-columns-is-layout-9d6595d7 wp-block-columns-is-layout-flex\">\n<div class=\"wp-block-column is-layout-flow wp-block-column-is-layout-flow\">\n<figure class=\"wp-block-gallery has-nested-images columns-2 is-cropped wp-block-gallery-1 is-layout-flex wp-block-gallery-is-layout-flex\">\n<figure class=\"wp-block-image size-large\"><a href=\"https:\/\/mboprinters.com\/wp-content\/uploads\/2022\/04\/promax-4.jpg\"><img decoding=\"async\" width=\"760\" height=\"520\" data-id=\"2485\" src=\"https:\/\/mboprinters.com\/wp-content\/uploads\/2022\/04\/promax-4.jpg\" alt=\"\" class=\"wp-image-2485\" srcset=\"https:\/\/mboprinters.com\/wp-content\/uploads\/2022\/04\/promax-4.jpg 760w, https:\/\/mboprinters.com\/wp-content\/uploads\/2022\/04\/promax-4-300x205.jpg 300w\" sizes=\"(max-width: 760px) 100vw, 760px\" \/><\/a><\/figure>\n\n\n\n<figure class=\"wp-block-image size-large\"><a href=\"https:\/\/mboprinters.com\/wp-content\/uploads\/2022\/04\/promax-3-1.jpg\"><img decoding=\"async\" width=\"760\" height=\"520\" data-id=\"2484\" src=\"https:\/\/mboprinters.com\/wp-content\/uploads\/2022\/04\/promax-3-1.jpg\" alt=\"\" class=\"wp-image-2484\" srcset=\"https:\/\/mboprinters.com\/wp-content\/uploads\/2022\/04\/promax-3-1.jpg 760w, https:\/\/mboprinters.com\/wp-content\/uploads\/2022\/04\/promax-3-1-300x205.jpg 300w\" sizes=\"(max-width: 760px) 100vw, 760px\" \/><\/a><\/figure>\n\n\n\n<figure class=\"wp-block-image size-large\"><a href=\"https:\/\/mboprinters.com\/wp-content\/uploads\/2022\/04\/promax-1-1.jpg\"><img decoding=\"async\" width=\"760\" height=\"520\" data-id=\"2483\" src=\"https:\/\/mboprinters.com\/wp-content\/uploads\/2022\/04\/promax-1-1.jpg\" alt=\"\" class=\"wp-image-2483\" srcset=\"https:\/\/mboprinters.com\/wp-content\/uploads\/2022\/04\/promax-1-1.jpg 760w, https:\/\/mboprinters.com\/wp-content\/uploads\/2022\/04\/promax-1-1-300x205.jpg 300w\" sizes=\"(max-width: 760px) 100vw, 760px\" \/><\/a><\/figure>\n\n\n\n<figure class=\"wp-block-image size-large\"><a href=\"https:\/\/mboprinters.com\/wp-content\/uploads\/2022\/04\/promax-2-1.jpg\"><img decoding=\"async\" width=\"760\" height=\"520\" data-id=\"2482\" src=\"https:\/\/mboprinters.com\/wp-content\/uploads\/2022\/04\/promax-2-1.jpg\" alt=\"\" class=\"wp-image-2482\" srcset=\"https:\/\/mboprinters.com\/wp-content\/uploads\/2022\/04\/promax-2-1.jpg 760w, https:\/\/mboprinters.com\/wp-content\/uploads\/2022\/04\/promax-2-1-300x205.jpg 300w\" sizes=\"(max-width: 760px) 100vw, 760px\" \/><\/a><\/figure>\n<\/figure>\n<\/div>\n\n\n\n<div class=\"wp-block-column is-layout-flow wp-block-column-is-layout-flow\">\n<p>Der MBO DTF-Drucker verf\u00fcgt \u00fcber einen verbesserten Kopfdruckalgorithmus, ein Saugsystem, ein Spannungssystem und ein Pulverr\u00fchrsystem. Dies verbessert die Stabilit\u00e4t der Maschine, verl\u00e4ngert die Lebensdauer von Maschinenteilen und macht die Maschine effizienter.<\/p>\n\n\n\n<ul class=\"editorskit-no-mobile wp-block-list\">\n<li>Schr\u00e4ges Spr\u00fchen, verbesserte Druckgeschwindigkeit, 4-Pass-Genauigkeit besser als 6-Pass.<\/li>\n\n\n\n<li>W\u00e4hrend des Druckvorgangs verhindert das Spannsystem, dass sich das Medium dehnt oder schrumpft und pl\u00f6tzliche Registrierungsfehler verursacht.<\/li>\n\n\n\n<li>Das vordere und hintere Absaugsystem erleichtert den Durchgang der Druckfolie und macht es sehr einfach, w\u00e4hrend des Druckvorgangs einen Abschnitt der Probe zu schneiden.<\/li>\n\n\n\n<li>Die kegelf\u00f6rmige Staubbox spart nicht nur dtf-Staub, sondern leitet auch die W\u00e4rme der Maschine bei der Arbeit ab und verl\u00e4ngert die Lebensdauer des Motors.<\/li>\n<\/ul>\n<\/div>\n<\/div>\n\n\n\n<div style=\"height:56px\" aria-hidden=\"true\" class=\"wp-block-spacer\"><\/div>\n\n\n\n<h4 class=\"alignfull has-text-align-center wp-block-heading\">Machine parameter<\/h4>\n\n\n\n<div class=\"wp-block-columns is-layout-flex wp-container-core-columns-is-layout-9d6595d7 wp-block-columns-is-layout-flex\">\n<div class=\"wp-block-column is-layout-flow wp-block-column-is-layout-flow\" style=\"flex-basis:15%\"><\/div>\n\n\n\n<div class=\"wp-block-column is-layout-flow wp-block-column-is-layout-flow\" style=\"flex-basis:70%\">\n<figure class=\"wp-block-table is-style-stripes\"><table><thead><tr><th>Item Model<\/th><th><\/th><th>MBO 600 DTF<\/th><\/tr><\/thead><tbody><tr><td>Print Head<\/td><td>&nbsp;<\/td><td>Using Epson Print head, including 400 nozles\/rowv*g*lincs*2, high quality up to 1800dpi<\/td><\/tr><tr><td>Print Resolution\/Speed<\/td><td>&nbsp;<\/td><td>4pass:10m2&nbsp;-15m2&nbsp;\/hour&nbsp;&nbsp;&nbsp;&nbsp;&nbsp;&nbsp;&nbsp;&nbsp;&nbsp;&nbsp; 4pass:22m2&nbsp;-34m2\/hour<\/td><\/tr><tr><td><\/td><td>&nbsp;<\/td><td>6pass:6.5m2-10m2\/hour&nbsp;&nbsp;&nbsp;&nbsp;&nbsp;&nbsp;&nbsp;&nbsp;&nbsp; 6pass:16m2&nbsp;-24m2&nbsp;\/hour<\/td><\/tr><tr><td><\/td><td>&nbsp;<\/td><td>8pass:3.5m2&nbsp;-6m2\/hour&nbsp;&nbsp;&nbsp;&nbsp;&nbsp;&nbsp;&nbsp;&nbsp;&nbsp; 8pass:12m2&nbsp;-16m2\/hour<\/td><\/tr><tr><td>Ink<\/td><td>Sort<\/td><td>DYE  DYEYR  RZY<\/td><\/tr><tr><td><\/td><td>Capacity<\/td><td>5 Colors : 1.5L*5\/color<\/td><\/tr><tr><td>Media<\/td><td>Maximum width<\/td><td>620mm<\/td><\/tr><tr><td><\/td><td>Thickness<\/td><td>1.5mm to 6mm adjustable<\/td><\/tr><tr><td><\/td><td>Max Roll Weight<\/td><td>20KG<\/td><\/tr><tr><td><\/td><td>Sort<\/td><td>PP Sythentic paper, vinyl sheet, film, coated paper, Acid Proofpaper bamer, canvas ,etc. Adhesive Vinyl sheet, Banner and so on<\/td><\/tr><tr><td>High Printing<\/td><td>&nbsp;<\/td><td>Three inteligent eclosion paint functionVSD technology<\/td><\/tr><tr><td>Madia Heater<\/td><td>&nbsp;<\/td><td>PrePost Heater (Can be controlled separately)<\/td><\/tr><tr><td>Interface<\/td><td>&nbsp;<\/td><td>USB 2.0<\/td><\/tr><tr><td>RIP Sofvare<\/td><td>&nbsp;<\/td><td>Maimop6.0, Photoprint, Print Factory<\/td><\/tr><tr><td>Powder<\/td><td>&nbsp;<\/td><td>AC110V+\/- 10%\u3001AC220V+\/-10%\u3001 50\/60+\/HZ<\/td><\/tr><tr><td>Operation Enviroameats<\/td><td>&nbsp;<\/td><td>Temperature20\u2103- 35\u2103\u3001Humidiry35%RH-65%RH<\/td><\/tr><tr><td>Powder<\/td><td>&nbsp;<\/td><td>Printing 200W, heating 450W before\/middle\/after<\/td><\/tr><tr><td>Dimensions<\/td><td>&nbsp;<\/td><td>1785*790*1613mm (L*W*H)<\/td><\/tr><tr><td>Height of Worktable<\/td><td>&nbsp;<\/td><td>1062mm<\/td><\/tr><tr><td>Package size<\/td><td>&nbsp;<\/td><td>1880*970*740mm (L*W*H)<\/td><\/tr><tr><td>Net Weighs<\/td><td>&nbsp;<\/td><td>180KG<\/td><\/tr><tr><td>Gross Weight<\/td><td>&nbsp;<\/td><td>200KG<\/td><\/tr><\/tbody><\/table><\/figure>\n<\/div>\n\n\n\n<div class=\"wp-block-column is-layout-flow wp-block-column-is-layout-flow\" style=\"flex-basis:15%\"><\/div>\n<\/div>\n\n\n\n<div class=\"wp-block-buttons is-horizontal is-content-justification-center is-layout-flex wp-container-core-buttons-is-layout-499968f5 wp-block-buttons-is-layout-flex\">\n<div class=\"wp-block-button\"><a class=\"wp-block-button__link has-black-color has-text-color has-background wp-element-button\" href=\"https:\/\/mboprinters.com\/de\/contact\" style=\"background-color:#0fbe7c\">Mehr Informationen<\/a><\/div>\n<\/div>\n","protected":false},"excerpt":{"rendered":"<p>MBO 600 DTF PRO Digitaldruck-System Direkt zu Film Digitaldruck-System: MBO 600 DTF Pro Parameter Besonderheit MBO 600 DTF ist eine&nbsp;neue Generation&nbsp;der digitalen Revolution und schafft ein neues digitales DTF-Filmdruckverfahren. Es gleicht die Unzul\u00e4nglichkeiten der bestehenden DTF-Technologie aus. Die maximale Druckbreite<\/p>\n","protected":false},"author":1,"featured_media":2586,"parent":0,"menu_order":0,"comment_status":"closed","ping_status":"closed","template":"","meta":{"footnotes":""},"class_list":["post-2554","page","type-page","status-publish","has-post-thumbnail","hentry"],"translation":{"provider":"WPGlobus","version":"3.0.0","language":"de","enabled_languages":["es","en","de","fr"],"languages":{"es":{"title":true,"content":true,"excerpt":false},"en":{"title":true,"content":true,"excerpt":false},"de":{"title":true,"content":true,"excerpt":false},"fr":{"title":true,"content":true,"excerpt":false}}},"_links":{"self":[{"href":"https:\/\/mboprinters.com\/de\/wp-json\/wp\/v2\/pages\/2554","targetHints":{"allow":["GET"]}}],"collection":[{"href":"https:\/\/mboprinters.com\/de\/wp-json\/wp\/v2\/pages"}],"about":[{"href":"https:\/\/mboprinters.com\/de\/wp-json\/wp\/v2\/types\/page"}],"author":[{"embeddable":true,"href":"https:\/\/mboprinters.com\/de\/wp-json\/wp\/v2\/users\/1"}],"replies":[{"embeddable":true,"href":"https:\/\/mboprinters.com\/de\/wp-json\/wp\/v2\/comments?post=2554"}],"version-history":[{"count":4,"href":"https:\/\/mboprinters.com\/de\/wp-json\/wp\/v2\/pages\/2554\/revisions"}],"predecessor-version":[{"id":3168,"href":"https:\/\/mboprinters.com\/de\/wp-json\/wp\/v2\/pages\/2554\/revisions\/3168"}],"wp:featuredmedia":[{"embeddable":true,"href":"https:\/\/mboprinters.com\/de\/wp-json\/wp\/v2\/media\/2586"}],"wp:attachment":[{"href":"https:\/\/mboprinters.com\/de\/wp-json\/wp\/v2\/media?parent=2554"}],"curies":[{"name":"wp","href":"https:\/\/api.w.org\/{rel}","templated":true}]}}