{"id":3277,"date":"2023-02-08T05:55:37","date_gmt":"2023-02-08T05:55:37","guid":{"rendered":"https:\/\/mboprinters.com\/?page_id=3277"},"modified":"2023-02-08T06:10:21","modified_gmt":"2023-02-08T06:10:21","slug":"cookies","status":"publish","type":"page","link":"https:\/\/mboprinters.com\/de\/cookies","title":{"rendered":"COOKIES-RICHTLINIE"},"content":{"rendered":"\n<p>Datenschutzrichtlinie<br>Zum Zwecke der Einhaltung der Bestimmungen des Organgesetzes 15\/1999 vom 13. Dezember zum Schutz personenbezogener Daten werden Sie dar\u00fcber informiert, dass die von Ihnen bereitgestellten Daten, einschlie\u00dflich der IP-Adresse des Computers, von dem aus Sie darauf zugreifen, enthalten sind eine Datei, die Eigentum von mboprinters.com (BOMEDIA SL) ist und ausschlie\u00dflich f\u00fcr die Auftragsverwaltung und die \u00dcberwachung der Zugriffsstatistiken auf unsere Website verwendet wird.<\/p>\n\n\n\n<p>Indem Sie die oben genannten Informationen senden, stimmen Sie der beschriebenen Behandlung zu. Ihre Daten werden vertraulich behandelt, wobei die in den geltenden Rechtsvorschriften festgelegten technischen oder organisatorischen Ma\u00dfnahmen angewendet werden, um einen missbr\u00e4uchlichen Zugriff, Manipulation oder L\u00f6schung zu verhindern, ohne in jedem Fall an andere Stellen oder Dritte weitergegeben zu werden.<\/p>\n\n\n\n<p>Sie k\u00f6nnen jedoch jederzeit Ihre Rechte auf Zugang, L\u00f6schung oder Berichtigung in Bezug auf diese Daten aus\u00fcben, indem Sie dies unter der Adresse info@bomedia.net anfordern<\/p>\n\n\n\n<p><strong>COOKIES-RICHTLINIE<br><\/strong>Cookie ist eine Datei, die beim Zugriff auf bestimmte Webseiten auf Ihren Computer heruntergeladen wird. Cookies erm\u00f6glichen es einer Webseite unter anderem, Informationen \u00fcber die Surfgewohnheiten eines Benutzers oder seiner Ausr\u00fcstung zu speichern und abzurufen, und je nach den darin enthaltenen Informationen und der Art und Weise, wie Sie Ihre Ausr\u00fcstung verwenden, k\u00f6nnen sie verwendet werden, um sie zu erkennen Der Browser des Benutzers speichert Cookies nur w\u00e4hrend der aktuellen Sitzung auf der Festplatte, belegt einen minimalen Speicherplatz und schadet dem Computer nicht. Cookies enthalten keine personenspezifischen Informationen und werden gr\u00f6\u00dftenteils am Ende der Browser-Sitzung wieder von der Festplatte gel\u00f6scht (sog. Sitzungs-Cookies).<br>Die meisten Browser akzeptieren Cookies standardm\u00e4\u00dfig und erlauben oder verhindern unabh\u00e4ngig davon tempor\u00e4re oder gespeicherte Cookies in den Sicherheitseinstellungen.<br>Ohne Ihre ausdr\u00fcckliche Einwilligung \u2013 durch Aktivierung von Cookies in Ihrem Browser \u2013 wird Bomedia die in den Cookies gespeicherten Daten nicht mit Ihren bei der Registrierung oder dem Kauf angegebenen personenbezogenen Daten verkn\u00fcpfen.<\/p>\n\n\n\n<p><strong>Welche Arten von Cookies verwendet diese Website?<\/strong><\/p>\n\n\n\n<p>\u2013 Technische Cookies: Dies sind diejenigen, die es dem Benutzer erm\u00f6glichen, durch eine Webseite, Plattform oder Anwendung zu navigieren und die verschiedenen Optionen oder Dienste zu verwenden, die darin vorhanden sind, wie z. B. die Steuerung des Datenverkehrs und der Datenkommunikation, die Identifizierung der Sitzung , auf Teile des eingeschr\u00e4nkten Zugangs zugreifen, sich die Elemente merken, aus denen eine Bestellung besteht, den Kaufvorgang einer Bestellung durchf\u00fchren, eine Registrierung oder Teilnahme an einer Veranstaltung beantragen, Sicherheitselemente beim Surfen verwenden, Inhalte f\u00fcr die Verbreitung von Videos oder Ton speichern oder Inhalte \u00fcber soziale Netzwerke teilen.<br>\u2013 Personalisierungs-Cookies: Dies sind diejenigen, die es dem Benutzer erm\u00f6glichen, auf den Dienst mit einigen vordefinierten allgemeinen Merkmalen zuzugreifen, die auf einer Reihe von Kriterien im Endger\u00e4t des Benutzers basieren, wie z. B. der Sprache, dem Browsertyp, \u00fcber den der Benutzer auf den Dienst zugreift, der Region Konfiguration, von wo aus Sie auf den Dienst zugreifen usw.<br>\u2013 Analyse-Cookies: Dies sind diejenigen, die uns oder Dritten gut verarbeitet die M\u00f6glichkeit geben, die Anzahl der Benutzer zu quantifizieren und somit die Messung und statistische Analyse der Nutzung des angebotenen Dienstes durch die Benutzer durchzuf\u00fchren. Dazu wird Ihr Surfen auf unserer Website analysiert, um das Angebot an Produkten oder Dienstleistungen, die wir Ihnen anbieten, zu verbessern.<br>\u2013 Werbe-Cookies: Dies sind diejenigen, die es uns, ob von uns oder von Dritten verarbeitet, erm\u00f6glichen, das Angebot an Werbefl\u00e4chen auf der Website so effizient wie m\u00f6glich zu verwalten und den Inhalt der Werbung an den Inhalt des angeforderten Dienstes anzupassen oder auf die Nutzung unserer Website durch Sie. Dazu k\u00f6nnen wir Ihr Surfverhalten im Internet analysieren und Ihnen Werbung zeigen, die sich auf Ihr Surfprofil bezieht.<br>\u2013 Verhaltensbezogene Werbe-Cookies: Dies sind diejenigen, die eine m\u00f6glichst effiziente Verwaltung der Werbefl\u00e4chen erm\u00f6glichen, die der Herausgeber gegebenenfalls in eine Webseite, Anwendung oder Plattform aufgenommen hat, von der aus der angeforderte Dienst bereitgestellt wird. Diese Cookies speichern Informationen \u00fcber das Verhalten der Benutzer, die durch die kontinuierliche Beobachtung ihrer Surfgewohnheiten gewonnen werden, was die Entwicklung eines spezifischen Profils erm\u00f6glicht, um darauf basierende Werbung anzuzeigen.<br>Cookies von Drittanbietern: Die Bomedia-Website kann Dienste von Drittanbietern verwenden, die im Auftrag von Bomedia Informationen f\u00fcr statistische Zwecke, die Nutzung der Website durch den Benutzer und f\u00fcr die Bereitstellung anderer Dienstleistungen im Zusammenhang mit der Aktivit\u00e4t der Website sammeln und andere Dienstleistungen aus dem Internet.<br>Insbesondere verwendet diese Website Google Analytics, einen Webanalysedienst von Google, Inc. mit Sitz in den Vereinigten Staaten und Hauptsitz in 1600 Amphitheatre Parkway, Mountain View, California 94043. F\u00fcr die Bereitstellung dieser Dienste verwenden sie Cookies, die Informationen sammeln , einschlie\u00dflich der IP-Adresse des Nutzers, die von Google unter den auf der Website Google.com festgelegten Bedingungen \u00fcbertragen, verarbeitet und gespeichert werden. Einschlie\u00dflich der m\u00f6glichen \u00dcbermittlung dieser Informationen an Dritte aufgrund gesetzlicher Vorschriften oder wenn diese Dritten die Informationen im Auftrag von Google verarbeiten.<\/p>\n\n\n\n<p>Der Benutzer akzeptiert ausdr\u00fccklich durch die Nutzung dieser Website die Behandlung der gesammelten Informationen in der Weise und f\u00fcr die oben genannten Zwecke. Und Sie erkennen auch an, dass Sie die M\u00f6glichkeit kennen, die Verarbeitung solcher Daten oder Informationen abzulehnen, indem Sie die Verwendung von Cookies ablehnen, indem Sie die entsprechenden Einstellungen f\u00fcr diesen Zweck in Ihrem Browser ausw\u00e4hlen. Obwohl diese Option zum Blockieren von Cookies in Ihrem Browser es Ihnen m\u00f6glicherweise nicht erm\u00f6glicht, alle Funktionen der Website vollst\u00e4ndig zu nutzen.<\/p>\n\n\n\n<p>Sie k\u00f6nnen die auf Ihrem Computer installierten Cookies zulassen, blockieren oder l\u00f6schen, indem Sie die Optionen des auf Ihrem Computer installierten Browsers konfigurieren:<br>\u2022 Chrom<br>\u2022 Entdecker<br>\u2022 Feuerfuchs<br>\u2022 Safari<\/p>\n\n\n\n<p>Wenn Sie Fragen zu dieser Cookie-Richtlinie haben, k\u00f6nnen Sie sich unter info@mboprinters.com an Bomedia wenden<\/p>\n","protected":false},"excerpt":{"rendered":"<p>DatenschutzrichtlinieZum Zwecke der Einhaltung der Bestimmungen des Organgesetzes 15\/1999 vom 13. Dezember zum Schutz personenbezogener Daten werden Sie dar\u00fcber informiert, dass die von Ihnen bereitgestellten Daten, einschlie\u00dflich der IP-Adresse des Computers, von dem aus Sie darauf zugreifen, enthalten sind eine<\/p>\n","protected":false},"author":1,"featured_media":0,"parent":0,"menu_order":0,"comment_status":"closed","ping_status":"closed","template":"","meta":{"footnotes":""},"class_list":["post-3277","page","type-page","status-publish","hentry"],"translation":{"provider":"WPGlobus","version":"3.0.0","language":"de","enabled_languages":["es","en","de","fr"],"languages":{"es":{"title":true,"content":true,"excerpt":false},"en":{"title":false,"content":true,"excerpt":false},"de":{"title":true,"content":true,"excerpt":false},"fr":{"title":true,"content":true,"excerpt":false}}},"_links":{"self":[{"href":"https:\/\/mboprinters.com\/de\/wp-json\/wp\/v2\/pages\/3277","targetHints":{"allow":["GET"]}}],"collection":[{"href":"https:\/\/mboprinters.com\/de\/wp-json\/wp\/v2\/pages"}],"about":[{"href":"https:\/\/mboprinters.com\/de\/wp-json\/wp\/v2\/types\/page"}],"author":[{"embeddable":true,"href":"https:\/\/mboprinters.com\/de\/wp-json\/wp\/v2\/users\/1"}],"replies":[{"embeddable":true,"href":"https:\/\/mboprinters.com\/de\/wp-json\/wp\/v2\/comments?post=3277"}],"version-history":[{"count":7,"href":"https:\/\/mboprinters.com\/de\/wp-json\/wp\/v2\/pages\/3277\/revisions"}],"predecessor-version":[{"id":3286,"href":"https:\/\/mboprinters.com\/de\/wp-json\/wp\/v2\/pages\/3277\/revisions\/3286"}],"wp:attachment":[{"href":"https:\/\/mboprinters.com\/de\/wp-json\/wp\/v2\/media?parent=3277"}],"curies":[{"name":"wp","href":"https:\/\/api.w.org\/{rel}","templated":true}]}}