{"id":3239,"date":"2023-02-01T10:52:05","date_gmt":"2023-02-01T10:52:05","guid":{"rendered":"https:\/\/mboprinters.com\/?post_type=product&#038;p=3239"},"modified":"2025-03-25T09:59:30","modified_gmt":"2025-03-25T09:59:30","slug":"mbo-300-dtf","status":"publish","type":"product","link":"https:\/\/mboprinters.com\/de\/product\/mbo-300-dtf","title":{"rendered":"MBO 30 DTF Kit"},"content":{"rendered":"\r\n<h2 class=\"has-text-align-center wp-block-heading\"><strong>Kit DTF MBO 30<\/strong><\/h2>\r\n\r\n\r\n\r\n<div class=\"wp-block-columns is-layout-flex wp-container-core-columns-is-layout-9d6595d7 wp-block-columns-is-layout-flex\">\r\n<div class=\"wp-block-column is-vertically-aligned-center is-layout-flow wp-block-column-is-layout-flow\">\r\n<figure class=\"wp-block-image size-full\"><img decoding=\"async\" width=\"800\" height=\"800\" src=\"https:\/\/mboprinters.com\/wp-content\/uploads\/2025\/03\/dtf30mbo.jpg\" alt=\"\" class=\"wp-image-3424\" srcset=\"https:\/\/mboprinters.com\/wp-content\/uploads\/2025\/03\/dtf30mbo.jpg 800w, https:\/\/mboprinters.com\/wp-content\/uploads\/2025\/03\/dtf30mbo-300x300.jpg 300w, https:\/\/mboprinters.com\/wp-content\/uploads\/2025\/03\/dtf30mbo-150x150.jpg 150w, https:\/\/mboprinters.com\/wp-content\/uploads\/2025\/03\/dtf30mbo-768x768.jpg 768w, https:\/\/mboprinters.com\/wp-content\/uploads\/2025\/03\/dtf30mbo-270x270.jpg 270w, https:\/\/mboprinters.com\/wp-content\/uploads\/2025\/03\/dtf30mbo-230x230.jpg 230w, https:\/\/mboprinters.com\/wp-content\/uploads\/2025\/03\/dtf30mbo-600x600.jpg 600w, https:\/\/mboprinters.com\/wp-content\/uploads\/2025\/03\/dtf30mbo-100x100.jpg 100w\" sizes=\"(max-width: 800px) 100vw, 800px\" \/><\/figure>\r\n<\/div>\r\n\r\n\r\n\r\n<div class=\"wp-block-column is-vertically-aligned-top is-layout-flow wp-block-column-is-layout-flow\">\r\n<p>Das MBO 30 DTF Kit ist eine professionelle und kompakte L\u00f6sung f\u00fcr den Direktdruck auf Film (DTF), entwickelt f\u00fcr hochwertige Ergebnisse auf einer Vielzahl von Textilien. Ideal f\u00fcr kleine und mittlere Produktionen \u2013 es vereint Leistung, Automatisierung und Benutzerfreundlichkeit.<\/p>\r\n\r\n\r\n\r\n<div style=\"height:11px\" aria-hidden=\"true\" class=\"wp-block-spacer\"><\/div>\r\n\r\n\r\n\r\n<div class=\"wp-block-columns is-layout-flex wp-container-core-columns-is-layout-9d6595d7 wp-block-columns-is-layout-flex\">\r\n<div class=\"wp-block-column is-layout-flow wp-block-column-is-layout-flow\">\r\n<h5 class=\"has-text-align-center wp-block-heading\"><strong><strong>FRAGE NACH DRUCKPROBEN ODER EINER PRODUKTDEMONSTRATION<\/strong><\/strong><\/h5>\r\n<\/div>\r\n\r\n\r\n\r\n<div class=\"wp-block-column is-layout-flow wp-block-column-is-layout-flow\">\r\n<div class=\"wp-block-buttons is-layout-flex wp-block-buttons-is-layout-flex\">\r\n<div class=\"wp-block-button has-custom-width wp-block-button__width-100 has-custom-font-size has-medium-font-size\"><a class=\"wp-block-button__link has-white-color has-text-color has-background wp-element-button\" href=\"https:\/\/mboprinters.com\/de\/contact\" style=\"border-radius:0px;background-color:#257f87\"><strong>Mehr Informationen<\/strong><\/a><\/div>\r\n<\/div>\r\n<\/div>\r\n<\/div>\r\n<\/div>\r\n<\/div>\r\n\r\n\r\n\r\n<hr class=\"wp-block-separator has-text-color has-black-color has-css-opacity has-black-background-color has-background is-style-wide\"\/>\r\n\r\n\r\n\r\n<h3 class=\"has-text-align-center wp-block-heading\"><strong>Anwendungen<\/strong><\/h3>\r\n\r\n\r\n\r\n<div style=\"height:31px\" aria-hidden=\"true\" class=\"wp-block-spacer\"><\/div>\r\n\r\n\r\n\r\n<div class=\"wp-block-columns is-layout-flex wp-container-core-columns-is-layout-9d6595d7 wp-block-columns-is-layout-flex\">\r\n<div class=\"wp-block-column is-layout-flow wp-block-column-is-layout-flow\" style=\"flex-basis:50%\">\r\n<figure class=\"wp-block-gallery has-nested-images columns-2 is-cropped wp-block-gallery-1 is-layout-flex wp-block-gallery-is-layout-flex\">\r\n<figure class=\"wp-block-image size-full\"><a href=\"https:\/\/mboprinters.com\/wp-content\/uploads\/2025\/03\/ejemplos-dtf.jpg\"><img decoding=\"async\" width=\"1024\" height=\"1024\" data-id=\"3426\" src=\"https:\/\/mboprinters.com\/wp-content\/uploads\/2025\/03\/ejemplos-dtf.jpg\" alt=\"\" class=\"wp-image-3426\" srcset=\"https:\/\/mboprinters.com\/wp-content\/uploads\/2025\/03\/ejemplos-dtf.jpg 1024w, https:\/\/mboprinters.com\/wp-content\/uploads\/2025\/03\/ejemplos-dtf-300x300.jpg 300w, https:\/\/mboprinters.com\/wp-content\/uploads\/2025\/03\/ejemplos-dtf-150x150.jpg 150w, https:\/\/mboprinters.com\/wp-content\/uploads\/2025\/03\/ejemplos-dtf-768x768.jpg 768w, https:\/\/mboprinters.com\/wp-content\/uploads\/2025\/03\/ejemplos-dtf-270x270.jpg 270w, https:\/\/mboprinters.com\/wp-content\/uploads\/2025\/03\/ejemplos-dtf-230x230.jpg 230w, https:\/\/mboprinters.com\/wp-content\/uploads\/2025\/03\/ejemplos-dtf-600x600.jpg 600w, https:\/\/mboprinters.com\/wp-content\/uploads\/2025\/03\/ejemplos-dtf-100x100.jpg 100w\" sizes=\"(max-width: 1024px) 100vw, 1024px\" \/><\/a><\/figure>\r\n<\/figure>\r\n<\/div>\r\n\r\n\r\n\r\n<div class=\"wp-block-column is-layout-flow wp-block-column-is-layout-flow\" style=\"flex-basis:50%\">\r\n<p>Das MBO 30 DTF Kit ist die perfekte L\u00f6sung f\u00fcr zahlreiche Aktivit\u00e4ten und Projekte im Bereich Textilpersonalisierung:<\/p>\r\n\r\n\r\n\r\n<ul class=\"wp-block-list\">\r\n<li><strong>Textilveredelungsunternehmen:<\/strong> Ideal zur Herstellung von T-Shirts, Kappen und Uniformen mit professionellem Finish.<\/li>\r\n\r\n\r\n\r\n<li><strong>Siebdruckwerkst\u00e4tten:<\/strong> Hervorragende Erg\u00e4nzung zur Erweiterung des Angebots mit detailreichen und farbenfrohen Designs dank DTF-Technologie.<\/li>\r\n\r\n\r\n\r\n<li><strong>Merchandising-Unternehmen:<\/strong> Perfekt f\u00fcr die Erstellung von Werbeartikeln in gro\u00dfen oder kleinen Serien mit hoher Qualit\u00e4t.<\/li>\r\n\r\n\r\n\r\n<li><strong>Sportvereine und Bildungseinrichtungen:<\/strong> Personalisierung von Uniformen, Sportkleidung und Accessoires mit langlebigen Logos und Designs.<\/li>\r\n\r\n\r\n\r\n<li><strong>Start-ups und Modedesigner:<\/strong> Erm\u00f6glicht die Herstellung einzigartiger Kollektionen f\u00fcr kleine Labels.<\/li>\r\n<\/ul>\r\n\r\n\r\n\r\n<p>Dank seiner Vielseitigkeit beim Bedrucken verschiedener Materialien und der einfachen Handhabung ist dieses Kit ein unverzichtbares Werkzeug f\u00fcr den Erfolg im Markt der Textilpersonalisierung.<\/p>\r\n<\/div>\r\n<\/div>\r\n\r\n\r\n\r\n<div class=\"wp-block-columns is-layout-flex wp-container-core-columns-is-layout-9d6595d7 wp-block-columns-is-layout-flex\">\r\n<div class=\"wp-block-column is-layout-flow wp-block-column-is-layout-flow\">\r\n<h3 class=\"wp-block-heading\"><strong>Vorteile und St\u00e4rken<\/strong><\/h3>\r\n\r\n\r\n\r\n<ul class=\"wp-block-list\">\r\n<li><strong>Doppelter Epson-Druckkopf F1080 \/ XP600<\/strong><\/li>\r\n\r\n\r\n\r\n<li>Aufl\u00f6sung bis zu <strong>2880 dpi<\/strong> f\u00fcr maximale Pr\u00e4zision und kr\u00e4ftige Farben<\/li>\r\n\r\n\r\n\r\n<li><strong>Druckbreite:<\/strong> Bis zu <strong>35 cm (A3)<\/strong> oder <strong>45 cm (A2)<\/strong> \u2013 ideal f\u00fcr die meisten Textiltr\u00e4ger<\/li>\r\n\r\n\r\n\r\n<li><strong>Integrierter Trocknungsofen mit automatischem Pulversch\u00fcttler<\/strong> f\u00fcr gleichm\u00e4\u00dfige Haftung und erh\u00f6hte Haltbarkeit<\/li>\r\n\r\n\r\n\r\n<li><strong>Pigmenttintensystem DTF (C\/M\/Y\/K\/W)<\/strong> mit Wei\u00dftinten-Zirkulation zur Vermeidung von Verstopfungen<\/li>\r\n\r\n\r\n\r\n<li><strong>Vollautomatisierung:<\/strong> Filmzufuhr und Pulverauftrag ohne manuelle Eingriffe<\/li>\r\n\r\n\r\n\r\n<li><strong>Einstellbare Temperatur (30\u202f\u00b0C \u2013 170\u202f\u00b0C)<\/strong> f\u00fcr optimale Steuerung des Trocknungsprozesses<\/li>\r\n\r\n\r\n\r\n<li><strong>Intuitive Benutzeroberfl\u00e4che<\/strong> mit Not-Aus-Taste und Tintenstandsalarm<\/li>\r\n<\/ul>\r\n<\/div>\r\n\r\n\r\n\r\n<div class=\"wp-block-column is-layout-flow wp-block-column-is-layout-flow\">\r\n<figure class=\"wp-block-image size-full\"><img decoding=\"async\" width=\"719\" height=\"440\" src=\"https:\/\/mboprinters.com\/wp-content\/uploads\/2025\/03\/Captura-de-pantalla-2025-02-18-a-las-11.35.18.jpg\" alt=\"\" class=\"wp-image-3425\" srcset=\"https:\/\/mboprinters.com\/wp-content\/uploads\/2025\/03\/Captura-de-pantalla-2025-02-18-a-las-11.35.18.jpg 719w, https:\/\/mboprinters.com\/wp-content\/uploads\/2025\/03\/Captura-de-pantalla-2025-02-18-a-las-11.35.18-300x184.jpg 300w, https:\/\/mboprinters.com\/wp-content\/uploads\/2025\/03\/Captura-de-pantalla-2025-02-18-a-las-11.35.18-600x367.jpg 600w\" sizes=\"(max-width: 719px) 100vw, 719px\" \/><\/figure>\r\n<\/div>\r\n<\/div>\r\n\r\n\r\n\r\n<hr class=\"wp-block-separator has-text-color has-black-color has-css-opacity has-black-background-color has-background is-style-wide\"\/>\r\n\r\n\r\n\r\n<div class=\"wp-block-columns is-layout-flex wp-container-core-columns-is-layout-9d6595d7 wp-block-columns-is-layout-flex\">\r\n<div class=\"wp-block-column is-layout-flow wp-block-column-is-layout-flow\">\r\n<h3 class=\"has-text-align-center wp-block-heading\">DTF Produktionsprozess<\/h3>\r\n\r\n\r\n\r\n<div style=\"height:54px\" aria-hidden=\"true\" class=\"wp-block-spacer\"><\/div>\r\n\r\n\r\n\r\n<div class=\"wp-block-columns is-layout-flex wp-container-core-columns-is-layout-9d6595d7 wp-block-columns-is-layout-flex\">\r\n<div class=\"wp-block-column editorskit-no-mobile is-layout-flow wp-block-column-is-layout-flow\" style=\"flex-basis:10%\">\r\n<figure class=\"wp-block-image size-full\"><img decoding=\"async\" width=\"512\" height=\"512\" src=\"https:\/\/mboprinters.com\/wp-content\/uploads\/2022\/04\/3159310.png\" alt=\"\" class=\"wp-image-2500\" srcset=\"https:\/\/mboprinters.com\/wp-content\/uploads\/2022\/04\/3159310.png 512w, https:\/\/mboprinters.com\/wp-content\/uploads\/2022\/04\/3159310-300x300.png 300w, https:\/\/mboprinters.com\/wp-content\/uploads\/2022\/04\/3159310-150x150.png 150w, https:\/\/mboprinters.com\/wp-content\/uploads\/2022\/04\/3159310-270x270.png 270w, https:\/\/mboprinters.com\/wp-content\/uploads\/2022\/04\/3159310-230x230.png 230w, https:\/\/mboprinters.com\/wp-content\/uploads\/2022\/04\/3159310-45x45.png 45w\" sizes=\"(max-width: 512px) 100vw, 512px\" \/><\/figure>\r\n<\/div>\r\n\r\n\r\n\r\n<div class=\"wp-block-column is-layout-flow wp-block-column-is-layout-flow\" style=\"flex-basis:90%\">\r\n<p><strong>Design-Erstellung<\/strong><br>Erstelle dein Motiv mit Photoshop, Illustrator oder einer anderen Designsoftware.<\/p>\r\n<\/div>\r\n<\/div>\r\n\r\n\r\n\r\n<div class=\"wp-block-columns is-layout-flex wp-container-core-columns-is-layout-9d6595d7 wp-block-columns-is-layout-flex\">\r\n<div class=\"wp-block-column editorskit-no-mobile is-layout-flow wp-block-column-is-layout-flow\" style=\"flex-basis:10%\">\r\n<figure class=\"wp-block-image size-full\"><img decoding=\"async\" width=\"512\" height=\"512\" src=\"https:\/\/mboprinters.com\/wp-content\/uploads\/2022\/04\/1379744.png\" alt=\"\" class=\"wp-image-2501\" srcset=\"https:\/\/mboprinters.com\/wp-content\/uploads\/2022\/04\/1379744.png 512w, https:\/\/mboprinters.com\/wp-content\/uploads\/2022\/04\/1379744-300x300.png 300w, https:\/\/mboprinters.com\/wp-content\/uploads\/2022\/04\/1379744-150x150.png 150w, https:\/\/mboprinters.com\/wp-content\/uploads\/2022\/04\/1379744-270x270.png 270w, https:\/\/mboprinters.com\/wp-content\/uploads\/2022\/04\/1379744-230x230.png 230w, https:\/\/mboprinters.com\/wp-content\/uploads\/2022\/04\/1379744-45x45.png 45w\" sizes=\"(max-width: 512px) 100vw, 512px\" \/><\/figure>\r\n<\/div>\r\n\r\n\r\n\r\n<div class=\"wp-block-column is-layout-flow wp-block-column-is-layout-flow\" style=\"flex-basis:90%\">\r\n<p><strong><strong>Druck des Designs<\/strong><br><\/strong>Passe die Druckeinstellungen in der RIP-Software an und verwende unseren Drucker und unsere Tinten f\u00fcr den Druck.<\/p>\r\n<\/div>\r\n<\/div>\r\n\r\n\r\n\r\n<div class=\"wp-block-columns is-layout-flex wp-container-core-columns-is-layout-9d6595d7 wp-block-columns-is-layout-flex\">\r\n<div class=\"wp-block-column editorskit-no-mobile is-layout-flow wp-block-column-is-layout-flow\" style=\"flex-basis:10%\">\r\n<figure class=\"wp-block-image size-full\"><img decoding=\"async\" width=\"512\" height=\"512\" src=\"https:\/\/mboprinters.com\/wp-content\/uploads\/2022\/04\/1501060.png\" alt=\"\" class=\"wp-image-2502\" srcset=\"https:\/\/mboprinters.com\/wp-content\/uploads\/2022\/04\/1501060.png 512w, https:\/\/mboprinters.com\/wp-content\/uploads\/2022\/04\/1501060-300x300.png 300w, https:\/\/mboprinters.com\/wp-content\/uploads\/2022\/04\/1501060-150x150.png 150w, https:\/\/mboprinters.com\/wp-content\/uploads\/2022\/04\/1501060-270x270.png 270w, https:\/\/mboprinters.com\/wp-content\/uploads\/2022\/04\/1501060-230x230.png 230w, https:\/\/mboprinters.com\/wp-content\/uploads\/2022\/04\/1501060-45x45.png 45w\" sizes=\"(max-width: 512px) 100vw, 512px\" \/><\/figure>\r\n<\/div>\r\n\r\n\r\n\r\n<div class=\"wp-block-column is-layout-flow wp-block-column-is-layout-flow\" style=\"flex-basis:90%\">\r\n<p><strong>Fixierung mit Pulver<\/strong><br>Schalte die Pulverbeschichtungsmaschine ein \u2013 sie streut automatisch das Pulver, trocknet und fixiert die Farbe.<\/p>\r\n<\/div>\r\n<\/div>\r\n\r\n\r\n\r\n<div class=\"wp-block-columns is-layout-flex wp-container-core-columns-is-layout-9d6595d7 wp-block-columns-is-layout-flex\">\r\n<div class=\"wp-block-column editorskit-no-mobile is-layout-flow wp-block-column-is-layout-flow\" style=\"flex-basis:10%\">\r\n<figure class=\"wp-block-image size-full\"><img decoding=\"async\" width=\"512\" height=\"512\" src=\"https:\/\/mboprinters.com\/wp-content\/uploads\/2022\/04\/3977851.png\" alt=\"\" class=\"wp-image-2503\" srcset=\"https:\/\/mboprinters.com\/wp-content\/uploads\/2022\/04\/3977851.png 512w, https:\/\/mboprinters.com\/wp-content\/uploads\/2022\/04\/3977851-300x300.png 300w, https:\/\/mboprinters.com\/wp-content\/uploads\/2022\/04\/3977851-150x150.png 150w, https:\/\/mboprinters.com\/wp-content\/uploads\/2022\/04\/3977851-270x270.png 270w, https:\/\/mboprinters.com\/wp-content\/uploads\/2022\/04\/3977851-230x230.png 230w, https:\/\/mboprinters.com\/wp-content\/uploads\/2022\/04\/3977851-45x45.png 45w\" sizes=\"(max-width: 512px) 100vw, 512px\" \/><\/figure>\r\n<\/div>\r\n\r\n\r\n\r\n<div class=\"wp-block-column is-layout-flow wp-block-column-is-layout-flow\" style=\"flex-basis:90%\">\r\n<p><strong>Transferpresse<\/strong><br>Nutze eine Transferpresse, stelle die Temperatur auf 180\u202f\u00b0C ein und warte 15 Sekunden f\u00fcr den Transfer.<\/p>\r\n<\/div>\r\n<\/div>\r\n<\/div>\r\n\r\n\r\n\r\n<div class=\"wp-block-column is-vertically-aligned-center is-layout-flow wp-block-column-is-layout-flow\">\r\n<figure class=\"wp-block-embed is-type-video is-provider-vimeo wp-block-embed-vimeo wp-embed-aspect-16-9 wp-has-aspect-ratio\"><div class=\"wp-block-embed__wrapper\">\r\n<iframe loading=\"lazy\" title=\"Textil DTF Printers - MBO Printers\" src=\"https:\/\/player.vimeo.com\/video\/1045617190?dnt=1&amp;app_id=122963\" width=\"640\" height=\"352\" frameborder=\"0\" allow=\"autoplay; fullscreen; picture-in-picture; clipboard-write; encrypted-media\"><\/iframe>\r\n<\/div><\/figure>\r\n<\/div>\r\n<\/div>\r\n\r\n\r\n\r\n<hr class=\"wp-block-separator has-text-color has-black-color has-css-opacity has-black-background-color has-background is-style-wide\"\/>\r\n\r\n\r\n\r\n<div class=\"wp-block-columns is-layout-flex wp-container-core-columns-is-layout-9d6595d7 wp-block-columns-is-layout-flex\">\r\n<div class=\"wp-block-column is-vertically-aligned-center is-layout-flow wp-block-column-is-layout-flow\">\r\n<h3 class=\"wp-block-heading\">Technische Daten \u2013 MBO 30 DTF Drucker<\/h3>\r\n\r\n\r\n\r\n<figure class=\"wp-block-table\"><table><thead><tr><th>Kategorie<\/th><th>Spezifikation<\/th><\/tr><\/thead><tbody><tr><td>Max. Druckbreite<\/td><td>35 cm (A3) \/ 45 cm (A2)<\/td><\/tr><tr><td>Druckkopf<\/td><td>Doppelter Epson F1080 \/ XP600<\/td><\/tr><tr><td>Maximale Aufl\u00f6sung<\/td><td>Bis zu 2880 dpi<\/td><\/tr><tr><td>Druckgeschwindigkeit<\/td><td>100 bis 200 T-Shirts pro Stunde<\/td><\/tr><tr><td>Tintensystem<\/td><td>Textilpigmente C\/M\/Y\/K\/W mit Wei\u00dftintenzirkulation<\/td><\/tr><tr><td>Anschluss<\/td><td>USB 3.0<\/td><\/tr><tr><td>Drucksoftware<\/td><td>Riprint, Cadlink, Photoprint<\/td><\/tr><tr><td>Umgebungsbedingungen<\/td><td>Temperatur: 20\u201328\u202f\u00b0C \/ Luftfeuchtigkeit: 65\u201375\u202f%<\/td><\/tr><tr><td>Stromversorgung<\/td><td>220V \/ 110V, 50Hz \/ 60Hz<\/td><\/tr><tr><td>Sicherheitssystem<\/td><td>Not-Aus-Taste<\/td><\/tr><tr><td>Filmzuf\u00fchrung<\/td><td>Automatisch, mit Ausrichtungsanpassung<\/td><\/tr><\/tbody><\/table><\/figure>\r\n<\/div>\r\n\r\n\r\n\r\n<div class=\"wp-block-column is-layout-flow wp-block-column-is-layout-flow\">\r\n<h3 class=\"wp-block-heading\">Technische Daten \u2013 Trocknungsofen mit Pulversch\u00fcttler<\/h3>\r\n\r\n\r\n\r\n<figure class=\"wp-block-table\"><table><thead><tr><th>Kategorie<\/th><th>Spezifikation<\/th><\/tr><\/thead><tbody><tr><td>Funktionen<\/td><td>Trocknung und Verschmelzung von DTF-Kleberpulver<\/td><\/tr><tr><td>Einstellbare Temperatur<\/td><td>30\u202f\u00b0C \u2013 170\u202f\u00b0C<\/td><\/tr><tr><td>Temperaturregelung<\/td><td>Digitaler Thermostat mit Anzeige<\/td><\/tr><tr><td>R\u00fchrsystem<\/td><td>Automatisch, mit gleichm\u00e4\u00dfiger Pulververteilung<\/td><\/tr><tr><td>Leistung<\/td><td>3400W<\/td><\/tr><tr><td>Stromversorgung<\/td><td>220V \/ 110V, 50Hz \/ 60Hz<\/td><\/tr><tr><td>Abmessungen<\/td><td>Kompatibel mit dem MBO 30 DTF Drucker<\/td><\/tr><tr><td>Kompatibilit\u00e4t<\/td><td>Standard DTF-Folien, gleichm\u00e4\u00dfige Trocknung<\/td><\/tr><\/tbody><\/table><\/figure>\r\n<\/div>\r\n<\/div>\r\n\r\n\r\n\r\n<hr class=\"wp-block-separator has-text-color has-black-color has-css-opacity has-black-background-color has-background is-style-wide\"\/>\r\n\r\n\r\n\r\n<div style=\"height:15px\" aria-hidden=\"true\" class=\"wp-block-spacer\"><\/div>\r\n\r\n\r\n\r\n<div class=\"wp-block-buttons is-horizontal is-content-justification-center is-layout-flex wp-container-core-buttons-is-layout-499968f5 wp-block-buttons-is-layout-flex\">\r\n<div class=\"wp-block-button has-custom-font-size has-medium-font-size\"><a class=\"wp-block-button__link has-white-color has-text-color has-background wp-element-button\" href=\"https:\/\/mboprinters.com\/contact\" style=\"border-radius:0px;background-color:#257f87\"><strong><strong>Mehr Informationen<\/strong><\/strong><\/a><\/div>\r\n<\/div>\r\n","protected":false},"excerpt":{"rendered":"<p class=\"\" data-start=\"70\" data-end=\"447\">Transformiere dein Gesch\u00e4ft mit dem MBO 30 DTF Kit \u2013 ein Komplettpaket, das einen DTF-Drucker mit zwei Epson-Druckk\u00f6pfen, einen Trocknungsofen mit Pulversch\u00fcttler sowie ein optimiertes Tintensystem umfasst. Es erm\u00f6glicht pr\u00e4zise, leuchtende und langlebige Drucke auf verschiedensten Textilien wie Baumwolle, Polyester, Leinen, Acryl, Denim oder Nylon.<\/p>\n<p>&nbsp;<\/p>\n<p><!-- wp:buttons --><\/p>\n<div class=\"wp-block-buttons\">\n<div class=\"wp-block-button has-custom-width wp-block-button__width-100 has-custom-font-size has-medium-font-size\"><a class=\"wp-block-button__link has-white-color has-text-color has-background wp-element-button\" style=\"border-radius: 0px; background-color: #257f87;\" href=\"https:\/\/mboprinters.com\/de\/contact\">Mehr Informationen<\/a><\/div>\n<\/div>\n<div>\u00a0<\/div>\n<ul>\n<li>Ungef\u00e4hre Lieferzeit: 2 bis 12 Wochen<\/li>\n<\/ul>\n","protected":false},"featured_media":3427,"comment_status":"closed","ping_status":"closed","template":"","meta":[],"product_brand":[],"product_cat":[78],"product_tag":[],"class_list":{"0":"post-3239","1":"product","2":"type-product","3":"status-publish","4":"has-post-thumbnail","6":"product_cat-dtf-textil","8":"first","9":"instock","10":"taxable","11":"shipping-taxable","12":"product-type-simple"},"translation":{"provider":"WPGlobus","version":"3.0.0","language":"de","enabled_languages":["es","en","de","fr"],"languages":{"es":{"title":true,"content":true,"excerpt":true},"en":{"title":true,"content":true,"excerpt":true},"de":{"title":true,"content":true,"excerpt":true},"fr":{"title":true,"content":true,"excerpt":true}}},"_links":{"self":[{"href":"https:\/\/mboprinters.com\/de\/wp-json\/wp\/v2\/product\/3239","targetHints":{"allow":["GET"]}}],"collection":[{"href":"https:\/\/mboprinters.com\/de\/wp-json\/wp\/v2\/product"}],"about":[{"href":"https:\/\/mboprinters.com\/de\/wp-json\/wp\/v2\/types\/product"}],"replies":[{"embeddable":true,"href":"https:\/\/mboprinters.com\/de\/wp-json\/wp\/v2\/comments?post=3239"}],"wp:featuredmedia":[{"embeddable":true,"href":"https:\/\/mboprinters.com\/de\/wp-json\/wp\/v2\/media\/3427"}],"wp:attachment":[{"href":"https:\/\/mboprinters.com\/de\/wp-json\/wp\/v2\/media?parent=3239"}],"wp:term":[{"taxonomy":"product_brand","embeddable":true,"href":"https:\/\/mboprinters.com\/de\/wp-json\/wp\/v2\/product_brand?post=3239"},{"taxonomy":"product_cat","embeddable":true,"href":"https:\/\/mboprinters.com\/de\/wp-json\/wp\/v2\/product_cat?post=3239"},{"taxonomy":"product_tag","embeddable":true,"href":"https:\/\/mboprinters.com\/de\/wp-json\/wp\/v2\/product_tag?post=3239"}],"curies":[{"name":"wp","href":"https:\/\/api.w.org\/{rel}","templated":true}]}}