{"id":3368,"date":"2024-11-07T07:37:00","date_gmt":"2024-11-07T07:37:00","guid":{"rendered":"https:\/\/mboprinters.com\/?post_type=product&#038;p=3368"},"modified":"2024-12-11T09:49:31","modified_gmt":"2024-12-11T09:49:31","slug":"mbo-uv2513","status":"publish","type":"product","link":"https:\/\/mboprinters.com\/de\/product\/mbo-uv2513","title":{"rendered":"MBO-UV2513"},"content":{"rendered":"<h3><b>Physische Merkmale<\/b><\/h3>\n<ul>\n<li style=\"font-weight: 400;\" aria-level=\"1\"><span style=\"font-weight: 400;\">Komplett aus Stahl gefertigt, mit einer Aluminiumlegierungsplatte und pr\u00e4zisionsgefertigten Bauteilen.<\/span><\/li>\n<li style=\"font-weight: 400;\" aria-level=\"1\"><span style=\"font-weight: 400;\">3 Pr\u00e4zisionsdruckk\u00f6pfe f\u00fcr maximale Geschwindigkeit und Farbqualit\u00e4t.<\/span><\/li>\n<li style=\"font-weight: 400;\" aria-level=\"1\"><span style=\"font-weight: 400;\">4 UV-LED-Lampen mit Wasserk\u00fchlsystem.<\/span><\/li>\n<li style=\"font-weight: 400;\" aria-level=\"1\"><span style=\"font-weight: 400;\">Druckbereich von 250 x 125 cm und eine H\u00f6he von bis zu 15 cm.<\/span><\/li>\n<li style=\"font-weight: 400;\" aria-level=\"1\"><span style=\"font-weight: 400;\">Sch\u00fctttintensystem f\u00fcr einfache Wartung und Austausch.<\/span><\/li>\n<li style=\"font-weight: 400;\" aria-level=\"1\"><span style=\"font-weight: 400;\">Integrierte Vakuumtischfl\u00e4che zum Halten des Materials.<\/span><\/li>\n<li style=\"font-weight: 400;\" aria-level=\"1\"><span style=\"font-weight: 400;\">Offenes Bett vorne und hinten f\u00fcr kontinuierliches Laden und Entladen von gro\u00dfformatigen Produkten.<\/span><\/li>\n<li style=\"font-weight: 400;\" aria-level=\"1\"><span style=\"font-weight: 400;\">Druckerabmessungen: 340 cm (Breite) x 170 cm (L\u00e4nge) x 130 cm (H\u00f6he); Gewicht: ca. 1000 kg.<\/span><\/li>\n<\/ul>\n<p>&nbsp;<\/p>\n<p><iframe loading=\"lazy\" title=\"MBO UV2512G UV Led Large printer with Ricoh GEN5 head\" width=\"750\" height=\"422\" src=\"https:\/\/www.youtube.com\/embed\/2dI-Hd0nl28?feature=oembed\" frameborder=\"0\" allow=\"accelerometer; autoplay; clipboard-write; encrypted-media; gyroscope; picture-in-picture; web-share\" referrerpolicy=\"strict-origin-when-cross-origin\" allowfullscreen><\/iframe><\/p>\n<h3><\/h3>\n<h3><b>Modellspezifikationen<\/b><\/h3>\n<ul>\n<li style=\"font-weight: 400;\" aria-level=\"1\"><span style=\"font-weight: 400;\">Modell: MBO-UV2513<\/span><\/li>\n<li style=\"font-weight: 400;\" aria-level=\"1\"><span style=\"font-weight: 400;\">Druckkopf: 2 oder 3 Epson TX800-K\u00f6pfe oder 2 DX7- oder DX5-K\u00f6pfe<\/span><\/li>\n<li style=\"font-weight: 400;\" aria-level=\"1\"><span style=\"font-weight: 400;\">Tinten: CMYK + LC + LM + Wei\u00df + Lack oder Doppel-CMYK + Wei\u00df + Lack<\/span><\/li>\n<li style=\"font-weight: 400;\" aria-level=\"1\"><span style=\"font-weight: 400;\">Druckgeschwindigkeit: 5-15 m\u00b2 pro Stunde<\/span><\/li>\n<li style=\"font-weight: 400;\" aria-level=\"1\"><span style=\"font-weight: 400;\">Maximale Druckfl\u00e4che: 250 x 125 cm<\/span><\/li>\n<li style=\"font-weight: 400;\" aria-level=\"1\"><span style=\"font-weight: 400;\">Maximale Druckh\u00f6he: 12 cm<\/span><\/li>\n<li style=\"font-weight: 400;\" aria-level=\"1\"><span style=\"font-weight: 400;\">Rotationsvorrichtung: Optional<\/span><\/li>\n<li style=\"font-weight: 400;\" aria-level=\"1\"><span style=\"font-weight: 400;\">Druckaufl\u00f6sung: 360&#215;1080 \/ 360&#215;1440 \/ 720&#215;1080 \/ 720&#215;1440 \/ 720&#215;2160 dpi<\/span><\/li>\n<li style=\"font-weight: 400;\" aria-level=\"1\"><span style=\"font-weight: 400;\">RIP-Software: Maintop 6.0 oder Photoprint 19<\/span><\/li>\n<li style=\"font-weight: 400;\" aria-level=\"1\"><span style=\"font-weight: 400;\">Reinigungssystem: Automatisch<\/span><\/li>\n<li style=\"font-weight: 400;\" aria-level=\"1\"><span style=\"font-weight: 400;\">Wei\u00df-Zirkulationssystem: Ja<\/span><\/li>\n<li style=\"font-weight: 400;\" aria-level=\"1\"><span style=\"font-weight: 400;\">Tintenzuf\u00fchrungssystem: Sch\u00fcttbeh\u00e4lter mit Tintenstandwarnung<\/span><\/li>\n<li style=\"font-weight: 400;\" aria-level=\"1\"><span style=\"font-weight: 400;\">Systemanforderungen: Windows 7 \/ 10 64-Bit<\/span><\/li>\n<li style=\"font-weight: 400;\" aria-level=\"1\"><span style=\"font-weight: 400;\">Anschlussport: USB 2.0 \/ 3.0<\/span><\/li>\n<li style=\"font-weight: 400;\" aria-level=\"1\"><span style=\"font-weight: 400;\">K\u00fchlsystem: Wasserk\u00fchlung<\/span><\/li>\n<li style=\"font-weight: 400;\" aria-level=\"1\"><span style=\"font-weight: 400;\">Motor: Servo Leadshine<\/span><\/li>\n<\/ul>\n<div id='gallery-1' class='gallery galleryid-3368 gallery-columns-3 gallery-size-medium'><figure class='gallery-item'>\n\t\t\t<div class='gallery-icon landscape'>\n\t\t\t\t<a href='https:\/\/mboprinters.com\/de\/?attachment_id=3371'><img decoding=\"async\" width=\"300\" height=\"200\" src=\"https:\/\/mboprinters.com\/wp-content\/uploads\/2024\/11\/What-are-Acrylic-Prints-300x200.jpg\" class=\"attachment-medium size-medium\" alt=\"\" srcset=\"https:\/\/mboprinters.com\/wp-content\/uploads\/2024\/11\/What-are-Acrylic-Prints-300x200.jpg 300w, https:\/\/mboprinters.com\/wp-content\/uploads\/2024\/11\/What-are-Acrylic-Prints-1024x683.jpg 1024w, https:\/\/mboprinters.com\/wp-content\/uploads\/2024\/11\/What-are-Acrylic-Prints-768x512.jpg 768w, https:\/\/mboprinters.com\/wp-content\/uploads\/2024\/11\/What-are-Acrylic-Prints-600x400.jpg 600w, https:\/\/mboprinters.com\/wp-content\/uploads\/2024\/11\/What-are-Acrylic-Prints.jpg 1536w\" sizes=\"(max-width: 300px) 100vw, 300px\" \/><\/a>\n\t\t\t<\/div><\/figure><figure class='gallery-item'>\n\t\t\t<div class='gallery-icon landscape'>\n\t\t\t\t<a href='https:\/\/mboprinters.com\/de\/?attachment_id=3370'><img decoding=\"async\" width=\"300\" height=\"188\" src=\"https:\/\/mboprinters.com\/wp-content\/uploads\/2024\/11\/miami10-560x350-1-300x188.jpeg\" class=\"attachment-medium size-medium\" alt=\"\" srcset=\"https:\/\/mboprinters.com\/wp-content\/uploads\/2024\/11\/miami10-560x350-1-300x188.jpeg 300w, https:\/\/mboprinters.com\/wp-content\/uploads\/2024\/11\/miami10-560x350-1.jpeg 560w\" sizes=\"(max-width: 300px) 100vw, 300px\" \/><\/a>\n\t\t\t<\/div><\/figure><figure class='gallery-item'>\n\t\t\t<div class='gallery-icon landscape'>\n\t\t\t\t<a href='https:\/\/mboprinters.com\/de\/?attachment_id=3369'><img decoding=\"async\" width=\"300\" height=\"200\" src=\"https:\/\/mboprinters.com\/wp-content\/uploads\/2024\/11\/Foam-Board-Printing-Sign-300x200.jpg\" class=\"attachment-medium size-medium\" alt=\"\" srcset=\"https:\/\/mboprinters.com\/wp-content\/uploads\/2024\/11\/Foam-Board-Printing-Sign-300x200.jpg 300w, https:\/\/mboprinters.com\/wp-content\/uploads\/2024\/11\/Foam-Board-Printing-Sign-1024x683.jpg 1024w, https:\/\/mboprinters.com\/wp-content\/uploads\/2024\/11\/Foam-Board-Printing-Sign-768x512.jpg 768w, https:\/\/mboprinters.com\/wp-content\/uploads\/2024\/11\/Foam-Board-Printing-Sign-600x400.jpg 600w, https:\/\/mboprinters.com\/wp-content\/uploads\/2024\/11\/Foam-Board-Printing-Sign.jpg 1269w\" sizes=\"(max-width: 300px) 100vw, 300px\" \/><\/a>\n\t\t\t<\/div><\/figure>\n\t\t<\/div>\n\n<h3><b>Tintenkapazit\u00e4t<\/b><\/h3>\n<p><span style=\"font-weight: 400;\">Das Tintenversorgungssystem verf\u00fcgt \u00fcber 18 Kan\u00e4le: 6 f\u00fcr die Farben CMYK LC LM, 6 f\u00fcr Wei\u00df und 6 f\u00fcr Lack. Das Sch\u00fctttintensystem reduziert die Nachf\u00fcllungen, erleichtert die Wartung und erm\u00f6glicht einen kontinuierlichen Tintenfluss ohne Unterbrechungen. Die Tinte setzt kaum oder keine D\u00e4mpfe frei, wodurch teure Bel\u00fcftungssysteme \u00fcberfl\u00fcssig werden. Ein Tintenkit kann bis zu 100.000 Quadratzoll abdecken.<\/span><\/p>\n<p><b>Wei\u00dftinte mit Zirkulationssystem<\/b><\/p>\n<p><span style=\"font-weight: 400;\">Die Wei\u00dftinte erm\u00f6glicht den direkten Druck auf dunklen oder transparenten Materialien, entweder als Volltonwei\u00df oder als opake Basis f\u00fcr Farbdrucke. Mit 6 Wei\u00dfkan\u00e4len kann die Menge angepasst werden, um Farbverl\u00e4ufe und fotorealistische Effekte zu erzielen.<\/span><\/p>\n<p><b>Lackfunktion<\/b><\/p>\n<p><span style=\"font-weight: 400;\">Die Lackfunktion erm\u00f6glicht 3D-Kunstwerke und gl\u00e4nzende Oberfl\u00e4chen.<\/span><\/p>\n<p>&nbsp;<\/p>\n<p><img decoding=\"async\" class=\"alignnone wp-image-3372 size-full\" src=\"https:\/\/mboprinters.com\/wp-content\/uploads\/2024\/11\/64983925970db.jpeg\" alt=\"\" width=\"587\" height=\"480\" srcset=\"https:\/\/mboprinters.com\/wp-content\/uploads\/2024\/11\/64983925970db.jpeg 587w, https:\/\/mboprinters.com\/wp-content\/uploads\/2024\/11\/64983925970db-300x245.jpeg 300w\" sizes=\"(max-width: 587px) 100vw, 587px\" \/><\/p>\n<h3><b>Produktionsmerkmale<\/b><\/h3>\n<p><span style=\"font-weight: 400;\">Der MBO-UV2513 bietet eine Druckfl\u00e4che von 250 x 125 cm und einen automatischen H\u00f6henmesser, der die Druckplatte optimal in 1-3 mm Abstand vom Druckkopf positioniert und so eine hervorragende Druckqualit\u00e4t gew\u00e4hrleistet. Die austauschbaren Tabletts erm\u00f6glichen einen einfachen Wechsel zwischen Produkten unterschiedlicher Formen und Materialien. Die Druckgeschwindigkeit f\u00fcr einen kompletten Durchgang variiert zwischen 10 Minuten (nur Farbe) und 30 Minuten (Reliefeffekt). Die integrierten UV-LED-Lampen h\u00e4rten die Tinte sofort aus, was zu langlebigen Drucken auf Metall, Glas, Holz, Stein, Kunststoff, Stoff, Vinyl und mehr f\u00fchrt.<\/span><\/p>\n<h3><b>Software<\/b><\/h3>\n<p><span style=\"font-weight: 400;\">MBO bietet die fortschrittliche Maintop RIP-Software (auch kompatibel mit Photoprint), die auf die Bed\u00fcrfnisse Ihres Unternehmens zugeschnitten ist. Zu den Funktionen der Software geh\u00f6ren:<\/span><\/p>\n<ul>\n<li style=\"font-weight: 400;\" aria-level=\"1\"><span style=\"font-weight: 400;\">Vorkonfigurierte Einstellungen f\u00fcr verschiedene Substrate<\/span><\/li>\n<li style=\"font-weight: 400;\" aria-level=\"1\"><span style=\"font-weight: 400;\">Kontrolle \u00fcber Druckerfunktionen und Kanaleinstellungen<\/span><\/li>\n<li style=\"font-weight: 400;\" aria-level=\"1\"><span style=\"font-weight: 400;\">Wei\u00dftintenoptionen \u2013 Vollfl\u00e4chiger Hintergrund oder punktuell<\/span><\/li>\n<li style=\"font-weight: 400;\" aria-level=\"1\"><span style=\"font-weight: 400;\">Anpassung der Punktgr\u00f6\u00dfe zur Verbesserung des Drucks auf gew\u00f6lbten oder unebenen Oberfl\u00e4chen<\/span><\/li>\n<li style=\"font-weight: 400;\" aria-level=\"1\"><span style=\"font-weight: 400;\">Einstellung f\u00fcr unidirektionalen oder bidirektionalen Druck<\/span><\/li>\n<li style=\"font-weight: 400;\" aria-level=\"1\"><span style=\"font-weight: 400;\">3D-\/Reliefeffekt<\/span><\/li>\n<li style=\"font-weight: 400;\" aria-level=\"1\"><span style=\"font-weight: 400;\">Anpassbare ICC-Farbprofile f\u00fcr bessere Farbgenauigkeit und Konsistenz auf verschiedenen Materialien<\/span><\/li>\n<\/ul>\n<h3><b>Support und Garantie<\/b><\/h3>\n<p><span style=\"font-weight: 400;\">MBO bietet Ihnen und Ihrem Team eine Fernschulung sowie Unterst\u00fctzung bei der Installation des MBO-UV2513. Der Drucker wird mit einer einj\u00e4hrigen Garantie geliefert und bietet erstklassigen technischen Support per Telefon, E-Mail, Live-Chat und Videoanruf.<\/span><\/p>\n<p><b>Im Kauf enthalten<\/b><\/p>\n<ul>\n<li style=\"font-weight: 400;\" aria-level=\"1\"><span style=\"font-weight: 400;\">1 Wartungsspritze<\/span><\/li>\n<li style=\"font-weight: 400;\" aria-level=\"1\"><span style=\"font-weight: 400;\">1 Schraubendreher<\/span><\/li>\n<li style=\"font-weight: 400;\" aria-level=\"1\"><span style=\"font-weight: 400;\">1 Ersatzd\u00e4mpfer<\/span><\/li>\n<li style=\"font-weight: 400;\" aria-level=\"1\"><span style=\"font-weight: 400;\">1 Ersatzabdeckung<\/span><\/li>\n<li style=\"font-weight: 400;\" aria-level=\"1\"><span style=\"font-weight: 400;\">Handbuch (Download)<\/span><\/li>\n<li style=\"font-weight: 400;\" aria-level=\"1\"><span style=\"font-weight: 400;\">Installationsvideo (Online-Demo)<\/span><\/li>\n<li style=\"font-weight: 400;\" aria-level=\"1\"><span style=\"font-weight: 400;\">Drucksoftware (Download)<\/span><\/li>\n<li style=\"font-weight: 400;\" aria-level=\"1\"><span style=\"font-weight: 400;\">RIP-Software<\/span><\/li>\n<li style=\"font-weight: 400;\" aria-level=\"1\"><span style=\"font-weight: 400;\">Netzkabel<\/span><\/li>\n<li style=\"font-weight: 400;\" aria-level=\"1\"><span style=\"font-weight: 400;\">USB-Fernbedienung mit Kabel<\/span><\/li>\n<li style=\"font-weight: 400;\" aria-level=\"1\"><span style=\"font-weight: 400;\">1 Jahr eingeschr\u00e4nkte Garantie<\/span><\/li>\n<\/ul>\n<p><b>Optionale Zusatzprodukte (nicht enthalten)<\/b><\/p>\n<ul>\n<li style=\"font-weight: 400;\" aria-level=\"1\"><span style=\"font-weight: 400;\">Tinten (kompatibel mit anderen Marken; jedoch werden durch Fremdtinten verursachte Sch\u00e4den nicht von der Garantie abgedeckt)<\/span><\/li>\n<li style=\"font-weight: 400;\" aria-level=\"1\"><span style=\"font-weight: 400;\">Reinigungsmittel<\/span><\/li>\n<li style=\"font-weight: 400;\" aria-level=\"1\"><span style=\"font-weight: 400;\">Rotationsvorrichtung (f\u00fcr den Druck auf Flaschen)<\/span><\/li>\n<li style=\"font-weight: 400;\" aria-level=\"1\"><span style=\"font-weight: 400;\">Laptop mit Windows 7\/10 64-Bit und verf\u00fcgbarem USB-Anschluss<\/span><\/li>\n<\/ul>\n","protected":false},"excerpt":{"rendered":"<p><b>UV-LED-Drucker f\u00fcr den Direktdruck auf Substraten<\/b><\/p>\n<p><span style=\"font-weight: 400;\">Der MBO-UV2513 UV-Drucker kombiniert hohe Produktionsgeschwindigkeit mit \u00fcberragender Druckkapazit\u00e4t und bietet eine Druckfl\u00e4che von bis zu 250 x 125 cm sowie eine maximale H\u00f6he von 15 cm. Mit industriellen Komponenten, leistungsstarken Druckk\u00f6pfen und einer erweiterten UV-Tinten-Konfiguration in CMYK LC LM + Wei\u00df + Lack sorgt dieser Drucker f\u00fcr lebendige und texturierte Drucke auf einer Vielzahl von Materialien.<\/span><\/p>\n","protected":false},"featured_media":3383,"comment_status":"closed","ping_status":"closed","template":"","meta":[],"product_brand":[],"product_cat":[86],"product_tag":[],"class_list":{"0":"post-3368","1":"product","2":"type-product","3":"status-publish","4":"has-post-thumbnail","6":"product_cat-uv-led-bigsize","8":"first","9":"instock","10":"taxable","11":"shipping-taxable","12":"product-type-simple"},"translation":{"provider":"WPGlobus","version":"3.0.0","language":"de","enabled_languages":["es","en","de","fr"],"languages":{"es":{"title":true,"content":true,"excerpt":true},"en":{"title":true,"content":true,"excerpt":true},"de":{"title":true,"content":true,"excerpt":true},"fr":{"title":true,"content":true,"excerpt":true}}},"_links":{"self":[{"href":"https:\/\/mboprinters.com\/de\/wp-json\/wp\/v2\/product\/3368","targetHints":{"allow":["GET"]}}],"collection":[{"href":"https:\/\/mboprinters.com\/de\/wp-json\/wp\/v2\/product"}],"about":[{"href":"https:\/\/mboprinters.com\/de\/wp-json\/wp\/v2\/types\/product"}],"replies":[{"embeddable":true,"href":"https:\/\/mboprinters.com\/de\/wp-json\/wp\/v2\/comments?post=3368"}],"wp:featuredmedia":[{"embeddable":true,"href":"https:\/\/mboprinters.com\/de\/wp-json\/wp\/v2\/media\/3383"}],"wp:attachment":[{"href":"https:\/\/mboprinters.com\/de\/wp-json\/wp\/v2\/media?parent=3368"}],"wp:term":[{"taxonomy":"product_brand","embeddable":true,"href":"https:\/\/mboprinters.com\/de\/wp-json\/wp\/v2\/product_brand?post=3368"},{"taxonomy":"product_cat","embeddable":true,"href":"https:\/\/mboprinters.com\/de\/wp-json\/wp\/v2\/product_cat?post=3368"},{"taxonomy":"product_tag","embeddable":true,"href":"https:\/\/mboprinters.com\/de\/wp-json\/wp\/v2\/product_tag?post=3368"}],"curies":[{"name":"wp","href":"https:\/\/api.w.org\/{rel}","templated":true}]}}