{"id":3400,"date":"2025-01-10T07:45:42","date_gmt":"2025-01-10T07:45:42","guid":{"rendered":"https:\/\/mboprinters.com\/?post_type=product&#038;p=3400"},"modified":"2025-01-10T09:05:55","modified_gmt":"2025-01-10T09:05:55","slug":"kit-mbo60-dtf","status":"publish","type":"product","link":"https:\/\/mboprinters.com\/de\/product\/kit-mbo60-dtf","title":{"rendered":"KIT MBO60 DTF"},"content":{"rendered":"\r\n<h2 class=\"has-text-align-center wp-block-heading\"><strong>Kit DTF MBO60<\/strong><\/h2>\r\n\r\n\r\n\r\n<div class=\"wp-block-columns is-layout-flex wp-container-core-columns-is-layout-9d6595d7 wp-block-columns-is-layout-flex\">\r\n<div class=\"wp-block-column is-vertically-aligned-center is-layout-flow wp-block-column-is-layout-flow\">\r\n<figure class=\"wp-block-image size-large is-resized\"><img decoding=\"async\" src=\"https:\/\/mboprinters.com\/wp-content\/uploads\/2025\/01\/dtfmbo60-2-1024x1024.jpg\" alt=\"\" class=\"wp-image-3401\" width=\"512\" height=\"512\" srcset=\"https:\/\/mboprinters.com\/wp-content\/uploads\/2025\/01\/dtfmbo60-2-1024x1024.jpg 1024w, https:\/\/mboprinters.com\/wp-content\/uploads\/2025\/01\/dtfmbo60-2-300x300.jpg 300w, https:\/\/mboprinters.com\/wp-content\/uploads\/2025\/01\/dtfmbo60-2-150x150.jpg 150w, https:\/\/mboprinters.com\/wp-content\/uploads\/2025\/01\/dtfmbo60-2-768x768.jpg 768w, https:\/\/mboprinters.com\/wp-content\/uploads\/2025\/01\/dtfmbo60-2-270x270.jpg 270w, https:\/\/mboprinters.com\/wp-content\/uploads\/2025\/01\/dtfmbo60-2-230x230.jpg 230w, https:\/\/mboprinters.com\/wp-content\/uploads\/2025\/01\/dtfmbo60-2-600x600.jpg 600w, https:\/\/mboprinters.com\/wp-content\/uploads\/2025\/01\/dtfmbo60-2-100x100.jpg 100w, https:\/\/mboprinters.com\/wp-content\/uploads\/2025\/01\/dtfmbo60-2.jpg 1100w\" sizes=\"(max-width: 512px) 100vw, 512px\" \/><\/figure>\r\n<\/div>\r\n\r\n\r\n\r\n<div class=\"wp-block-column is-vertically-aligned-top is-layout-flow wp-block-column-is-layout-flow\">\r\n<p>Verwandeln Sie Ihr Gesch\u00e4ft mit dem DTF-Kit MBO60, einer Komplettl\u00f6sung, die einen Drucker, einen Applikationsofen, spezielle Tinten und Transferfolien umfasst. Ausgestattet mit modernster Technologie erm\u00f6glicht dieses Kit das Drucken lebendiger und langlebiger Designs auf einer Vielzahl von Textilien, von Baumwolle bis Polyester. Es ist ideal f\u00fcr Unternehmen, die Textilien personalisieren und professionelle Ergebnisse erzielen sowie ihre Produktivit\u00e4t maximieren m\u00f6chten.<\/p>\r\n\r\n\r\n\r\n<div style=\"height:11px\" aria-hidden=\"true\" class=\"wp-block-spacer\"><\/div>\r\n\r\n\r\n\r\n<div class=\"wp-block-columns is-layout-flex wp-container-core-columns-is-layout-9d6595d7 wp-block-columns-is-layout-flex\">\r\n<div class=\"wp-block-column is-layout-flow wp-block-column-is-layout-flow\">\r\n<h5 class=\"has-text-align-center wp-block-heading\">DRUCKMUSTER ODER PRODUKTDEMO ANFORDERN<\/h5>\r\n<\/div>\r\n\r\n\r\n\r\n<div class=\"wp-block-column is-layout-flow wp-block-column-is-layout-flow\">\r\n<div class=\"wp-block-buttons is-layout-flex wp-block-buttons-is-layout-flex\">\r\n<div class=\"wp-block-button has-custom-width wp-block-button__width-100 has-custom-font-size has-medium-font-size\"><a class=\"wp-block-button__link has-white-color has-text-color has-background wp-element-button\" href=\"https:\/\/mboprinters.com\/de\/contact\" style=\"border-radius:0px;background-color:#257f87\">Mehr Informationen<\/a><\/div>\r\n<\/div>\r\n<\/div>\r\n<\/div>\r\n<\/div>\r\n<\/div>\r\n\r\n\r\n\r\n<hr class=\"wp-block-separator has-text-color has-black-color has-css-opacity has-black-background-color has-background is-style-wide\"\/>\r\n\r\n\r\n\r\n<h3 class=\"has-text-align-center wp-block-heading\"><strong><strong>Anwendungen<\/strong><\/strong><\/h3>\r\n\r\n\r\n\r\n<div style=\"height:31px\" aria-hidden=\"true\" class=\"wp-block-spacer\"><\/div>\r\n\r\n\r\n\r\n<div class=\"wp-block-columns is-layout-flex wp-container-core-columns-is-layout-9d6595d7 wp-block-columns-is-layout-flex\">\r\n<div class=\"wp-block-column is-layout-flow wp-block-column-is-layout-flow\" style=\"flex-basis:50%\">\r\n<figure class=\"wp-block-gallery has-nested-images columns-2 is-cropped wp-block-gallery-1 is-layout-flex wp-block-gallery-is-layout-flex\">\r\n<figure class=\"wp-block-image size-medium\"><a href=\"https:\/\/mboprinters.com\/wp-content\/uploads\/2022\/07\/dtftshirts.jpg\"><img decoding=\"async\" width=\"300\" height=\"300\" data-id=\"2729\" src=\"https:\/\/mboprinters.com\/wp-content\/uploads\/2022\/07\/dtftshirts-300x300.jpg\" alt=\"\" class=\"wp-image-2729\" srcset=\"https:\/\/mboprinters.com\/wp-content\/uploads\/2022\/07\/dtftshirts-300x300.jpg 300w, https:\/\/mboprinters.com\/wp-content\/uploads\/2022\/07\/dtftshirts-150x150.jpg 150w, https:\/\/mboprinters.com\/wp-content\/uploads\/2022\/07\/dtftshirts-768x768.jpg 768w, https:\/\/mboprinters.com\/wp-content\/uploads\/2022\/07\/dtftshirts-270x270.jpg 270w, https:\/\/mboprinters.com\/wp-content\/uploads\/2022\/07\/dtftshirts-230x230.jpg 230w, https:\/\/mboprinters.com\/wp-content\/uploads\/2022\/07\/dtftshirts-45x45.jpg 45w, https:\/\/mboprinters.com\/wp-content\/uploads\/2022\/07\/dtftshirts-600x600.jpg 600w, https:\/\/mboprinters.com\/wp-content\/uploads\/2022\/07\/dtftshirts-100x100.jpg 100w, https:\/\/mboprinters.com\/wp-content\/uploads\/2022\/07\/dtftshirts.jpg 1000w\" sizes=\"(max-width: 300px) 100vw, 300px\" \/><\/a><\/figure>\r\n<\/figure>\r\n<\/div>\r\n\r\n\r\n\r\n<div class=\"wp-block-column is-layout-flow wp-block-column-is-layout-flow\" style=\"flex-basis:50%\">\r\n<p>Das DTF-Kit MBO60 ist die perfekte L\u00f6sung f\u00fcr eine Vielzahl von Unternehmen und Projekten im Bereich der Textilpersonalisierung:<\/p>\r\n\r\n\r\n\r\n<ul class=\"wp-block-list\">\r\n<li><strong>Unternehmen f\u00fcr Textilpersonalisierung:<\/strong> Perfekt zum Erstellen von T-Shirts, Kappen und ma\u00dfgeschneiderten Uniformen mit professionellen Ergebnissen.<\/li>\r\n\r\n\r\n\r\n<li><strong>Siebdruck-Werkst\u00e4tten:<\/strong> Eine ideale Erg\u00e4nzung, um das Dienstleistungsangebot zu erweitern und detaillierte sowie farbenfrohe Designs mit DTF-Technologie anzubieten.<\/li>\r\n\r\n\r\n\r\n<li><strong>Merchandising-Unternehmen:<\/strong> Hervorragend geeignet f\u00fcr die Produktion von Werbeartikeln in gro\u00dfen Mengen oder kleinen Auflagen mit hoher Qualit\u00e4t.<\/li>\r\n\r\n\r\n\r\n<li><strong>Sportvereine und Bildungseinrichtungen:<\/strong> Personalisieren Sie Uniformen, Sportbekleidung und Accessoires mit langlebigen Logos und Designs.<\/li>\r\n\r\n\r\n\r\n<li><strong>Unternehmer und Modedesigner:<\/strong> Erm\u00f6glicht die Produktion einzigartiger und individueller Kollektionen f\u00fcr kleine Unternehmen.<\/li>\r\n<\/ul>\r\n\r\n\r\n\r\n<p>Dank seiner F\u00e4higkeit, auf verschiedenen Materialien zu drucken, und seiner einfachen Handhabung ist dieses Kit ein unverzichtbares Werkzeug, um sich im Markt der Textilpersonalisierung zu behaupten.<\/p>\r\n<\/div>\r\n<\/div>\r\n\r\n\r\n\r\n<div class=\"wp-block-columns is-layout-flex wp-container-core-columns-is-layout-9d6595d7 wp-block-columns-is-layout-flex\">\r\n<div class=\"wp-block-column is-layout-flow wp-block-column-is-layout-flow\">\r\n<h3 class=\"wp-block-heading\"><strong><strong><strong>Vorteile und Highlights<\/strong><\/strong><\/strong><\/h3>\r\n\r\n\r\n\r\n<ul class=\"wp-block-list\">\r\n<li><strong>Doppeldruckkopf<\/strong><strong><br><\/strong>Maximiert die Geschwindigkeit und Pr\u00e4zision jedes Designs.<\/li>\r\n\r\n\r\n\r\n<li><strong>Materialvielfalt<\/strong><strong><br><\/strong>Druck auf Baumwolle, Polyester und Mischgeweben ohne Qualit\u00e4tsverluste.<\/li>\r\n\r\n\r\n\r\n<li><strong>Fortschrittliche Software<\/strong><strong><br><\/strong>Die mitgelieferte RIP-Software optimiert Farben und Bilder f\u00fcr perfekte Ergebnisse.<\/li>\r\n\r\n\r\n\r\n<li><strong>Kontinuierliches Tintensystem<\/strong><strong><br><\/strong>Spart Kosten und erm\u00f6glicht lange Druckl\u00e4ufe ohne Unterbrechungen.<\/li>\r\n\r\n\r\n\r\n<li><strong>Integrierter Ofen<\/strong><strong><br><\/strong>Verbessert die Aush\u00e4rtung der Transfers f\u00fcr widerstandsf\u00e4hige und langlebige Designs.<\/li>\r\n<\/ul>\r\n<\/div>\r\n\r\n\r\n\r\n<div class=\"wp-block-column is-layout-flow wp-block-column-is-layout-flow\">\r\n<figure class=\"wp-block-image size-large is-resized\"><img decoding=\"async\" src=\"https:\/\/mboprinters.com\/wp-content\/uploads\/2025\/01\/dtfmbo60-1024x1024.jpg\" alt=\"\" class=\"wp-image-3402\" width=\"512\" height=\"512\" srcset=\"https:\/\/mboprinters.com\/wp-content\/uploads\/2025\/01\/dtfmbo60-1024x1024.jpg 1024w, https:\/\/mboprinters.com\/wp-content\/uploads\/2025\/01\/dtfmbo60-300x300.jpg 300w, https:\/\/mboprinters.com\/wp-content\/uploads\/2025\/01\/dtfmbo60-150x150.jpg 150w, https:\/\/mboprinters.com\/wp-content\/uploads\/2025\/01\/dtfmbo60-768x768.jpg 768w, https:\/\/mboprinters.com\/wp-content\/uploads\/2025\/01\/dtfmbo60-270x270.jpg 270w, https:\/\/mboprinters.com\/wp-content\/uploads\/2025\/01\/dtfmbo60-230x230.jpg 230w, https:\/\/mboprinters.com\/wp-content\/uploads\/2025\/01\/dtfmbo60-600x600.jpg 600w, https:\/\/mboprinters.com\/wp-content\/uploads\/2025\/01\/dtfmbo60-100x100.jpg 100w, https:\/\/mboprinters.com\/wp-content\/uploads\/2025\/01\/dtfmbo60.jpg 1100w\" sizes=\"(max-width: 512px) 100vw, 512px\" \/><\/figure>\r\n<\/div>\r\n<\/div>\r\n\r\n\r\n\r\n<hr class=\"wp-block-separator has-text-color has-black-color has-css-opacity has-black-background-color has-background is-style-wide\"\/>\r\n\r\n\r\n\r\n<div class=\"wp-block-columns is-layout-flex wp-container-core-columns-is-layout-9d6595d7 wp-block-columns-is-layout-flex\">\r\n<div class=\"wp-block-column is-layout-flow wp-block-column-is-layout-flow\">\r\n<h3 class=\"has-text-align-center wp-block-heading\"><strong><strong>DTF-Produktionsprozess<\/strong><\/strong><\/h3>\r\n\r\n\r\n\r\n<div style=\"height:54px\" aria-hidden=\"true\" class=\"wp-block-spacer\"><\/div>\r\n\r\n\r\n\r\n<div class=\"wp-block-columns is-layout-flex wp-container-core-columns-is-layout-9d6595d7 wp-block-columns-is-layout-flex\">\r\n<div class=\"wp-block-column editorskit-no-mobile is-layout-flow wp-block-column-is-layout-flow\" style=\"flex-basis:10%\">\r\n<figure class=\"wp-block-image size-full\"><img decoding=\"async\" width=\"512\" height=\"512\" src=\"https:\/\/mboprinters.com\/wp-content\/uploads\/2022\/04\/3159310.png\" alt=\"\" class=\"wp-image-2500\" srcset=\"https:\/\/mboprinters.com\/wp-content\/uploads\/2022\/04\/3159310.png 512w, https:\/\/mboprinters.com\/wp-content\/uploads\/2022\/04\/3159310-300x300.png 300w, https:\/\/mboprinters.com\/wp-content\/uploads\/2022\/04\/3159310-150x150.png 150w, https:\/\/mboprinters.com\/wp-content\/uploads\/2022\/04\/3159310-270x270.png 270w, https:\/\/mboprinters.com\/wp-content\/uploads\/2022\/04\/3159310-230x230.png 230w, https:\/\/mboprinters.com\/wp-content\/uploads\/2022\/04\/3159310-45x45.png 45w\" sizes=\"(max-width: 512px) 100vw, 512px\" \/><\/figure>\r\n<\/div>\r\n\r\n\r\n\r\n<div class=\"wp-block-column is-layout-flow wp-block-column-is-layout-flow\" style=\"flex-basis:90%\">\r\n<p><strong>Design erstellen<\/strong><strong><br><\/strong>Verwenden Sie Photoshop, Illustrator oder andere Software, um Ihr Motiv zu gestalten.<\/p>\r\n<\/div>\r\n<\/div>\r\n\r\n\r\n\r\n<div class=\"wp-block-columns is-layout-flex wp-container-core-columns-is-layout-9d6595d7 wp-block-columns-is-layout-flex\">\r\n<div class=\"wp-block-column editorskit-no-mobile is-layout-flow wp-block-column-is-layout-flow\" style=\"flex-basis:10%\">\r\n<figure class=\"wp-block-image size-full\"><img decoding=\"async\" width=\"512\" height=\"512\" src=\"https:\/\/mboprinters.com\/wp-content\/uploads\/2022\/04\/1379744.png\" alt=\"\" class=\"wp-image-2501\" srcset=\"https:\/\/mboprinters.com\/wp-content\/uploads\/2022\/04\/1379744.png 512w, https:\/\/mboprinters.com\/wp-content\/uploads\/2022\/04\/1379744-300x300.png 300w, https:\/\/mboprinters.com\/wp-content\/uploads\/2022\/04\/1379744-150x150.png 150w, https:\/\/mboprinters.com\/wp-content\/uploads\/2022\/04\/1379744-270x270.png 270w, https:\/\/mboprinters.com\/wp-content\/uploads\/2022\/04\/1379744-230x230.png 230w, https:\/\/mboprinters.com\/wp-content\/uploads\/2022\/04\/1379744-45x45.png 45w\" sizes=\"(max-width: 512px) 100vw, 512px\" \/><\/figure>\r\n<\/div>\r\n\r\n\r\n\r\n<div class=\"wp-block-column is-layout-flow wp-block-column-is-layout-flow\" style=\"flex-basis:90%\">\r\n<p><strong>Design drucken<\/strong><strong><br><\/strong>Passen Sie die Druckereinstellungen in der RIP-Software an und drucken Sie Ihr Motiv mit unserem Drucker und den speziellen Tinten.<\/p>\r\n<\/div>\r\n<\/div>\r\n\r\n\r\n\r\n<div class=\"wp-block-columns is-layout-flex wp-container-core-columns-is-layout-9d6595d7 wp-block-columns-is-layout-flex\">\r\n<div class=\"wp-block-column editorskit-no-mobile is-layout-flow wp-block-column-is-layout-flow\" style=\"flex-basis:10%\">\r\n<figure class=\"wp-block-image size-full\"><img decoding=\"async\" width=\"512\" height=\"512\" src=\"https:\/\/mboprinters.com\/wp-content\/uploads\/2022\/04\/1501060.png\" alt=\"\" class=\"wp-image-2502\" srcset=\"https:\/\/mboprinters.com\/wp-content\/uploads\/2022\/04\/1501060.png 512w, https:\/\/mboprinters.com\/wp-content\/uploads\/2022\/04\/1501060-300x300.png 300w, https:\/\/mboprinters.com\/wp-content\/uploads\/2022\/04\/1501060-150x150.png 150w, https:\/\/mboprinters.com\/wp-content\/uploads\/2022\/04\/1501060-270x270.png 270w, https:\/\/mboprinters.com\/wp-content\/uploads\/2022\/04\/1501060-230x230.png 230w, https:\/\/mboprinters.com\/wp-content\/uploads\/2022\/04\/1501060-45x45.png 45w\" sizes=\"(max-width: 512px) 100vw, 512px\" \/><\/figure>\r\n<\/div>\r\n\r\n\r\n\r\n<div class=\"wp-block-column is-layout-flow wp-block-column-is-layout-flow\" style=\"flex-basis:90%\">\r\n<p><strong>Fixierung mit Pulver<\/strong><strong><br><\/strong>Schalten Sie die Pulvermaschine ein, die das Pulver automatisch auftr\u00e4gt, trocknet und die Farbe fixiert.<\/p>\r\n<\/div>\r\n<\/div>\r\n\r\n\r\n\r\n<div class=\"wp-block-columns is-layout-flex wp-container-core-columns-is-layout-9d6595d7 wp-block-columns-is-layout-flex\">\r\n<div class=\"wp-block-column editorskit-no-mobile is-layout-flow wp-block-column-is-layout-flow\" style=\"flex-basis:10%\">\r\n<figure class=\"wp-block-image size-full\"><img decoding=\"async\" width=\"512\" height=\"512\" src=\"https:\/\/mboprinters.com\/wp-content\/uploads\/2022\/04\/3977851.png\" alt=\"\" class=\"wp-image-2503\" srcset=\"https:\/\/mboprinters.com\/wp-content\/uploads\/2022\/04\/3977851.png 512w, https:\/\/mboprinters.com\/wp-content\/uploads\/2022\/04\/3977851-300x300.png 300w, https:\/\/mboprinters.com\/wp-content\/uploads\/2022\/04\/3977851-150x150.png 150w, https:\/\/mboprinters.com\/wp-content\/uploads\/2022\/04\/3977851-270x270.png 270w, https:\/\/mboprinters.com\/wp-content\/uploads\/2022\/04\/3977851-230x230.png 230w, https:\/\/mboprinters.com\/wp-content\/uploads\/2022\/04\/3977851-45x45.png 45w\" sizes=\"(max-width: 512px) 100vw, 512px\" \/><\/figure>\r\n<\/div>\r\n\r\n\r\n\r\n<div class=\"wp-block-column is-layout-flow wp-block-column-is-layout-flow\" style=\"flex-basis:90%\">\r\n<p><strong>Hei\u00dfpresse verwenden<\/strong><strong><br><\/strong>Verwenden Sie eine Hei\u00dfpresse, stellen Sie die Temperatur auf 180 \u00b0C ein und warten Sie 15 Sekunden f\u00fcr den Transfer.<\/p>\r\n<\/div>\r\n<\/div>\r\n<\/div>\r\n\r\n\r\n\r\n<div class=\"wp-block-column is-vertically-aligned-center is-layout-flow wp-block-column-is-layout-flow\">\r\n<figure class=\"wp-block-embed is-type-video is-provider-vimeo wp-block-embed-vimeo wp-embed-aspect-16-9 wp-has-aspect-ratio\"><div class=\"wp-block-embed__wrapper\">\r\n<iframe loading=\"lazy\" title=\"Textil DTF Printers - MBO Printers\" src=\"https:\/\/player.vimeo.com\/video\/1045617190?dnt=1&amp;app_id=122963\" width=\"640\" height=\"352\" frameborder=\"0\" allow=\"autoplay; fullscreen; picture-in-picture; clipboard-write; encrypted-media\"><\/iframe>\r\n<\/div><\/figure>\r\n<\/div>\r\n<\/div>\r\n\r\n\r\n\r\n<hr class=\"wp-block-separator has-text-color has-black-color has-css-opacity has-black-background-color has-background is-style-wide\"\/>\r\n\r\n\r\n\r\n<div class=\"wp-block-columns is-layout-flex wp-container-core-columns-is-layout-9d6595d7 wp-block-columns-is-layout-flex\">\r\n<div class=\"wp-block-column is-vertically-aligned-center is-layout-flow wp-block-column-is-layout-flow\">\r\n<figure class=\"wp-block-image size-full\"><img decoding=\"async\" width=\"500\" height=\"350\" src=\"https:\/\/mboprinters.com\/wp-content\/uploads\/2022\/04\/I3200-A1-1.png\" alt=\"\" class=\"wp-image-2563\" srcset=\"https:\/\/mboprinters.com\/wp-content\/uploads\/2022\/04\/I3200-A1-1.png 500w, https:\/\/mboprinters.com\/wp-content\/uploads\/2022\/04\/I3200-A1-1-300x210.png 300w\" sizes=\"(max-width: 500px) 100vw, 500px\" \/><\/figure>\r\n<\/div>\r\n\r\n\r\n\r\n<div class=\"wp-block-column is-layout-flow wp-block-column-is-layout-flow\">\r\n<h3 class=\"wp-block-heading\"><strong><strong><strong><strong>Technische Spezifikationen<\/strong><\/strong><\/strong><\/strong><\/h3>\r\n\r\n\r\n\r\n<ul class=\"wp-block-list\">\r\n<li><strong>Druckermodell:<\/strong> MBO60 mit zwei Epson i3200-A1-Druckk\u00f6pfen.<\/li>\r\n\r\n\r\n\r\n<li><strong>Drucktechnologie:<\/strong> DTF (Direct to Film).<\/li>\r\n\r\n\r\n\r\n<li><strong>Maximale Aufl\u00f6sung:<\/strong> Bis zu 720 x 720 dpi.<\/li>\r\n\r\n\r\n\r\n<li><strong>Druckgeschwindigkeit:<\/strong> Einstellbar je nach Konfiguration und Modus.<\/li>\r\n\r\n\r\n\r\n<li><strong>Maximale Druckbreite:<\/strong> 60 cm.<\/li>\r\n\r\n\r\n\r\n<li><strong>Tintenzuf\u00fchrungssystem:<\/strong> Kontinuierlich mit nachf\u00fcllbaren Tanks.<\/li>\r\n\r\n\r\n\r\n<li><strong>Tintenfarben:<\/strong> CMYK + Wei\u00df.<\/li>\r\n\r\n\r\n\r\n<li><strong>Softwarekompatibilit\u00e4t:<\/strong> Inklusive spezialisierter RIP-Software.<\/li>\r\n\r\n\r\n\r\n<li><strong>Konnektivit\u00e4t:<\/strong> USB 2.0 und Ethernet.<\/li>\r\n\r\n\r\n\r\n<li><strong>Stromversorgung:<\/strong> 220 V, 50\/60 Hz.<\/li>\r\n<\/ul>\r\n<\/div>\r\n<\/div>\r\n\r\n\r\n\r\n<hr class=\"wp-block-separator has-text-color has-black-color has-css-opacity has-black-background-color has-background is-style-wide\"\/>\r\n\r\n\r\n\r\n<div style=\"height:15px\" aria-hidden=\"true\" class=\"wp-block-spacer\"><\/div>\r\n\r\n\r\n\r\n<div class=\"wp-block-buttons is-horizontal is-content-justification-center is-layout-flex wp-container-core-buttons-is-layout-499968f5 wp-block-buttons-is-layout-flex\">\r\n<div class=\"wp-block-button has-custom-font-size has-medium-font-size\"><a class=\"wp-block-button__link has-white-color has-text-color has-background wp-element-button\" href=\"https:\/\/mboprinters.com\/de\/contact\" style=\"border-radius:0px;background-color:#257f87\">Mehr Informationen<\/a><\/div>\r\n<\/div>\r\n","protected":false},"excerpt":{"rendered":"<div class=\"is-layout-flex wp-container-3 wp-block-columns\">\n<div class=\"is-layout-flow wp-block-column\">\n<p><span style=\"font-weight: 400;\">Das DTF-Kit MBO60 ist das ultimative Werkzeug f\u00fcr den Direktdruck auf Folie (DTF), entwickelt, um Textilien mit au\u00dfergew\u00f6hnlicher Qualit\u00e4t, Pr\u00e4zision und Haltbarkeit zu personalisieren.<\/span><\/p>\n<h4>DRUCKMUSTER ODER PRODUKTDEMO ANFORDERN<\/h4>\n<p><!-- \/wp:heading --><\/p>\n<p><!-- wp:buttons --><\/p>\n<div class=\"wp-block-buttons\">\n<div class=\"wp-block-button aligncenter has-custom-width wp-block-button__width-75\"><a class=\"wp-block-button__link has-white-color has-text-color has-background wp-element-button\" style=\"border-radius: 0px; background-color: #257f87;\" href=\"https:\/\/mboprinters.com\/de\/contact\">Mehr informationen<\/a><\/div>\n<\/div>\n<\/div>\n<\/div>\n","protected":false},"featured_media":3406,"comment_status":"closed","ping_status":"closed","template":"","meta":[],"product_brand":[],"product_cat":[78],"product_tag":[],"class_list":{"0":"post-3400","1":"product","2":"type-product","3":"status-publish","4":"has-post-thumbnail","6":"product_cat-dtf-textil","8":"first","9":"instock","10":"taxable","11":"shipping-taxable","12":"product-type-simple"},"translation":{"provider":"WPGlobus","version":"3.0.0","language":"de","enabled_languages":["es","en","de","fr"],"languages":{"es":{"title":true,"content":true,"excerpt":true},"en":{"title":true,"content":true,"excerpt":true},"de":{"title":true,"content":true,"excerpt":true},"fr":{"title":true,"content":true,"excerpt":true}}},"_links":{"self":[{"href":"https:\/\/mboprinters.com\/de\/wp-json\/wp\/v2\/product\/3400","targetHints":{"allow":["GET"]}}],"collection":[{"href":"https:\/\/mboprinters.com\/de\/wp-json\/wp\/v2\/product"}],"about":[{"href":"https:\/\/mboprinters.com\/de\/wp-json\/wp\/v2\/types\/product"}],"replies":[{"embeddable":true,"href":"https:\/\/mboprinters.com\/de\/wp-json\/wp\/v2\/comments?post=3400"}],"wp:featuredmedia":[{"embeddable":true,"href":"https:\/\/mboprinters.com\/de\/wp-json\/wp\/v2\/media\/3406"}],"wp:attachment":[{"href":"https:\/\/mboprinters.com\/de\/wp-json\/wp\/v2\/media?parent=3400"}],"wp:term":[{"taxonomy":"product_brand","embeddable":true,"href":"https:\/\/mboprinters.com\/de\/wp-json\/wp\/v2\/product_brand?post=3400"},{"taxonomy":"product_cat","embeddable":true,"href":"https:\/\/mboprinters.com\/de\/wp-json\/wp\/v2\/product_cat?post=3400"},{"taxonomy":"product_tag","embeddable":true,"href":"https:\/\/mboprinters.com\/de\/wp-json\/wp\/v2\/product_tag?post=3400"}],"curies":[{"name":"wp","href":"https:\/\/api.w.org\/{rel}","templated":true}]}}