{"id":3491,"date":"2025-06-12T13:50:34","date_gmt":"2025-06-12T13:50:34","guid":{"rendered":"https:\/\/mboprinters.com\/?post_type=product&#038;p=3491"},"modified":"2025-06-12T14:47:10","modified_gmt":"2025-06-12T14:47:10","slug":"mbo-1015-uv-led","status":"publish","type":"product","link":"https:\/\/mboprinters.com\/de\/product\/mbo-1015-uv-led","title":{"rendered":"MBO 1015 UV Led"},"content":{"rendered":"\r\n<div class=\"wp-block-columns is-layout-flex wp-container-core-columns-is-layout-9d6595d7 wp-block-columns-is-layout-flex\">\r\n<div class=\"wp-block-column is-vertically-aligned-center is-layout-flow wp-block-column-is-layout-flow\">\r\n<h3 class=\"wp-block-heading\"><strong><strong>UV-Drucker MBO 1015<\/strong><\/strong><\/h3>\r\n\r\n\r\n\r\n<p><strong>UV-LED-Technologie der neuesten Generation f\u00fcr makellose Druckergebnisse<\/strong><\/p>\r\n\r\n\r\n\r\n<p>Dieser Drucker ist mit einem <strong>modernen UV-LED-System<\/strong> ausgestattet, das <strong>h\u00f6chste Druckqualit\u00e4t<\/strong>, <strong>l\u00e4ngere Lebensdauer<\/strong> und <strong>minimalen Energieverbrauch<\/strong> gew\u00e4hrleistet.<\/p>\r\n\r\n\r\n\r\n<p>Dank des <strong>motorisierten H\u00f6heneinstellsystems<\/strong> l\u00e4sst sich der Abstand zwischen Druckkopf und Material bei jedem Auftrag exakt anpassen. Das sorgt f\u00fcr <strong>optimale Drucksch\u00e4rfe<\/strong> und <strong>schont den Druckkopf<\/strong>, da Fehleinstellungen vermieden werden.<\/p>\r\n\r\n\r\n\r\n<p>Durch die <strong>sofortige Aush\u00e4rtung der UV-Tinten<\/strong> kann direkt auf fast allen <strong>starren Materialien<\/strong> gedruckt werden: Metall, Glas, Keramik, Kunststoff, Holz, Stein usw. Der Einsatz von <strong>wei\u00dfer Tinte<\/strong> erm\u00f6glicht zudem kr\u00e4ftige und originalgetreue Farben \u2013 auch auf dunklen oder transparenten Untergr\u00fcnden.<\/p>\r\n\r\n\r\n\r\n<p>Die mitgelieferte <strong>professionelle RIP-Software<\/strong> erleichtert das Drucken auf unterschiedlichsten Oberfl\u00e4chen und in jeder Farbe \u2013 <strong>inklusive Wei\u00df<\/strong>.<\/p>\r\n<\/div>\r\n\r\n\r\n\r\n<div class=\"wp-block-column is-vertically-aligned-center is-layout-flow wp-block-column-is-layout-flow\">\r\n<figure class=\"wp-block-video\"><video controls muted poster=\"https:\/\/mboprinters.com\/wp-content\/uploads\/2022\/04\/1015.jpg\" src=\"https:\/\/mboprinters.com\/wp-content\/uploads\/2022\/11\/6090uvled.mp4\"><\/video><\/figure>\r\n<\/div>\r\n<\/div>\r\n\r\n\r\n\r\n<div class=\"wp-block-buttons is-content-justification-center is-layout-flex wp-container-core-buttons-is-layout-16018d1d wp-block-buttons-is-layout-flex\">\r\n<div class=\"wp-block-button\"><a class=\"wp-block-button__link has-white-color has-vivid-green-cyan-background-color has-text-color has-background wp-element-button\" href=\"https:\/\/mboprinters.com\/de\/contact\" style=\"border-radius:5px\"><strong>Fordern Sie Muster an oder buchen Sie eine Vorf\u00fchrung<\/strong><\/a><\/div>\r\n<\/div>\r\n\r\n\r\n\r\n<div style=\"height:2em\" aria-hidden=\"true\" class=\"wp-block-spacer\"><\/div>\r\n\r\n\r\n<div class=\"lightweight-accordion\"><details><summary class=\"lightweight-accordion-title\"><span><strong>Technologie und Leistung<\/strong><\/span><\/summary><div class=\"lightweight-accordion-body\">\r\n\r\n<div class=\"wp-block-columns is-layout-flex wp-container-core-columns-is-layout-9d6595d7 wp-block-columns-is-layout-flex\">\r\n<div class=\"wp-block-column is-layout-flow wp-block-column-is-layout-flow\" style=\"flex-basis:66.66%\">\r\n<h3 class=\"wp-block-heading\"><strong>Robuste Konstruktion und mechanische Pr\u00e4zision<\/strong><\/h3>\r\n\r\n\r\n\r\n<p>Die MBO 1015 I3200 verf\u00fcgt \u00fcber ein <strong>Stahlgeh\u00e4use<\/strong> und einen <strong>pr\u00e4zise gefr\u00e4sten Arbeitstisch aus Aluminiumlegierung<\/strong>. Das <strong>Doppelspindel-Antriebssystem mit Servomotor<\/strong> sorgt f\u00fcr ruhige, pr\u00e4zise Bewegungen \u2013 ideal f\u00fcr anspruchsvolle Produktionsbedingungen.<\/p>\r\n\r\n\r\n\r\n<h3 class=\"wp-block-heading\"><strong>Hohe Geschwindigkeit bei maximaler Qualit\u00e4t<\/strong><\/h3>\r\n\r\n\r\n\r\n<p>Ausgestattet mit <strong>drei Epson I3200-Druckk\u00f6pfen<\/strong> und <strong>vier UV-LED-Lampen mit Wasserk\u00fchlung<\/strong>, liefert sie schnelle Druckergebnisse mit hoher Aufl\u00f6sung \u2013 auch im Dauerbetrieb.<\/p>\r\n\r\n\r\n\r\n<h3 class=\"wp-block-heading\"><strong>Gro\u00dfformat und vielseitiger Einsatz<\/strong><\/h3>\r\n\r\n\r\n\r\n<p>Die nutzbare Druckfl\u00e4che betr\u00e4gt <strong>100 x 150 cm<\/strong>, mit einer Objekt\u00adh\u00f6he von bis zu <strong>10 cm<\/strong>. Durch die <strong>offene Tischkonstruktion vorne und hinten<\/strong> lassen sich gro\u00dfe Werkst\u00fccke bequem einlegen und w\u00e4hrend des Drucks einfach handhaben.<\/p>\r\n\r\n\r\n\r\n<h3 class=\"wp-block-heading\"><strong>Effizientes Tintensystem<\/strong><\/h3>\r\n\r\n\r\n\r\n<p>Ein <strong>Bulk-Ink-System mit 500-ml-Beh\u00e4ltern<\/strong>, r\u00fcckseitig verbaut, garantiert eine konstante Tintenversorgung und reduziert Betriebskosten auch bei l\u00e4ngeren Produktionsl\u00e4ufen.<\/p>\r\n\r\n\r\n\r\n<h3 class=\"wp-block-heading\"><strong>Integrierter Vakuumtisch<\/strong><\/h3>\r\n\r\n\r\n\r\n<p>Die Druckfl\u00e4che ist mit einem <strong>Vakuumtisch<\/strong> ausgestattet, der flache Materialien sicher fixiert und so f\u00fcr <strong>gleichbleibende Qualit\u00e4t und perfekte Stabilit\u00e4t<\/strong> bei jedem Durchlauf sorgt.<\/p>\r\n<\/div>\r\n\r\n\r\n\r\n<div class=\"wp-block-column is-layout-flow wp-block-column-is-layout-flow\" style=\"flex-basis:33.33%\">\r\n<figure class=\"wp-block-image alignfull size-full\"><img decoding=\"async\" width=\"305\" height=\"217\" src=\"https:\/\/mboprinters.com\/wp-content\/uploads\/2020\/04\/printers6.png\" alt=\"\" class=\"wp-image-88\" srcset=\"https:\/\/mboprinters.com\/wp-content\/uploads\/2020\/04\/printers6.png 305w, https:\/\/mboprinters.com\/wp-content\/uploads\/2020\/04\/printers6-300x213.png 300w\" sizes=\"(max-width: 305px) 100vw, 305px\" \/><\/figure>\r\n<\/div>\r\n<\/div>\r\n\r\n<\/div><\/details><\/div>\r\n\r\n<div class=\"lightweight-accordion\"><details><summary class=\"lightweight-accordion-title\"><span><strong><strong><strong>Technische Daten<\/strong><\/strong><\/strong><\/span><\/summary><div class=\"lightweight-accordion-body\">\r\n\r\n<div class=\"wp-block-columns is-layout-flex wp-container-core-columns-is-layout-9d6595d7 wp-block-columns-is-layout-flex\">\r\n<div class=\"wp-block-column is-layout-flow wp-block-column-is-layout-flow\">\r\n<div class=\"wp-block-columns is-layout-flex wp-container-core-columns-is-layout-9d6595d7 wp-block-columns-is-layout-flex\">\r\n<div class=\"wp-block-column is-layout-flow wp-block-column-is-layout-flow\">\r\n<h3 class=\"wp-block-heading\"><strong>MBO 1015 I3200 <\/strong><\/h3>\r\n\r\n\r\n\r\n<figure class=\"wp-block-table\"><table><thead><tr><th><strong>Eigenschaften<\/strong><\/th><th><strong>Spezifikationen<\/strong><\/th><\/tr><\/thead><tbody><tr><td>Druckkopf<\/td><td>Epson I3200 U1<\/td><\/tr><tr><td>Anzahl der Druckk\u00f6pfe<\/td><td>3<\/td><\/tr><tr><td>Druckaufl\u00f6sung<\/td><td>600 dpi<\/td><\/tr><tr><td>Druckmodi<\/td><td>Einseitig \/ Beidseitig<\/td><\/tr><tr><td>Tintensystem<\/td><td>C, M, Y, K, W, W, V, V<\/td><\/tr><tr><td>Wei\u00dfe Tinte<\/td><td>Ja (mit speziellem R\u00fchrwerk)<\/td><\/tr><tr><td>Lack<\/td><td>Ja<\/td><\/tr><tr><td>Tintentyp<\/td><td>UV-LED<\/td><\/tr><tr><td>Tintentank-Kapazit\u00e4t<\/td><td>500 ml pro Farbe<\/td><\/tr><tr><td>Tintenstandanzeige<\/td><td>Ja, mit Warn-LED<\/td><\/tr><tr><td>Druckgeschwindigkeit<\/td><td>2\u201310 m\u00b2 pro Stunde<\/td><\/tr><tr><td>Kompletter Druck (24\u201d)<\/td><td>ca. 24 Minuten<\/td><\/tr><tr><td>Tragkraft der Drucktischfl\u00e4che<\/td><td>30 kg<\/td><\/tr><tr><td>Druckbereich<\/td><td>1000 x 1500 mm<\/td><\/tr><tr><td>Max. Objekt\u00adh\u00f6he<\/td><td>0 \u2013 100 mm<\/td><\/tr><tr><td>Ger\u00e4tema\u00dfe<\/td><td>1980 x 2270 x 1300 mm<\/td><\/tr><tr><td>Gewicht (netto)<\/td><td>600 kg<\/td><\/tr><tr><td>Versandma\u00dfe<\/td><td>2000 x 2500 x 1400 mm<\/td><\/tr><tr><td>Gewicht (verpackt)<\/td><td>650 kg<\/td><\/tr><tr><td>Kompatibles Betriebssystem<\/td><td>Windows<\/td><\/tr><tr><td>Anschlussart<\/td><td>USB<\/td><\/tr><tr><td>Stromverbrauch<\/td><td>100 W<\/td><\/tr><tr><td>Eingangsspannung<\/td><td>210\u2013230 V AC, 50\/60 Hz<\/td><\/tr><tr><td>UV-LED-System<\/td><td>24 V \/ 395 nm<\/td><\/tr><tr><td>Eingeschr\u00e4nkte Garantie<\/td><td>12 Monate (ausgenommen Verbrauchsteile*)<\/td><\/tr><tr><td>*Nicht von der Garantie abgedeckt:<\/td><td>Druckk\u00f6pfe, Reinigungseinheit, D\u00e4mpfer, Tintenzuleitungssystem<\/td><\/tr><\/tbody><\/table><\/figure>\r\n<\/div>\r\n<\/div>\r\n<\/div>\r\n<\/div>\r\n\r\n<\/div><\/details><\/div>\r\n\r\n<div class=\"lightweight-accordion\"><details><summary class=\"lightweight-accordion-title\"><span><strong><strong>Softwarefunktionen<\/strong><\/strong><\/span><\/summary><div class=\"lightweight-accordion-body\">\r\n\r\n<p><strong>MBO bietet die fortschrittlichen Softwarel\u00f6sungen Maintop RIP und Print an<\/strong>, je nach den spezifischen Anforderungen Ihres Unternehmens. Zu den wichtigsten Funktionen der RIP-Software geh\u00f6ren unter anderem:<\/p>\r\n\r\n\r\n\r\n<div class=\"wp-block-columns is-layout-flex wp-container-core-columns-is-layout-9d6595d7 wp-block-columns-is-layout-flex\">\r\n<div class=\"wp-block-column is-vertically-aligned-center is-layout-flow wp-block-column-is-layout-flow\">\r\n<figure class=\"wp-block-image alignwide size-large\"><img decoding=\"async\" width=\"1024\" height=\"576\" src=\"https:\/\/mboprinters.com\/wp-content\/uploads\/2022\/11\/maintop-1024x576.jpeg\" alt=\"\" class=\"wp-image-2986\" srcset=\"https:\/\/mboprinters.com\/wp-content\/uploads\/2022\/11\/maintop-1024x576.jpeg 1024w, https:\/\/mboprinters.com\/wp-content\/uploads\/2022\/11\/maintop-300x169.jpeg 300w, https:\/\/mboprinters.com\/wp-content\/uploads\/2022\/11\/maintop-768x432.jpeg 768w, https:\/\/mboprinters.com\/wp-content\/uploads\/2022\/11\/maintop-600x338.jpeg 600w, https:\/\/mboprinters.com\/wp-content\/uploads\/2022\/11\/maintop.jpeg 1280w\" sizes=\"(max-width: 1024px) 100vw, 1024px\" \/><\/figure>\r\n<\/div>\r\n\r\n\r\n\r\n<div class=\"wp-block-column is-layout-flow wp-block-column-is-layout-flow\">\r\n<p><strong>Vordefinierte Einstellungen:<\/strong><br>Sofort einsatzbereite Profile f\u00fcr verschiedene Materialien erleichtern den Workflow.<\/p>\r\n\r\n\r\n\r\n<p><strong>Farbmanagement:<\/strong><br>Feinjustierung von Tintendichte, S\u00e4ttigung und Farbkurven. Unterst\u00fctzung f\u00fcr benutzerdefinierte ICC-Profile.<\/p>\r\n\r\n\r\n\r\n<p><strong>Wei\u00dftintensteuerung:<\/strong><br>Mehrere Optionen: volle Deckung, direkter Wei\u00dfdruck oder Schichtdruck (Farbe + Wei\u00df + Farbe).<\/p>\r\n\r\n\r\n\r\n<p><strong>Vorlagen und Wiederholungen:<\/strong><br>Erstellen von Produktvorlagen und automatisches Duplizieren von Motiven f\u00fcr Serienproduktion.<\/p>\r\n\r\n\r\n\r\n<p><strong>Flexible Druckmodi:<\/strong><br>Einseitiger oder beidseitiger Druck w\u00e4hlbar \u2013 je nach Anforderung an Geschwindigkeit oder Detailtreue.<\/p>\r\n\r\n\r\n\r\n<p><strong>Anpassbare Aufl\u00f6sung:<\/strong><br>720\u00d71440 f\u00fcr fotorealistische Qualit\u00e4t, 720\u00d72160 f\u00fcr besonders feine Details auf glatten Oberfl\u00e4chen.<\/p>\r\n\r\n\r\n\r\n<p><strong>Tropfengr\u00f6\u00dfenkontrolle:<\/strong><br>Optimierung der Tropfengr\u00f6\u00dfe f\u00fcr bessere Ergebnisse auf gew\u00f6lbten oder unebenen Oberfl\u00e4chen.<\/p>\r\n\r\n\r\n\r\n<p><strong>Zentrale Steuerung \u00fcber Software:<\/strong><br>Komplette Kontrolle aller Druckfunktionen und Kanalkonfiguration \u00fcber das RIP-System.<\/p>\r\n<\/div>\r\n<\/div>\r\n\r\n<\/div><\/details><\/div>\r\n\r\n\r\n<div style=\"height:55px\" aria-hidden=\"true\" class=\"wp-block-spacer\"><\/div>\r\n\r\n\r\n\r\n<div class=\"wp-block-columns is-layout-flex wp-container-core-columns-is-layout-9d6595d7 wp-block-columns-is-layout-flex\">\r\n<div class=\"wp-block-column is-layout-flow wp-block-column-is-layout-flow\"><\/div>\r\n\r\n\r\n\r\n<div class=\"wp-block-column is-layout-flow wp-block-column-is-layout-flow\">\r\n<div class=\"wp-block-buttons is-layout-flex wp-block-buttons-is-layout-flex\">\r\n<div class=\"wp-block-button has-custom-width wp-block-button__width-100 has-custom-font-size has-medium-font-size\"><a class=\"wp-block-button__link has-white-color has-text-color has-background wp-element-button\" href=\"https:\/\/mboprinters.com\/de\/contact\" style=\"border-radius:5px;background-color:#257f87\"><strong>Mehr Informationen<\/strong><\/a><\/div>\r\n<\/div>\r\n<\/div>\r\n\r\n\r\n\r\n<div class=\"wp-block-column is-layout-flow wp-block-column-is-layout-flow\"><\/div>\r\n<\/div>\r\n\r\n\r\n\r\n<p><\/p>\r\n","protected":false},"excerpt":{"rendered":"<div class=\"vc_row wpb_row vc_row-fluid\">\n<div class=\"wpb_column vc_column_container vc_col-sm-12\">\n<div class=\"vc_column-inner\">\n<div class=\"wpb_wrapper\">\n<div class=\"wpb_text_column wpb_content_element \">\n<div class=\"wpb_wrapper\">\n<div class=\"vc_row wpb_row vc_row-fluid\">\n<div class=\"wpb_column vc_column_container vc_col-sm-12\">\n<div class=\"vc_column-inner\">\n<div class=\"wpb_wrapper\">\n<div class=\"wpb_text_column wpb_content_element \">\n<div class=\"wpb_wrapper\">\n<p data-start=\"78\" data-end=\"275\">Der <strong data-start=\"82\" data-end=\"105\">UV-Drucker MBO 1015<\/strong> vereint <strong data-start=\"114\" data-end=\"143\">hohe Druckgeschwindigkeit<\/strong>, <strong data-start=\"145\" data-end=\"162\">gro\u00dfes Format<\/strong> und <strong data-start=\"167\" data-end=\"194\">industrielle Robustheit<\/strong>, um den Anforderungen anspruchsvollster Produktionsumgebungen gerecht zu werden.<\/p>\n<p data-start=\"277\" data-end=\"703\" data-is-last-node=\"\" data-is-only-node=\"\">Er erm\u00f6glicht das Bedrucken von Objekten bis zu <strong data-start=\"325\" data-end=\"341\">100 x 150 cm<\/strong> und einer H\u00f6he von <strong data-start=\"361\" data-end=\"377\">bis zu 10 cm<\/strong>, mit gleichbleibend hoher Qualit\u00e4t und maximaler Pr\u00e4zision. Die Maschine ist aus <strong data-start=\"459\" data-end=\"490\">hochbelastbaren Komponenten<\/strong> gefertigt und kann mit mehreren <strong data-start=\"523\" data-end=\"567\">leistungsstarken Epson i3200-Druckk\u00f6pfen<\/strong> konfiguriert werden. Sie arbeitet mit <strong data-start=\"606\" data-end=\"631\">UV-Tinten CMYK + WWWW<\/strong> und optionalem <strong data-start=\"647\" data-end=\"655\">Lack<\/strong>, f\u00fcr vielseitige und eindrucksvolle Ergebnisse.<\/p>\n<\/div>\n<\/div>\n<\/div>\n<\/div>\n<\/div>\n<\/div>\n<\/div>\n<\/div>\n<\/div>\n<\/div>\n<\/div>\n<\/div>\n<div class=\"vc_row wpb_row vc_row-fluid\">\n<div class=\"wpb_column vc_column_container vc_col-sm-6\">\n<div class=\"vc_column-inner\">\n<div class=\"wpb_wrapper\">\u00a0<\/div>\n<\/div>\n<\/div>\n<\/div>\n<p><!-- wp:buttons --><\/p>\n<div class=\"wp-block-buttons\">\n<div class=\"wp-block-button has-custom-width wp-block-button__width-100 has-custom-font-size has-medium-font-size\"><a class=\"wp-block-button__link has-white-color has-text-color has-background wp-element-button\" style=\"border-radius: 0px; background-color: #257f87;\" href=\"https:\/\/mboprinters.com\/de\/contact\">Mehr Informationen<\/a><\/div>\n<\/div>\n<div>\u00a0<\/div>\n<ul>\n<li>Lieferzeit: zwischen 2 und 12 Wochen<\/li>\n<\/ul>\n<div>\u00a0<\/div>\n<p><!-- \/wp:buttons --><\/p>\n","protected":false},"featured_media":2234,"comment_status":"closed","ping_status":"closed","template":"","meta":[],"product_brand":[],"product_cat":[86,70],"product_tag":[],"class_list":{"0":"post-3491","1":"product","2":"type-product","3":"status-publish","4":"has-post-thumbnail","6":"product_cat-uv-led-bigsize","7":"product_cat-printers","9":"first","10":"instock","11":"taxable","12":"shipping-taxable","13":"product-type-simple"},"translation":{"provider":"WPGlobus","version":"3.0.0","language":"de","enabled_languages":["es","en","de","fr"],"languages":{"es":{"title":true,"content":true,"excerpt":true},"en":{"title":false,"content":true,"excerpt":true},"de":{"title":false,"content":true,"excerpt":true},"fr":{"title":false,"content":true,"excerpt":true}}},"_links":{"self":[{"href":"https:\/\/mboprinters.com\/de\/wp-json\/wp\/v2\/product\/3491","targetHints":{"allow":["GET"]}}],"collection":[{"href":"https:\/\/mboprinters.com\/de\/wp-json\/wp\/v2\/product"}],"about":[{"href":"https:\/\/mboprinters.com\/de\/wp-json\/wp\/v2\/types\/product"}],"replies":[{"embeddable":true,"href":"https:\/\/mboprinters.com\/de\/wp-json\/wp\/v2\/comments?post=3491"}],"wp:featuredmedia":[{"embeddable":true,"href":"https:\/\/mboprinters.com\/de\/wp-json\/wp\/v2\/media\/2234"}],"wp:attachment":[{"href":"https:\/\/mboprinters.com\/de\/wp-json\/wp\/v2\/media?parent=3491"}],"wp:term":[{"taxonomy":"product_brand","embeddable":true,"href":"https:\/\/mboprinters.com\/de\/wp-json\/wp\/v2\/product_brand?post=3491"},{"taxonomy":"product_cat","embeddable":true,"href":"https:\/\/mboprinters.com\/de\/wp-json\/wp\/v2\/product_cat?post=3491"},{"taxonomy":"product_tag","embeddable":true,"href":"https:\/\/mboprinters.com\/de\/wp-json\/wp\/v2\/product_tag?post=3491"}],"curies":[{"name":"wp","href":"https:\/\/api.w.org\/{rel}","templated":true}]}}