{"id":3932,"date":"2025-06-19T05:25:03","date_gmt":"2025-06-19T05:25:03","guid":{"rendered":"https:\/\/mboprinters.com\/?post_type=product&#038;p=3932"},"modified":"2026-05-07T07:31:28","modified_gmt":"2026-05-07T07:31:28","slug":"mbo-orion-20-dtf-a4","status":"publish","type":"product","link":"https:\/\/mboprinters.com\/de\/product\/mbo-orion-20-dtf-a4","title":{"rendered":"MBO Orion 20 DTF A4"},"content":{"rendered":"<p><\/p>\n<div class=\"wp-block-columns is-layout-flex wp-container-core-columns-is-layout-9d6595d7 wp-block-columns-is-layout-flex\">\n<div class=\"wp-block-column is-layout-flow wp-block-column-is-layout-flow\">\n<p>Der <strong>Orion 20<\/strong> ist ein kompakter, professioneller Desktop-DTF-Drucker, ideal f\u00fcr kleine R\u00e4ume und Textilveredelungsprojekte. Ausgestattet mit Epson-L805-Druckkopf, Wei\u00dftinten-Zirkulation, beheizter Ablage und nachf\u00fcllbarem Tintensystem liefert er au\u00dfergew\u00f6hnliche Qualit\u00e4t bei intuitiver Bedienung. Er enth\u00e4lt alles, was Sie ben\u00f6tigen, um vom ersten Tag an mit DTF zu drucken. Perfekt f\u00fcr Unternehmer und Werkst\u00e4tten, die Zuverl\u00e4ssigkeit und Pr\u00e4zision im A4-Format oder auf 20-cm-Rollen suchen.<\/p>\n<p><\/p><\/div>\n<p><\/p>\n<p><\/p>\n<div class=\"wp-block-column is-layout-flow wp-block-column-is-layout-flow\">\n<figure class=\"wp-block-image size-full\"><img decoding=\"async\" alt=\"\" class=\"wp-image-3920\" src=\"https:\/\/boprint.net\/wp-content\/uploads\/2025\/06\/impresora-dtf-ds1-20.png\"\/><\/figure>\n<p><\/p><\/div>\n<p><\/p><\/div>\n<p><\/p>\n<p><\/p>\n<div class=\"wp-block-columns is-layout-flex wp-container-core-columns-is-layout-9d6595d7 wp-block-columns-is-layout-flex\">\n<div class=\"wp-block-column is-layout-flow wp-block-column-is-layout-flow\">\n<figure class=\"wp-block-image size-full\"><img decoding=\"async\" alt=\"\" class=\"wp-image-3921\" src=\"https:\/\/boprint.net\/wp-content\/uploads\/2025\/06\/impresora-dtf-ds1-20-cm-b.png\"\/><\/figure>\n<p><\/p><\/div>\n<p><\/p>\n<p><\/p>\n<div class=\"wp-block-column is-layout-flow wp-block-column-is-layout-flow\">\n<h3 class=\"wp-block-heading\">Funktionen und betriebliche Verbesserungen<\/h3>\n<p><\/p>\n<p><\/p>\n<ul class=\"wp-block-list\">\n<li><strong>Digitales Display<\/strong>: Anzeige der Ablagetemperatur und Umgebungsbedingungen<\/li>\n<p><\/p>\n<p><\/p>\n<li><strong>Wei\u00dftinten-Zirkulation<\/strong>: ja (Zirkulationssystem mit R\u00fchrwerk und Filtern)<\/li>\n<p><\/p>\n<p><\/p>\n<li><strong>Flache beheizte Ausgabeschale<\/strong>: verhindert Reibung und verbessert die Fixierung<\/li>\n<p><\/p>\n<p><\/p>\n<li><strong>Tintensystem<\/strong>: nachf\u00fcllbare Tanks + optimiertes Tintenmanagement<\/li>\n<p><\/p>\n<p><\/p>\n<li><strong>Oberes Sichtfenster mit Innenbeleuchtung<\/strong>: erm\u00f6glicht visuelle \u00dcberwachung in Echtzeit<\/li>\n<p><\/p>\n<p><\/p>\n<li><strong>Integrierter manueller Schneider<\/strong>: garantiert gerade Schnittlinie<\/li>\n<p><\/p><\/ul>\n<p><\/p><\/div>\n<p><\/p><\/div>\n<p><\/p>\n<p><\/p>\n<div class=\"wp-block-columns is-layout-flex wp-container-core-columns-is-layout-9d6595d7 wp-block-columns-is-layout-flex\">\n<div class=\"wp-block-column is-layout-flow wp-block-column-is-layout-flow\">\n<h3 class=\"wp-block-heading\">Allgemeine Spezifikationen<\/h3>\n<p><\/p>\n<p><\/p>\n<ul class=\"wp-block-list\">\n<li><strong>Druckbreite<\/strong>: bis 20 cm (Papier bis 21 cm)<\/li>\n<p><\/p>\n<p><\/p>\n<li><strong>Unterst\u00fctztes Format<\/strong>: DIN-A4-B\u00f6gen und Rollen (mit Rollenhalter mit Doppelfunktion)<\/li>\n<p><\/p>\n<p><\/p>\n<li><strong>Druckkopf<\/strong>: Epson L805, CMYK + WW, 1 Druckkopf<\/li>\n<p><\/p>\n<p><\/p>\n<li><strong>Hauptplatine<\/strong>: original Epson (umgebaut)<\/li>\n<p><\/p>\n<p><\/p>\n<li><strong>Aufl\u00f6sung<\/strong>: bis 1440\u00d71440 dpi<\/li>\n<p><\/p>\n<p><\/p>\n<li><strong>Druckgeschwindigkeit<\/strong>: bis zu 3,6 Laufmeter pro Stunde<\/li>\n<p><\/p>\n<p><\/p>\n<li><strong>Konnektivit\u00e4t<\/strong>: USB 2.0<\/li>\n<p><\/p>\n<p><\/p>\n<li><strong>Enthaltene Software<\/strong>: InkOne RIP (auf USB zusammen mit Treiber und ICC)<\/li>\n<p><\/p>\n<p><\/p>\n<li><strong>Betriebssystem-Kompatibilit\u00e4t<\/strong>: Windows 10 \/ 11<\/li>\n<p><\/p>\n<p><\/p>\n<li><strong>Tintentechnologie<\/strong>: wasserbasiertes Pigment<\/li>\n<p><\/p>\n<p><\/p>\n<li><strong>Ungef\u00e4hrer Verbrauch<\/strong>: 5 ml\/m\u00b2<\/li>\n<p><\/p><\/ul>\n<p><\/p><\/div>\n<p><\/p>\n<p><\/p>\n<div class=\"wp-block-column is-layout-flow wp-block-column-is-layout-flow\">\n<figure class=\"wp-block-image size-full\"><img decoding=\"async\" alt=\"\" class=\"wp-image-3919\" src=\"https:\/\/boprint.net\/wp-content\/uploads\/2025\/06\/pack-impresora-dtf-ds1-20-cm-equipo-completo-horno.jpg\"\/><\/figure>\n<p><\/p><\/div>\n<p><\/p><\/div>\n<p><\/p>\n<p><\/p>\n<div class=\"wp-block-group\"><div class=\"wp-block-group__inner-container is-layout-constrained wp-block-group-is-layout-constrained\">\n<div aria-hidden=\"true\" class=\"wp-block-spacer\" style=\"height:2em\"><\/div>\n<p><\/p>\n<p><\/p>\n<div class=\"wp-block-buttons is-content-justification-center is-layout-flex wp-container-core-buttons-is-layout-16018d1d wp-block-buttons-is-layout-flex\">\n<div class=\"wp-block-button\"><a class=\"wp-block-button__link has-white-color has-vivid-cyan-blue-background-color has-text-color has-background has-link-color has-medium-font-size has-custom-font-size wp-element-button\" href=\"https:\/\/mboprinters.com\/de\/contact\" style=\"border-radius:4px\"><strong>Jetzt eine Demo anfordern<\/strong><\/a><\/div>\n<p><\/p><\/div>\n<p><\/p>\n<p><\/p>\n<div aria-hidden=\"true\" class=\"wp-block-spacer\" style=\"height:2em\"><\/div>\n<p><\/p><\/div><\/div>\n<p><\/p>\n<p><\/p>\n<div class=\"wp-block-columns is-layout-flex wp-container-core-columns-is-layout-9d6595d7 wp-block-columns-is-layout-flex\">\n<div class=\"wp-block-column is-layout-flow wp-block-column-is-layout-flow\">\n<figure class=\"wp-block-image size-full\"><img decoding=\"async\" alt=\"\" class=\"wp-image-3944\" src=\"https:\/\/boprint.net\/wp-content\/uploads\/2025\/06\/pack-impresora-dtf-20-cm-equipo-completo-horno.jpg\"\/><\/figure>\n<p><\/p><\/div>\n<p><\/p>\n<p><\/p>\n<div class=\"wp-block-column is-layout-flow wp-block-column-is-layout-flow\">\n<h3 class=\"wp-block-heading\">Wichtigste Vorteile<\/h3>\n<p><\/p>\n<p><\/p>\n<p>Der kompakteste DTF-Drucker mit professionellen Funktionen<\/p>\n<p><\/p>\n<p><\/p>\n<p>Ideal f\u00fcr den unkomplizierten Start eines Personalisierungsgesch\u00e4fts<\/p>\n<p><\/p>\n<p><\/p>\n<p>Intuitives, elegantes und wartungsfreundliches Design<\/p>\n<p><\/p>\n<p><\/p>\n<h3 class=\"wp-block-heading\">Erfordert einen Aush\u00e4rteofen<\/h3>\n<p><\/p>\n<p><\/p>\n<p>Der bedruckte Film muss vor dem Aufbringen auf ein Kleidungsst\u00fcck in einem DTF-Ofen ausgeh\u00e4rtet werden. Das enthaltene RIP erm\u00f6glicht eine korrekte Verwaltung von Farbe und Wei\u00dfschicht.<\/p>\n<p><\/p><\/div>\n<p><\/p><\/div>\n<p><\/p>\n<p><\/p>\n<div class=\"wp-block-columns is-layout-flex wp-container-core-columns-is-layout-9d6595d7 wp-block-columns-is-layout-flex\">\n<div class=\"wp-block-column is-layout-flow wp-block-column-is-layout-flow\">\n<h3 class=\"wp-block-heading\">Enthaltenes Zubeh\u00f6r<\/h3>\n<p><\/p>\n<p><\/p>\n<ul class=\"wp-block-list\">\n<li>Komplette RIP-Software + Treiber + ICC auf USB<\/li>\n<p><\/p>\n<p><\/p>\n<li>Beheizte Ablage<\/li>\n<p><\/p>\n<p><\/p>\n<li>Rollenhalter<\/li>\n<p><\/p>\n<p><\/p>\n<li>30 staubfreie T\u00fccher<\/li>\n<p><\/p>\n<p><\/p>\n<li>10 Wattest\u00e4bchen<\/li>\n<p><\/p>\n<p><\/p>\n<li>10 Einweghandschuhe<\/li>\n<p><\/p>\n<p><\/p>\n<li>1 m Tintenschlauch<\/li>\n<p><\/p>\n<p><\/p>\n<li>2 Tintenbeutel, 2 Spritzen, Nadeln und Nadelschl\u00e4uche<\/li>\n<p><\/p>\n<p><\/p>\n<li>Datenkabel + Netzkabel<\/li>\n<p><\/p>\n<p><\/p>\n<li>Flasche und Tank f\u00fcr Resttinte<\/li>\n<p><\/p>\n<p><\/p>\n<li>Pulver-R\u00fcttelschale<\/li>\n<p><\/p><\/ul>\n<p><\/p><\/div>\n<p><\/p>\n<p><\/p>\n<div class=\"wp-block-column is-layout-flow wp-block-column-is-layout-flow\">\n<figure class=\"wp-block-gallery has-nested-images columns-default is-cropped wp-block-gallery-1 is-layout-flex wp-block-gallery-is-layout-flex\">\n<figure class=\"wp-block-image size-large\"><img decoding=\"async\" data-id=\"3926\" alt=\"\" class=\"wp-image-3926\" src=\"https:\/\/boprint.net\/wp-content\/uploads\/2025\/06\/impresora-dtf-ds1-20-cmg.jpg\"\/><\/figure>\n<p><\/p>\n<p><\/p>\n<figure class=\"wp-block-image size-large\"><img decoding=\"async\" data-id=\"3925\" alt=\"\" class=\"wp-image-3925\" src=\"https:\/\/boprint.net\/wp-content\/uploads\/2025\/06\/impresora-dtf-ds1-20-cmf.jpg\"\/><\/figure>\n<p><\/p>\n<p><\/p>\n<figure class=\"wp-block-image size-large\"><img decoding=\"async\" data-id=\"3924\" alt=\"\" class=\"wp-image-3924\" src=\"https:\/\/boprint.net\/wp-content\/uploads\/2025\/06\/impresora-dtf-ds1-20-cme.jpg\"\/><\/figure>\n<p><\/p><\/figure>\n<p><\/p><\/div>\n<p><\/p><\/div>\n<p><\/p>\n<p><\/p>\n<div class=\"wp-block-group\"><div class=\"wp-block-group__inner-container is-layout-constrained wp-block-group-is-layout-constrained\">\n<div aria-hidden=\"true\" class=\"wp-block-spacer\" style=\"height:2em\"><\/div>\n<p><\/p>\n<p><\/p>\n<div class=\"wp-block-buttons is-content-justification-center is-layout-flex wp-container-core-buttons-is-layout-16018d1d wp-block-buttons-is-layout-flex\">\n<div class=\"wp-block-button\"><a class=\"wp-block-button__link has-white-color has-vivid-cyan-blue-background-color has-text-color has-background has-link-color has-medium-font-size has-custom-font-size wp-element-button\" href=\"https:\/\/mboprinters.com\/de\/contact\" style=\"border-radius:4px\"><strong>Individuelle Muster<\/strong><\/a><\/div>\n<p><\/p><\/div>\n<p><\/p>\n<p><\/p>\n<div aria-hidden=\"true\" class=\"wp-block-spacer\" style=\"height:2em\"><\/div>\n<p><\/p><\/div><\/div>\n<p><\/p>\n<p><\/p>\n<div class=\"wp-block-columns is-layout-flex wp-container-core-columns-is-layout-9d6595d7 wp-block-columns-is-layout-flex\">\n<div class=\"wp-block-column is-layout-flow wp-block-column-is-layout-flow\">\n<figure class=\"wp-block-image size-full\"><img decoding=\"async\" alt=\"\" class=\"wp-image-3923\" src=\"https:\/\/boprint.net\/wp-content\/uploads\/2025\/06\/impresora-dtf-ds1-20-cmc.jpg\"\/><\/figure>\n<p><\/p><\/div>\n<p><\/p>\n<p><\/p>\n<div class=\"wp-block-column is-layout-flow wp-block-column-is-layout-flow\">\n<h3 class=\"wp-block-heading\">Abmessungen und Gewicht<\/h3>\n<p><\/p>\n<p><\/p>\n<ul class=\"wp-block-list\">\n<li>Drucker: 58 \u00d7 20 \u00d7 55 cm<\/li>\n<p><\/p>\n<p><\/p>\n<li>Verpackung: 82 \u00d7 36 \u00d7 31 cm<\/li>\n<p><\/p>\n<p><\/p>\n<li>Nettogewicht: 11 kg<\/li>\n<p><\/p>\n<p><\/p>\n<li>Bruttogewicht: 21 kg<\/li>\n<p><\/p><\/ul>\n<p><\/p>\n<p><\/p>\n<h3 class=\"wp-block-heading\">Garantie und Support<\/h3>\n<p><\/p>\n<p><\/p>\n<ul class=\"wp-block-list\">\n<li>12 Monate Garantie (ausgenommen Teile mit Tintenkontakt)<\/li>\n<p><\/p>\n<p><\/p>\n<li>Spezialisierter technischer Support und garantierte Ersatzteile<\/li>\n<p><\/p><\/ul>\n<p><\/p><\/div>\n<p><\/p><\/div>\n<p><\/p>\n<p><\/p>\n<h2 class=\"wp-block-heading has-text-align-center\"><em>Die Orion 20 ist klein im Format, aber gro\u00df in der Leistung. Perfekt f\u00fcr den ersten Schritt in die DTF-Welt.<\/em><\/h2>\n<p><\/p>","protected":false},"excerpt":{"rendered":"<p>Kompakter, professioneller DTF-Drucker mit Epson-Druckkopf, Wei\u00dftinten-Zirkulation und beheizter Ablage. Ideal f\u00fcr den Einstieg in die Textilveredelung mit hochwertigen Ergebnissen im A4-Format oder auf 20-cm-Rolle. Inklusive RIP-Software, Zubeh\u00f6r und technischem Support.<\/p>\n<p>\u00a0<\/p>\n<p><!-- wp:buttons {\"layout\":{\"type\":\"flex\",\"justifyContent\":\"left\"}} --><\/p>\n<div class=\"wp-block-buttons\"><!-- wp:button {\"backgroundColor\":\"vivid-cyan-blue\",\"textColor\":\"white\",\"style\":{\"elements\":{\"link\":{\"color\":{\"text\":\"var:preset|color|white\"}}},\"border\":{\"radius\":\"4px\"}},\"fontSize\":\"medium\"} --><\/p>\n<div class=\"wp-block-button\"><a class=\"wp-block-button__link has-white-color has-vivid-cyan-blue-background-color has-text-color has-background has-link-color has-medium-font-size has-custom-font-size wp-element-button\" href=\"https:\/\/mboprinters.com\/de\/contact\"><strong>Mehr Informationen<\/strong><\/a><\/div>\n<p><!-- \/wp:button --><\/div>\n<p><!-- \/wp:buttons --><\/p>\n","protected":false},"featured_media":3933,"comment_status":"closed","ping_status":"closed","template":"","meta":[],"product_brand":[],"product_cat":[87,78],"product_tag":[],"class_list":{"0":"post-3932","1":"product","2":"type-product","3":"status-publish","4":"has-post-thumbnail","6":"product_cat-dtf-printers","7":"product_cat-dtf-textil","9":"first","10":"instock","11":"taxable","12":"shipping-taxable","13":"product-type-simple"},"translation":{"provider":"WPGlobus","version":"3.0.0","language":"de","enabled_languages":["es","en","de","fr"],"languages":{"es":{"title":true,"content":true,"excerpt":true},"en":{"title":true,"content":true,"excerpt":true},"de":{"title":true,"content":true,"excerpt":true},"fr":{"title":true,"content":true,"excerpt":true}}},"_links":{"self":[{"href":"https:\/\/mboprinters.com\/de\/wp-json\/wp\/v2\/product\/3932","targetHints":{"allow":["GET"]}}],"collection":[{"href":"https:\/\/mboprinters.com\/de\/wp-json\/wp\/v2\/product"}],"about":[{"href":"https:\/\/mboprinters.com\/de\/wp-json\/wp\/v2\/types\/product"}],"replies":[{"embeddable":true,"href":"https:\/\/mboprinters.com\/de\/wp-json\/wp\/v2\/comments?post=3932"}],"wp:featuredmedia":[{"embeddable":true,"href":"https:\/\/mboprinters.com\/de\/wp-json\/wp\/v2\/media\/3933"}],"wp:attachment":[{"href":"https:\/\/mboprinters.com\/de\/wp-json\/wp\/v2\/media?parent=3932"}],"wp:term":[{"taxonomy":"product_brand","embeddable":true,"href":"https:\/\/mboprinters.com\/de\/wp-json\/wp\/v2\/product_brand?post=3932"},{"taxonomy":"product_cat","embeddable":true,"href":"https:\/\/mboprinters.com\/de\/wp-json\/wp\/v2\/product_cat?post=3932"},{"taxonomy":"product_tag","embeddable":true,"href":"https:\/\/mboprinters.com\/de\/wp-json\/wp\/v2\/product_tag?post=3932"}],"curies":[{"name":"wp","href":"https:\/\/api.w.org\/{rel}","templated":true}]}}