{"id":3984,"date":"2025-06-20T03:52:21","date_gmt":"2025-06-20T03:52:21","guid":{"rendered":"https:\/\/mboprinters.com\/?post_type=product&#038;p=3984"},"modified":"2026-05-07T07:30:54","modified_gmt":"2026-05-07T07:30:54","slug":"horno-dtf-a3-pro","status":"publish","type":"product","link":"https:\/\/mboprinters.com\/de\/product\/horno-dtf-a3-pro","title":{"rendered":"DTF A3 Pro Ofen \u2013 DTF-Trockenofen (A3+)"},"content":{"rendered":"\n<h3 class=\"wp-block-heading\"><strong>Kompakte L\u00f6sung zum Trocknen von DTF-Filmen in kleinen Formaten<\/strong><\/h3>\n\n\n<p>Der <strong>MBO A3 Pro Ofen<\/strong> ist zum Trocknen von DTF-Filmen bis zum Format A3+ ausgelegt. Dank seiner beheizten Basis liefert er gleichm\u00e4\u00dfige W\u00e4rme ohne Lampen. Das digitale Bedienfeld erm\u00f6glicht eine pr\u00e4zise Temperatur- und Zeitsteuerung. Au\u00dferdem ist ein Luftfilter in der Basis integriert, um eine sauberere Arbeitsumgebung zu gew\u00e4hrleisten.<\/p>\n\n\n<div class=\"wp-block-columns is-layout-flex wp-container-core-columns-is-layout-9d6595d7 wp-block-columns-is-layout-flex\">\n<div class=\"wp-block-column is-layout-flow wp-block-column-is-layout-flow\">\n<figure class=\"wp-block-image size-full\"><img decoding=\"async\" alt=\"\" class=\"wp-image-3980\" src=\"https:\/\/boprint.net\/wp-content\/uploads\/2025\/06\/pack-impresora-dtf-ds1-20-cm-equipo-completo-horno7.jpg\"\/><\/figure>\n<\/div>\n\n\n<div class=\"wp-block-column is-layout-flow wp-block-column-is-layout-flow\">\n<h3 class=\"wp-block-heading\">Hauptmerkmale<\/h3>\n\n\n<ul class=\"wp-block-list\">\n<li><strong>Nutzbare Aush\u00e4rtefl\u00e4che<\/strong>: 32,9 \u00d7 48,3 cm (A3+)<\/li>\n\n\n<li><strong>Gleichm\u00e4\u00dfige Erw\u00e4rmung von der Basis<\/strong> (ohne Lampen)<\/li>\n\n\n<li><strong>Heizrohr<\/strong>: verbessert die W\u00e4rmeverteilung<\/li>\n\n\n<li><strong>Digitales Bedienfeld<\/strong>: Zeit und Temperatur einstellbar<\/li>\n\n\n<li><strong>Unterer Reinigungsfilter<\/strong>: f\u00fcr eine sichere Arbeitsumgebung<\/li>\n\n\n<li><strong>Empfohlene Zeit<\/strong>: 100 s (einstellbar)<\/li>\n\n\n<li><strong>Ideal f\u00fcr Kleinserien oder erg\u00e4nzende Nutzung<\/strong><\/li>\n<\/ul>\n<\/div>\n<\/div>\n\n\n<div class=\"wp-block-columns is-layout-flex wp-container-core-columns-is-layout-9d6595d7 wp-block-columns-is-layout-flex\">\n<div class=\"wp-block-column is-layout-flow wp-block-column-is-layout-flow\">\n<h3 class=\"wp-block-heading\">Technische Daten<\/h3>\n\n\n<ul class=\"wp-block-list\">\n<li><strong>Maximale Filmgr\u00f6\u00dfe<\/strong>: 35 \u00d7 50 cm<\/li>\n\n\n<li><strong>Temperaturbereich<\/strong>: 0\u2013130 \u00b0C<\/li>\n\n\n<li><strong>Timer<\/strong>: 0\u2013999 Sek.<\/li>\n\n\n<li><strong>Spannung<\/strong>: 220 V<\/li>\n\n\n<li><strong>Abmessungen<\/strong>: 53 \u00d7 47 \u00d7 15 cm<\/li>\n\n\n<li><strong>Gewicht<\/strong>: 14 kg<\/li>\n<\/ul>\n<\/div>\n\n\n<div class=\"wp-block-column is-layout-flow wp-block-column-is-layout-flow\">\n<figure class=\"wp-block-image size-full\"><img decoding=\"async\" alt=\"\" class=\"wp-image-3981\" src=\"https:\/\/boprint.net\/wp-content\/uploads\/2025\/06\/pack-impresora-dtf-ds1-20-cm-equipo-completo-horno6.jpg\"\/><\/figure>\n<\/div>\n<\/div>\n\n\n<div aria-hidden=\"true\" class=\"wp-block-spacer\" style=\"height:32px\"><\/div>\n\n\n<div class=\"wp-block-buttons is-content-justification-center is-layout-flex wp-container-core-buttons-is-layout-16018d1d wp-block-buttons-is-layout-flex\">\n<div class=\"wp-block-button\"><a class=\"wp-block-button__link has-white-color has-vivid-cyan-blue-background-color has-text-color has-background has-link-color has-medium-font-size has-custom-font-size wp-element-button\" href=\"https:\/\/mboprinters.com\/de\/contact\" style=\"border-radius:4px\"><strong>Mehr Informationen<\/strong><\/a><\/div>\n<\/div>\n\n\n<div aria-hidden=\"true\" class=\"wp-block-spacer\" style=\"height:32px\"><\/div>\n\n\n<figure class=\"wp-block-gallery has-nested-images columns-4 is-cropped wp-block-gallery-1 is-layout-flex wp-block-gallery-is-layout-flex\">\n<figure class=\"wp-block-image size-large\"><img decoding=\"async\" data-id=\"3982\" alt=\"\" class=\"wp-image-3982\" src=\"https:\/\/boprint.net\/wp-content\/uploads\/2025\/06\/oven-dtf-h1-2.jpg\"\/><\/figure>\n\n\n<figure class=\"wp-block-image size-large\"><img decoding=\"async\" data-id=\"3983\" alt=\"\" class=\"wp-image-3983\" src=\"https:\/\/boprint.net\/wp-content\/uploads\/2025\/06\/horno-secado-dtf-filtro-inkone-ik-h1023.jpg\"\/><\/figure>\n\n\n<figure class=\"wp-block-image size-large\"><img decoding=\"async\" data-id=\"3985\" alt=\"\" class=\"wp-image-3985\" src=\"https:\/\/boprint.net\/wp-content\/uploads\/2025\/06\/horno-secado-dtf-filtro-inkone-ik-h1024.jpg\"\/><\/figure>\n\n\n<figure class=\"wp-block-image size-large\"><img decoding=\"async\" data-id=\"3984\" alt=\"\" class=\"wp-image-3984\" src=\"https:\/\/boprint.net\/wp-content\/uploads\/2025\/06\/horno-secado-dtf-filtro-inkone-ik-h1025.jpg\"\/><\/figure>\n<\/figure>\n\n\n<p><\/p>\n","protected":false},"excerpt":{"rendered":"<p><strong data-end=\"170\" data-start=\"99\">Kompakte L\u00f6sung zum Aush\u00e4rten von DTF-Filmen in kleinen Formaten<\/strong><br data-end=\"173\" data-start=\"170\"\/>Der MBO A3 Pro Ofen wurde f\u00fcr das effiziente Aush\u00e4rten von DTF-Filmen bis zum Format A3+ entwickelt. Seine beheizte Basis verteilt die W\u00e4rme gleichm\u00e4\u00dfig und macht Lampen \u00fcberfl\u00fcssig. Er verf\u00fcgt \u00fcber ein digitales Bedienfeld zur pr\u00e4zisen Einstellung von Temperatur und Zeit sowie \u00fcber ein in die Basis integriertes Luftfiltersystem, das zu einer saubereren und sichereren Arbeitsumgebung beitr\u00e4gt.<\/p>\n<p>\u00a0<\/p>\n<p><!-- wp:buttons --><\/p>\n<div class=\"wp-block-buttons\"><!-- wp:button {\"backgroundColor\":\"vivid-cyan-blue\",\"textColor\":\"white\",\"style\":{\"elements\":{\"link\":{\"color\":{\"text\":\"var:preset|color|white\"}}},\"border\":{\"radius\":\"4px\"}},\"fontSize\":\"medium\"} --><\/p>\n<div class=\"wp-block-button\"><a class=\"wp-block-button__link has-white-color has-vivid-cyan-blue-background-color has-text-color has-background has-link-color has-medium-font-size has-custom-font-size wp-element-button\" href=\"https:\/\/mboprinters.com\/de\/contact\"><strong>Mehr Informationen<\/strong><\/a><\/div>\n<p><!-- \/wp:button --><\/div>\n<p><!-- \/wp:buttons --><\/p>\n","protected":false},"featured_media":3985,"comment_status":"closed","ping_status":"closed","template":"","meta":[],"product_brand":[],"product_cat":[88,78],"product_tag":[],"class_list":{"0":"post-3984","1":"product","2":"type-product","3":"status-publish","4":"has-post-thumbnail","6":"product_cat-dtf-oven","7":"product_cat-dtf-textil","9":"first","10":"instock","11":"taxable","12":"shipping-taxable","13":"product-type-simple"},"translation":{"provider":"WPGlobus","version":"3.0.0","language":"de","enabled_languages":["es","en","de","fr"],"languages":{"es":{"title":true,"content":true,"excerpt":true},"en":{"title":true,"content":true,"excerpt":true},"de":{"title":true,"content":true,"excerpt":true},"fr":{"title":true,"content":true,"excerpt":true}}},"_links":{"self":[{"href":"https:\/\/mboprinters.com\/de\/wp-json\/wp\/v2\/product\/3984","targetHints":{"allow":["GET"]}}],"collection":[{"href":"https:\/\/mboprinters.com\/de\/wp-json\/wp\/v2\/product"}],"about":[{"href":"https:\/\/mboprinters.com\/de\/wp-json\/wp\/v2\/types\/product"}],"replies":[{"embeddable":true,"href":"https:\/\/mboprinters.com\/de\/wp-json\/wp\/v2\/comments?post=3984"}],"wp:featuredmedia":[{"embeddable":true,"href":"https:\/\/mboprinters.com\/de\/wp-json\/wp\/v2\/media\/3985"}],"wp:attachment":[{"href":"https:\/\/mboprinters.com\/de\/wp-json\/wp\/v2\/media?parent=3984"}],"wp:term":[{"taxonomy":"product_brand","embeddable":true,"href":"https:\/\/mboprinters.com\/de\/wp-json\/wp\/v2\/product_brand?post=3984"},{"taxonomy":"product_cat","embeddable":true,"href":"https:\/\/mboprinters.com\/de\/wp-json\/wp\/v2\/product_cat?post=3984"},{"taxonomy":"product_tag","embeddable":true,"href":"https:\/\/mboprinters.com\/de\/wp-json\/wp\/v2\/product_tag?post=3984"}],"curies":[{"name":"wp","href":"https:\/\/api.w.org\/{rel}","templated":true}]}}