{"id":3998,"date":"2025-06-20T04:04:05","date_gmt":"2025-06-20T04:04:05","guid":{"rendered":"https:\/\/mboprinters.com\/?post_type=product&#038;p=3998"},"modified":"2026-05-07T07:30:46","modified_gmt":"2026-05-07T07:30:46","slug":"horno-dtf-35-pro-horno-y-aplicador-automatico-dtf-35-cm","status":"publish","type":"product","link":"https:\/\/mboprinters.com\/de\/product\/horno-dtf-35-pro-horno-y-aplicador-automatico-dtf-35-cm","title":{"rendered":"DTF 35 Pro Ofen \u2013 Automatischer DTF-Ofen und Applikator (35 cm)"},"content":{"rendered":"<p><\/p>\n<h3 class=\"wp-block-heading\"><strong>Kompakte L\u00f6sung zum Trocknen von DTF-Filmen in kleinen Formaten<\/strong><\/h3>\n<p><\/p>\n<p><\/p>\n<p>Der <strong>MBO 35 Pro Ofen<\/strong> automatisiert den gesamten Prozess des Pulverauftrags und der Aush\u00e4rtung auf 35-cm-DTF-Filmen. Ausgestattet mit oberem Polyamidfach, automatischer Folienaufnahme sowie HEPA- und Aktivkohlefiltern. Sein kompaktes Design macht ihn zur idealen L\u00f6sung f\u00fcr mittelgro\u00dfe R\u00e4ume, die unkomplizierte Leistung suchen.<\/p>\n<p><\/p>\n<p><\/p>\n<div class=\"wp-block-columns is-layout-flex wp-container-core-columns-is-layout-9d6595d7 wp-block-columns-is-layout-flex\">\n<div class=\"wp-block-column is-layout-flow wp-block-column-is-layout-flow\">\n<figure class=\"wp-block-image size-full\"><img decoding=\"async\" alt=\"\" class=\"wp-image-3991\" src=\"https:\/\/boprint.net\/wp-content\/uploads\/2025\/06\/pack-impresora-dtf-dm4-completo-horno-aplicador11.jpg\"\/><\/figure>\n<p><\/p><\/div>\n<p><\/p>\n<p><\/p>\n<div class=\"wp-block-column is-layout-flow wp-block-column-is-layout-flow\">\n<h3 class=\"wp-block-heading\">Hauptmerkmale<\/h3>\n<p><\/p>\n<p><\/p>\n<ul class=\"wp-block-list\">\n<li><strong>Maximale Folienbreite<\/strong>: 35 cm<\/li>\n<p><\/p>\n<p><\/p>\n<li><strong>Vollst\u00e4ndige digitale Steuerung<\/strong>: Temperatur, Geschwindigkeit und Auftrag<\/li>\n<p><\/p>\n<p><\/p>\n<li><strong>Pulverbef\u00fcllung von oben<\/strong>: bequem und sicher (alle 1,5\u20133 Stunden)<\/li>\n<p><\/p>\n<p><\/p>\n<li><strong>Automatische Folienaufnahme<\/strong>: Ventilatoren und Aufwickler enthalten<\/li>\n<p><\/p>\n<p><\/p>\n<li><strong>Recyclingschublade<\/strong>: sammelt und trennt \u00fcbersch\u00fcssiges Pulver<\/li>\n<p><\/p>\n<p><\/p>\n<li><strong>HEPA- + Kohlefilter<\/strong>: sorgen f\u00fcr eine saubere, gasfreie Umgebung<\/li>\n<p><\/p>\n<p><\/p>\n<li><strong>Einwegfilter<\/strong>: wartungsfrei, Austausch bei S\u00e4ttigung<\/li>\n<p><\/p>\n<p><\/p>\n<li><strong>Einfach zu bedienen und zu warten<\/strong><\/li>\n<p><\/p><\/ul>\n<p><\/p>\n<p><\/p>\n<h3 class=\"wp-block-heading\">Vorteile<\/h3>\n<p><\/p>\n<p><\/p>\n<ul class=\"wp-block-list\">\n<li>Automatisiert den gesamten Auftrags- und Aush\u00e4rteprozess<\/li>\n<p><\/p>\n<p><\/p>\n<li>Reduziert Ausfallzeiten und Fehler<\/li>\n<p><\/p>\n<p><\/p>\n<li>Bringt Konstanz und Sauberkeit in die Produktion<\/li>\n<p><\/p><\/ul>\n<p><\/p><\/div>\n<p><\/p><\/div>\n<p><\/p>\n<p><\/p>\n<div class=\"wp-block-columns is-layout-flex wp-container-core-columns-is-layout-9d6595d7 wp-block-columns-is-layout-flex\">\n<div class=\"wp-block-column is-layout-flow wp-block-column-is-layout-flow\">\n<h3 class=\"wp-block-heading\">Technische Daten<\/h3>\n<p><\/p>\n<p><\/p>\n<ul class=\"wp-block-list\">\n<li><strong>Maximale Folienbreite<\/strong>: 35 cm<\/li>\n<p><\/p>\n<p><\/p>\n<li><strong>Pulverf\u00fcllkasten<\/strong>: ja<\/li>\n<p><\/p>\n<p><\/p>\n<li><strong>F\u00fcllh\u00e4ufigkeit<\/strong>: alle 1,5\u20133 Stunden<\/li>\n<p><\/p>\n<p><\/p>\n<li><strong>Recyclingschublade<\/strong>: ja<\/li>\n<p><\/p>\n<p><\/p>\n<li><strong>Automatisches Recycling<\/strong>: nein<\/li>\n<p><\/p>\n<p><\/p>\n<li><strong>Spannung<\/strong>: 220 V<\/li>\n<p><\/p>\n<p><\/p>\n<li><strong>Abmessungen<\/strong>: 62 \u00d7 87 \u00d7 95 cm<\/li>\n<p><\/p>\n<p><\/p>\n<li><strong>Verpackung<\/strong>: 82 \u00d7 63 \u00d7 76 cm<\/li>\n<p><\/p>\n<p><\/p>\n<li><strong>Nettogewicht<\/strong>: 45 kg \/ <strong>Bruttogewicht<\/strong>: 58 kg<\/li>\n<p><\/p><\/ul>\n<p><\/p><\/div>\n<p><\/p>\n<p><\/p>\n<div class=\"wp-block-column is-layout-flow wp-block-column-is-layout-flow\">\n<figure class=\"wp-block-image size-full\"><img decoding=\"async\" alt=\"\" class=\"wp-image-3992\" src=\"https:\/\/boprint.net\/wp-content\/uploads\/2025\/06\/horno-aplicador-automatico-dtf-sm3-35-cm1.jpg\"\/><\/figure>\n<p><\/p><\/div>\n<p><\/p><\/div>\n<p><\/p>\n<p><\/p>\n<div class=\"wp-block-columns is-layout-flex wp-container-core-columns-is-layout-9d6595d7 wp-block-columns-is-layout-flex\">\n<div class=\"wp-block-column is-layout-flow wp-block-column-is-layout-flow\">\n<figure class=\"wp-block-image size-full\"><img decoding=\"async\" alt=\"\" class=\"wp-image-3993\" src=\"https:\/\/boprint.net\/wp-content\/uploads\/2025\/06\/pack-impresora-dtf-inkone-dm3-full-equipment-shaker9.jpg\"\/><\/figure>\n<p><\/p><\/div>\n<p><\/p>\n<p><\/p>\n<div class=\"wp-block-column is-layout-flow wp-block-column-is-layout-flow\">\n<h3 class=\"wp-block-heading\">Enth\u00e4lt<\/h3>\n<p><\/p>\n<p><\/p>\n<ul class=\"wp-block-list\">\n<li>Bel\u00fcftungssystem<\/li>\n<p><\/p>\n<p><\/p>\n<li>Papierzuf\u00fchrvorrichtung<\/li>\n<p><\/p>\n<p><\/p>\n<li>2 Lampen<\/li>\n<p><\/p>\n<p><\/p>\n<li>Pulverblocker<\/li>\n<p><\/p>\n<p><\/p>\n<li>2 Aluminiumst\u00e4be (59 cm)<\/li>\n<p><\/p>\n<p><\/p>\n<li>Netzkabel<\/li>\n<p><\/p>\n<p><\/p>\n<li>Papierrohr (38 cm)<\/li>\n<p><\/p>\n<p><\/p>\n<li>Schrauben und Inbusschl\u00fcssel<\/li>\n<p><\/p><\/ul>\n<p><\/p><\/div>\n<p><\/p><\/div>\n<p><\/p>\n<p><\/p>\n<div aria-hidden=\"true\" class=\"wp-block-spacer\" style=\"height:32px\"><\/div>\n<p><\/p>\n<p><\/p>\n<div class=\"wp-block-buttons is-content-justification-center is-layout-flex wp-container-core-buttons-is-layout-16018d1d wp-block-buttons-is-layout-flex\">\n<div class=\"wp-block-button\"><a class=\"wp-block-button__link has-white-color has-vivid-cyan-blue-background-color has-text-color has-background has-link-color has-medium-font-size has-custom-font-size wp-element-button\" href=\"https:\/\/mboprinters.com\/de\/contact\" style=\"border-radius:4px\"><strong>Mehr Informationen<\/strong><\/a><\/div>\n<p><\/p><\/div>\n<p><\/p>\n<p><\/p>\n<div aria-hidden=\"true\" class=\"wp-block-spacer\" style=\"height:32px\"><\/div>\n<p><\/p>\n<p><\/p>\n<figure class=\"wp-block-gallery has-nested-images columns-4 is-cropped wp-block-gallery-1 is-layout-flex wp-block-gallery-is-layout-flex\">\n<figure class=\"wp-block-image size-large\"><img decoding=\"async\" data-id=\"3994\" alt=\"\" class=\"wp-image-3994\" src=\"https:\/\/boprint.net\/wp-content\/uploads\/2025\/06\/horno-aplicador-automatico-dtf-sm3-35-cm2.jpg\"\/><\/figure>\n<p><\/p>\n<p><\/p>\n<figure class=\"wp-block-image size-full\"><img decoding=\"async\" data-id=\"4011\" alt=\"\" class=\"wp-image-4011\" src=\"https:\/\/boprint.net\/wp-content\/uploads\/2025\/06\/horno-aplicador-automatico-dtf-inkone-sm3-35-cm6.jpg\"\/><\/figure>\n<p><\/p>\n<p><\/p>\n<figure class=\"wp-block-image size-large\"><img decoding=\"async\" data-id=\"3996\" alt=\"\" class=\"wp-image-3996\" src=\"https:\/\/boprint.net\/wp-content\/uploads\/2025\/06\/pack-impresora-dtf-inkone-dm3-full-equipment-shaker8.jpg\"\/><\/figure>\n<p><\/p><\/figure>\n<p><\/p>\n<p><\/p>\n<p><\/p>","protected":false},"excerpt":{"rendered":"<p><strong>DTF 35 Pro Ofen \u2013 Automatischer DTF-Applikator und Aush\u00e4rter (35 cm)<\/strong> Kompaktes professionelles Ger\u00e4t zur Automatisierung des Pulverauftrags und der Aush\u00e4rtung von DTF-Filmen bis 35 cm. Mit digitaler Steuerung, automatischer Folienaufnahme sowie HEPA- und Aktivkohlefiltern f\u00fcr eine saubere, konstante und unkomplizierte Produktion. Ideal f\u00fcr Werkst\u00e4tten mit mittlerem Platzangebot, die professionelle Leistung suchen. \u00a0<\/p>\n<p><!-- wp:buttons {\"layout\":{\"type\":\"flex\",\"justifyContent\":\"left\"}} --><\/p>\n<div class=\"wp-block-buttons\"><!-- wp:button {\"backgroundColor\":\"vivid-cyan-blue\",\"textColor\":\"white\",\"style\":{\"elements\":{\"link\":{\"color\":{\"text\":\"var:preset|color|white\"}}},\"border\":{\"radius\":\"4px\"}},\"fontSize\":\"medium\"} --><\/p>\n<div class=\"wp-block-button\"><a class=\"wp-block-button__link has-white-color has-vivid-cyan-blue-background-color has-text-color has-background has-link-color has-medium-font-size has-custom-font-size wp-element-button\" href=\"https:\/\/mboprinters.com\/de\/contact\"><strong>Mehr Informationen<\/strong><\/a><\/div>\n<p><!-- \/wp:button --><\/div>\n<p><!-- \/wp:buttons --><\/p>\n","protected":false},"featured_media":3999,"comment_status":"closed","ping_status":"closed","template":"","meta":[],"product_brand":[],"product_cat":[88,78],"product_tag":[],"class_list":{"0":"post-3998","1":"product","2":"type-product","3":"status-publish","4":"has-post-thumbnail","6":"product_cat-dtf-oven","7":"product_cat-dtf-textil","9":"first","10":"instock","11":"taxable","12":"shipping-taxable","13":"product-type-simple"},"translation":{"provider":"WPGlobus","version":"3.0.0","language":"de","enabled_languages":["es","en","de","fr"],"languages":{"es":{"title":true,"content":true,"excerpt":true},"en":{"title":true,"content":true,"excerpt":true},"de":{"title":true,"content":true,"excerpt":true},"fr":{"title":true,"content":true,"excerpt":true}}},"_links":{"self":[{"href":"https:\/\/mboprinters.com\/de\/wp-json\/wp\/v2\/product\/3998","targetHints":{"allow":["GET"]}}],"collection":[{"href":"https:\/\/mboprinters.com\/de\/wp-json\/wp\/v2\/product"}],"about":[{"href":"https:\/\/mboprinters.com\/de\/wp-json\/wp\/v2\/types\/product"}],"replies":[{"embeddable":true,"href":"https:\/\/mboprinters.com\/de\/wp-json\/wp\/v2\/comments?post=3998"}],"wp:featuredmedia":[{"embeddable":true,"href":"https:\/\/mboprinters.com\/de\/wp-json\/wp\/v2\/media\/3999"}],"wp:attachment":[{"href":"https:\/\/mboprinters.com\/de\/wp-json\/wp\/v2\/media?parent=3998"}],"wp:term":[{"taxonomy":"product_brand","embeddable":true,"href":"https:\/\/mboprinters.com\/de\/wp-json\/wp\/v2\/product_brand?post=3998"},{"taxonomy":"product_cat","embeddable":true,"href":"https:\/\/mboprinters.com\/de\/wp-json\/wp\/v2\/product_cat?post=3998"},{"taxonomy":"product_tag","embeddable":true,"href":"https:\/\/mboprinters.com\/de\/wp-json\/wp\/v2\/product_tag?post=3998"}],"curies":[{"name":"wp","href":"https:\/\/api.w.org\/{rel}","templated":true}]}}