{"id":4012,"date":"2025-06-20T04:19:45","date_gmt":"2025-06-20T04:19:45","guid":{"rendered":"https:\/\/mboprinters.com\/?post_type=product&#038;p=4012"},"modified":"2026-05-07T07:30:34","modified_gmt":"2026-05-07T07:30:34","slug":"horno-dtf-60-pro-horno-y-aplicador-automatico-dtf-60-cm","status":"publish","type":"product","link":"https:\/\/mboprinters.com\/de\/product\/horno-dtf-60-pro-horno-y-aplicador-automatico-dtf-60-cm","title":{"rendered":"DTF 60 Pro Ofen \u2013 Automatischer DTF-Ofen und Applikator (60 cm)"},"content":{"rendered":"<p><\/p>\n<h3 class=\"wp-block-heading\"><strong>Professionelles Aush\u00e4rte- und Auftragssystem f\u00fcr die Gro\u00dfserienproduktion<\/strong><\/h3>\n<p><\/p>\n<p><\/p>\n<p>Der <strong>MBO 60 Pro Ofen<\/strong> ist eine einzige Maschine, die den gesamten Prozess des Polyamid-Pulverauftrags und der Aush\u00e4rtung der auf DTF-Filme gedruckten Bilder automatisiert. Kompatibel mit jedem 60-cm-Drucker ist er Teil eines kontinuierlichen Produktionssystems f\u00fcr hochwertige Transfers. Er verf\u00fcgt \u00fcber pr\u00e4zise digitale Steuerung, automatische R\u00fcckf\u00fchrung von \u00fcbersch\u00fcssigem Pulver und automatische Folienaufnahme und sorgt so f\u00fcr eine sauberere, schnellere und effizientere Produktion.<\/p>\n<p><\/p>\n<p><\/p>\n<div class=\"wp-block-columns is-layout-flex wp-container-core-columns-is-layout-9d6595d7 wp-block-columns-is-layout-flex\">\n<div class=\"wp-block-column is-layout-flow wp-block-column-is-layout-flow\">\n<figure class=\"wp-block-image size-full\"><img decoding=\"async\" alt=\"\" class=\"wp-image-4002\" src=\"https:\/\/boprint.net\/wp-content\/uploads\/2025\/06\/pack-impresora-dtf-dx7-60-cm-equipo-completo10.jpg\"\/><\/figure>\n<p><\/p><\/div>\n<p><\/p>\n<p><\/p>\n<div class=\"wp-block-column is-layout-flow wp-block-column-is-layout-flow\">\n<h3 class=\"wp-block-heading\">Hauptmerkmale<\/h3>\n<p><\/p>\n<p><\/p>\n<ul class=\"wp-block-list\">\n<li><strong>Maximale Folienbreite<\/strong>: Rollen bis 60 cm<\/li>\n<p><\/p>\n<p><\/p>\n<li><strong>Digitale Steuerung<\/strong>: regelt Ofentemperatur, Pulverauftrag und F\u00f6rdergeschwindigkeit<\/li>\n<p><\/p>\n<p><\/p>\n<li><strong>Einfach zu bedienen<\/strong>: intuitive Bedienung mit minimaler Schulung<\/li>\n<p><\/p>\n<p><\/p>\n<li><strong>Oberes Polyamidfach<\/strong>: bequemes Nachf\u00fcllen alle 4\u20135 Stunden<\/li>\n<p><\/p>\n<p><\/p>\n<li><strong>Automatisches Pulverrecycling<\/strong>: sammelt \u00fcbersch\u00fcssiges Pulver und verwendet es wieder<\/li>\n<p><\/p>\n<p><\/p>\n<li><strong>F\u00f6rderband mit Luftansaugung<\/strong>: erleichtert das Laden ohne Verrutschen<\/li>\n<p><\/p>\n<p><\/p>\n<li><strong>Vordere Vorheizplatte<\/strong>: reduziert Feuchtigkeit und stabilisiert die Tinte<\/li>\n<p><\/p>\n<p><\/p>\n<li><strong>L-f\u00f6rmige Heizelemente<\/strong>: bilden einen effizienten Aush\u00e4rtetunnel mit unabh\u00e4ngiger Steuerung<\/li>\n<p><\/p>\n<p><\/p>\n<li><strong>Automatisches Folienaufnahmesystem<\/strong>: K\u00fchlventilatoren und Aufwickelspule<\/li>\n<p><\/p>\n<p><\/p>\n<li><strong>Perfekt f\u00fcr intensive Produktion<\/strong>: macht separaten Ofen und Applikator \u00fcberfl\u00fcssig<\/li>\n<p><\/p><\/ul>\n<p><\/p><\/div>\n<p><\/p><\/div>\n<p><\/p>\n<p><\/p>\n<div class=\"wp-block-columns is-layout-flex wp-container-core-columns-is-layout-9d6595d7 wp-block-columns-is-layout-flex\">\n<div class=\"wp-block-column is-layout-flow wp-block-column-is-layout-flow\">\n<h3 class=\"wp-block-heading\">Technische Daten<\/h3>\n<p><\/p>\n<p><\/p>\n<ul class=\"wp-block-list\">\n<li><strong>Maximale Folienbreite<\/strong>: 60 cm<\/li>\n<p><\/p>\n<p><\/p>\n<li><strong>Pulverkapazit\u00e4t<\/strong>: 2\u20133 kg<\/li>\n<p><\/p>\n<p><\/p>\n<li><strong>F\u00fcllkasten<\/strong>: ja<\/li>\n<p><\/p>\n<p><\/p>\n<li><strong>F\u00fcllh\u00e4ufigkeit<\/strong>: alle 4\u20135 Stunden<\/li>\n<p><\/p>\n<p><\/p>\n<li><strong>Pulverrecycling<\/strong>: automatisch<\/li>\n<p><\/p>\n<p><\/p>\n<li><strong>Spannung<\/strong>: 220 V<\/li>\n<p><\/p>\n<p><\/p>\n<li><strong>Nennstrom<\/strong>: 24 A<\/li>\n<p><\/p>\n<p><\/p>\n<li><strong>Nennleistung<\/strong>: 5,2 kW<\/li>\n<p><\/p>\n<p><\/p>\n<li><strong>Verbrauch<\/strong>: 3\u20135,2 kW<\/li>\n<p><\/p>\n<p><\/p>\n<li><strong>Abmessungen<\/strong>: 96 \u00d7 105 \u00d7 160 cm<\/li>\n<p><\/p>\n<p><\/p>\n<li><strong>Verpackung<\/strong>: 142 \u00d7 112 \u00d7 111,3 cm<\/li>\n<p><\/p>\n<p><\/p>\n<li><strong>Nettogewicht<\/strong>: 190 kg \/ <strong>Bruttogewicht<\/strong>: 240 kg<\/li>\n<p><\/p><\/ul>\n<p><\/p><\/div>\n<p><\/p>\n<p><\/p>\n<div class=\"wp-block-column is-layout-flow wp-block-column-is-layout-flow\">\n<figure class=\"wp-block-image size-full\"><img decoding=\"async\" alt=\"\" class=\"wp-image-4003\" src=\"https:\/\/boprint.net\/wp-content\/uploads\/2025\/06\/horno-aplicador-dtf-4-jpg.jpg\"\/><\/figure>\n<p><\/p><\/div>\n<p><\/p><\/div>\n<p><\/p>\n<p><\/p>\n<div class=\"wp-block-columns is-layout-flex wp-container-core-columns-is-layout-9d6595d7 wp-block-columns-is-layout-flex\">\n<div class=\"wp-block-column is-layout-flow wp-block-column-is-layout-flow\">\n<figure class=\"wp-block-image size-full\"><img decoding=\"async\" alt=\"\" class=\"wp-image-4004\" src=\"https:\/\/boprint.net\/wp-content\/uploads\/2025\/06\/secheur-poudreur.jpg\"\/><\/figure>\n<p><\/p><\/div>\n<p><\/p>\n<p><\/p>\n<div class=\"wp-block-column is-layout-flow wp-block-column-is-layout-flow\">\n<h3 class=\"wp-block-heading\">Vorteile<\/h3>\n<p><\/p>\n<p><\/p>\n<ul class=\"wp-block-list\">\n<li>Automatisiert den gesamten Aush\u00e4rteprozess<\/li>\n<p><\/p>\n<p><\/p>\n<li>Steigert die Effizienz und spart Zeit und Kosten<\/li>\n<p><\/p>\n<p><\/p>\n<li>Minimiert menschliche Fehler und Pulververschwendung<\/li>\n<p><\/p>\n<p><\/p>\n<li>Transfers bereit zum Schneiden, Aufbringen oder Lagern<\/li>\n<p><\/p><\/ul>\n<p><\/p>\n<p><\/p>\n<h3 class=\"wp-block-heading\">Enth\u00e4lt<\/h3>\n<p><\/p>\n<p><\/p>\n<ul class=\"wp-block-list\">\n<li>Medientr\u00e4ger<\/li>\n<p><\/p>\n<p><\/p>\n<li>Aufnahmesystem mit Doppelmotor<\/li>\n<p><\/p>\n<p><\/p>\n<li>K\u00fchlventilatoren mit Halterung<\/li>\n<p><\/p>\n<p><\/p>\n<li>98 cm Edelstahlrohr<\/li>\n<p><\/p>\n<p><\/p>\n<li>Pinzette, Pinsel und kleine Schaufel<\/li>\n<p><\/p><\/ul>\n<p><\/p><\/div>\n<p><\/p><\/div>\n<p><\/p>\n<p><\/p>\n<div aria-hidden=\"true\" class=\"wp-block-spacer\" style=\"height:32px\"><\/div>\n<p><\/p>\n<p><\/p>\n<div class=\"wp-block-buttons is-content-justification-center is-layout-flex wp-container-core-buttons-is-layout-16018d1d wp-block-buttons-is-layout-flex\">\n<div class=\"wp-block-button\"><a class=\"wp-block-button__link has-white-color has-vivid-cyan-blue-background-color has-text-color has-background has-link-color has-medium-font-size has-custom-font-size wp-element-button\" href=\"https:\/\/mboprinters.com\/de\/contact\" style=\"border-radius:4px\"><strong>Mehr Informationen<\/strong><\/a><\/div>\n<p><\/p><\/div>\n<p><\/p>\n<p><\/p>\n<div aria-hidden=\"true\" class=\"wp-block-spacer\" style=\"height:32px\"><\/div>\n<p><\/p>\n<p><\/p>\n<figure class=\"wp-block-gallery has-nested-images columns-5 is-cropped wp-block-gallery-1 is-layout-flex wp-block-gallery-is-layout-flex\">\n<figure class=\"wp-block-image size-large\"><img decoding=\"async\" data-id=\"4005\" alt=\"\" class=\"wp-image-4005\" src=\"https:\/\/boprint.net\/wp-content\/uploads\/2025\/06\/horno-aplicador-dtf6-jpg.jpeg\"\/><\/figure>\n<p><\/p>\n<p><\/p>\n<figure class=\"wp-block-image size-large\"><img decoding=\"async\" data-id=\"4007\" alt=\"\" class=\"wp-image-4007\" src=\"https:\/\/boprint.net\/wp-content\/uploads\/2025\/06\/horno-aplicador-dtf.jpg\"\/><\/figure>\n<p><\/p>\n<p><\/p>\n<figure class=\"wp-block-image size-large\"><img decoding=\"async\" data-id=\"4006\" alt=\"\" class=\"wp-image-4006\" src=\"https:\/\/boprint.net\/wp-content\/uploads\/2025\/06\/shaker-dtf-8.jpg\"\/><\/figure>\n<p><\/p>\n<p><\/p>\n<figure class=\"wp-block-image size-large\"><img decoding=\"async\" data-id=\"4008\" alt=\"\" class=\"wp-image-4008\" src=\"https:\/\/boprint.net\/wp-content\/uploads\/2025\/06\/secheur-poudreur9.jpg\"\/><\/figure>\n<p><\/p>\n<p><\/p>\n<figure class=\"wp-block-image size-large\"><img decoding=\"async\" data-id=\"4009\" alt=\"\" class=\"wp-image-4009\" src=\"https:\/\/boprint.net\/wp-content\/uploads\/2025\/06\/shaker-dtf7.jpg\"\/><\/figure>\n<p><\/p><\/figure>\n<p><\/p>\n<p><\/p>\n<p><\/p>","protected":false},"excerpt":{"rendered":"<p><strong>MBO 60 Pro Ofen \u2013 Automatischer DTF-Applikator und Aush\u00e4rter (60 cm)<\/strong><br \/>\nProfessionelle Maschine zur Automatisierung des Pulverauftrags und der Aush\u00e4rtung von DTF-Filmen bis 60 cm. Mit digitaler Steuerung, automatischem Pulverrecycling und integrierter Folienaufnahme ist sie ideal f\u00fcr intensive Produktionen, die Zuverl\u00e4ssigkeit, Effizienz und konstante Ergebnisse erfordern.<\/p>\n<p>\u00a0<\/p>\n<p><!-- wp:buttons {\"layout\":{\"type\":\"flex\",\"justifyContent\":\"left\"}} --><\/p>\n<div class=\"wp-block-buttons\"><!-- wp:button {\"backgroundColor\":\"vivid-cyan-blue\",\"textColor\":\"white\",\"style\":{\"elements\":{\"link\":{\"color\":{\"text\":\"var:preset|color|white\"}}},\"border\":{\"radius\":\"4px\"}},\"fontSize\":\"medium\"} --><\/p>\n<div class=\"wp-block-button\"><a class=\"wp-block-button__link has-white-color has-vivid-cyan-blue-background-color has-text-color has-background has-link-color has-medium-font-size has-custom-font-size wp-element-button\" href=\"https:\/\/mboprinters.com\/de\/contact\"><strong>Mehr Informationen<\/strong><\/a><\/div>\n<p><!-- \/wp:button --><\/div>\n<p><!-- \/wp:buttons --><\/p>\n","protected":false},"featured_media":4013,"comment_status":"closed","ping_status":"closed","template":"","meta":[],"product_brand":[],"product_cat":[88,78],"product_tag":[],"class_list":{"0":"post-4012","1":"product","2":"type-product","3":"status-publish","4":"has-post-thumbnail","6":"product_cat-dtf-oven","7":"product_cat-dtf-textil","9":"first","10":"instock","11":"taxable","12":"shipping-taxable","13":"product-type-simple"},"translation":{"provider":"WPGlobus","version":"3.0.0","language":"de","enabled_languages":["es","en","de","fr"],"languages":{"es":{"title":true,"content":true,"excerpt":true},"en":{"title":true,"content":true,"excerpt":true},"de":{"title":true,"content":true,"excerpt":true},"fr":{"title":true,"content":true,"excerpt":true}}},"_links":{"self":[{"href":"https:\/\/mboprinters.com\/de\/wp-json\/wp\/v2\/product\/4012","targetHints":{"allow":["GET"]}}],"collection":[{"href":"https:\/\/mboprinters.com\/de\/wp-json\/wp\/v2\/product"}],"about":[{"href":"https:\/\/mboprinters.com\/de\/wp-json\/wp\/v2\/types\/product"}],"replies":[{"embeddable":true,"href":"https:\/\/mboprinters.com\/de\/wp-json\/wp\/v2\/comments?post=4012"}],"wp:featuredmedia":[{"embeddable":true,"href":"https:\/\/mboprinters.com\/de\/wp-json\/wp\/v2\/media\/4013"}],"wp:attachment":[{"href":"https:\/\/mboprinters.com\/de\/wp-json\/wp\/v2\/media?parent=4012"}],"wp:term":[{"taxonomy":"product_brand","embeddable":true,"href":"https:\/\/mboprinters.com\/de\/wp-json\/wp\/v2\/product_brand?post=4012"},{"taxonomy":"product_cat","embeddable":true,"href":"https:\/\/mboprinters.com\/de\/wp-json\/wp\/v2\/product_cat?post=4012"},{"taxonomy":"product_tag","embeddable":true,"href":"https:\/\/mboprinters.com\/de\/wp-json\/wp\/v2\/product_tag?post=4012"}],"curies":[{"name":"wp","href":"https:\/\/api.w.org\/{rel}","templated":true}]}}