{"id":3332,"date":"2024-04-18T13:57:18","date_gmt":"2024-04-18T13:57:18","guid":{"rendered":"https:\/\/mboprinters.com\/?page_id=3332"},"modified":"2024-04-18T13:59:24","modified_gmt":"2024-04-18T13:59:24","slug":"impresoras-uv-led-mbo","status":"publish","type":"page","link":"https:\/\/mboprinters.com\/en\/impresoras-uv-led-mbo","title":{"rendered":"Impresoras UV Led MBO"},"content":{"rendered":"\n<h2 class=\"wp-block-heading\">Impresi\u00f3n plana UV LED<\/h2>\n\n\n\n<div class=\"wp-block-columns is-layout-flex wp-container-core-columns-is-layout-9d6595d7 wp-block-columns-is-layout-flex\">\n<div class=\"wp-block-column is-layout-flow wp-block-column-is-layout-flow\">\n<p class=\"has-medium-font-size\">\u00bfEst\u00e1 buscando una soluci\u00f3n de impresi\u00f3n vers\u00e1til y econ\u00f3mica para su negocio? Las impresoras UV LED de MBO son la respuesta. Con tecnolog\u00eda de vanguardia y un dise\u00f1o compacto, estas impresoras son ideales para empresas de todos los tama\u00f1os. Desde impresiones en gran formato hasta detalles finos en objetos peque\u00f1os como fundas de m\u00f3viles, las impresoras UV LED de MBO ofrecen una calidad excepcional a un precio asequible.<\/p>\n\n\n\n<div style=\"height:15px\" aria-hidden=\"true\" class=\"wp-block-spacer\"><\/div>\n\n\n\n<div class=\"wp-block-buttons is-content-justification-center is-layout-flex wp-container-core-buttons-is-layout-16018d1d wp-block-buttons-is-layout-flex\">\n<div class=\"wp-block-button\"><a class=\"wp-block-button__link has-background wp-element-button\" href=\"https:\/\/mboprinters.com\/contact\" style=\"border-radius:4px;background-color:#229269eb\">Solicita m\u00e1s informaci\u00f3n<\/a><\/div>\n<\/div>\n\n\n\n<div style=\"height:15px\" aria-hidden=\"true\" class=\"wp-block-spacer\"><\/div>\n\n\n\n<p class=\"has-medium-font-size\">Con una amplia gama de materiales compatibles, desde pl\u00e1stico hasta metal y papel, estas impresoras le permiten imprimir sobre pr\u00e1cticamente cualquier superficie. \u00bfNecesita imprimir en objetos cil\u00edndricos como botellas o latas? \u00a1No hay problema! Con el m\u00f3dulo opcional, puede expandir a\u00fan m\u00e1s su capacidad de impresi\u00f3n.<\/p>\n<\/div>\n\n\n\n<div class=\"wp-block-column is-vertically-aligned-center is-layout-flow wp-block-column-is-layout-flow\"><div class=\"wp-block-image\">\n<figure class=\"aligncenter size-large is-resized\"><a href=\"https:\/\/mboprinters.com\/product\/mbo-3020-uv-led\"><img decoding=\"async\" src=\"https:\/\/mboprinters.com\/wp-content\/uploads\/2022\/02\/mbo3020-1024x1024.jpg\" alt=\"\" class=\"wp-image-2231\" width=\"512\" height=\"512\" srcset=\"https:\/\/mboprinters.com\/wp-content\/uploads\/2022\/02\/mbo3020-1024x1024.jpg 1024w, https:\/\/mboprinters.com\/wp-content\/uploads\/2022\/02\/mbo3020-300x300.jpg 300w, https:\/\/mboprinters.com\/wp-content\/uploads\/2022\/02\/mbo3020-150x150.jpg 150w, https:\/\/mboprinters.com\/wp-content\/uploads\/2022\/02\/mbo3020-768x768.jpg 768w, https:\/\/mboprinters.com\/wp-content\/uploads\/2022\/02\/mbo3020-270x270.jpg 270w, https:\/\/mboprinters.com\/wp-content\/uploads\/2022\/02\/mbo3020-230x230.jpg 230w, https:\/\/mboprinters.com\/wp-content\/uploads\/2022\/02\/mbo3020-45x45.jpg 45w, https:\/\/mboprinters.com\/wp-content\/uploads\/2022\/02\/mbo3020-600x600.jpg 600w, https:\/\/mboprinters.com\/wp-content\/uploads\/2022\/02\/mbo3020-100x100.jpg 100w, https:\/\/mboprinters.com\/wp-content\/uploads\/2022\/02\/mbo3020.jpg 1181w\" sizes=\"(max-width: 512px) 100vw, 512px\" \/><\/a><\/figure><\/div><\/div>\n<\/div>\n\n\n\n<div class=\"wp-block-columns is-layout-flex wp-container-core-columns-is-layout-9d6595d7 wp-block-columns-is-layout-flex\">\n<div class=\"wp-block-column is-vertically-aligned-center is-layout-flow wp-block-column-is-layout-flow\">\n<figure class=\"wp-block-image size-full\"><img decoding=\"async\" width=\"1023\" height=\"550\" src=\"https:\/\/mboprinters.com\/wp-content\/uploads\/2022\/11\/uvled5.jpeg\" alt=\"\" class=\"wp-image-3110\" srcset=\"https:\/\/mboprinters.com\/wp-content\/uploads\/2022\/11\/uvled5.jpeg 1023w, https:\/\/mboprinters.com\/wp-content\/uploads\/2022\/11\/uvled5-300x161.jpeg 300w, https:\/\/mboprinters.com\/wp-content\/uploads\/2022\/11\/uvled5-768x413.jpeg 768w, https:\/\/mboprinters.com\/wp-content\/uploads\/2022\/11\/uvled5-600x323.jpeg 600w\" sizes=\"(max-width: 1023px) 100vw, 1023px\" \/><\/figure>\n<\/div>\n\n\n\n<div class=\"wp-block-column is-layout-flow wp-block-column-is-layout-flow\">\n<p class=\"has-medium-font-size\">Con las impresoras UV LED de MBO, puede obtener resultados de alta calidad en un tama\u00f1o compacto. Ya sea que necesite imprimir en A4 o en objetos de mayor tama\u00f1o como fundas de m\u00f3viles, estas impresoras ofrecen una soluci\u00f3n vers\u00e1til y econ\u00f3mica para su negocio.<\/p>\n\n\n\n<p class=\"has-medium-font-size\">Adem\u00e1s de su versatilidad, las impresoras UV LED de MBO son f\u00e1ciles de mantener y est\u00e1n dise\u00f1adas para durar. Su construcci\u00f3n robusta y componentes de alta calidad garantizan un rendimiento confiable a lo largo del tiempo. Y con un equipo t\u00e9cnico y comercial dedicado a su disposici\u00f3n, puede estar seguro de recibir el apoyo que necesita para maximizar el rendimiento de su impresora UV LED.<\/p>\n<\/div>\n<\/div>\n\n\n\n<h4 class=\"has-text-align-center has-large-font-size wp-block-heading\">\u00bfInteresado en aprovechar una oferta especial? <\/h4>\n\n\n\n<p class=\"has-text-align-center has-medium-font-size\">Consulte nuestras opciones de impresoras UV LED econ\u00f3micas y descubra c\u00f3mo MBO Printers puede ayudar a llevar su negocio al siguiente nivel con tecnolog\u00eda de impresi\u00f3n de vanguardia.<\/p>\n\n\n\n<div style=\"height:15px\" aria-hidden=\"true\" class=\"wp-block-spacer\"><\/div>\n\n\n\n<div class=\"wp-block-buttons is-content-justification-center is-layout-flex wp-container-core-buttons-is-layout-16018d1d wp-block-buttons-is-layout-flex\">\n<div class=\"wp-block-button\"><a class=\"wp-block-button__link has-background wp-element-button\" href=\"https:\/\/mboprinters.com\/uv-led-printers\" style=\"border-radius:4px;background-color:#229269eb\">Visita la tienda<\/a><\/div>\n<\/div>\n\n\n\n<div style=\"height:15px\" aria-hidden=\"true\" class=\"wp-block-spacer\"><\/div>\n\n\n\n<div class=\"wp-block-columns is-layout-flex wp-container-core-columns-is-layout-9d6595d7 wp-block-columns-is-layout-flex\">\n<div class=\"wp-block-column is-layout-flow wp-block-column-is-layout-flow\">\n<p class=\"has-medium-font-size\">Ya sea que necesite una impresora plana barata para su taller o un plotter UV LED para su negocio de impresi\u00f3n, en MBO Printers tenemos la soluci\u00f3n perfecta para usted. Nuestro equipo t\u00e9cnico y comercial est\u00e1 aqu\u00ed para ayudarlo en cada paso del camino, desde la selecci\u00f3n de la impresora adecuada hasta la instalaci\u00f3n y el soporte continuo. \u00a1Cont\u00e1ctenos hoy mismo para descubrir c\u00f3mo podemos ayudarlo a hacer crecer su negocio con nuestras impresoras UV LED de calidad superior!<\/p>\n<\/div>\n\n\n\n<div class=\"wp-block-column is-layout-flow wp-block-column-is-layout-flow\">\n<div class=\"wp-block-columns is-layout-flex wp-container-core-columns-is-layout-9d6595d7 wp-block-columns-is-layout-flex\">\n<div class=\"wp-block-column is-layout-flow wp-block-column-is-layout-flow\">\n<figure class=\"wp-block-image size-large\"><a href=\"https:\/\/mboprinters.com\/product\/mbo-4060-uv-led\"><img decoding=\"async\" width=\"1024\" height=\"1024\" src=\"https:\/\/mboprinters.com\/wp-content\/uploads\/2022\/02\/mbo4060-1024x1024.jpg\" alt=\"\" class=\"wp-image-2233\" srcset=\"https:\/\/mboprinters.com\/wp-content\/uploads\/2022\/02\/mbo4060-1024x1024.jpg 1024w, https:\/\/mboprinters.com\/wp-content\/uploads\/2022\/02\/mbo4060-300x300.jpg 300w, https:\/\/mboprinters.com\/wp-content\/uploads\/2022\/02\/mbo4060-150x150.jpg 150w, https:\/\/mboprinters.com\/wp-content\/uploads\/2022\/02\/mbo4060-768x768.jpg 768w, https:\/\/mboprinters.com\/wp-content\/uploads\/2022\/02\/mbo4060-270x270.jpg 270w, https:\/\/mboprinters.com\/wp-content\/uploads\/2022\/02\/mbo4060-230x230.jpg 230w, https:\/\/mboprinters.com\/wp-content\/uploads\/2022\/02\/mbo4060-45x45.jpg 45w, https:\/\/mboprinters.com\/wp-content\/uploads\/2022\/02\/mbo4060-600x600.jpg 600w, https:\/\/mboprinters.com\/wp-content\/uploads\/2022\/02\/mbo4060-100x100.jpg 100w, https:\/\/mboprinters.com\/wp-content\/uploads\/2022\/02\/mbo4060.jpg 1181w\" sizes=\"(max-width: 1024px) 100vw, 1024px\" \/><\/a><\/figure>\n<\/div>\n\n\n\n<div class=\"wp-block-column is-layout-flow wp-block-column-is-layout-flow\">\n<figure class=\"wp-block-image size-large\"><a href=\"https:\/\/mboprinters.com\/product\/mbo-6090-uv-led\"><img decoding=\"async\" width=\"1024\" height=\"1024\" src=\"https:\/\/mboprinters.com\/wp-content\/uploads\/2022\/02\/mbo6090-1024x1024.jpg\" alt=\"\" class=\"wp-image-2232\" srcset=\"https:\/\/mboprinters.com\/wp-content\/uploads\/2022\/02\/mbo6090-1024x1024.jpg 1024w, https:\/\/mboprinters.com\/wp-content\/uploads\/2022\/02\/mbo6090-300x300.jpg 300w, https:\/\/mboprinters.com\/wp-content\/uploads\/2022\/02\/mbo6090-150x150.jpg 150w, https:\/\/mboprinters.com\/wp-content\/uploads\/2022\/02\/mbo6090-768x768.jpg 768w, https:\/\/mboprinters.com\/wp-content\/uploads\/2022\/02\/mbo6090-270x270.jpg 270w, https:\/\/mboprinters.com\/wp-content\/uploads\/2022\/02\/mbo6090-230x230.jpg 230w, https:\/\/mboprinters.com\/wp-content\/uploads\/2022\/02\/mbo6090-45x45.jpg 45w, https:\/\/mboprinters.com\/wp-content\/uploads\/2022\/02\/mbo6090-600x600.jpg 600w, https:\/\/mboprinters.com\/wp-content\/uploads\/2022\/02\/mbo6090-100x100.jpg 100w, https:\/\/mboprinters.com\/wp-content\/uploads\/2022\/02\/mbo6090.jpg 1181w\" sizes=\"(max-width: 1024px) 100vw, 1024px\" \/><\/a><\/figure>\n<\/div>\n\n\n\n<div class=\"wp-block-column is-layout-flow wp-block-column-is-layout-flow\">\n<figure class=\"wp-block-image size-large\"><a href=\"https:\/\/mboprinters.com\/product\/mbo-1015-uv-led\"><img decoding=\"async\" width=\"1024\" height=\"1024\" src=\"https:\/\/mboprinters.com\/wp-content\/uploads\/2022\/02\/mbo1015-1024x1024.jpg\" alt=\"\" class=\"wp-image-2234\" srcset=\"https:\/\/mboprinters.com\/wp-content\/uploads\/2022\/02\/mbo1015-1024x1024.jpg 1024w, https:\/\/mboprinters.com\/wp-content\/uploads\/2022\/02\/mbo1015-300x300.jpg 300w, https:\/\/mboprinters.com\/wp-content\/uploads\/2022\/02\/mbo1015-150x150.jpg 150w, https:\/\/mboprinters.com\/wp-content\/uploads\/2022\/02\/mbo1015-768x768.jpg 768w, https:\/\/mboprinters.com\/wp-content\/uploads\/2022\/02\/mbo1015-270x270.jpg 270w, https:\/\/mboprinters.com\/wp-content\/uploads\/2022\/02\/mbo1015-230x230.jpg 230w, https:\/\/mboprinters.com\/wp-content\/uploads\/2022\/02\/mbo1015-45x45.jpg 45w, https:\/\/mboprinters.com\/wp-content\/uploads\/2022\/02\/mbo1015-600x600.jpg 600w, https:\/\/mboprinters.com\/wp-content\/uploads\/2022\/02\/mbo1015-100x100.jpg 100w, https:\/\/mboprinters.com\/wp-content\/uploads\/2022\/02\/mbo1015.jpg 1181w\" sizes=\"(max-width: 1024px) 100vw, 1024px\" \/><\/a><\/figure>\n<\/div>\n<\/div>\n<\/div>\n<\/div>\n","protected":false},"excerpt":{"rendered":"<p>Impresi\u00f3n plana UV LED \u00bfEst\u00e1 buscando una soluci\u00f3n de impresi\u00f3n vers\u00e1til y econ\u00f3mica para su negocio? Las impresoras UV LED de MBO son la respuesta. Con tecnolog\u00eda de vanguardia y un dise\u00f1o compacto, estas impresoras son ideales para empresas de<\/p>\n","protected":false},"author":1,"featured_media":2067,"parent":0,"menu_order":0,"comment_status":"closed","ping_status":"closed","template":"","meta":{"footnotes":""},"class_list":["post-3332","page","type-page","status-publish","has-post-thumbnail","hentry"],"translation":{"provider":"WPGlobus","version":"3.0.0","language":"en","enabled_languages":["es","en","de","fr"],"languages":{"es":{"title":true,"content":true,"excerpt":false},"en":{"title":false,"content":false,"excerpt":false},"de":{"title":false,"content":false,"excerpt":false},"fr":{"title":false,"content":false,"excerpt":false}}},"_links":{"self":[{"href":"https:\/\/mboprinters.com\/en\/wp-json\/wp\/v2\/pages\/3332","targetHints":{"allow":["GET"]}}],"collection":[{"href":"https:\/\/mboprinters.com\/en\/wp-json\/wp\/v2\/pages"}],"about":[{"href":"https:\/\/mboprinters.com\/en\/wp-json\/wp\/v2\/types\/page"}],"author":[{"embeddable":true,"href":"https:\/\/mboprinters.com\/en\/wp-json\/wp\/v2\/users\/1"}],"replies":[{"embeddable":true,"href":"https:\/\/mboprinters.com\/en\/wp-json\/wp\/v2\/comments?post=3332"}],"version-history":[{"count":7,"href":"https:\/\/mboprinters.com\/en\/wp-json\/wp\/v2\/pages\/3332\/revisions"}],"predecessor-version":[{"id":3339,"href":"https:\/\/mboprinters.com\/en\/wp-json\/wp\/v2\/pages\/3332\/revisions\/3339"}],"wp:featuredmedia":[{"embeddable":true,"href":"https:\/\/mboprinters.com\/en\/wp-json\/wp\/v2\/media\/2067"}],"wp:attachment":[{"href":"https:\/\/mboprinters.com\/en\/wp-json\/wp\/v2\/media?parent=3332"}],"curies":[{"name":"wp","href":"https:\/\/api.w.org\/{rel}","templated":true}]}}