{"id":141,"date":"2020-04-27T09:57:09","date_gmt":"2020-04-27T09:57:09","guid":{"rendered":"http:\/\/mboprinters.com\/?page_id=141"},"modified":"2025-05-29T08:55:45","modified_gmt":"2025-05-29T08:55:45","slug":"contact","status":"publish","type":"page","link":"https:\/\/mboprinters.com\/fr\/contact","title":{"rendered":"Contactez Nous"},"content":{"rendered":"<p><!--  \t<link href=\"https:\/\/d1gwclp1pmzk26.cloudfront.net\/agile\/forms\/v1\/agile-form.min.css\" rel=\"stylesheet\"> --><\/p>\n<link href=\"https:\/\/doxhze3l6s7v9.cloudfront.net\/app\/static\/agile\/forms\/agile-form.min.css\" rel=\"stylesheet\">\n<form class=\"form-view theme5\" id=\"agile-form\" action=\"https:\/\/artisfr.agilecrm.com\/formsubmit\" style=\"max-width:450px;\" method=\"GET\">\n<fieldset><!-- Form Name --><\/p>\n<legend>Contactez MBO Printers<\/legend>\n<p class=\"agile-form-description\">Contactez avec MBO Printers<\/p>\n<div style=\"display: none; height: 0px; width: 0px;\">\n<input type=\"hidden\" id=\"_agile_form_name\" name=\"_agile_form_name\" value=\"Contactez MBO Printers\"><br \/>\n<input type=\"hidden\" id=\"_agile_domain\" name=\"_agile_domain\" value=\"artisfr\"><br \/>\n<input type=\"hidden\" id=\"_agile_api\" name=\"_agile_api\" value=\"bp8uh1uh0baj0qjnd1ae2icstl\"><br \/>\n<input type=\"hidden\" id=\"_agile_redirect_url\" name=\"_agile_redirect_url\" value=\"https:\/\/mboprinters.com\/fr\/sent\"><br \/>\n<input type=\"hidden\" id=\"_agile_document_url\" name=\"_agile_document_url\" value=\"\"><br \/>\n<input type=\"hidden\" id=\"_agile_confirmation_msg\" name=\"_agile_confirmation_msg\" value=\"\"><br \/>\n<input type=\"hidden\" id=\"_agile_form_id_tags\" name=\"tags\" value=\"MBOprintersFR\"><\/p>\n<p><input type=\"hidden\" id=\"_agile_form_id\" name=\"_agile_form_id\" value=\"6625433520766976\"><\/p>\n<\/div>\n<p><!-- Text input--><\/p>\n<div class=\"agile-group required-control\">\n  <label class=\"agile-label\" for=\"agilefield-1\">Votre nom<span class=\"agile-span-asterisk\"> *<\/span><\/label><\/p>\n<div class=\"agile-field-xlarge agile-field\">\n  <input maxlength=\"250\" id=\"agilefield-1\" name=\"first_name\" type=\"text\" placeholder=\"\" class=\"agile-height-default\" required=\"\"><\/div>\n<div class=\"agile-custom-clear\"><\/div>\n<\/div>\n<p><!-- Text input--><\/p>\n<div class=\"agile-group required-control\">\n  <label class=\"agile-label\" for=\"agilefield-2\">Votre email<span class=\"agile-span-asterisk\"> *<\/span><\/label><\/p>\n<div class=\"agile-field-xlarge agile-field\">\n  <input maxlength=\"250\" id=\"agilefield-2\" name=\"email\" type=\"email\" placeholder=\"\" class=\"agile-height-default\" required=\"\"><\/div>\n<div class=\"agile-custom-clear\"><\/div>\n<\/div>\n<p><!-- Text input--><\/p>\n<div class=\"agile-group required-control\">\n  <label class=\"agile-label\" for=\"agilefield-5\">Votre t\u00e9l\u00e9phone<span class=\"agile-span-asterisk\"> *<\/span><\/label><\/p>\n<div class=\"agile-field-xlarge agile-field\">\n  <input maxlength=\"250\" id=\"agilefield-5\" name=\"phone\" type=\"text\" placeholder=\"\" class=\"agile-height-default\" required=\"\"><\/div>\n<div class=\"agile-custom-clear\"><\/div>\n<\/div>\n<p><!-- Textarea --><\/p>\n<div class=\"agile-group required-control\">\n  <label class=\"agile-label\" for=\"agilefield-4\">Votre demande d&rsquo;information<span class=\"agile-span-asterisk\"> *<\/span><\/label><\/p>\n<div class=\"agile-field-xlarge agile-field\">\n    <textarea maxlength=\"250\" id=\"agilefield-4\" name=\"note\" placeholder=\"\" required=\"\" class=\"agile-height-default\"><\/textarea><\/div>\n<div class=\"agile-custom-clear\"><\/div>\n<\/div>\n<div class=\"agile-group\">\n<p class=\"agile-text-element\" style=\"text-align:left ;font-size:14px \">S&rsquo;il vous pla\u00eet, n&rsquo;oubliez pas d&rsquo;indiquer le mod\u00e8le pour lequel vous souhaitez recevoir information.<\/p>\n<\/div>\n<p><!-- Multiple Checkboxes --><\/p>\n<div class=\"agile-group agile-form-inlinecheckboxes\">\n  <label class=\"agile-label\" for=\"multiple_checkboxes_1584001709557\">Mod\u00e9le<\/label><\/p>\n<div class=\"agile-field agile-field-xlarge agile-height-default\">\n<div>\n    <label for=\"multiple_checkboxes_1584001709557-0\" class=\"i-checks\"><br \/>\n<input type=\"checkbox\" name=\"note\" id=\"multiple_checkboxes_1584001709557-0\" value=\"MBO UV Led Printers\"><i><\/i><br \/>\nMBO UV Led Printers<br \/>\n<\/label><\/div>\n<div>\n    <label for=\"multiple_checkboxes_1584001709557-1\" class=\"i-checks\"><br \/>\n<input type=\"checkbox\" name=\"note\" id=\"multiple_checkboxes_1584001709557-1\" value=\"MBO DTF Textile\"><i><\/i><br \/>\nMBO DTF Textile<br \/>\n<\/label><\/div>\n<\/div>\n<\/div>\n<div class=\"agile-group\">\n<p class=\"agile-text-element\" style=\"text-align:left ;font-size:14px \">J&rsquo;accepte de recevoir des appels ou des courriels commerciaux et la<br \/>\n<a href=\"https:\/\/mboprinters.com\/fr\/privacy-policy\">Politique de confidentialit\u00e9<\/a><br \/>\ndu mboprinters.com  (Bomedia SL)*<\/p>\n<\/div>\n<p><!-- Multiple Checkboxes --><\/p>\n<div class=\"agile-group agile-form-inlinecheckboxes\">\n  <label class=\"agile-label\" for=\"multiple_checkboxes_1688621925200\">Politique de confidencialit\u00e9<span class=\"agile-span-asterisk\"> *<\/span><\/label><\/p>\n<div class=\"agile-field agile-field-xlarge agile-height-default\">\n<div>\n    <label for=\"multiple_checkboxes_1688621925200-0\" class=\"i-checks\"><br \/>\n<input type=\"checkbox\" name=\"tags\" id=\"multiple_checkboxes_1688621925200-0\" value=\"Accepter\"><i><\/i><br \/>\nAccepter<br \/>\n<\/label><\/div>\n<\/div>\n<\/div>\n<p><!--recaptcha aglignment--><\/p>\n<div class=\"agile-group\"><label class=\"agile-label\"><\/label><\/p>\n<div class=\"agile-field-xlarge agile-field\">\n<div class=\"g-recaptcha\" style=\"transform:scale(0.91);-webkit-transform:scale(0.91);transform-origin:0 0;-webkit-transform-origin:0 0; width='304px';\" data-sitekey=\"6LccTE4fAAAAAOzI7O0P8NUR9RJ2PXEHjoLdcBot\" data-callback=\"agileGCaptchaOnSuccess\"><\/div>\n<\/div>\n<\/div>\n<p><!-- Button --><\/p>\n<div class=\"agile-group\">\n  <label class=\"agile-label\">&nbsp;<\/label><\/p>\n<div class=\"agile-field agile-button-field\">\n    <button type=\"submit\" class=\"agile-button\">Envoyer<\/button><\/p>\n<p><span id=\"agile-error-msg\"><\/span><\/div>\n<\/div>\n<\/fieldset>\n<\/form>\n<p><script id=\"gRecaptchaSrc\" src=\"https:\/\/www.google.com\/recaptcha\/api.js\"><\/script><br \/>\n<script type=\"text\/javascript\"><br \/>\n(function(a){var b=a.onload,p=true;isCaptcha=true;if(p){a.onload=\"function\"!=typeof b?function(){try{_agile_load_form_fields()}catch(a){}}:function(){b();try{_agile_load_form_fields()}catch(a){}}};var formLen=document.forms.length;for(i=0;i<formLen;i++){if(document.forms.item(i).getAttribute(\"id\")== \"agile-form\"){a.document.forms.item(i).onsubmit=function(a){a.preventDefault();try{_agile_synch_form_v5(this)}catch(b){this.submit()}}}}})(window);\n<\/script><\/p>\n","protected":false},"excerpt":{"rendered":"<p>Contactez MBO Printers Contactez avec MBO Printers Votre nom * Votre email * Votre t\u00e9l\u00e9phone * Votre demande d&rsquo;information * S&rsquo;il vous pla\u00eet, n&rsquo;oubliez pas d&rsquo;indiquer le mod\u00e8le pour lequel vous souhaitez recevoir information. Mod\u00e9le MBO UV Led Printers MBO<\/p>\n","protected":false},"author":1,"featured_media":0,"parent":0,"menu_order":0,"comment_status":"closed","ping_status":"closed","template":"","meta":{"footnotes":""},"class_list":["post-141","page","type-page","status-publish","hentry"],"translation":{"provider":"WPGlobus","version":"3.0.0","language":"fr","enabled_languages":["es","en","de","fr"],"languages":{"es":{"title":true,"content":true,"excerpt":false},"en":{"title":true,"content":true,"excerpt":false},"de":{"title":true,"content":true,"excerpt":false},"fr":{"title":true,"content":true,"excerpt":false}}},"_links":{"self":[{"href":"https:\/\/mboprinters.com\/fr\/wp-json\/wp\/v2\/pages\/141","targetHints":{"allow":["GET"]}}],"collection":[{"href":"https:\/\/mboprinters.com\/fr\/wp-json\/wp\/v2\/pages"}],"about":[{"href":"https:\/\/mboprinters.com\/fr\/wp-json\/wp\/v2\/types\/page"}],"author":[{"embeddable":true,"href":"https:\/\/mboprinters.com\/fr\/wp-json\/wp\/v2\/users\/1"}],"replies":[{"embeddable":true,"href":"https:\/\/mboprinters.com\/fr\/wp-json\/wp\/v2\/comments?post=141"}],"version-history":[{"count":23,"href":"https:\/\/mboprinters.com\/fr\/wp-json\/wp\/v2\/pages\/141\/revisions"}],"predecessor-version":[{"id":3464,"href":"https:\/\/mboprinters.com\/fr\/wp-json\/wp\/v2\/pages\/141\/revisions\/3464"}],"wp:attachment":[{"href":"https:\/\/mboprinters.com\/fr\/wp-json\/wp\/v2\/media?parent=141"}],"curies":[{"name":"wp","href":"https:\/\/api.w.org\/{rel}","templated":true}]}}