{"id":2327,"date":"2023-07-06T10:48:40","date_gmt":"2023-07-06T10:48:40","guid":{"rendered":"https:\/\/mboprinters.com\/?page_id=2327"},"modified":"2023-07-06T10:53:49","modified_gmt":"2023-07-06T10:53:49","slug":"privacy-policy","status":"publish","type":"page","link":"https:\/\/mboprinters.com\/fr\/privacy-policy","title":{"rendered":"Politique de confidentialit\u00e9"},"content":{"rendered":"\n<p>Bomedia SL (\u00ab\u00a0nous\u00a0\u00bb, \u00ab\u00a0nous\u00a0\u00bb ou \u00ab\u00a0notre\u00a0\u00bb) exploite le site web des MBO Printres &nbsp;(le \u00ab\u00a0Service\u00a0\u00bb).<\/p>\n\n\n\n<p>Cette page vous informe de nos politiques en mati\u00e8re de collecte, d&rsquo;utilisation et de divulgation des informations personnelles lorsque vous utilisez notre Service.<\/p>\n\n\n\n<p>Nous n&rsquo;utiliserons ni ne partagerons vos informations avec qui que ce soit, sauf tel que d\u00e9crit dans cette politique de confidentialit\u00e9.<\/p>\n\n\n\n<p>Nous utilisons vos informations personnelles pour fournir et am\u00e9liorer le Service. En utilisant le Service, vous acceptez la collecte et l&rsquo;utilisation d&rsquo;informations conform\u00e9ment \u00e0 cette politique. Sauf indication contraire dans cette politique de confidentialit\u00e9, les termes utilis\u00e9s dans cette politique de confidentialit\u00e9 ont la m\u00eame signification que dans nos conditions g\u00e9n\u00e9rales, accessibles \u00e0 l&rsquo;adresse suivante : mboprinters.com<\/p>\n\n\n\n<p><strong>Collecte et utilisation des informations<\/strong><\/p>\n\n\n\n<p>Lorsque vous utilisez notre Service, il se peut que nous vous demandions de nous fournir certaines informations personnelles identifiables qui peuvent \u00eatre utilis\u00e9es pour vous contacter ou vous identifier. Les informations personnelles identifiables (\u00ab\u00a0Informations personnelles\u00a0\u00bb) peuvent inclure, mais ne sont pas limit\u00e9es \u00e0 :<\/p>\n\n\n\n<ul class=\"wp-block-list\">\n<li>Nom<\/li>\n\n\n\n<li>Adresse e-mail<\/li>\n\n\n\n<li>Num\u00e9ro de t\u00e9l\u00e9phone<\/li>\n\n\n\n<li>Adresse<\/li>\n<\/ul>\n\n\n\n<p><strong>Donn\u00e9es de journal<\/strong><\/p>\n\n\n\n<p>Nous recueillons des informations que votre navigateur envoie chaque fois que vous visitez notre Service (\u00ab\u00a0Donn\u00e9es de journal\u00a0\u00bb). Ces Donn\u00e9es de journal peuvent inclure des informations telles que l&rsquo;adresse de protocole Internet (\u00ab\u00a0IP\u00a0\u00bb) de votre ordinateur, le type de navigateur, la version du navigateur, les pages de notre Service que vous visitez, l&rsquo;heure et la date de votre visite, le temps pass\u00e9 sur ces pages et d&rsquo;autres statistiques.<\/p>\n\n\n\n<p><strong>Cookies<\/strong><\/p>\n\n\n\n<p>Les cookies sont des fichiers contenant une petite quantit\u00e9 de donn\u00e9es qui sont couramment utilis\u00e9s comme identifiants uniques anonymes. Ils sont envoy\u00e9s \u00e0 votre navigateur \u00e0 partir des sites web que vous visitez et sont stock\u00e9s dans la m\u00e9moire interne de votre appareil.<\/p>\n\n\n\n<p>Notre Service utilise ces \u00ab\u00a0cookies\u00a0\u00bb pour collecter des informations et am\u00e9liorer notre Service. Vous avez la possibilit\u00e9 d&rsquo;accepter ou de refuser ces cookies et de savoir quand un cookie est envoy\u00e9 \u00e0 votre appareil. Si vous choisissez de refuser nos cookies, il se peut que vous ne puissiez pas utiliser certaines parties de notre Service.<\/p>\n\n\n\n<p><strong>Fournisseurs de services<\/strong><\/p>\n\n\n\n<p>Nous pouvons faire appel \u00e0 des soci\u00e9t\u00e9s tierces et \u00e0 des individus pour faciliter notre Service, fournir le Service en notre nom, effectuer des services li\u00e9s au Service ou nous aider \u00e0 analyser l&rsquo;utilisation de notre Service.<\/p>\n\n\n\n<p>Ces tiers ont acc\u00e8s \u00e0 vos informations personnelles uniquement pour effectuer ces t\u00e2ches en notre nom et sont tenus de ne pas les divulguer ni de les utiliser \u00e0 d&rsquo;autres fins.<\/p>\n\n\n\n<p><strong>S\u00e9curit\u00e9<\/strong><\/p>\n\n\n\n<p>Nous attachons de l&rsquo;importance \u00e0 la confiance que vous nous accordez en nous fournissant vos informations personnelles. Nous nous effor\u00e7ons donc d&rsquo;utiliser des moyens commercialement acceptables pour les prot\u00e9ger. Cependant, rappelez-vous qu&rsquo;aucune m\u00e9thode de transmission sur Internet ou de stockage \u00e9lectronique n&rsquo;est totalement s\u00fbre et fiable \u00e0 100 %, et nous ne pouvons garantir une s\u00e9curit\u00e9 absolue.<\/p>\n\n\n\n<p><strong>Liens vers d&rsquo;autres sites<\/strong><\/p>\n\n\n\n<p>Notre Service peut contenir des liens vers d&rsquo;autres sites qui ne sont pas exploit\u00e9s par nous. Si vous cliquez sur un lien tiers, vous serez redirig\u00e9(e) vers le site de ce tiers. Nous vous recommandons vivement de consulter la politique de confidentialit\u00e9 de chaque site que vous visitez.<\/p>\n\n\n\n<p>Nous n&rsquo;avons aucun contr\u00f4le sur le contenu, les politiques de confidentialit\u00e9 ou les pratiques des sites ou services tiers et n&rsquo;assumons aucune responsabilit\u00e9 \u00e0 cet \u00e9gard.<\/p>\n\n\n\n<p><strong>Confidentialit\u00e9 des enfants<\/strong><\/p>\n\n\n\n<p>Notre Service ne s&rsquo;adresse pas aux personnes de moins de 18 ans (\u00ab\u00a0Enfants\u00a0\u00bb).<\/p>\n\n\n\n<p>Nous ne collectons pas sciemment d&rsquo;informations personnellement identifiables aupr\u00e8s des personnes de moins de 18 ans. Si vous \u00eates parent ou tuteur et que vous savez que votre enfant nous a fourni des informations personnelles, veuillez nous contacter. Si nous d\u00e9couvrons que nous avons collect\u00e9 des informations personnelles aupr\u00e8s d&rsquo;enfants sans v\u00e9rification du consentement parental, nous prendrons des mesures pour supprimer ces informations de nos serveurs.<\/p>\n\n\n\n<p><strong>Conformit\u00e9 aux lois<\/strong><\/p>\n\n\n\n<p>Nous divulguerons vos informations personnelles si la loi l&rsquo;exige ou si une citation \u00e0 compara\u00eetre l&rsquo;exige.<\/p>\n\n\n\n<p><strong>Modification de cette politique de confidentialit\u00e9<\/strong><\/p>\n\n\n\n<p>Nous pouvons mettre \u00e0 jour notre politique de confidentialit\u00e9 de temps \u00e0 autre. Nous vous informerons de toute modification en publiant la nouvelle politique de confidentialit\u00e9 sur cette page.<\/p>\n\n\n\n<p>Nous vous conseillons de consulter r\u00e9guli\u00e8rement cette politique de confidentialit\u00e9 pour prendre connaissance de toute modification. Les modifications de cette politique de confidentialit\u00e9 entrent en vigueur d\u00e8s leur publication sur cette page.<\/p>\n\n\n\n<p><strong>Contactez-nous<\/strong><\/p>\n\n\n\n<p>Si vous avez des questions concernant cette politique de confidentialit\u00e9, veuillez nous contacter.<\/p>\n","protected":false},"excerpt":{"rendered":"<p>Bomedia SL (\u00ab\u00a0nous\u00a0\u00bb, \u00ab\u00a0nous\u00a0\u00bb ou \u00ab\u00a0notre\u00a0\u00bb) exploite le site web des MBO Printres &nbsp;(le \u00ab\u00a0Service\u00a0\u00bb). Cette page vous informe de nos politiques en mati\u00e8re de collecte, d&rsquo;utilisation et de divulgation des informations personnelles lorsque vous utilisez notre Service. Nous n&rsquo;utiliserons<\/p>\n","protected":false},"author":1,"featured_media":0,"parent":0,"menu_order":0,"comment_status":"closed","ping_status":"closed","template":"","meta":{"footnotes":""},"class_list":["post-2327","page","type-page","status-publish","hentry"],"translation":{"provider":"WPGlobus","version":"3.0.0","language":"fr","enabled_languages":["es","en","de","fr"],"languages":{"es":{"title":true,"content":true,"excerpt":false},"en":{"title":true,"content":true,"excerpt":false},"de":{"title":true,"content":true,"excerpt":false},"fr":{"title":true,"content":true,"excerpt":false}}},"_links":{"self":[{"href":"https:\/\/mboprinters.com\/fr\/wp-json\/wp\/v2\/pages\/2327","targetHints":{"allow":["GET"]}}],"collection":[{"href":"https:\/\/mboprinters.com\/fr\/wp-json\/wp\/v2\/pages"}],"about":[{"href":"https:\/\/mboprinters.com\/fr\/wp-json\/wp\/v2\/types\/page"}],"author":[{"embeddable":true,"href":"https:\/\/mboprinters.com\/fr\/wp-json\/wp\/v2\/users\/1"}],"replies":[{"embeddable":true,"href":"https:\/\/mboprinters.com\/fr\/wp-json\/wp\/v2\/comments?post=2327"}],"version-history":[{"count":16,"href":"https:\/\/mboprinters.com\/fr\/wp-json\/wp\/v2\/pages\/2327\/revisions"}],"predecessor-version":[{"id":3310,"href":"https:\/\/mboprinters.com\/fr\/wp-json\/wp\/v2\/pages\/2327\/revisions\/3310"}],"wp:attachment":[{"href":"https:\/\/mboprinters.com\/fr\/wp-json\/wp\/v2\/media?parent=2327"}],"curies":[{"name":"wp","href":"https:\/\/api.w.org\/{rel}","templated":true}]}}