{"id":3277,"date":"2023-02-08T05:55:37","date_gmt":"2023-02-08T05:55:37","guid":{"rendered":"https:\/\/mboprinters.com\/?page_id=3277"},"modified":"2023-02-08T06:10:21","modified_gmt":"2023-02-08T06:10:21","slug":"cookies","status":"publish","type":"page","link":"https:\/\/mboprinters.com\/fr\/cookies","title":{"rendered":"<strong>Politique de cookies<\/strong>"},"content":{"rendered":"\n<p>Politique de protection des donn\u00e9es Aux fins de la conformit\u00e9 avec ce qui est pr\u00e9vu par la loi organique 15\/1999 du 13 d\u00e9cembre sur la protection des donn\u00e9es \u00e0 caract\u00e8re personnel, nous vous informons que les donn\u00e9es que vous fournissez, y compris l&rsquo;adresse IP de l&rsquo;ordinateur \u00e0 partir duquel vous acc\u00e9dez, seront incluses dans un fichier appartenant \u00e0 mboprinters.com (BOMEDIA SL) et seront utilis\u00e9es uniquement pour la gestion des commandes et le suivi des statistiques d&rsquo;acc\u00e8s \u00e0 notre site web.<\/p>\n\n\n\n<p>En envoyant les informations ci-dessus, vous donnez votre consentement au traitement d\u00e9crit. Vos donn\u00e9es seront trait\u00e9es de mani\u00e8re confidentielle et les mesures techniques ou organisationnelles \u00e9tablies par la l\u00e9gislation en vigueur seront appliqu\u00e9es pour \u00e9viter tout acc\u00e8s, manipulation ou suppression non autoris\u00e9, sans \u00eatre transmises \u00e0 d&rsquo;autres entreprises ou personnes.<\/p>\n\n\n\n<p>Cependant, vous pouvez \u00e0 tout moment exercer vos droits d&rsquo;acc\u00e8s, de suppression ou de rectification en relation avec ces donn\u00e9es en les demandant \u00e0 l&rsquo;adresse <a href=\"mailto:info@mboprinters.com\">info@mboprinters.com<\/a><\/p>\n\n\n\n<p><strong>Politique de cookies <\/strong><\/p>\n\n\n\n<p>Les cookies sont un fichier qui est t\u00e9l\u00e9charg\u00e9 sur votre ordinateur lorsque vous acc\u00e9dez \u00e0 certaines pages web. Les cookies permettent \u00e0 une page web, entre autres choses, de stocker et de r\u00e9cup\u00e9rer des informations sur les habitudes de navigation d&rsquo;un utilisateur ou de son ordinateur et, en fonction des informations qu&rsquo;ils contiennent et de la fa\u00e7on dont l&rsquo;ordinateur est utilis\u00e9, peuvent \u00eatre utilis\u00e9s pour reconna\u00eetre l&rsquo;utilisateur. Le navigateur de l&rsquo;utilisateur enregistre les cookies sur le disque dur uniquement pendant la session en cours, en occupant un espace de m\u00e9moire minimum et sans endommager l&rsquo;ordinateur. Les cookies ne contiennent aucune information personnelle sp\u00e9cifique et la plupart d&rsquo;entre eux sont effac\u00e9s du disque dur lorsque la session de navigation est termin\u00e9e (les cookies de session). La plupart des navigateurs acceptent les cookies en tant que standard et, ind\u00e9pendamment de ceux-ci, permettent ou interdisent dans les param\u00e8tres de s\u00e9curit\u00e9 les cookies temporaires ou enregistr\u00e9s. Sans votre consentement expr\u00e8s &#8211; en activant les cookies dans votre navigateur &#8211; Bomedia ne relie pas les donn\u00e9es enregistr\u00e9es dans les cookies \u00e0 vos donn\u00e9es personnelles fournies lors de l&rsquo;enregistrement ou de l&rsquo;achat.<\/p>\n\n\n\n<p><strong>Quelles types de cookies utilise ce site web ?<\/strong><\/p>\n\n\n\n<p>\u2013 Cookies techniques : ce sont ceux qui permettent \u00e0 l&rsquo;utilisateur de naviguer sur une page Web, une plate-forme ou une application et d&rsquo;utiliser les diff\u00e9rentes options ou services qui y existent, comme, par exemple, le contr\u00f4le du trafic et de la communication des donn\u00e9es, l&rsquo;identification de la session , acc\u00e9der \u00e0 des parties \u00e0 acc\u00e8s restreint, m\u00e9moriser les \u00e9l\u00e9ments qui composent une commande, effectuer le processus d&rsquo;achat d&rsquo;une commande, demander une inscription ou une participation \u00e0 un \u00e9v\u00e9nement, utiliser des \u00e9l\u00e9ments de s\u00e9curit\u00e9 lors de la navigation, stocker des contenus pour la diffusion de vid\u00e9os ou de sons ou partager du contenu via les r\u00e9seaux sociaux.<br>\u2013 Cookies de personnalisation : ce sont ceux qui permettent \u00e0 l&rsquo;utilisateur d&rsquo;acc\u00e9der au service avec certaines caract\u00e9ristiques g\u00e9n\u00e9rales pr\u00e9d\u00e9finies en fonction d&rsquo;une s\u00e9rie de crit\u00e8res dans le terminal de l&rsquo;utilisateur, tels que la langue, le type de navigateur par lequel l&rsquo;utilisateur acc\u00e8de au service, la r\u00e9gion configuration \u00e0 partir de laquelle vous acc\u00e9dez au service, etc.<br>\u2013 Cookies d&rsquo;analyse : Ce sont ceux qui, bien trait\u00e9s par nous ou par des tiers, nous permettent de quantifier le nombre d&rsquo;utilisateurs et ainsi d&rsquo;effectuer la mesure et l&rsquo;analyse statistique de l&rsquo;utilisation faite par les utilisateurs du service propos\u00e9. Pour ce faire, votre navigation sur notre site est analys\u00e9e afin d&rsquo;am\u00e9liorer l&rsquo;offre de produits ou services que nous vous proposons.<br>\u2013 Cookies publicitaires : ce sont ceux qui, qu&rsquo;ils soient trait\u00e9s par nous ou par des tiers, nous permettent de g\u00e9rer l&rsquo;offre d&rsquo;espaces publicitaires sur le site de la mani\u00e8re la plus efficace possible, en adaptant le contenu de la publicit\u00e9 au contenu du service demand\u00e9 ou \u00e0 l&rsquo;utilisation que vous faites de notre site Web. Pour ce faire, nous pouvons analyser vos habitudes de navigation sur Internet et nous pouvons vous montrer des publicit\u00e9s li\u00e9es \u00e0 votre profil de navigation.<br>\u2013 Cookies publicitaires comportementaux : ce sont ceux qui permettent de g\u00e9rer, de la mani\u00e8re la plus efficace possible, les espaces publicitaires que, le cas \u00e9ch\u00e9ant, l&rsquo;\u00e9diteur a inclus dans une page Web, une application ou une plateforme \u00e0 partir de laquelle le service demand\u00e9 est fourni. Ces cookies stockent des informations sur le comportement des utilisateurs obtenues gr\u00e2ce \u00e0 l&rsquo;observation continue de leurs habitudes de navigation, ce qui permet le d\u00e9veloppement d&rsquo;un profil sp\u00e9cifique pour afficher des publicit\u00e9s bas\u00e9es sur celui-ci.<br>d&rsquo;Internet.<br>En particulier, ce site Web utilise Google Analytics, un service d&rsquo;analyse Web fourni par Google, Inc. domicili\u00e9 aux \u00c9tats-Unis dont le si\u00e8ge social est situ\u00e9 au 1600 Amphitheatre Parkway, Mountain View, Californie 94043. Pour la fourniture de ces services, ils utilisent des cookies qui collectent des informations , y compris l&rsquo;adresse IP de l&rsquo;utilisateur, qui seront transmises, trait\u00e9es et stock\u00e9es par Google dans les conditions d\u00e9finies sur le site Google.com. Y compris la transmission \u00e9ventuelle desdites informations \u00e0 des tiers pour des raisons d&rsquo;obligation l\u00e9gale ou lorsque lesdits tiers traitent les informations pour le compte de Google.<\/p>\n\n\n\n<p>L&rsquo;Utilisateur accepte express\u00e9ment, en utilisant ce Site, le traitement des informations collect\u00e9es de la mani\u00e8re et aux fins susmentionn\u00e9es. Et vous reconnaissez \u00e9galement conna\u00eetre la possibilit\u00e9 de refuser le traitement de ces donn\u00e9es ou informations en refusant l&rsquo;utilisation de Cookies en s\u00e9lectionnant les param\u00e8tres appropri\u00e9s \u00e0 cet effet dans votre navigateur. Bien que cette option de blocage des cookies dans votre navigateur puisse ne pas vous permettre d&rsquo;utiliser pleinement toutes les fonctionnalit\u00e9s du site Web.<\/p>\n\n\n\n<p>Vous pouvez autoriser, bloquer ou supprimer les cookies install\u00e9s sur votre ordinateur en configurant les options du navigateur install\u00e9 sur votre ordinateur :<br>\u2022 chrom\u00e9<br>\u2022 Explorateur<br>\u2022 Firefox<br>\u2022 Safari<\/p>\n\n\n\n<p>Si vous avez des questions sur cette politique de cookies, vous pouvez contacter Bomedia \u00e0 info@mboprinters.com<\/p>\n","protected":false},"excerpt":{"rendered":"<p>Politique de protection des donn\u00e9es Aux fins de la conformit\u00e9 avec ce qui est pr\u00e9vu par la loi organique 15\/1999 du 13 d\u00e9cembre sur la protection des donn\u00e9es \u00e0 caract\u00e8re personnel, nous vous informons que les donn\u00e9es que vous fournissez,<\/p>\n","protected":false},"author":1,"featured_media":0,"parent":0,"menu_order":0,"comment_status":"closed","ping_status":"closed","template":"","meta":{"footnotes":""},"class_list":["post-3277","page","type-page","status-publish","hentry"],"translation":{"provider":"WPGlobus","version":"3.0.0","language":"fr","enabled_languages":["es","en","de","fr"],"languages":{"es":{"title":true,"content":true,"excerpt":false},"en":{"title":false,"content":true,"excerpt":false},"de":{"title":true,"content":true,"excerpt":false},"fr":{"title":true,"content":true,"excerpt":false}}},"_links":{"self":[{"href":"https:\/\/mboprinters.com\/fr\/wp-json\/wp\/v2\/pages\/3277","targetHints":{"allow":["GET"]}}],"collection":[{"href":"https:\/\/mboprinters.com\/fr\/wp-json\/wp\/v2\/pages"}],"about":[{"href":"https:\/\/mboprinters.com\/fr\/wp-json\/wp\/v2\/types\/page"}],"author":[{"embeddable":true,"href":"https:\/\/mboprinters.com\/fr\/wp-json\/wp\/v2\/users\/1"}],"replies":[{"embeddable":true,"href":"https:\/\/mboprinters.com\/fr\/wp-json\/wp\/v2\/comments?post=3277"}],"version-history":[{"count":7,"href":"https:\/\/mboprinters.com\/fr\/wp-json\/wp\/v2\/pages\/3277\/revisions"}],"predecessor-version":[{"id":3286,"href":"https:\/\/mboprinters.com\/fr\/wp-json\/wp\/v2\/pages\/3277\/revisions\/3286"}],"wp:attachment":[{"href":"https:\/\/mboprinters.com\/fr\/wp-json\/wp\/v2\/media?parent=3277"}],"curies":[{"name":"wp","href":"https:\/\/api.w.org\/{rel}","templated":true}]}}