{"id":3239,"date":"2023-02-01T10:52:05","date_gmt":"2023-02-01T10:52:05","guid":{"rendered":"https:\/\/mboprinters.com\/?post_type=product&#038;p=3239"},"modified":"2025-03-25T09:59:30","modified_gmt":"2025-03-25T09:59:30","slug":"mbo-300-dtf","status":"publish","type":"product","link":"https:\/\/mboprinters.com\/fr\/product\/mbo-300-dtf","title":{"rendered":"Kit MBO 30 DTF"},"content":{"rendered":"\r\n<h2 class=\"has-text-align-center wp-block-heading\"><strong>Kit DTF MBO 30<\/strong><\/h2>\r\n\r\n\r\n\r\n<div class=\"wp-block-columns is-layout-flex wp-container-core-columns-is-layout-9d6595d7 wp-block-columns-is-layout-flex\">\r\n<div class=\"wp-block-column is-vertically-aligned-center is-layout-flow wp-block-column-is-layout-flow\">\r\n<figure class=\"wp-block-image size-full\"><img decoding=\"async\" width=\"800\" height=\"800\" src=\"https:\/\/mboprinters.com\/wp-content\/uploads\/2025\/03\/dtf30mbo.jpg\" alt=\"\" class=\"wp-image-3424\" srcset=\"https:\/\/mboprinters.com\/wp-content\/uploads\/2025\/03\/dtf30mbo.jpg 800w, https:\/\/mboprinters.com\/wp-content\/uploads\/2025\/03\/dtf30mbo-300x300.jpg 300w, https:\/\/mboprinters.com\/wp-content\/uploads\/2025\/03\/dtf30mbo-150x150.jpg 150w, https:\/\/mboprinters.com\/wp-content\/uploads\/2025\/03\/dtf30mbo-768x768.jpg 768w, https:\/\/mboprinters.com\/wp-content\/uploads\/2025\/03\/dtf30mbo-270x270.jpg 270w, https:\/\/mboprinters.com\/wp-content\/uploads\/2025\/03\/dtf30mbo-230x230.jpg 230w, https:\/\/mboprinters.com\/wp-content\/uploads\/2025\/03\/dtf30mbo-600x600.jpg 600w, https:\/\/mboprinters.com\/wp-content\/uploads\/2025\/03\/dtf30mbo-100x100.jpg 100w\" sizes=\"(max-width: 800px) 100vw, 800px\" \/><\/figure>\r\n<\/div>\r\n\r\n\r\n\r\n<div class=\"wp-block-column is-vertically-aligned-top is-layout-flow wp-block-column-is-layout-flow\">\r\n<p>Le Kit DTF MBO 30 est une solution professionnelle et compacte d\u2019impression directe sur film (DTF), con\u00e7ue pour offrir des r\u00e9sultats de qualit\u00e9 sur une grande vari\u00e9t\u00e9 de textiles. Id\u00e9al pour les petites et moyennes productions, il allie performance, automatisation et simplicit\u00e9 d\u2019utilisation.<\/p>\r\n\r\n\r\n\r\n<div style=\"height:11px\" aria-hidden=\"true\" class=\"wp-block-spacer\"><\/div>\r\n\r\n\r\n\r\n<div class=\"wp-block-columns is-layout-flex wp-container-core-columns-is-layout-9d6595d7 wp-block-columns-is-layout-flex\">\r\n<div class=\"wp-block-column is-layout-flow wp-block-column-is-layout-flow\">\r\n<h5 class=\"has-text-align-center wp-block-heading\">DEMANDEZ DES \u00c9CHANTILLONS D\u2019IMPRESSION OU UNE D\u00c9MONSTRATION DU PRODUIT<\/h5>\r\n<\/div>\r\n\r\n\r\n\r\n<div class=\"wp-block-column is-layout-flow wp-block-column-is-layout-flow\">\r\n<div class=\"wp-block-buttons is-layout-flex wp-block-buttons-is-layout-flex\">\r\n<div class=\"wp-block-button has-custom-width wp-block-button__width-100 has-custom-font-size has-medium-font-size\"><a class=\"wp-block-button__link has-white-color has-text-color has-background wp-element-button\" href=\"https:\/\/mboprinters.com\/fr\/contact\" style=\"border-radius:0px;background-color:#257f87\">Plus d\u2019informations<\/a><\/div>\r\n<\/div>\r\n<\/div>\r\n<\/div>\r\n<\/div>\r\n<\/div>\r\n\r\n\r\n\r\n<hr class=\"wp-block-separator has-text-color has-black-color has-css-opacity has-black-background-color has-background is-style-wide\"\/>\r\n\r\n\r\n\r\n<h3 class=\"has-text-align-center wp-block-heading\"><strong>Applications<\/strong><\/h3>\r\n\r\n\r\n\r\n<div style=\"height:31px\" aria-hidden=\"true\" class=\"wp-block-spacer\"><\/div>\r\n\r\n\r\n\r\n<div class=\"wp-block-columns is-layout-flex wp-container-core-columns-is-layout-9d6595d7 wp-block-columns-is-layout-flex\">\r\n<div class=\"wp-block-column is-layout-flow wp-block-column-is-layout-flow\" style=\"flex-basis:50%\">\r\n<figure class=\"wp-block-gallery has-nested-images columns-2 is-cropped wp-block-gallery-1 is-layout-flex wp-block-gallery-is-layout-flex\">\r\n<figure class=\"wp-block-image size-full\"><a href=\"https:\/\/mboprinters.com\/wp-content\/uploads\/2025\/03\/ejemplos-dtf.jpg\"><img decoding=\"async\" width=\"1024\" height=\"1024\" data-id=\"3426\" src=\"https:\/\/mboprinters.com\/wp-content\/uploads\/2025\/03\/ejemplos-dtf.jpg\" alt=\"\" class=\"wp-image-3426\" srcset=\"https:\/\/mboprinters.com\/wp-content\/uploads\/2025\/03\/ejemplos-dtf.jpg 1024w, https:\/\/mboprinters.com\/wp-content\/uploads\/2025\/03\/ejemplos-dtf-300x300.jpg 300w, https:\/\/mboprinters.com\/wp-content\/uploads\/2025\/03\/ejemplos-dtf-150x150.jpg 150w, https:\/\/mboprinters.com\/wp-content\/uploads\/2025\/03\/ejemplos-dtf-768x768.jpg 768w, https:\/\/mboprinters.com\/wp-content\/uploads\/2025\/03\/ejemplos-dtf-270x270.jpg 270w, https:\/\/mboprinters.com\/wp-content\/uploads\/2025\/03\/ejemplos-dtf-230x230.jpg 230w, https:\/\/mboprinters.com\/wp-content\/uploads\/2025\/03\/ejemplos-dtf-600x600.jpg 600w, https:\/\/mboprinters.com\/wp-content\/uploads\/2025\/03\/ejemplos-dtf-100x100.jpg 100w\" sizes=\"(max-width: 1024px) 100vw, 1024px\" \/><\/a><\/figure>\r\n<\/figure>\r\n<\/div>\r\n\r\n\r\n\r\n<div class=\"wp-block-column is-layout-flow wp-block-column-is-layout-flow\" style=\"flex-basis:50%\">\r\n<p>Le Kit DTF MBO 30 est la solution parfaite pour une grande vari\u00e9t\u00e9 d\u2019activit\u00e9s et de projets li\u00e9s \u00e0 la personnalisation textile :<\/p>\r\n\r\n\r\n\r\n<ul class=\"wp-block-list\">\r\n<li><strong>Entreprises de personnalisation textile<\/strong> : Id\u00e9al pour produire des t-shirts, casquettes et uniformes personnalis\u00e9s avec des finitions professionnelles.<\/li>\r\n\r\n\r\n\r\n<li><strong>Ateliers de s\u00e9rigraphie<\/strong> : Un excellent compl\u00e9ment pour \u00e9largir l\u2019offre de services avec des designs d\u00e9taill\u00e9s et color\u00e9s gr\u00e2ce \u00e0 la technologie DTF.<\/li>\r\n\r\n\r\n\r\n<li><strong>Entreprises de merchandising<\/strong> : Parfait pour cr\u00e9er des produits promotionnels en grands volumes ou petites s\u00e9ries avec une qualit\u00e9 sup\u00e9rieure.<\/li>\r\n\r\n\r\n\r\n<li><strong>Clubs sportifs et \u00e9tablissements \u00e9ducatifs<\/strong> : Personnalisez des uniformes, v\u00eatements de sport et accessoires avec des logos et designs durables.<\/li>\r\n\r\n\r\n\r\n<li><strong>Entrepreneurs et cr\u00e9ateurs de mode<\/strong> : Facilite la production de collections uniques et personnalis\u00e9es pour les petites entreprises.<\/li>\r\n<\/ul>\r\n\r\n\r\n\r\n<p>Gr\u00e2ce \u00e0 sa capacit\u00e9 d\u2019impression sur divers mat\u00e9riaux et sa facilit\u00e9 d\u2019utilisation, ce kit est un outil essentiel pour se d\u00e9marquer sur le march\u00e9 de la personnalisation textile.<\/p>\r\n<\/div>\r\n<\/div>\r\n\r\n\r\n\r\n<div class=\"wp-block-columns is-layout-flex wp-container-core-columns-is-layout-9d6595d7 wp-block-columns-is-layout-flex\">\r\n<div class=\"wp-block-column is-layout-flow wp-block-column-is-layout-flow\">\r\n<h3 class=\"wp-block-heading\"><strong>Avantages et atouts<\/strong><\/h3>\r\n\r\n\r\n\r\n<ul class=\"wp-block-list\">\r\n<li><strong>Double t\u00eate d\u2019impression Epson F1080 \/ XP600<\/strong><\/li>\r\n\r\n\r\n\r\n<li>R\u00e9solution jusqu\u2019\u00e0 2880 dpi pour une pr\u00e9cision maximale et des couleurs intenses.<\/li>\r\n\r\n\r\n\r\n<li><strong>Largeur d\u2019impression<\/strong><\/li>\r\n\r\n\r\n\r\n<li>Jusqu\u2019\u00e0 35 cm (A3) ou 45 cm (A2), id\u00e9ale pour la plupart des supports textiles.<\/li>\r\n\r\n\r\n\r\n<li><strong>Four de s\u00e9chage int\u00e9gr\u00e9 avec agitateur automatique de poudre<\/strong><\/li>\r\n\r\n\r\n\r\n<li>Fixation homog\u00e8ne de l\u2019adh\u00e9sif pour une durabilit\u00e9 accrue.<\/li>\r\n\r\n\r\n\r\n<li><strong>Syst\u00e8me d\u2019encre pigmentaire DTF (C\/M\/J\/N\/B)<\/strong><\/li>\r\n\r\n\r\n\r\n<li>Avec circulation d\u2019encre blanche pour \u00e9viter l\u2019obstruction des t\u00eates.<\/li>\r\n\r\n\r\n\r\n<li><strong>Automatisation compl\u00e8te<\/strong><\/li>\r\n\r\n\r\n\r\n<li>Alimentation du film et application de poudre sans intervention manuelle.<\/li>\r\n\r\n\r\n\r\n<li><strong>Temp\u00e9rature r\u00e9glable (30 \u00b0C \u2013 170 \u00b0C)<\/strong><\/li>\r\n\r\n\r\n\r\n<li>Pour un contr\u00f4le optimal du processus de s\u00e9chage.<\/li>\r\n\r\n\r\n\r\n<li><strong>Interface utilisateur intuitive<\/strong><\/li>\r\n\r\n\r\n\r\n<li>\u00c9quip\u00e9e d\u2019un bouton d\u2019arr\u00eat d\u2019urgence et d\u2019une alarme de niveau d\u2019encre.<\/li>\r\n<\/ul>\r\n<\/div>\r\n\r\n\r\n\r\n<div class=\"wp-block-column is-layout-flow wp-block-column-is-layout-flow\">\r\n<figure class=\"wp-block-image size-full\"><img decoding=\"async\" width=\"719\" height=\"440\" src=\"https:\/\/mboprinters.com\/wp-content\/uploads\/2025\/03\/Captura-de-pantalla-2025-02-18-a-las-11.35.18.jpg\" alt=\"\" class=\"wp-image-3425\" srcset=\"https:\/\/mboprinters.com\/wp-content\/uploads\/2025\/03\/Captura-de-pantalla-2025-02-18-a-las-11.35.18.jpg 719w, https:\/\/mboprinters.com\/wp-content\/uploads\/2025\/03\/Captura-de-pantalla-2025-02-18-a-las-11.35.18-300x184.jpg 300w, https:\/\/mboprinters.com\/wp-content\/uploads\/2025\/03\/Captura-de-pantalla-2025-02-18-a-las-11.35.18-600x367.jpg 600w\" sizes=\"(max-width: 719px) 100vw, 719px\" \/><\/figure>\r\n<\/div>\r\n<\/div>\r\n\r\n\r\n\r\n<hr class=\"wp-block-separator has-text-color has-black-color has-css-opacity has-black-background-color has-background is-style-wide\"\/>\r\n\r\n\r\n\r\n<div class=\"wp-block-columns is-layout-flex wp-container-core-columns-is-layout-9d6595d7 wp-block-columns-is-layout-flex\">\r\n<div class=\"wp-block-column is-layout-flow wp-block-column-is-layout-flow\">\r\n<h3 class=\"has-text-align-center wp-block-heading\">Processus de production DTF<\/h3>\r\n\r\n\r\n\r\n<div style=\"height:54px\" aria-hidden=\"true\" class=\"wp-block-spacer\"><\/div>\r\n\r\n\r\n\r\n<div class=\"wp-block-columns is-layout-flex wp-container-core-columns-is-layout-9d6595d7 wp-block-columns-is-layout-flex\">\r\n<div class=\"wp-block-column editorskit-no-mobile is-layout-flow wp-block-column-is-layout-flow\" style=\"flex-basis:10%\">\r\n<figure class=\"wp-block-image size-full\"><img decoding=\"async\" width=\"512\" height=\"512\" src=\"https:\/\/mboprinters.com\/wp-content\/uploads\/2022\/04\/3159310.png\" alt=\"\" class=\"wp-image-2500\" srcset=\"https:\/\/mboprinters.com\/wp-content\/uploads\/2022\/04\/3159310.png 512w, https:\/\/mboprinters.com\/wp-content\/uploads\/2022\/04\/3159310-300x300.png 300w, https:\/\/mboprinters.com\/wp-content\/uploads\/2022\/04\/3159310-150x150.png 150w, https:\/\/mboprinters.com\/wp-content\/uploads\/2022\/04\/3159310-270x270.png 270w, https:\/\/mboprinters.com\/wp-content\/uploads\/2022\/04\/3159310-230x230.png 230w, https:\/\/mboprinters.com\/wp-content\/uploads\/2022\/04\/3159310-45x45.png 45w\" sizes=\"(max-width: 512px) 100vw, 512px\" \/><\/figure>\r\n<\/div>\r\n\r\n\r\n\r\n<div class=\"wp-block-column is-layout-flow wp-block-column-is-layout-flow\" style=\"flex-basis:90%\">\r\n<p><strong>Cr\u00e9ation du design<\/strong><strong><br><\/strong>Utilisez Photoshop, Illustrator ou tout autre logiciel pour concevoir votre motif.<\/p>\r\n<\/div>\r\n<\/div>\r\n\r\n\r\n\r\n<div class=\"wp-block-columns is-layout-flex wp-container-core-columns-is-layout-9d6595d7 wp-block-columns-is-layout-flex\">\r\n<div class=\"wp-block-column editorskit-no-mobile is-layout-flow wp-block-column-is-layout-flow\" style=\"flex-basis:10%\">\r\n<figure class=\"wp-block-image size-full\"><img decoding=\"async\" width=\"512\" height=\"512\" src=\"https:\/\/mboprinters.com\/wp-content\/uploads\/2022\/04\/1379744.png\" alt=\"\" class=\"wp-image-2501\" srcset=\"https:\/\/mboprinters.com\/wp-content\/uploads\/2022\/04\/1379744.png 512w, https:\/\/mboprinters.com\/wp-content\/uploads\/2022\/04\/1379744-300x300.png 300w, https:\/\/mboprinters.com\/wp-content\/uploads\/2022\/04\/1379744-150x150.png 150w, https:\/\/mboprinters.com\/wp-content\/uploads\/2022\/04\/1379744-270x270.png 270w, https:\/\/mboprinters.com\/wp-content\/uploads\/2022\/04\/1379744-230x230.png 230w, https:\/\/mboprinters.com\/wp-content\/uploads\/2022\/04\/1379744-45x45.png 45w\" sizes=\"(max-width: 512px) 100vw, 512px\" \/><\/figure>\r\n<\/div>\r\n\r\n\r\n\r\n<div class=\"wp-block-column is-layout-flow wp-block-column-is-layout-flow\" style=\"flex-basis:90%\">\r\n<p><strong>Impression du design<\/strong><strong><br><\/strong>R\u00e9glez les param\u00e8tres de l\u2019imprimante dans le logiciel RIP et utilisez notre imprimante et nos encres pour imprimer votre motif.<\/p>\r\n<\/div>\r\n<\/div>\r\n\r\n\r\n\r\n<div class=\"wp-block-columns is-layout-flex wp-container-core-columns-is-layout-9d6595d7 wp-block-columns-is-layout-flex\">\r\n<div class=\"wp-block-column editorskit-no-mobile is-layout-flow wp-block-column-is-layout-flow\" style=\"flex-basis:10%\">\r\n<figure class=\"wp-block-image size-full\"><img decoding=\"async\" width=\"512\" height=\"512\" src=\"https:\/\/mboprinters.com\/wp-content\/uploads\/2022\/04\/1501060.png\" alt=\"\" class=\"wp-image-2502\" srcset=\"https:\/\/mboprinters.com\/wp-content\/uploads\/2022\/04\/1501060.png 512w, https:\/\/mboprinters.com\/wp-content\/uploads\/2022\/04\/1501060-300x300.png 300w, https:\/\/mboprinters.com\/wp-content\/uploads\/2022\/04\/1501060-150x150.png 150w, https:\/\/mboprinters.com\/wp-content\/uploads\/2022\/04\/1501060-270x270.png 270w, https:\/\/mboprinters.com\/wp-content\/uploads\/2022\/04\/1501060-230x230.png 230w, https:\/\/mboprinters.com\/wp-content\/uploads\/2022\/04\/1501060-45x45.png 45w\" sizes=\"(max-width: 512px) 100vw, 512px\" \/><\/figure>\r\n<\/div>\r\n\r\n\r\n\r\n<div class=\"wp-block-column is-layout-flow wp-block-column-is-layout-flow\" style=\"flex-basis:90%\">\r\n<p><strong>Fixation avec poudre<\/strong><strong><br><\/strong>Allumez l\u2019interrupteur de la machine \u00e0 saupoudrer, celle-ci pulv\u00e9risera automatiquement, s\u00e9chera et fixera la couleur.<\/p>\r\n<\/div>\r\n<\/div>\r\n\r\n\r\n\r\n<div class=\"wp-block-columns is-layout-flex wp-container-core-columns-is-layout-9d6595d7 wp-block-columns-is-layout-flex\">\r\n<div class=\"wp-block-column editorskit-no-mobile is-layout-flow wp-block-column-is-layout-flow\" style=\"flex-basis:10%\">\r\n<figure class=\"wp-block-image size-full\"><img decoding=\"async\" width=\"512\" height=\"512\" src=\"https:\/\/mboprinters.com\/wp-content\/uploads\/2022\/04\/3977851.png\" alt=\"\" class=\"wp-image-2503\" srcset=\"https:\/\/mboprinters.com\/wp-content\/uploads\/2022\/04\/3977851.png 512w, https:\/\/mboprinters.com\/wp-content\/uploads\/2022\/04\/3977851-300x300.png 300w, https:\/\/mboprinters.com\/wp-content\/uploads\/2022\/04\/3977851-150x150.png 150w, https:\/\/mboprinters.com\/wp-content\/uploads\/2022\/04\/3977851-270x270.png 270w, https:\/\/mboprinters.com\/wp-content\/uploads\/2022\/04\/3977851-230x230.png 230w, https:\/\/mboprinters.com\/wp-content\/uploads\/2022\/04\/3977851-45x45.png 45w\" sizes=\"(max-width: 512px) 100vw, 512px\" \/><\/figure>\r\n<\/div>\r\n\r\n\r\n\r\n<div class=\"wp-block-column is-layout-flow wp-block-column-is-layout-flow\" style=\"flex-basis:90%\">\r\n<p><strong>Presse \u00e0 chaud<\/strong><strong><br><\/strong>Utilisez une presse \u00e0 chaud, r\u00e9glez la temp\u00e9rature \u00e0 180 \u00b0C et attendez 15 secondes pour effectuer le transfert.<\/p>\r\n<\/div>\r\n<\/div>\r\n<\/div>\r\n\r\n\r\n\r\n<div class=\"wp-block-column is-vertically-aligned-center is-layout-flow wp-block-column-is-layout-flow\">\r\n<figure class=\"wp-block-embed is-type-video is-provider-vimeo wp-block-embed-vimeo wp-embed-aspect-16-9 wp-has-aspect-ratio\"><div class=\"wp-block-embed__wrapper\">\r\n<iframe loading=\"lazy\" title=\"Textil DTF Printers - MBO Printers\" src=\"https:\/\/player.vimeo.com\/video\/1045617190?dnt=1&amp;app_id=122963\" width=\"640\" height=\"352\" frameborder=\"0\" allow=\"autoplay; fullscreen; picture-in-picture; clipboard-write; encrypted-media\"><\/iframe>\r\n<\/div><\/figure>\r\n<\/div>\r\n<\/div>\r\n\r\n\r\n\r\n<hr class=\"wp-block-separator has-text-color has-black-color has-css-opacity has-black-background-color has-background is-style-wide\"\/>\r\n\r\n\r\n\r\n<div class=\"wp-block-columns is-layout-flex wp-container-core-columns-is-layout-9d6595d7 wp-block-columns-is-layout-flex\">\r\n<div class=\"wp-block-column is-vertically-aligned-center is-layout-flow wp-block-column-is-layout-flow\">\r\n<h3 class=\"wp-block-heading\"><strong>Caract\u00e9ristiques de l\u2019Imprimante MBO 30-DTF<\/strong><\/h3>\r\n\r\n\r\n\r\n<figure class=\"wp-block-table\"><table><thead><tr><th><strong>Cat\u00e9gorie<\/strong><\/th><th><strong>Sp\u00e9cification<\/strong><\/th><\/tr><\/thead><tbody><tr><td>Largeur d\u2019impression max.<\/td><td>35 cm (A3) \/ 45 cm (A2)<\/td><\/tr><tr><td>T\u00eate d\u2019impression<\/td><td>Double Epson F1080 \/ XP600<\/td><\/tr><tr><td>R\u00e9solution maximale<\/td><td>Jusqu\u2019\u00e0 2880 dpi<\/td><\/tr><tr><td>Vitesse d\u2019impression<\/td><td>100 \u00e0 200 t-shirts par heure<\/td><\/tr><tr><td>Syst\u00e8me d\u2019encre<\/td><td>Pigment textile C\/M\/J\/N\/B avec circulation d\u2019encre blanche<\/td><\/tr><tr><td>Interface de connexion<\/td><td>USB 3.0<\/td><\/tr><tr><td>Logiciel d\u2019impression<\/td><td>Riprint, Cadlink, Photoprint<\/td><\/tr><tr><td>Conditions environnementales<\/td><td>Temp\u00e9rature : 20-28\u00b0C \/ Humidit\u00e9 : 65%-75%<\/td><\/tr><tr><td>Alimentation \u00e9lectrique<\/td><td>220V \/ 110V, 50Hz \/ 60Hz<\/td><\/tr><tr><td>Syst\u00e8me de s\u00e9curit\u00e9<\/td><td>Bouton d\u2019arr\u00eat d\u2019urgence<\/td><\/tr><tr><td>Alimentation du film<\/td><td>Automatique, avec ajustement d\u2019alignement<\/td><\/tr><\/tbody><\/table><\/figure>\r\n<\/div>\r\n\r\n\r\n\r\n<div class=\"wp-block-column is-layout-flow wp-block-column-is-layout-flow\">\r\n<h3 class=\"wp-block-heading\"><strong>Caract\u00e9ristiques du Four de S\u00e9chage avec Agitateur de Poudre<\/strong><\/h3>\r\n\r\n\r\n\r\n<figure class=\"wp-block-table\"><table><thead><tr><th><strong>Cat\u00e9gorie<\/strong><\/th><th><strong>Sp\u00e9cification<\/strong><\/th><\/tr><\/thead><tbody><tr><td>Fonctions<\/td><td>S\u00e9chage et fusion de la poudre adh\u00e9sive DTF<\/td><\/tr><tr><td>Temp\u00e9rature r\u00e9glable<\/td><td>30\u00b0C &#8211; 170\u00b0C<\/td><\/tr><tr><td>Contr\u00f4le de temp\u00e9rature<\/td><td>Thermostat num\u00e9rique avec \u00e9cran<\/td><\/tr><tr><td>Syst\u00e8me d\u2019agitation<\/td><td>Automatique, avec distribution uniforme de la poudre<\/td><\/tr><tr><td>Puissance<\/td><td>3400W<\/td><\/tr><tr><td>Alimentation \u00e9lectrique<\/td><td>220V \/ 110V, 50Hz \/ 60Hz<\/td><\/tr><tr><td>Dimensions<\/td><td>Compatibles avec l\u2019imprimante MBO 30-DTF<\/td><\/tr><tr><td>Compatibilit\u00e9<\/td><td>Films DTF standards, s\u00e9chage homog\u00e8ne<\/td><\/tr><\/tbody><\/table><\/figure>\r\n<\/div>\r\n<\/div>\r\n\r\n\r\n\r\n<hr class=\"wp-block-separator has-text-color has-black-color has-css-opacity has-black-background-color has-background is-style-wide\"\/>\r\n\r\n\r\n\r\n<div style=\"height:15px\" aria-hidden=\"true\" class=\"wp-block-spacer\"><\/div>\r\n\r\n\r\n\r\n<div class=\"wp-block-buttons is-horizontal is-content-justification-center is-layout-flex wp-container-core-buttons-is-layout-499968f5 wp-block-buttons-is-layout-flex\">\r\n<div class=\"wp-block-button has-custom-font-size has-medium-font-size\"><a class=\"wp-block-button__link has-white-color has-text-color has-background wp-element-button\" href=\"https:\/\/mboprinters.com\/fr\/contact\" style=\"border-radius:0px;background-color:#257f87\">Plus d\u2019informations<\/a><\/div>\r\n<\/div>\r\n","protected":false},"excerpt":{"rendered":"<p class=\"\" data-start=\"695\" data-end=\"1068\">Transformez votre activit\u00e9 avec le Kit DTF MBO 30, un pack complet qui comprend une imprimante DTF \u00e0 double t\u00eate Epson, un four de s\u00e9chage avec agitateur de poudre, ainsi qu\u2019un syst\u00e8me d\u2019encrage optimis\u00e9. Il permet d\u2019imprimer des motifs pr\u00e9cis, \u00e9clatants et durables sur des textiles vari\u00e9s tels que le coton, le polyester, le lin, l\u2019acrylique, le denim ou encore le nylon.<\/p>\n<p>&nbsp;<\/p>\n<p><!-- wp:buttons --><\/p>\n<div class=\"wp-block-buttons\">\n<div class=\"wp-block-button has-custom-width wp-block-button__width-100 has-custom-font-size has-medium-font-size\"><a class=\"wp-block-button__link has-white-color has-text-color has-background wp-element-button\" style=\"border-radius: 0px; background-color: #257f87;\" href=\"https:\/\/mboprinters.com\/fr\/contact\">Plus d&#039;information<\/a><\/div>\n<\/div>\n<div>\u00a0<\/div>\n<p style=\"padding-left: 80px;\">D\u00e9lai de livraison approximatif : 2 \u00e0 12 semaines<\/p>\n","protected":false},"featured_media":3427,"comment_status":"closed","ping_status":"closed","template":"","meta":[],"product_brand":[],"product_cat":[78],"product_tag":[],"class_list":{"0":"post-3239","1":"product","2":"type-product","3":"status-publish","4":"has-post-thumbnail","6":"product_cat-dtf-textil","8":"first","9":"instock","10":"taxable","11":"shipping-taxable","12":"product-type-simple"},"translation":{"provider":"WPGlobus","version":"3.0.0","language":"fr","enabled_languages":["es","en","de","fr"],"languages":{"es":{"title":true,"content":true,"excerpt":true},"en":{"title":true,"content":true,"excerpt":true},"de":{"title":true,"content":true,"excerpt":true},"fr":{"title":true,"content":true,"excerpt":true}}},"_links":{"self":[{"href":"https:\/\/mboprinters.com\/fr\/wp-json\/wp\/v2\/product\/3239","targetHints":{"allow":["GET"]}}],"collection":[{"href":"https:\/\/mboprinters.com\/fr\/wp-json\/wp\/v2\/product"}],"about":[{"href":"https:\/\/mboprinters.com\/fr\/wp-json\/wp\/v2\/types\/product"}],"replies":[{"embeddable":true,"href":"https:\/\/mboprinters.com\/fr\/wp-json\/wp\/v2\/comments?post=3239"}],"wp:featuredmedia":[{"embeddable":true,"href":"https:\/\/mboprinters.com\/fr\/wp-json\/wp\/v2\/media\/3427"}],"wp:attachment":[{"href":"https:\/\/mboprinters.com\/fr\/wp-json\/wp\/v2\/media?parent=3239"}],"wp:term":[{"taxonomy":"product_brand","embeddable":true,"href":"https:\/\/mboprinters.com\/fr\/wp-json\/wp\/v2\/product_brand?post=3239"},{"taxonomy":"product_cat","embeddable":true,"href":"https:\/\/mboprinters.com\/fr\/wp-json\/wp\/v2\/product_cat?post=3239"},{"taxonomy":"product_tag","embeddable":true,"href":"https:\/\/mboprinters.com\/fr\/wp-json\/wp\/v2\/product_tag?post=3239"}],"curies":[{"name":"wp","href":"https:\/\/api.w.org\/{rel}","templated":true}]}}