{"id":3368,"date":"2024-11-07T07:37:00","date_gmt":"2024-11-07T07:37:00","guid":{"rendered":"https:\/\/mboprinters.com\/?post_type=product&#038;p=3368"},"modified":"2024-12-11T09:49:31","modified_gmt":"2024-12-11T09:49:31","slug":"mbo-uv2513","status":"publish","type":"product","link":"https:\/\/mboprinters.com\/fr\/product\/mbo-uv2513","title":{"rendered":"MBO-UV2513"},"content":{"rendered":"<h3><b>Caract\u00e9ristiques physiques<\/b><\/h3>\n<ul>\n<li style=\"font-weight: 400;\" aria-level=\"1\"><span style=\"font-weight: 400;\">Structure enti\u00e8rement en acier, avec une table en alliage d&rsquo;aluminium et des pi\u00e8ces usin\u00e9es.<\/span><\/li>\n<li style=\"font-weight: 400;\" aria-level=\"1\"><span style=\"font-weight: 400;\">3 t\u00eates d\u2019impression de pr\u00e9cision pour une vitesse maximale et une qualit\u00e9 de couleur exceptionnelle.<\/span><\/li>\n<li style=\"font-weight: 400;\" aria-level=\"1\"><span style=\"font-weight: 400;\">4 lampes UV-LED avec syst\u00e8me de refroidissement par eau.<\/span><\/li>\n<li style=\"font-weight: 400;\" aria-level=\"1\"><span style=\"font-weight: 400;\">Zone d\u2019impression de 250 x 125 cm avec une hauteur de 15 cm.<\/span><\/li>\n<li style=\"font-weight: 400;\" aria-level=\"1\"><span style=\"font-weight: 400;\">Syst\u00e8me d\u2019alimentation en encre en vrac pour un entretien et un remplacement faciles.<\/span><\/li>\n<li style=\"font-weight: 400;\" aria-level=\"1\"><span style=\"font-weight: 400;\">Table d&rsquo;aspiration int\u00e9gr\u00e9e pour maintenir le mat\u00e9riau en place.<\/span><\/li>\n<li style=\"font-weight: 400;\" aria-level=\"1\"><span style=\"font-weight: 400;\">Plateau ouvert \u00e0 l&rsquo;avant et \u00e0 l&rsquo;arri\u00e8re pour un chargement et un d\u00e9chargement continus de produits de grande taille.<\/span><\/li>\n<li style=\"font-weight: 400;\" aria-level=\"1\"><span style=\"font-weight: 400;\">Dimensions de l\u2019imprimante : 340 cm (largeur) x 170 cm (longueur) x 130 cm (hauteur) ; poids : environ 1000 kg.<\/span><\/li>\n<\/ul>\n<p>&nbsp;<\/p>\n<p><iframe loading=\"lazy\" title=\"MBO UV2512G UV Led Large printer with Ricoh GEN5 head\" width=\"750\" height=\"422\" src=\"https:\/\/www.youtube.com\/embed\/2dI-Hd0nl28?feature=oembed\" frameborder=\"0\" allow=\"accelerometer; autoplay; clipboard-write; encrypted-media; gyroscope; picture-in-picture; web-share\" referrerpolicy=\"strict-origin-when-cross-origin\" allowfullscreen><\/iframe><\/p>\n<h3><b>Sp\u00e9cifications du mod\u00e8le<\/b><\/h3>\n<ul>\n<li style=\"font-weight: 400;\" aria-level=\"1\"><span style=\"font-weight: 400;\">Mod\u00e8le : MBO-UV2513<\/span><\/li>\n<li style=\"font-weight: 400;\" aria-level=\"1\"><span style=\"font-weight: 400;\">T\u00eate d&rsquo;impression : 2 ou 3 t\u00eates Epson TX800 ou 2 t\u00eates DX7 ou DX5<\/span><\/li>\n<li style=\"font-weight: 400;\" aria-level=\"1\"><span style=\"font-weight: 400;\">Encres : CMYK + LC + LM + Blanc + Vernis ou Double CMYK + Blanc + Vernis<\/span><\/li>\n<li style=\"font-weight: 400;\" aria-level=\"1\"><span style=\"font-weight: 400;\">Vitesse d\u2019impression : 5-15 m\u00b2 par heure<\/span><\/li>\n<li style=\"font-weight: 400;\" aria-level=\"1\"><span style=\"font-weight: 400;\">Zone d&rsquo;impression maximale : 250 x 125 cm<\/span><\/li>\n<li style=\"font-weight: 400;\" aria-level=\"1\"><span style=\"font-weight: 400;\">Hauteur d\u2019impression maximale : 12 cm<\/span><\/li>\n<li style=\"font-weight: 400;\" aria-level=\"1\"><span style=\"font-weight: 400;\">Dispositif rotatif : Optionnel<\/span><\/li>\n<li style=\"font-weight: 400;\" aria-level=\"1\"><span style=\"font-weight: 400;\">R\u00e9solution d&rsquo;impression : 360&#215;1080 \/ 360&#215;1440 \/ 720&#215;1080 \/ 720&#215;1440 \/ 720&#215;2160 dpi<\/span><\/li>\n<li style=\"font-weight: 400;\" aria-level=\"1\"><span style=\"font-weight: 400;\">Logiciel RIP : Maintop 6.0 ou Photoprint 19<\/span><\/li>\n<li style=\"font-weight: 400;\" aria-level=\"1\"><span style=\"font-weight: 400;\">Syst\u00e8me de nettoyage : Automatique<\/span><\/li>\n<li style=\"font-weight: 400;\" aria-level=\"1\"><span style=\"font-weight: 400;\">Syst\u00e8me de circulation d\u2019encre blanche : Oui<\/span><\/li>\n<li style=\"font-weight: 400;\" aria-level=\"1\"><span style=\"font-weight: 400;\">Syst\u00e8me de distribution d&rsquo;encre : R\u00e9servoir en vrac avec alarme de niveau bas<\/span><\/li>\n<li style=\"font-weight: 400;\" aria-level=\"1\"><span style=\"font-weight: 400;\">Configuration requise : Windows 7 \/ 10 64 bits<\/span><\/li>\n<li style=\"font-weight: 400;\" aria-level=\"1\"><span style=\"font-weight: 400;\">Port de connexion : USB 2.0 \/ 3.0<\/span><\/li>\n<li style=\"font-weight: 400;\" aria-level=\"1\"><span style=\"font-weight: 400;\">Syst\u00e8me de refroidissement : Refroidissement par eau<\/span><\/li>\n<li style=\"font-weight: 400;\" aria-level=\"1\"><span style=\"font-weight: 400;\">Moteur : Servo Leadshine<\/span><\/li>\n<\/ul>\n<div id='gallery-1' class='gallery galleryid-3368 gallery-columns-3 gallery-size-medium'><figure class='gallery-item'>\n\t\t\t<div class='gallery-icon landscape'>\n\t\t\t\t<a href='https:\/\/mboprinters.com\/fr\/?attachment_id=3371'><img decoding=\"async\" width=\"300\" height=\"200\" src=\"https:\/\/mboprinters.com\/wp-content\/uploads\/2024\/11\/What-are-Acrylic-Prints-300x200.jpg\" class=\"attachment-medium size-medium\" alt=\"\" srcset=\"https:\/\/mboprinters.com\/wp-content\/uploads\/2024\/11\/What-are-Acrylic-Prints-300x200.jpg 300w, https:\/\/mboprinters.com\/wp-content\/uploads\/2024\/11\/What-are-Acrylic-Prints-1024x683.jpg 1024w, https:\/\/mboprinters.com\/wp-content\/uploads\/2024\/11\/What-are-Acrylic-Prints-768x512.jpg 768w, https:\/\/mboprinters.com\/wp-content\/uploads\/2024\/11\/What-are-Acrylic-Prints-600x400.jpg 600w, https:\/\/mboprinters.com\/wp-content\/uploads\/2024\/11\/What-are-Acrylic-Prints.jpg 1536w\" sizes=\"(max-width: 300px) 100vw, 300px\" \/><\/a>\n\t\t\t<\/div><\/figure><figure class='gallery-item'>\n\t\t\t<div class='gallery-icon landscape'>\n\t\t\t\t<a href='https:\/\/mboprinters.com\/fr\/?attachment_id=3370'><img decoding=\"async\" width=\"300\" height=\"188\" src=\"https:\/\/mboprinters.com\/wp-content\/uploads\/2024\/11\/miami10-560x350-1-300x188.jpeg\" class=\"attachment-medium size-medium\" alt=\"\" srcset=\"https:\/\/mboprinters.com\/wp-content\/uploads\/2024\/11\/miami10-560x350-1-300x188.jpeg 300w, https:\/\/mboprinters.com\/wp-content\/uploads\/2024\/11\/miami10-560x350-1.jpeg 560w\" sizes=\"(max-width: 300px) 100vw, 300px\" \/><\/a>\n\t\t\t<\/div><\/figure><figure class='gallery-item'>\n\t\t\t<div class='gallery-icon landscape'>\n\t\t\t\t<a href='https:\/\/mboprinters.com\/fr\/?attachment_id=3369'><img decoding=\"async\" width=\"300\" height=\"200\" src=\"https:\/\/mboprinters.com\/wp-content\/uploads\/2024\/11\/Foam-Board-Printing-Sign-300x200.jpg\" class=\"attachment-medium size-medium\" alt=\"\" srcset=\"https:\/\/mboprinters.com\/wp-content\/uploads\/2024\/11\/Foam-Board-Printing-Sign-300x200.jpg 300w, https:\/\/mboprinters.com\/wp-content\/uploads\/2024\/11\/Foam-Board-Printing-Sign-1024x683.jpg 1024w, https:\/\/mboprinters.com\/wp-content\/uploads\/2024\/11\/Foam-Board-Printing-Sign-768x512.jpg 768w, https:\/\/mboprinters.com\/wp-content\/uploads\/2024\/11\/Foam-Board-Printing-Sign-600x400.jpg 600w, https:\/\/mboprinters.com\/wp-content\/uploads\/2024\/11\/Foam-Board-Printing-Sign.jpg 1269w\" sizes=\"(max-width: 300px) 100vw, 300px\" \/><\/a>\n\t\t\t<\/div><\/figure>\n\t\t<\/div>\n\n<h3><b>Capacit\u00e9 d\u2019encre<\/b><span style=\"font-weight: 400;\">\u00a0<\/span><\/h3>\n<p><span style=\"font-weight: 400;\">Le syst\u00e8me d&rsquo;encre dispose de 18 canaux : 6 pour les couleurs CMYK LC LM, 6 pour le blanc et 6 pour le vernis. Ce syst\u00e8me en vrac limite les recharges, facilitant l\u2019entretien et garantissant un flux continu sans interruption. Les encres d\u00e9gagent peu de gaz, \u00e9vitant ainsi des syst\u00e8mes de ventilation co\u00fbteux. Un set d\u2019encre peut couvrir jusqu&rsquo;\u00e0 100 000 pouces carr\u00e9s.<\/span><\/p>\n<p><b>Encre blanche avec circulation<\/b><span style=\"font-weight: 400;\"> L\u2019encre blanche permet d&rsquo;imprimer directement sur des mat\u00e9riaux sombres ou transparents, soit en blanc uni, soit en base opaque pour les impressions couleur. Avec 6 canaux d\u00e9di\u00e9s au blanc, la quantit\u00e9 peut \u00eatre ajust\u00e9e pour obtenir des effets de d\u00e9grad\u00e9 et d\u2019accentuation des photos.<\/span><\/p>\n<p><b>Fonction de vernis<\/b><span style=\"font-weight: 400;\"> La fonction vernis permet d\u2019obtenir des effets 3D artistiques et des finitions brillantes.<\/span><\/p>\n<p>&nbsp;<\/p>\n<p><img decoding=\"async\" class=\"alignnone wp-image-3372 size-full\" src=\"https:\/\/mboprinters.com\/wp-content\/uploads\/2024\/11\/64983925970db.jpeg\" alt=\"\" width=\"587\" height=\"480\" srcset=\"https:\/\/mboprinters.com\/wp-content\/uploads\/2024\/11\/64983925970db.jpeg 587w, https:\/\/mboprinters.com\/wp-content\/uploads\/2024\/11\/64983925970db-300x245.jpeg 300w\" sizes=\"(max-width: 587px) 100vw, 587px\" \/><\/p>\n<h3><b>Caract\u00e9ristiques de production<\/b><\/h3>\n<p><span style=\"font-weight: 400;\">L\u2019imprimante MBO-UV2513 offre une zone d\u2019impression de 250 x 125 cm et un capteur de hauteur automatique positionnant le plateau \u00e0 une distance optimale de la t\u00eate d&rsquo;impression (1-3 mm) pour une qualit\u00e9 sup\u00e9rieure. Les plateaux interchangeables permettent de passer facilement d\u2019un produit \u00e0 un autre, quelle que soit leur forme ou leur mat\u00e9riau. La vitesse d&rsquo;impression pour un passage complet varie entre 10 minutes (seulement couleur) et 30 minutes (effet en relief \u00e9lev\u00e9). Les lampes UV-LED int\u00e9gr\u00e9es s\u00e8chent instantan\u00e9ment l&rsquo;encre, produisant des impressions durables sur m\u00e9tal, verre, bois, pierre, plastique, tissu, vinyle, et plus encore.<\/span><\/p>\n<h3><b>Logiciel<\/b><\/h3>\n<p><span style=\"font-weight: 400;\">MBO propose le logiciel avanc\u00e9 Maintop RIP (\u00e9galement compatible avec Photoprint), adapt\u00e9 aux besoins de votre entreprise. Le logiciel inclut :<\/span><\/p>\n<ul>\n<li style=\"font-weight: 400;\" aria-level=\"1\"><span style=\"font-weight: 400;\">Param\u00e8tres pr\u00e9d\u00e9finis pour divers substrats<\/span><\/li>\n<li style=\"font-weight: 400;\" aria-level=\"1\"><span style=\"font-weight: 400;\">Contr\u00f4le des fonctions de l\u2019imprimante et des canaux<\/span><\/li>\n<li style=\"font-weight: 400;\" aria-level=\"1\"><span style=\"font-weight: 400;\">Options d\u2019encre blanche \u2013 couverture totale ou application partielle<\/span><\/li>\n<li style=\"font-weight: 400;\" aria-level=\"1\"><span style=\"font-weight: 400;\">Ajustement de la taille des points pour optimiser les impressions sur surfaces courbes ou irr\u00e9guli\u00e8res<\/span><\/li>\n<li style=\"font-weight: 400;\" aria-level=\"1\"><span style=\"font-weight: 400;\">Impression en mode unidirectionnel ou bidirectionnel<\/span><\/li>\n<li style=\"font-weight: 400;\" aria-level=\"1\"><span style=\"font-weight: 400;\">Effet artistique 3D\/relief \u00e9lev\u00e9<\/span><\/li>\n<li style=\"font-weight: 400;\" aria-level=\"1\"><span style=\"font-weight: 400;\">Profils de couleur ICC personnalisables pour am\u00e9liorer la pr\u00e9cision et la constance des couleurs sur diff\u00e9rents mat\u00e9riaux<\/span><\/li>\n<\/ul>\n<h3><b>Service de support et garantie<\/b><\/h3>\n<p><span style=\"font-weight: 400;\">MBO propose une formation \u00e0 distance pour vous et votre \u00e9quipe ainsi qu&rsquo;une assistance lors de l\u2019installation de la MBO-UV2513. L\u2019imprimante est couverte par une garantie d\u2019un an et b\u00e9n\u00e9ficie d\u2019un support technique de premier ordre, accessible par t\u00e9l\u00e9phone, e-mail, chat en direct et visioconf\u00e9rence.<\/span><\/p>\n<p><b>Inclus \u00e0 l\u2019achat<\/b><\/p>\n<ul>\n<li style=\"font-weight: 400;\" aria-level=\"1\"><span style=\"font-weight: 400;\">1 seringue d\u2019entretien<\/span><\/li>\n<li style=\"font-weight: 400;\" aria-level=\"1\"><span style=\"font-weight: 400;\">1 tournevis<\/span><\/li>\n<li style=\"font-weight: 400;\" aria-level=\"1\"><span style=\"font-weight: 400;\">1 filtre de remplacement<\/span><\/li>\n<li style=\"font-weight: 400;\" aria-level=\"1\"><span style=\"font-weight: 400;\">1 bouchon de rechange<\/span><\/li>\n<li style=\"font-weight: 400;\" aria-level=\"1\"><span style=\"font-weight: 400;\">Manuel (t\u00e9l\u00e9chargeable)<\/span><\/li>\n<li style=\"font-weight: 400;\" aria-level=\"1\"><span style=\"font-weight: 400;\">Vid\u00e9o d\u2019installation (d\u00e9mo en ligne)<\/span><\/li>\n<li style=\"font-weight: 400;\" aria-level=\"1\"><span style=\"font-weight: 400;\">Logiciel d\u2019impression (t\u00e9l\u00e9chargeable)<\/span><\/li>\n<li style=\"font-weight: 400;\" aria-level=\"1\"><span style=\"font-weight: 400;\">Logiciel RIP<\/span><\/li>\n<li style=\"font-weight: 400;\" aria-level=\"1\"><span style=\"font-weight: 400;\">C\u00e2bles d\u2019alimentation<\/span><\/li>\n<li style=\"font-weight: 400;\" aria-level=\"1\"><span style=\"font-weight: 400;\">T\u00e9l\u00e9commande USB avec c\u00e2ble<\/span><\/li>\n<li style=\"font-weight: 400;\" aria-level=\"1\"><span style=\"font-weight: 400;\">Garantie limit\u00e9e d\u2019un an<\/span><\/li>\n<\/ul>\n<p><b>Options non incluses<\/b><\/p>\n<ul>\n<li style=\"font-weight: 400;\" aria-level=\"1\"><span style=\"font-weight: 400;\">Encres (compatibles avec d\u2019autres marques, mais la garantie ne couvre pas les dommages caus\u00e9s par des encres de marques tierces)<\/span><\/li>\n<li style=\"font-weight: 400;\" aria-level=\"1\"><span style=\"font-weight: 400;\">Solution de nettoyage<\/span><\/li>\n<li style=\"font-weight: 400;\" aria-level=\"1\"><span style=\"font-weight: 400;\">Dispositif rotatif (pour l\u2019impression sur bouteilles)<\/span><\/li>\n<li style=\"font-weight: 400;\" aria-level=\"1\"><span style=\"font-weight: 400;\">Ordinateur portable sous Windows 7\/10 64 bits avec port USB disponible<\/span><\/li>\n<\/ul>\n","protected":false},"excerpt":{"rendered":"<p><b>Imprimante UV-LED pour impression directe sur substrats<\/b><\/p>\n<p><span style=\"font-weight: 400;\">L\u2019imprimante UV MBO-UV2513 associe une production \u00e0 haute vitesse et une capacit\u00e9 d\u2019impression sup\u00e9rieure, avec une zone d\u2019impression pouvant atteindre 250 x 125 cm et une hauteur maximale de 15 cm. Gr\u00e2ce \u00e0 ses composants industriels, ses t\u00eates d\u2019impression haute performance et sa configuration avanc\u00e9e d\u2019encre UV CMYK LC LM + Blanc + Vernis, elle garantit des impressions \u00e9clatantes et textur\u00e9es sur une large gamme de mat\u00e9riaux.<\/span><\/p>\n","protected":false},"featured_media":3383,"comment_status":"closed","ping_status":"closed","template":"","meta":[],"product_brand":[],"product_cat":[86],"product_tag":[],"class_list":{"0":"post-3368","1":"product","2":"type-product","3":"status-publish","4":"has-post-thumbnail","6":"product_cat-uv-led-bigsize","8":"first","9":"instock","10":"taxable","11":"shipping-taxable","12":"product-type-simple"},"translation":{"provider":"WPGlobus","version":"3.0.0","language":"fr","enabled_languages":["es","en","de","fr"],"languages":{"es":{"title":true,"content":true,"excerpt":true},"en":{"title":true,"content":true,"excerpt":true},"de":{"title":true,"content":true,"excerpt":true},"fr":{"title":true,"content":true,"excerpt":true}}},"_links":{"self":[{"href":"https:\/\/mboprinters.com\/fr\/wp-json\/wp\/v2\/product\/3368","targetHints":{"allow":["GET"]}}],"collection":[{"href":"https:\/\/mboprinters.com\/fr\/wp-json\/wp\/v2\/product"}],"about":[{"href":"https:\/\/mboprinters.com\/fr\/wp-json\/wp\/v2\/types\/product"}],"replies":[{"embeddable":true,"href":"https:\/\/mboprinters.com\/fr\/wp-json\/wp\/v2\/comments?post=3368"}],"wp:featuredmedia":[{"embeddable":true,"href":"https:\/\/mboprinters.com\/fr\/wp-json\/wp\/v2\/media\/3383"}],"wp:attachment":[{"href":"https:\/\/mboprinters.com\/fr\/wp-json\/wp\/v2\/media?parent=3368"}],"wp:term":[{"taxonomy":"product_brand","embeddable":true,"href":"https:\/\/mboprinters.com\/fr\/wp-json\/wp\/v2\/product_brand?post=3368"},{"taxonomy":"product_cat","embeddable":true,"href":"https:\/\/mboprinters.com\/fr\/wp-json\/wp\/v2\/product_cat?post=3368"},{"taxonomy":"product_tag","embeddable":true,"href":"https:\/\/mboprinters.com\/fr\/wp-json\/wp\/v2\/product_tag?post=3368"}],"curies":[{"name":"wp","href":"https:\/\/api.w.org\/{rel}","templated":true}]}}