{"id":3400,"date":"2025-01-10T07:45:42","date_gmt":"2025-01-10T07:45:42","guid":{"rendered":"https:\/\/mboprinters.com\/?post_type=product&#038;p=3400"},"modified":"2025-01-10T09:05:55","modified_gmt":"2025-01-10T09:05:55","slug":"kit-mbo60-dtf","status":"publish","type":"product","link":"https:\/\/mboprinters.com\/fr\/product\/kit-mbo60-dtf","title":{"rendered":"KIT MBO60 DTF"},"content":{"rendered":"\r\n<h2 class=\"has-text-align-center wp-block-heading\"><strong>Kit DTF MBO60<\/strong><\/h2>\r\n\r\n\r\n\r\n<div class=\"wp-block-columns is-layout-flex wp-container-core-columns-is-layout-9d6595d7 wp-block-columns-is-layout-flex\">\r\n<div class=\"wp-block-column is-vertically-aligned-center is-layout-flow wp-block-column-is-layout-flow\">\r\n<figure class=\"wp-block-image size-large\"><img decoding=\"async\" width=\"1024\" height=\"1024\" src=\"https:\/\/mboprinters.com\/wp-content\/uploads\/2025\/01\/dtfmbo60-2-1024x1024.jpg\" alt=\"\" class=\"wp-image-3401\" srcset=\"https:\/\/mboprinters.com\/wp-content\/uploads\/2025\/01\/dtfmbo60-2-1024x1024.jpg 1024w, https:\/\/mboprinters.com\/wp-content\/uploads\/2025\/01\/dtfmbo60-2-300x300.jpg 300w, https:\/\/mboprinters.com\/wp-content\/uploads\/2025\/01\/dtfmbo60-2-150x150.jpg 150w, https:\/\/mboprinters.com\/wp-content\/uploads\/2025\/01\/dtfmbo60-2-768x768.jpg 768w, https:\/\/mboprinters.com\/wp-content\/uploads\/2025\/01\/dtfmbo60-2-270x270.jpg 270w, https:\/\/mboprinters.com\/wp-content\/uploads\/2025\/01\/dtfmbo60-2-230x230.jpg 230w, https:\/\/mboprinters.com\/wp-content\/uploads\/2025\/01\/dtfmbo60-2-600x600.jpg 600w, https:\/\/mboprinters.com\/wp-content\/uploads\/2025\/01\/dtfmbo60-2-100x100.jpg 100w, https:\/\/mboprinters.com\/wp-content\/uploads\/2025\/01\/dtfmbo60-2.jpg 1100w\" sizes=\"(max-width: 1024px) 100vw, 1024px\" \/><\/figure>\r\n<\/div>\r\n\r\n\r\n\r\n<div class=\"wp-block-column is-vertically-aligned-top is-layout-flow wp-block-column-is-layout-flow\">\r\n<p>Transformez votre activit\u00e9 avec le Kit DTF MBO60, une solution compl\u00e8te qui comprend une imprimante, un four applicateur, des encres sp\u00e9cialis\u00e9es et des films de transfert. \u00c9quip\u00e9 des derni\u00e8res technologies, ce kit permet d\u2019imprimer des designs vibrants et durables sur une large gamme de textiles, du coton au polyester. Il est id\u00e9al pour les entreprises de personnalisation textile souhaitant offrir des finitions professionnelles et maximiser leur productivit\u00e9.<\/p>\r\n\r\n\r\n\r\n<div style=\"height:11px\" aria-hidden=\"true\" class=\"wp-block-spacer\"><\/div>\r\n\r\n\r\n\r\n<div class=\"wp-block-columns is-layout-flex wp-container-core-columns-is-layout-9d6595d7 wp-block-columns-is-layout-flex\">\r\n<div class=\"wp-block-column is-layout-flow wp-block-column-is-layout-flow\">\r\n<h5 class=\"has-text-align-center wp-block-heading\">DEMANDEZ DES \u00c9CHANTILLONS D\u2019IMPRESSION OU UNE D\u00c9MONSTRATION DU PRODUIT<\/h5>\r\n<\/div>\r\n\r\n\r\n\r\n<div class=\"wp-block-column is-layout-flow wp-block-column-is-layout-flow\">\r\n<div class=\"wp-block-buttons is-layout-flex wp-block-buttons-is-layout-flex\">\r\n<div class=\"wp-block-button has-custom-width wp-block-button__width-100 has-custom-font-size has-medium-font-size\"><a class=\"wp-block-button__link has-white-color has-text-color has-background wp-element-button\" href=\"https:\/\/mboprinters.com\/fr\/contact\" style=\"border-radius:0px;background-color:#257f87\">Plus d\u2019informations<\/a><\/div>\r\n<\/div>\r\n<\/div>\r\n<\/div>\r\n<\/div>\r\n<\/div>\r\n\r\n\r\n\r\n<hr class=\"wp-block-separator has-text-color has-black-color has-css-opacity has-black-background-color has-background is-style-wide\"\/>\r\n\r\n\r\n\r\n<h3 class=\"has-text-align-center wp-block-heading\"><strong>Applications<\/strong><\/h3>\r\n\r\n\r\n\r\n<div style=\"height:31px\" aria-hidden=\"true\" class=\"wp-block-spacer\"><\/div>\r\n\r\n\r\n\r\n<div class=\"wp-block-columns is-layout-flex wp-container-core-columns-is-layout-9d6595d7 wp-block-columns-is-layout-flex\">\r\n<div class=\"wp-block-column is-layout-flow wp-block-column-is-layout-flow\" style=\"flex-basis:50%\">\r\n<figure class=\"wp-block-gallery has-nested-images columns-2 is-cropped wp-block-gallery-1 is-layout-flex wp-block-gallery-is-layout-flex\">\r\n<figure class=\"wp-block-image size-full\"><a href=\"https:\/\/mboprinters.com\/wp-content\/uploads\/2022\/07\/dtftshirts.jpg\"><img decoding=\"async\" width=\"1000\" height=\"1000\" data-id=\"2729\" src=\"https:\/\/mboprinters.com\/wp-content\/uploads\/2022\/07\/dtftshirts.jpg\" alt=\"\" class=\"wp-image-2729\" srcset=\"https:\/\/mboprinters.com\/wp-content\/uploads\/2022\/07\/dtftshirts.jpg 1000w, https:\/\/mboprinters.com\/wp-content\/uploads\/2022\/07\/dtftshirts-300x300.jpg 300w, https:\/\/mboprinters.com\/wp-content\/uploads\/2022\/07\/dtftshirts-150x150.jpg 150w, https:\/\/mboprinters.com\/wp-content\/uploads\/2022\/07\/dtftshirts-768x768.jpg 768w, https:\/\/mboprinters.com\/wp-content\/uploads\/2022\/07\/dtftshirts-270x270.jpg 270w, https:\/\/mboprinters.com\/wp-content\/uploads\/2022\/07\/dtftshirts-230x230.jpg 230w, https:\/\/mboprinters.com\/wp-content\/uploads\/2022\/07\/dtftshirts-45x45.jpg 45w, https:\/\/mboprinters.com\/wp-content\/uploads\/2022\/07\/dtftshirts-600x600.jpg 600w, https:\/\/mboprinters.com\/wp-content\/uploads\/2022\/07\/dtftshirts-100x100.jpg 100w\" sizes=\"(max-width: 1000px) 100vw, 1000px\" \/><\/a><\/figure>\r\n<\/figure>\r\n<\/div>\r\n\r\n\r\n\r\n<div class=\"wp-block-column is-layout-flow wp-block-column-is-layout-flow\" style=\"flex-basis:50%\">\r\n<p>Le Kit DTF MBO60 est la solution parfaite pour une grande vari\u00e9t\u00e9 d\u2019activit\u00e9s et de projets li\u00e9s \u00e0 la personnalisation textile :<\/p>\r\n\r\n\r\n\r\n<ul class=\"wp-block-list\">\r\n<li><strong>Entreprises de personnalisation textile<\/strong> : Id\u00e9al pour produire des t-shirts, casquettes et uniformes personnalis\u00e9s avec des finitions professionnelles.<\/li>\r\n\r\n\r\n\r\n<li><strong>Ateliers de s\u00e9rigraphie<\/strong> : Un excellent compl\u00e9ment pour \u00e9largir l\u2019offre de services avec des designs d\u00e9taill\u00e9s et color\u00e9s gr\u00e2ce \u00e0 la technologie DTF.<\/li>\r\n\r\n\r\n\r\n<li><strong>Entreprises de merchandising<\/strong> : Parfait pour cr\u00e9er des produits promotionnels en grands volumes ou petites s\u00e9ries avec une qualit\u00e9 sup\u00e9rieure.<\/li>\r\n\r\n\r\n\r\n<li><strong>Clubs sportifs et \u00e9tablissements \u00e9ducatifs<\/strong> : Personnalisez des uniformes, v\u00eatements de sport et accessoires avec des logos et designs durables.<\/li>\r\n\r\n\r\n\r\n<li><strong>Entrepreneurs et cr\u00e9ateurs de mode<\/strong> : Facilite la production de collections uniques et personnalis\u00e9es pour les petites entreprises.<\/li>\r\n<\/ul>\r\n\r\n\r\n\r\n<p>Gr\u00e2ce \u00e0 sa capacit\u00e9 d\u2019impression sur divers mat\u00e9riaux et sa facilit\u00e9 d\u2019utilisation, ce kit est un outil essentiel pour se d\u00e9marquer sur le march\u00e9 de la personnalisation textile.<\/p>\r\n<\/div>\r\n<\/div>\r\n\r\n\r\n\r\n<div class=\"wp-block-columns is-layout-flex wp-container-core-columns-is-layout-9d6595d7 wp-block-columns-is-layout-flex\">\r\n<div class=\"wp-block-column is-layout-flow wp-block-column-is-layout-flow\">\r\n<h3 class=\"wp-block-heading\"><strong>Avantages et atouts<\/strong><\/h3>\r\n\r\n\r\n\r\n<ul class=\"wp-block-list\">\r\n<li><strong>Double t\u00eate d\u2019impression<\/strong><strong><br><\/strong>Maximisez la vitesse et la pr\u00e9cision de chaque design.<\/li>\r\n\r\n\r\n\r\n<li><strong>Polyvalence des mat\u00e9riaux<\/strong><strong><br><\/strong>Imprimez sur coton, polyester et m\u00e9langes, sans compromis sur la qualit\u00e9.<\/li>\r\n\r\n\r\n\r\n<li><strong>Logiciel avanc\u00e9<\/strong><strong><br><\/strong>Le logiciel RIP inclus optimise les couleurs et les images pour des r\u00e9sultats impeccables.<\/li>\r\n\r\n\r\n\r\n<li><strong>Syst\u00e8me d\u2019encre continu<\/strong><strong><br><\/strong>R\u00e9duisez les co\u00fbts et assurez des impressions longues sans interruption.<\/li>\r\n\r\n\r\n\r\n<li><strong>Four int\u00e9gr\u00e9<\/strong><\/li>\r\n\r\n\r\n\r\n<li>Am\u00e9liore le durcissement des transferts pour des designs r\u00e9sistants et durables.<\/li>\r\n<\/ul>\r\n<\/div>\r\n\r\n\r\n\r\n<div class=\"wp-block-column is-layout-flow wp-block-column-is-layout-flow\">\r\n<figure class=\"wp-block-image size-large\"><img decoding=\"async\" width=\"1024\" height=\"1024\" src=\"https:\/\/mboprinters.com\/wp-content\/uploads\/2025\/01\/dtfmbo60-1024x1024.jpg\" alt=\"\" class=\"wp-image-3402\" srcset=\"https:\/\/mboprinters.com\/wp-content\/uploads\/2025\/01\/dtfmbo60-1024x1024.jpg 1024w, https:\/\/mboprinters.com\/wp-content\/uploads\/2025\/01\/dtfmbo60-300x300.jpg 300w, https:\/\/mboprinters.com\/wp-content\/uploads\/2025\/01\/dtfmbo60-150x150.jpg 150w, https:\/\/mboprinters.com\/wp-content\/uploads\/2025\/01\/dtfmbo60-768x768.jpg 768w, https:\/\/mboprinters.com\/wp-content\/uploads\/2025\/01\/dtfmbo60-270x270.jpg 270w, https:\/\/mboprinters.com\/wp-content\/uploads\/2025\/01\/dtfmbo60-230x230.jpg 230w, https:\/\/mboprinters.com\/wp-content\/uploads\/2025\/01\/dtfmbo60-600x600.jpg 600w, https:\/\/mboprinters.com\/wp-content\/uploads\/2025\/01\/dtfmbo60-100x100.jpg 100w, https:\/\/mboprinters.com\/wp-content\/uploads\/2025\/01\/dtfmbo60.jpg 1100w\" sizes=\"(max-width: 1024px) 100vw, 1024px\" \/><\/figure>\r\n<\/div>\r\n<\/div>\r\n\r\n\r\n\r\n<hr class=\"wp-block-separator has-text-color has-black-color has-css-opacity has-black-background-color has-background is-style-wide\"\/>\r\n\r\n\r\n\r\n<div class=\"wp-block-columns is-layout-flex wp-container-core-columns-is-layout-9d6595d7 wp-block-columns-is-layout-flex\">\r\n<div class=\"wp-block-column is-layout-flow wp-block-column-is-layout-flow\">\r\n<h3 class=\"has-text-align-center wp-block-heading\">Processus de production DTF<\/h3>\r\n\r\n\r\n\r\n<div style=\"height:54px\" aria-hidden=\"true\" class=\"wp-block-spacer\"><\/div>\r\n\r\n\r\n\r\n<div class=\"wp-block-columns is-layout-flex wp-container-core-columns-is-layout-9d6595d7 wp-block-columns-is-layout-flex\">\r\n<div class=\"wp-block-column editorskit-no-mobile is-layout-flow wp-block-column-is-layout-flow\" style=\"flex-basis:10%\">\r\n<figure class=\"wp-block-image size-full\"><img decoding=\"async\" width=\"512\" height=\"512\" src=\"https:\/\/mboprinters.com\/wp-content\/uploads\/2022\/04\/3159310.png\" alt=\"\" class=\"wp-image-2500\" srcset=\"https:\/\/mboprinters.com\/wp-content\/uploads\/2022\/04\/3159310.png 512w, https:\/\/mboprinters.com\/wp-content\/uploads\/2022\/04\/3159310-300x300.png 300w, https:\/\/mboprinters.com\/wp-content\/uploads\/2022\/04\/3159310-150x150.png 150w, https:\/\/mboprinters.com\/wp-content\/uploads\/2022\/04\/3159310-270x270.png 270w, https:\/\/mboprinters.com\/wp-content\/uploads\/2022\/04\/3159310-230x230.png 230w, https:\/\/mboprinters.com\/wp-content\/uploads\/2022\/04\/3159310-45x45.png 45w\" sizes=\"(max-width: 512px) 100vw, 512px\" \/><\/figure>\r\n<\/div>\r\n\r\n\r\n\r\n<div class=\"wp-block-column is-layout-flow wp-block-column-is-layout-flow\" style=\"flex-basis:90%\">\r\n<p><strong>Cr\u00e9ation du design<\/strong><strong><br><\/strong>Utilisez Photoshop, Illustrator ou tout autre logiciel pour concevoir votre motif.<\/p>\r\n<\/div>\r\n<\/div>\r\n\r\n\r\n\r\n<div class=\"wp-block-columns is-layout-flex wp-container-core-columns-is-layout-9d6595d7 wp-block-columns-is-layout-flex\">\r\n<div class=\"wp-block-column editorskit-no-mobile is-layout-flow wp-block-column-is-layout-flow\" style=\"flex-basis:10%\">\r\n<figure class=\"wp-block-image size-full\"><img decoding=\"async\" width=\"512\" height=\"512\" src=\"https:\/\/mboprinters.com\/wp-content\/uploads\/2022\/04\/1379744.png\" alt=\"\" class=\"wp-image-2501\" srcset=\"https:\/\/mboprinters.com\/wp-content\/uploads\/2022\/04\/1379744.png 512w, https:\/\/mboprinters.com\/wp-content\/uploads\/2022\/04\/1379744-300x300.png 300w, https:\/\/mboprinters.com\/wp-content\/uploads\/2022\/04\/1379744-150x150.png 150w, https:\/\/mboprinters.com\/wp-content\/uploads\/2022\/04\/1379744-270x270.png 270w, https:\/\/mboprinters.com\/wp-content\/uploads\/2022\/04\/1379744-230x230.png 230w, https:\/\/mboprinters.com\/wp-content\/uploads\/2022\/04\/1379744-45x45.png 45w\" sizes=\"(max-width: 512px) 100vw, 512px\" \/><\/figure>\r\n<\/div>\r\n\r\n\r\n\r\n<div class=\"wp-block-column is-layout-flow wp-block-column-is-layout-flow\" style=\"flex-basis:90%\">\r\n<p><strong>Impression du design<\/strong><strong><br><\/strong>R\u00e9glez les param\u00e8tres de l\u2019imprimante dans le logiciel RIP et utilisez notre imprimante et nos encres pour imprimer votre motif.<\/p>\r\n<\/div>\r\n<\/div>\r\n\r\n\r\n\r\n<div class=\"wp-block-columns is-layout-flex wp-container-core-columns-is-layout-9d6595d7 wp-block-columns-is-layout-flex\">\r\n<div class=\"wp-block-column editorskit-no-mobile is-layout-flow wp-block-column-is-layout-flow\" style=\"flex-basis:10%\">\r\n<figure class=\"wp-block-image size-full\"><img decoding=\"async\" width=\"512\" height=\"512\" src=\"https:\/\/mboprinters.com\/wp-content\/uploads\/2022\/04\/1501060.png\" alt=\"\" class=\"wp-image-2502\" srcset=\"https:\/\/mboprinters.com\/wp-content\/uploads\/2022\/04\/1501060.png 512w, https:\/\/mboprinters.com\/wp-content\/uploads\/2022\/04\/1501060-300x300.png 300w, https:\/\/mboprinters.com\/wp-content\/uploads\/2022\/04\/1501060-150x150.png 150w, https:\/\/mboprinters.com\/wp-content\/uploads\/2022\/04\/1501060-270x270.png 270w, https:\/\/mboprinters.com\/wp-content\/uploads\/2022\/04\/1501060-230x230.png 230w, https:\/\/mboprinters.com\/wp-content\/uploads\/2022\/04\/1501060-45x45.png 45w\" sizes=\"(max-width: 512px) 100vw, 512px\" \/><\/figure>\r\n<\/div>\r\n\r\n\r\n\r\n<div class=\"wp-block-column is-layout-flow wp-block-column-is-layout-flow\" style=\"flex-basis:90%\">\r\n<p><strong>Fixation avec poudre<\/strong><strong><br><\/strong>Allumez l\u2019interrupteur de la machine \u00e0 saupoudrer, celle-ci pulv\u00e9risera automatiquement, s\u00e9chera et fixera la couleur.<\/p>\r\n<\/div>\r\n<\/div>\r\n\r\n\r\n\r\n<div class=\"wp-block-columns is-layout-flex wp-container-core-columns-is-layout-9d6595d7 wp-block-columns-is-layout-flex\">\r\n<div class=\"wp-block-column editorskit-no-mobile is-layout-flow wp-block-column-is-layout-flow\" style=\"flex-basis:10%\">\r\n<figure class=\"wp-block-image size-full\"><img decoding=\"async\" width=\"512\" height=\"512\" src=\"https:\/\/mboprinters.com\/wp-content\/uploads\/2022\/04\/3977851.png\" alt=\"\" class=\"wp-image-2503\" srcset=\"https:\/\/mboprinters.com\/wp-content\/uploads\/2022\/04\/3977851.png 512w, https:\/\/mboprinters.com\/wp-content\/uploads\/2022\/04\/3977851-300x300.png 300w, https:\/\/mboprinters.com\/wp-content\/uploads\/2022\/04\/3977851-150x150.png 150w, https:\/\/mboprinters.com\/wp-content\/uploads\/2022\/04\/3977851-270x270.png 270w, https:\/\/mboprinters.com\/wp-content\/uploads\/2022\/04\/3977851-230x230.png 230w, https:\/\/mboprinters.com\/wp-content\/uploads\/2022\/04\/3977851-45x45.png 45w\" sizes=\"(max-width: 512px) 100vw, 512px\" \/><\/figure>\r\n<\/div>\r\n\r\n\r\n\r\n<div class=\"wp-block-column is-layout-flow wp-block-column-is-layout-flow\" style=\"flex-basis:90%\">\r\n<p><strong>Presse \u00e0 chaud<\/strong><strong><br><\/strong>Utilisez une presse \u00e0 chaud, r\u00e9glez la temp\u00e9rature \u00e0 180 \u00b0C et attendez 15 secondes pour effectuer le transfert.<\/p>\r\n<\/div>\r\n<\/div>\r\n<\/div>\r\n\r\n\r\n\r\n<div class=\"wp-block-column is-vertically-aligned-center is-layout-flow wp-block-column-is-layout-flow\">\r\n<figure class=\"wp-block-embed is-type-video is-provider-vimeo wp-block-embed-vimeo wp-embed-aspect-16-9 wp-has-aspect-ratio\"><div class=\"wp-block-embed__wrapper\">\r\n<iframe loading=\"lazy\" title=\"Textil DTF Printers - MBO Printers\" src=\"https:\/\/player.vimeo.com\/video\/1045617190?dnt=1&amp;app_id=122963\" width=\"640\" height=\"352\" frameborder=\"0\" allow=\"autoplay; fullscreen; picture-in-picture; clipboard-write; encrypted-media\"><\/iframe>\r\n<\/div><\/figure>\r\n<\/div>\r\n<\/div>\r\n\r\n\r\n\r\n<hr class=\"wp-block-separator has-text-color has-black-color has-css-opacity has-black-background-color has-background is-style-wide\"\/>\r\n\r\n\r\n\r\n<div class=\"wp-block-columns is-layout-flex wp-container-core-columns-is-layout-9d6595d7 wp-block-columns-is-layout-flex\">\r\n<div class=\"wp-block-column is-vertically-aligned-center is-layout-flow wp-block-column-is-layout-flow\">\r\n<figure class=\"wp-block-image size-full\"><img decoding=\"async\" width=\"500\" height=\"350\" src=\"https:\/\/mboprinters.com\/wp-content\/uploads\/2022\/04\/I3200-A1-1.png\" alt=\"\" class=\"wp-image-2563\" srcset=\"https:\/\/mboprinters.com\/wp-content\/uploads\/2022\/04\/I3200-A1-1.png 500w, https:\/\/mboprinters.com\/wp-content\/uploads\/2022\/04\/I3200-A1-1-300x210.png 300w\" sizes=\"(max-width: 500px) 100vw, 500px\" \/><\/figure>\r\n<\/div>\r\n\r\n\r\n\r\n<div class=\"wp-block-column is-layout-flow wp-block-column-is-layout-flow\">\r\n<h3 class=\"wp-block-heading\"><strong><strong>Sp\u00e9cifications techniques<\/strong><\/strong><\/h3>\r\n\r\n\r\n\r\n<ul class=\"wp-block-list\">\r\n<li><strong>Mod\u00e8le d\u2019imprimante :<\/strong> MBO60 avec double t\u00eate Epson i3200-A1.<\/li>\r\n\r\n\r\n\r\n<li><strong>Technologie d\u2019impression :<\/strong> DTF (Direct to Film).<\/li>\r\n\r\n\r\n\r\n<li><strong>R\u00e9solution maximale :<\/strong> Jusqu\u2019\u00e0 720 x 720 dpi.<\/li>\r\n\r\n\r\n\r\n<li><strong>Vitesse d\u2019impression :<\/strong> Ajustable selon la configuration et le mode.<\/li>\r\n\r\n\r\n\r\n<li><strong>Largeur maximale d\u2019impression :<\/strong> 60 cm.<\/li>\r\n\r\n\r\n\r\n<li><strong>Syst\u00e8me d\u2019alimentation en encre :<\/strong> Continu avec r\u00e9servoirs rechargeables.<\/li>\r\n\r\n\r\n\r\n<li><strong>Couleurs d\u2019encre :<\/strong> CMYK + Blanc.<\/li>\r\n\r\n\r\n\r\n<li><strong>Compatibilit\u00e9 logicielle :<\/strong> Inclut un logiciel RIP sp\u00e9cialis\u00e9.<\/li>\r\n\r\n\r\n\r\n<li><strong>Connectivit\u00e9 :<\/strong> USB 2.0 et Ethernet.<\/li>\r\n\r\n\r\n\r\n<li><strong>Exigences \u00e9lectriques :<\/strong> 220V, 50\/60Hz.<\/li>\r\n<\/ul>\r\n<\/div>\r\n<\/div>\r\n\r\n\r\n\r\n<hr class=\"wp-block-separator has-text-color has-black-color has-css-opacity has-black-background-color has-background is-style-wide\"\/>\r\n\r\n\r\n\r\n<div style=\"height:15px\" aria-hidden=\"true\" class=\"wp-block-spacer\"><\/div>\r\n\r\n\r\n\r\n<div class=\"wp-block-buttons is-horizontal is-content-justification-center is-layout-flex wp-container-core-buttons-is-layout-499968f5 wp-block-buttons-is-layout-flex\">\r\n<div class=\"wp-block-button has-custom-font-size has-medium-font-size\"><a class=\"wp-block-button__link has-white-color has-text-color has-background wp-element-button\" href=\"https:\/\/mboprinters.com\/fr\/contact\" style=\"border-radius:0px;background-color:#257f87\">Plus d\u2019informations<\/a><\/div>\r\n<\/div>\r\n","protected":false},"excerpt":{"rendered":"<div class=\"is-layout-flex wp-container-3 wp-block-columns\">\n<div class=\"is-layout-flow wp-block-column\">\n<div class=\"is-layout-flex wp-container-3 wp-block-columns\">\n<div class=\"is-layout-flow wp-block-column\">\n<p><span style=\"font-weight: 400;\">Le Kit DTF MBO60 est l\u2019outil ultime pour l\u2019impression directe sur film (DTF), con\u00e7u pour personnaliser des textiles avec des r\u00e9sultats exceptionnels en termes de qualit\u00e9, de pr\u00e9cision et de durabilit\u00e9.<\/span><\/p>\n<\/div>\n<\/div>\n<\/div>\n<\/div>\n<p><!-- wp:heading {\"level\":4} --><\/p>\n<h4>DEMANDE D&rsquo;\u00c9CHANTILLON D&rsquo;IMPRESSION OU DE D\u00c9MO DU PRODUIT<\/h4>\n<p><!-- \/wp:heading --><\/p>\n<p><!-- wp:buttons --><\/p>\n<div class=\"wp-block-buttons\">\n<div class=\"wp-block-button aligncenter has-custom-width wp-block-button__width-75\"><a class=\"wp-block-button__link has-white-color has-text-color has-background wp-element-button\" style=\"border-radius: 0px; background-color: #257f87;\" href=\"https:\/\/mboprinters.com\/fr\/contact\">Plus d&rsquo;information<\/a><\/div>\n<\/div>\n","protected":false},"featured_media":3406,"comment_status":"closed","ping_status":"closed","template":"","meta":[],"product_brand":[],"product_cat":[78],"product_tag":[],"class_list":{"0":"post-3400","1":"product","2":"type-product","3":"status-publish","4":"has-post-thumbnail","6":"product_cat-dtf-textil","8":"first","9":"instock","10":"taxable","11":"shipping-taxable","12":"product-type-simple"},"translation":{"provider":"WPGlobus","version":"3.0.0","language":"fr","enabled_languages":["es","en","de","fr"],"languages":{"es":{"title":true,"content":true,"excerpt":true},"en":{"title":true,"content":true,"excerpt":true},"de":{"title":true,"content":true,"excerpt":true},"fr":{"title":true,"content":true,"excerpt":true}}},"_links":{"self":[{"href":"https:\/\/mboprinters.com\/fr\/wp-json\/wp\/v2\/product\/3400","targetHints":{"allow":["GET"]}}],"collection":[{"href":"https:\/\/mboprinters.com\/fr\/wp-json\/wp\/v2\/product"}],"about":[{"href":"https:\/\/mboprinters.com\/fr\/wp-json\/wp\/v2\/types\/product"}],"replies":[{"embeddable":true,"href":"https:\/\/mboprinters.com\/fr\/wp-json\/wp\/v2\/comments?post=3400"}],"wp:featuredmedia":[{"embeddable":true,"href":"https:\/\/mboprinters.com\/fr\/wp-json\/wp\/v2\/media\/3406"}],"wp:attachment":[{"href":"https:\/\/mboprinters.com\/fr\/wp-json\/wp\/v2\/media?parent=3400"}],"wp:term":[{"taxonomy":"product_brand","embeddable":true,"href":"https:\/\/mboprinters.com\/fr\/wp-json\/wp\/v2\/product_brand?post=3400"},{"taxonomy":"product_cat","embeddable":true,"href":"https:\/\/mboprinters.com\/fr\/wp-json\/wp\/v2\/product_cat?post=3400"},{"taxonomy":"product_tag","embeddable":true,"href":"https:\/\/mboprinters.com\/fr\/wp-json\/wp\/v2\/product_tag?post=3400"}],"curies":[{"name":"wp","href":"https:\/\/api.w.org\/{rel}","templated":true}]}}