{"id":3491,"date":"2025-06-12T13:50:34","date_gmt":"2025-06-12T13:50:34","guid":{"rendered":"https:\/\/mboprinters.com\/?post_type=product&#038;p=3491"},"modified":"2025-06-12T14:47:10","modified_gmt":"2025-06-12T14:47:10","slug":"mbo-1015-uv-led","status":"publish","type":"product","link":"https:\/\/mboprinters.com\/fr\/product\/mbo-1015-uv-led","title":{"rendered":"MBO 1015 UV Led"},"content":{"rendered":"\r\n<div class=\"wp-block-columns is-layout-flex wp-container-core-columns-is-layout-9d6595d7 wp-block-columns-is-layout-flex\">\r\n<div class=\"wp-block-column is-vertically-aligned-center is-layout-flow wp-block-column-is-layout-flow\">\r\n<h3 class=\"wp-block-heading\"><strong>Imprimante UV MBO 1015<\/strong><\/h3>\r\n\r\n\r\n\r\n<p><strong>Technologie UV LED de derni\u00e8re g\u00e9n\u00e9ration pour des impressions impeccables<\/strong><\/p>\r\n\r\n\r\n\r\n<p>Cette imprimante est \u00e9quip\u00e9e d\u2019un <strong>syst\u00e8me UV LED avanc\u00e9<\/strong> qui garantit une <strong>qualit\u00e9 d\u2019impression maximale<\/strong>, une <strong>durabilit\u00e9 accrue<\/strong> et une <strong>consommation \u00e9nerg\u00e9tique r\u00e9duite<\/strong>.<\/p>\r\n\r\n\r\n\r\n<p>Gr\u00e2ce \u00e0 son <strong>syst\u00e8me motoris\u00e9 de r\u00e9glage en hauteur<\/strong>, elle permet de <strong>calibrer avec pr\u00e9cision<\/strong> la distance entre la t\u00eate d\u2019impression et le support, assurant ainsi une <strong>d\u00e9finition optimale<\/strong> et <strong>prolongeant la dur\u00e9e de vie de la t\u00eate<\/strong>, en \u00e9vitant les erreurs d\u2019alignement.<\/p>\r\n\r\n\r\n\r\n<p>Le <strong>s\u00e9chage instantan\u00e9 des encres UV LED<\/strong> permet d\u2019imprimer directement sur la plupart des <strong>mat\u00e9riaux rigides<\/strong> : m\u00e9tal, verre, c\u00e9ramique, plastique, bois, pierre&#8230; L\u2019utilisation d\u2019<strong>encre blanche<\/strong> offre en plus des <strong>couleurs vives et fid\u00e8les<\/strong>, m\u00eame sur des <strong>fonds sombres ou transparents<\/strong>.<\/p>\r\n\r\n\r\n\r\n<p>Un <strong>logiciel professionnel<\/strong> est inclus, facilitant l\u2019impression sur une <strong>grande vari\u00e9t\u00e9 de surfaces<\/strong> et dans <strong>toutes les couleurs<\/strong>, <strong>blanc compris<\/strong>.<\/p>\r\n<\/div>\r\n\r\n\r\n\r\n<div class=\"wp-block-column is-vertically-aligned-center is-layout-flow wp-block-column-is-layout-flow\">\r\n<figure class=\"wp-block-video\"><video controls muted poster=\"https:\/\/mboprinters.com\/wp-content\/uploads\/2022\/04\/1015.jpg\" src=\"https:\/\/mboprinters.com\/wp-content\/uploads\/2022\/11\/6090uvled.mp4\"><\/video><\/figure>\r\n<\/div>\r\n<\/div>\r\n\r\n\r\n\r\n<div class=\"wp-block-buttons is-content-justification-center is-layout-flex wp-container-core-buttons-is-layout-16018d1d wp-block-buttons-is-layout-flex\">\r\n<div class=\"wp-block-button\"><a class=\"wp-block-button__link has-white-color has-vivid-green-cyan-background-color has-text-color has-background wp-element-button\" href=\"https:\/\/mboprinters.com\/fr\/contact\" style=\"border-radius:5px\"><strong>Demandez des \u00e9chantillons ou une d\u00e9monstration<\/strong><\/a><\/div>\r\n<\/div>\r\n\r\n\r\n\r\n<div style=\"height:2em\" aria-hidden=\"true\" class=\"wp-block-spacer\"><\/div>\r\n\r\n\r\n<div class=\"lightweight-accordion\"><details><summary class=\"lightweight-accordion-title\"><span><strong>Technologie et performance<\/strong><\/span><\/summary><div class=\"lightweight-accordion-body\">\r\n\r\n<div class=\"wp-block-columns is-layout-flex wp-container-core-columns-is-layout-9d6595d7 wp-block-columns-is-layout-flex\">\r\n<div class=\"wp-block-column is-layout-flow wp-block-column-is-layout-flow\" style=\"flex-basis:66.66%\">\r\n<h3 class=\"wp-block-heading\"><strong><strong>Structure robuste et pr\u00e9cision m\u00e9canique<\/strong><\/strong><\/h3>\r\n\r\n\r\n\r\n<p>La MBO 1015 I3200 est dot\u00e9e d\u2019un <strong>ch\u00e2ssis en acier<\/strong> et d\u2019une <strong>table en aluminium usin\u00e9e avec pr\u00e9cision<\/strong>. Son syst\u00e8me \u00e0 <strong>double vis d&rsquo;entra\u00eenement avec servomoteur<\/strong> garantit des mouvements stables et pr\u00e9cis, essentiels pour les applications les plus exigeantes.<\/p>\r\n\r\n\r\n\r\n<h3 class=\"wp-block-heading\"><strong><strong>Haute vitesse et qualit\u00e9 maximale<\/strong><\/strong><\/h3>\r\n\r\n\r\n\r\n<p>\u00c9quip\u00e9e de <strong>trois t\u00eates Epson I3200<\/strong> et de <strong>quatre lampes UV LED avec refroidissement par eau<\/strong>, elle assure une impression rapide et de haute d\u00e9finition, m\u00eame en production continue.<\/p>\r\n\r\n\r\n\r\n<h3 class=\"wp-block-heading\"><strong><strong>Grand format et grande polyvalence<\/strong><\/strong><\/h3>\r\n\r\n\r\n\r\n<p>La zone d\u2019impression utile est de <strong>100 x 150 cm<\/strong>, avec une capacit\u00e9 pour des objets jusqu\u2019\u00e0 <strong>10 cm de hauteur<\/strong>. La table ouverte \u00e0 l\u2019avant et \u00e0 l\u2019arri\u00e8re permet de charger facilement des supports de grande taille tout en gardant un acc\u00e8s direct pendant l\u2019impression.<\/p>\r\n\r\n\r\n\r\n<h3 class=\"wp-block-heading\"><strong><strong>Syst\u00e8me d\u2019encre \u00e9conomique et performant<\/strong><\/strong><\/h3>\r\n\r\n\r\n\r\n<p>Un <strong>syst\u00e8me d\u2019alimentation en encre en vrac<\/strong> avec r\u00e9servoirs de <strong>500 ml<\/strong>, situ\u00e9 \u00e0 l\u2019arri\u00e8re de la machine, assure une alimentation continue et r\u00e9duit les co\u00fbts d\u2019exploitation, m\u00eame sur de longues sessions.<\/p>\r\n\r\n\r\n\r\n<h3 class=\"wp-block-heading\"><strong><strong>Table aspirante int\u00e9gr\u00e9e<\/strong><\/strong><\/h3>\r\n\r\n\r\n\r\n<p>La surface d\u2019impression int\u00e8gre une <strong>table \u00e0 vide<\/strong> qui maintient fermement les supports plats en place, garantissant ainsi une stabilit\u00e9 parfaite et une qualit\u00e9 constante \u00e0 chaque passage.<\/p>\r\n<\/div>\r\n\r\n\r\n\r\n<div class=\"wp-block-column is-layout-flow wp-block-column-is-layout-flow\" style=\"flex-basis:33.33%\">\r\n<figure class=\"wp-block-image alignfull size-full\"><img decoding=\"async\" width=\"305\" height=\"217\" src=\"https:\/\/mboprinters.com\/wp-content\/uploads\/2020\/04\/printers6.png\" alt=\"\" class=\"wp-image-88\" srcset=\"https:\/\/mboprinters.com\/wp-content\/uploads\/2020\/04\/printers6.png 305w, https:\/\/mboprinters.com\/wp-content\/uploads\/2020\/04\/printers6-300x213.png 300w\" sizes=\"(max-width: 305px) 100vw, 305px\" \/><\/figure>\r\n<\/div>\r\n<\/div>\r\n\r\n<\/div><\/details><\/div>\r\n\r\n<div class=\"lightweight-accordion\"><details><summary class=\"lightweight-accordion-title\"><span><strong><strong>Sp\u00e9cifications techniques<\/strong><\/strong><\/span><\/summary><div class=\"lightweight-accordion-body\">\r\n\r\n<div class=\"wp-block-columns is-layout-flex wp-container-core-columns-is-layout-9d6595d7 wp-block-columns-is-layout-flex\">\r\n<div class=\"wp-block-column is-layout-flow wp-block-column-is-layout-flow\">\r\n<div class=\"wp-block-columns is-layout-flex wp-container-core-columns-is-layout-9d6595d7 wp-block-columns-is-layout-flex\">\r\n<div class=\"wp-block-column is-layout-flow wp-block-column-is-layout-flow\">\r\n<h3 class=\"wp-block-heading\"><strong>MBO 1015 I3200 <\/strong><\/h3>\r\n\r\n\r\n\r\n<figure class=\"wp-block-table\"><table><thead><tr><th><strong>Caract\u00e9ristiques<\/strong><\/th><th><strong>Sp\u00e9cifications<\/strong><\/th><\/tr><\/thead><tbody><tr><td>T\u00eate d&rsquo;impression<\/td><td>Epson I3200 U1<\/td><\/tr><tr><td>Nombre de t\u00eates<\/td><td>3<\/td><\/tr><tr><td>R\u00e9solution d&rsquo;impression<\/td><td>600 dpi<\/td><\/tr><tr><td>Modes d&rsquo;impression<\/td><td>Unidirectionnel \/ Bidirectionnel<\/td><\/tr><tr><td>Canaux d&rsquo;encre<\/td><td>C, M, J, N, W,W + V V<\/td><\/tr><tr><td>Encre blanche<\/td><td>Oui (avec agitateur sp\u00e9cifique)<\/td><\/tr><tr><td>Vernis<\/td><td>Oui<\/td><\/tr><tr><td>Type d&rsquo;encre<\/td><td>UV LED<\/td><\/tr><tr><td>Capacit\u00e9 des r\u00e9servoirs d&rsquo;encre<\/td><td>500 ml par couleur<\/td><\/tr><tr><td>Indicateur de niveau d&rsquo;encre<\/td><td>Oui, avec LED d\u2019alerte<\/td><\/tr><tr><td>Vitesse d&rsquo;impression<\/td><td>2 \u00e0 10 m\u00b2\/heure<\/td><\/tr><tr><td>Image compl\u00e8te (24\u201d)<\/td><td>Env. 24 minutes<\/td><\/tr><tr><td>Capacit\u00e9 de charge sur la table<\/td><td>30 kg<\/td><\/tr><tr><td>Surface d&rsquo;impression<\/td><td>1000 x 1500 mm<\/td><\/tr><tr><td>Hauteur maximale de l\u2019objet<\/td><td>0 \u2013 100 mm<\/td><\/tr><tr><td>Dimensions de l\u2019imprimante<\/td><td>1980 x 2270 x 1300 mm<\/td><\/tr><tr><td>Poids net<\/td><td>600 kg<\/td><\/tr><tr><td>Dimensions d\u2019exp\u00e9dition<\/td><td>2000 x 2500 x 1400 mm<\/td><\/tr><tr><td>Poids avec emballage<\/td><td>650 kg<\/td><\/tr><tr><td>Syst\u00e8me d\u2019exploitation compatible<\/td><td>Windows<\/td><\/tr><tr><td>Type de connexion<\/td><td>USB<\/td><\/tr><tr><td>Puissance \/ Consommation \u00e9lectrique<\/td><td>100 W<\/td><\/tr><tr><td>Tension d\u2019entr\u00e9e<\/td><td>210\u2013230 V AC, 50\/60 Hz<\/td><\/tr><tr><td>Syst\u00e8me UV LED<\/td><td>24 V \/ 395 nm<\/td><\/tr><tr><td>Garantie limit\u00e9e<\/td><td>12 mois (hors consommables*)<\/td><\/tr><tr><td>*Consommables non couverts par la garantie :<\/td><td>t\u00eates d&rsquo;impression, station de nettoyage, dampers, syst\u00e8me de tubes d&rsquo;encre<\/td><\/tr><\/tbody><\/table><\/figure>\r\n<\/div>\r\n<\/div>\r\n<\/div>\r\n<\/div>\r\n\r\n<\/div><\/details><\/div>\r\n\r\n<div class=\"lightweight-accordion\"><details><summary class=\"lightweight-accordion-title\"><span><strong>Logiciel<\/strong><\/span><\/summary><div class=\"lightweight-accordion-body\">\r\n\r\n<p>MBO propose les logiciels avanc\u00e9s <strong>Maintop RIP<\/strong> et <strong>Print<\/strong>, selon les besoins sp\u00e9cifiques de votre activit\u00e9. Parmi les fonctionnalit\u00e9s incluses dans le logiciel RIP, on retrouve notamment :<\/p>\r\n\r\n\r\n\r\n<div class=\"wp-block-columns is-layout-flex wp-container-core-columns-is-layout-9d6595d7 wp-block-columns-is-layout-flex\">\r\n<div class=\"wp-block-column is-vertically-aligned-center is-layout-flow wp-block-column-is-layout-flow\">\r\n<figure class=\"wp-block-image alignwide size-large\"><img decoding=\"async\" width=\"1024\" height=\"576\" src=\"https:\/\/mboprinters.com\/wp-content\/uploads\/2022\/11\/maintop-1024x576.jpeg\" alt=\"\" class=\"wp-image-2986\" srcset=\"https:\/\/mboprinters.com\/wp-content\/uploads\/2022\/11\/maintop-1024x576.jpeg 1024w, https:\/\/mboprinters.com\/wp-content\/uploads\/2022\/11\/maintop-300x169.jpeg 300w, https:\/\/mboprinters.com\/wp-content\/uploads\/2022\/11\/maintop-768x432.jpeg 768w, https:\/\/mboprinters.com\/wp-content\/uploads\/2022\/11\/maintop-600x338.jpeg 600w, https:\/\/mboprinters.com\/wp-content\/uploads\/2022\/11\/maintop.jpeg 1280w\" sizes=\"(max-width: 1024px) 100vw, 1024px\" \/><\/figure>\r\n<\/div>\r\n\r\n\r\n\r\n<div class=\"wp-block-column is-layout-flow wp-block-column-is-layout-flow\">\r\n<p><strong>Configurations pr\u00e9d\u00e9finies :<\/strong><br>Optimisez votre flux de travail gr\u00e2ce \u00e0 des profils adapt\u00e9s \u00e0 diff\u00e9rents types de supports, pr\u00eats \u00e0 l\u2019emploi.<\/p>\r\n\r\n\r\n\r\n<p><strong>Gestion des couleurs :<\/strong><br>R\u00e9glage pr\u00e9cis de la densit\u00e9, de la saturation et des courbes de couleur. Compatible avec les profils ICC personnalis\u00e9s.<\/p>\r\n\r\n\r\n\r\n<p><strong>Contr\u00f4le de l\u2019encre blanche :<\/strong><br>Plusieurs options disponibles : fond blanc total, blanc direct ou impression en couches (couleur + blanc + couleur).<\/p>\r\n\r\n\r\n\r\n<p><strong>Gabarits et r\u00e9p\u00e9tition :<\/strong><br>Cr\u00e9ez des gabarits pour le positionnement des produits et r\u00e9p\u00e9tez automatiquement les visuels pour les s\u00e9ries multiples.<\/p>\r\n\r\n\r\n\r\n<p><strong>Impression flexible :<\/strong><br>Modes unidirectionnel ou bidirectionnel, selon les besoins de vitesse ou de pr\u00e9cision.<\/p>\r\n\r\n\r\n\r\n<p><strong>R\u00e9solution personnalisable :<\/strong><br>Choisissez entre 720\u00d71440 pour une qualit\u00e9 photographique ou 720\u00d72160 pour des finitions ultra fines sur supports lisses.<\/p>\r\n\r\n\r\n\r\n<p><strong>Contr\u00f4le avanc\u00e9 de la goutte :<\/strong><br>Ajustez la taille des gouttes pour une meilleure qualit\u00e9 sur des surfaces courbes ou irr\u00e9guli\u00e8res.<\/p>\r\n\r\n\r\n\r\n<p><strong>Gestion compl\u00e8te via le logiciel :<\/strong><br>Contr\u00f4le centralis\u00e9 de toutes les fonctions d\u2019impression et configuration des canaux.<\/p>\r\n<\/div>\r\n<\/div>\r\n\r\n<\/div><\/details><\/div>\r\n\r\n\r\n<div style=\"height:55px\" aria-hidden=\"true\" class=\"wp-block-spacer\"><\/div>\r\n\r\n\r\n\r\n<div class=\"wp-block-columns is-layout-flex wp-container-core-columns-is-layout-9d6595d7 wp-block-columns-is-layout-flex\">\r\n<div class=\"wp-block-column is-layout-flow wp-block-column-is-layout-flow\"><\/div>\r\n\r\n\r\n\r\n<div class=\"wp-block-column is-layout-flow wp-block-column-is-layout-flow\">\r\n<div class=\"wp-block-buttons is-layout-flex wp-block-buttons-is-layout-flex\">\r\n<div class=\"wp-block-button has-custom-width wp-block-button__width-100 has-custom-font-size has-medium-font-size\"><a class=\"wp-block-button__link has-white-color has-text-color has-background wp-element-button\" href=\"https:\/\/mboprinters.com\/fr\/contact\" style=\"border-radius:5px;background-color:#257f87\"><strong>Plus d&rsquo;informations<\/strong><\/a><\/div>\r\n<\/div>\r\n<\/div>\r\n\r\n\r\n\r\n<div class=\"wp-block-column is-layout-flow wp-block-column-is-layout-flow\"><\/div>\r\n<\/div>\r\n\r\n\r\n\r\n<p><\/p>\r\n","protected":false},"excerpt":{"rendered":"<div class=\"vc_row wpb_row vc_row-fluid\">\n<div class=\"wpb_column vc_column_container vc_col-sm-12\">\n<div class=\"vc_column-inner\">\n<div class=\"wpb_wrapper\">\n<div class=\"wpb_text_column wpb_content_element \">\n<div class=\"wpb_wrapper\">\n<div class=\"vc_row wpb_row vc_row-fluid\">\n<div class=\"wpb_column vc_column_container vc_col-sm-12\">\n<div class=\"vc_column-inner\">\n<div class=\"wpb_wrapper\">\n<div class=\"wpb_text_column wpb_content_element \">\n<div class=\"wpb_wrapper\">\n<div class=\"vc_row wpb_row vc_row-fluid\">\n<div class=\"wpb_column vc_column_container vc_col-sm-12\">\n<div class=\"vc_column-inner\">\n<div class=\"wpb_wrapper\">\n<div class=\"wpb_text_column wpb_content_element \">\n<div class=\"wpb_wrapper\">\n<p data-start=\"79\" data-end=\"261\">L\u2019imprimante UV <strong data-start=\"95\" data-end=\"107\">MBO 1015<\/strong> allie <strong data-start=\"114\" data-end=\"131\">haute vitesse<\/strong>, <strong data-start=\"133\" data-end=\"149\">grand format<\/strong> et <strong data-start=\"153\" data-end=\"180\">robustesse industrielle<\/strong> pour r\u00e9pondre aux exigences des environnements de production les plus intensifs.<\/p>\n<p data-start=\"263\" data-end=\"678\" data-is-last-node=\"\" data-is-only-node=\"\">Elle permet d\u2019imprimer des objets jusqu\u2019\u00e0 <strong data-start=\"305\" data-end=\"321\">100 x 150 cm<\/strong> et <strong data-start=\"325\" data-end=\"345\">10 cm de hauteur<\/strong>, avec une qualit\u00e9 constante et une pr\u00e9cision maximale. Sa structure est con\u00e7ue \u00e0 partir de <strong data-start=\"437\" data-end=\"468\">composants haute r\u00e9sistance<\/strong>, et elle peut \u00eatre configur\u00e9e avec plusieurs t\u00eates <strong data-start=\"520\" data-end=\"553\">Epson i3200 haute performance<\/strong>, utilisant des encres UV <strong data-start=\"579\" data-end=\"594\">CMYK + WWWW<\/strong>, avec <strong data-start=\"601\" data-end=\"621\">vernis en option<\/strong>, pour des r\u00e9sultats \u00e0 la fois polyvalents et percutants.<\/p>\n<\/div>\n<\/div>\n<\/div>\n<\/div>\n<\/div>\n<\/div>\n<\/div>\n<\/div>\n<\/div>\n<\/div>\n<\/div>\n<\/div>\n<\/div>\n<\/div>\n<\/div>\n<\/div>\n<\/div>\n<\/div>\n<div class=\"vc_row wpb_row vc_row-fluid\">\n<div class=\"wpb_column vc_column_container vc_col-sm-6\">\n<div class=\"vc_column-inner\">\n<div class=\"wpb_wrapper\">\u00a0<\/div>\n<\/div>\n<\/div>\n<\/div>\n<p><!-- wp:buttons --><\/p>\n<div class=\"wp-block-buttons\">\n<div class=\"wp-block-button aligncenter has-custom-width wp-block-button__width-100 has-custom-font-size is-style-fill has-medium-font-size has-tablet-text-align-center has-mobile-text-align-center\"><a class=\"wp-block-button__link has-white-color has-text-color has-background wp-element-button\" style=\"border-radius: 0px; background-color: #257f87;\" href=\"https:\/\/mboprinters.com\/contact\">Demander des informations<\/a><\/div>\n<\/div>\n<div>\u00a0<\/div>\n<ul>\n<li>D\u00e9lai de livraison : entre 2 et 12 semaines<\/li>\n<\/ul>\n<p>&nbsp;<\/p>\n<p><!-- \/wp:buttons --><\/p>\n","protected":false},"featured_media":2234,"comment_status":"closed","ping_status":"closed","template":"","meta":[],"product_brand":[],"product_cat":[86,70],"product_tag":[],"class_list":{"0":"post-3491","1":"product","2":"type-product","3":"status-publish","4":"has-post-thumbnail","6":"product_cat-uv-led-bigsize","7":"product_cat-printers","9":"first","10":"instock","11":"taxable","12":"shipping-taxable","13":"product-type-simple"},"translation":{"provider":"WPGlobus","version":"3.0.0","language":"fr","enabled_languages":["es","en","de","fr"],"languages":{"es":{"title":true,"content":true,"excerpt":true},"en":{"title":false,"content":true,"excerpt":true},"de":{"title":false,"content":true,"excerpt":true},"fr":{"title":false,"content":true,"excerpt":true}}},"_links":{"self":[{"href":"https:\/\/mboprinters.com\/fr\/wp-json\/wp\/v2\/product\/3491","targetHints":{"allow":["GET"]}}],"collection":[{"href":"https:\/\/mboprinters.com\/fr\/wp-json\/wp\/v2\/product"}],"about":[{"href":"https:\/\/mboprinters.com\/fr\/wp-json\/wp\/v2\/types\/product"}],"replies":[{"embeddable":true,"href":"https:\/\/mboprinters.com\/fr\/wp-json\/wp\/v2\/comments?post=3491"}],"wp:featuredmedia":[{"embeddable":true,"href":"https:\/\/mboprinters.com\/fr\/wp-json\/wp\/v2\/media\/2234"}],"wp:attachment":[{"href":"https:\/\/mboprinters.com\/fr\/wp-json\/wp\/v2\/media?parent=3491"}],"wp:term":[{"taxonomy":"product_brand","embeddable":true,"href":"https:\/\/mboprinters.com\/fr\/wp-json\/wp\/v2\/product_brand?post=3491"},{"taxonomy":"product_cat","embeddable":true,"href":"https:\/\/mboprinters.com\/fr\/wp-json\/wp\/v2\/product_cat?post=3491"},{"taxonomy":"product_tag","embeddable":true,"href":"https:\/\/mboprinters.com\/fr\/wp-json\/wp\/v2\/product_tag?post=3491"}],"curies":[{"name":"wp","href":"https:\/\/api.w.org\/{rel}","templated":true}]}}