{"id":3984,"date":"2025-06-20T03:52:21","date_gmt":"2025-06-20T03:52:21","guid":{"rendered":"https:\/\/mboprinters.com\/?post_type=product&#038;p=3984"},"modified":"2026-05-07T07:30:54","modified_gmt":"2026-05-07T07:30:54","slug":"horno-dtf-a3-pro","status":"publish","type":"product","link":"https:\/\/mboprinters.com\/fr\/product\/horno-dtf-a3-pro","title":{"rendered":"Four DTF A3 Pro \u2013 Four de s\u00e9chage DTF (A3+)"},"content":{"rendered":"\n<h3 class=\"wp-block-heading\"><strong>Solution compacte pour le s\u00e9chage de films DTF en petits formats<\/strong><\/h3>\n\n\n<p>Le <strong>Four MBO A3 Pro<\/strong> est con\u00e7u pour s\u00e9cher des films DTF jusqu\u2019au format A3+. Gr\u00e2ce \u00e0 sa base chauffante, il fournit une chaleur uniforme sans lampes. Le panneau num\u00e9rique permet un contr\u00f4le pr\u00e9cis de la temp\u00e9rature et du temps. Il int\u00e8gre \u00e9galement un filtre \u00e0 air dans la base afin de maintenir un environnement de travail plus propre.<\/p>\n\n\n<div class=\"wp-block-columns is-layout-flex wp-container-core-columns-is-layout-9d6595d7 wp-block-columns-is-layout-flex\">\n<div class=\"wp-block-column is-layout-flow wp-block-column-is-layout-flow\">\n<figure class=\"wp-block-image size-full\"><img decoding=\"async\" alt=\"\" class=\"wp-image-3980\" src=\"https:\/\/boprint.net\/wp-content\/uploads\/2025\/06\/pack-impresora-dtf-ds1-20-cm-equipo-completo-horno7.jpg\"\/><\/figure>\n<\/div>\n\n\n<div class=\"wp-block-column is-layout-flow wp-block-column-is-layout-flow\">\n<h3 class=\"wp-block-heading\">Caract\u00e9ristiques principales<\/h3>\n\n\n<ul class=\"wp-block-list\">\n<li><strong>Zone utile de polym\u00e9risation<\/strong>: 32,9 \u00d7 48,3 cm (A3+)<\/li>\n\n\n<li><strong>Chauffage uniforme par la base<\/strong> (sans lampes)<\/li>\n\n\n<li><strong>Tube chauffant<\/strong>: am\u00e9liore la distribution thermique<\/li>\n\n\n<li><strong>Panneau de contr\u00f4le num\u00e9rique<\/strong>: temps et temp\u00e9rature r\u00e9glables<\/li>\n\n\n<li><strong>Filtre purificateur inf\u00e9rieur<\/strong>: pour un environnement de travail s\u00fbr<\/li>\n\n\n<li><strong>Temps recommand\u00e9<\/strong>: 100 s (r\u00e9glable)<\/li>\n\n\n<li><strong>Id\u00e9al pour les petites s\u00e9ries ou un usage compl\u00e9mentaire<\/strong><\/li>\n<\/ul>\n<\/div>\n<\/div>\n\n\n<div class=\"wp-block-columns is-layout-flex wp-container-core-columns-is-layout-9d6595d7 wp-block-columns-is-layout-flex\">\n<div class=\"wp-block-column is-layout-flow wp-block-column-is-layout-flow\">\n<h3 class=\"wp-block-heading\">Sp\u00e9cifications techniques<\/h3>\n\n\n<ul class=\"wp-block-list\">\n<li><strong>Taille maximale du film<\/strong>: 35 \u00d7 50 cm<\/li>\n\n\n<li><strong>Plage de temp\u00e9rature<\/strong>: 0\u2013130 \u00b0C<\/li>\n\n\n<li><strong>Minuterie<\/strong>: 0\u2013999 s<\/li>\n\n\n<li><strong>Tension<\/strong>: 220 V<\/li>\n\n\n<li><strong>Dimensions<\/strong>: 53 \u00d7 47 \u00d7 15 cm<\/li>\n\n\n<li><strong>Poids<\/strong>: 14 kg<\/li>\n<\/ul>\n<\/div>\n\n\n<div class=\"wp-block-column is-layout-flow wp-block-column-is-layout-flow\">\n<figure class=\"wp-block-image size-full\"><img decoding=\"async\" alt=\"\" class=\"wp-image-3981\" src=\"https:\/\/boprint.net\/wp-content\/uploads\/2025\/06\/pack-impresora-dtf-ds1-20-cm-equipo-completo-horno6.jpg\"\/><\/figure>\n<\/div>\n<\/div>\n\n\n<div aria-hidden=\"true\" class=\"wp-block-spacer\" style=\"height:32px\"><\/div>\n\n\n<div class=\"wp-block-buttons is-content-justification-center is-layout-flex wp-container-core-buttons-is-layout-16018d1d wp-block-buttons-is-layout-flex\">\n<div class=\"wp-block-button\"><a class=\"wp-block-button__link has-white-color has-vivid-cyan-blue-background-color has-text-color has-background has-link-color has-medium-font-size has-custom-font-size wp-element-button\" href=\"https:\/\/mboprinters.com\/fr\/contact\" style=\"border-radius:4px\"><strong>Plus d\u2019informations<\/strong><\/a><\/div>\n<\/div>\n\n\n<div aria-hidden=\"true\" class=\"wp-block-spacer\" style=\"height:32px\"><\/div>\n\n\n<figure class=\"wp-block-gallery has-nested-images columns-4 is-cropped wp-block-gallery-1 is-layout-flex wp-block-gallery-is-layout-flex\">\n<figure class=\"wp-block-image size-large\"><img decoding=\"async\" data-id=\"3982\" alt=\"\" class=\"wp-image-3982\" src=\"https:\/\/boprint.net\/wp-content\/uploads\/2025\/06\/oven-dtf-h1-2.jpg\"\/><\/figure>\n\n\n<figure class=\"wp-block-image size-large\"><img decoding=\"async\" data-id=\"3983\" alt=\"\" class=\"wp-image-3983\" src=\"https:\/\/boprint.net\/wp-content\/uploads\/2025\/06\/horno-secado-dtf-filtro-inkone-ik-h1023.jpg\"\/><\/figure>\n\n\n<figure class=\"wp-block-image size-large\"><img decoding=\"async\" data-id=\"3985\" alt=\"\" class=\"wp-image-3985\" src=\"https:\/\/boprint.net\/wp-content\/uploads\/2025\/06\/horno-secado-dtf-filtro-inkone-ik-h1024.jpg\"\/><\/figure>\n\n\n<figure class=\"wp-block-image size-large\"><img decoding=\"async\" data-id=\"3984\" alt=\"\" class=\"wp-image-3984\" src=\"https:\/\/boprint.net\/wp-content\/uploads\/2025\/06\/horno-secado-dtf-filtro-inkone-ik-h1025.jpg\"\/><\/figure>\n<\/figure>\n\n\n<p><\/p>\n","protected":false},"excerpt":{"rendered":"<p><strong data-end=\"170\" data-start=\"99\">Solution compacte pour la polym\u00e9risation de films DTF en formats r\u00e9duits<\/strong><br data-end=\"173\" data-start=\"170\"\/>Le four MBO A3 Pro a \u00e9t\u00e9 d\u00e9velopp\u00e9 pour la polym\u00e9risation efficace de films DTF jusqu\u2019au format A3+. Sa base chauffante r\u00e9partit la chaleur uniform\u00e9ment, \u00e9liminant le besoin de lampes. Il int\u00e8gre un panneau num\u00e9rique pour r\u00e9gler pr\u00e9cis\u00e9ment la temp\u00e9rature et le temps, ainsi qu\u2019un syst\u00e8me de filtration d\u2019air int\u00e9gr\u00e9 dans la base qui contribue \u00e0 un environnement de travail plus propre et plus s\u00fbr.<\/p>\n<p>\u00a0<\/p>\n<p><!-- wp:buttons --><\/p>\n<div class=\"wp-block-buttons\"><!-- wp:button {\"backgroundColor\":\"vivid-cyan-blue\",\"textColor\":\"white\",\"style\":{\"elements\":{\"link\":{\"color\":{\"text\":\"var:preset|color|white\"}}},\"border\":{\"radius\":\"4px\"}},\"fontSize\":\"medium\"} --><\/p>\n<div class=\"wp-block-button\"><a class=\"wp-block-button__link has-white-color has-vivid-cyan-blue-background-color has-text-color has-background has-link-color has-medium-font-size has-custom-font-size wp-element-button\" href=\"https:\/\/mboprinters.com\/fr\/contact\"><strong>Plus d\u2019informations<\/strong><\/a><\/div>\n<p><!-- \/wp:button --><\/div>\n<p><!-- \/wp:buttons --><\/p>\n","protected":false},"featured_media":3985,"comment_status":"closed","ping_status":"closed","template":"","meta":[],"product_brand":[],"product_cat":[88,78],"product_tag":[],"class_list":{"0":"post-3984","1":"product","2":"type-product","3":"status-publish","4":"has-post-thumbnail","6":"product_cat-dtf-oven","7":"product_cat-dtf-textil","9":"first","10":"instock","11":"taxable","12":"shipping-taxable","13":"product-type-simple"},"translation":{"provider":"WPGlobus","version":"3.0.0","language":"fr","enabled_languages":["es","en","de","fr"],"languages":{"es":{"title":true,"content":true,"excerpt":true},"en":{"title":true,"content":true,"excerpt":true},"de":{"title":true,"content":true,"excerpt":true},"fr":{"title":true,"content":true,"excerpt":true}}},"_links":{"self":[{"href":"https:\/\/mboprinters.com\/fr\/wp-json\/wp\/v2\/product\/3984","targetHints":{"allow":["GET"]}}],"collection":[{"href":"https:\/\/mboprinters.com\/fr\/wp-json\/wp\/v2\/product"}],"about":[{"href":"https:\/\/mboprinters.com\/fr\/wp-json\/wp\/v2\/types\/product"}],"replies":[{"embeddable":true,"href":"https:\/\/mboprinters.com\/fr\/wp-json\/wp\/v2\/comments?post=3984"}],"wp:featuredmedia":[{"embeddable":true,"href":"https:\/\/mboprinters.com\/fr\/wp-json\/wp\/v2\/media\/3985"}],"wp:attachment":[{"href":"https:\/\/mboprinters.com\/fr\/wp-json\/wp\/v2\/media?parent=3984"}],"wp:term":[{"taxonomy":"product_brand","embeddable":true,"href":"https:\/\/mboprinters.com\/fr\/wp-json\/wp\/v2\/product_brand?post=3984"},{"taxonomy":"product_cat","embeddable":true,"href":"https:\/\/mboprinters.com\/fr\/wp-json\/wp\/v2\/product_cat?post=3984"},{"taxonomy":"product_tag","embeddable":true,"href":"https:\/\/mboprinters.com\/fr\/wp-json\/wp\/v2\/product_tag?post=3984"}],"curies":[{"name":"wp","href":"https:\/\/api.w.org\/{rel}","templated":true}]}}