{"id":3998,"date":"2025-06-20T04:04:05","date_gmt":"2025-06-20T04:04:05","guid":{"rendered":"https:\/\/mboprinters.com\/?post_type=product&#038;p=3998"},"modified":"2026-05-07T07:30:46","modified_gmt":"2026-05-07T07:30:46","slug":"horno-dtf-35-pro-horno-y-aplicador-automatico-dtf-35-cm","status":"publish","type":"product","link":"https:\/\/mboprinters.com\/fr\/product\/horno-dtf-35-pro-horno-y-aplicador-automatico-dtf-35-cm","title":{"rendered":"Four DTF 35 Pro \u2013 Four et applicateur automatique DTF (35 cm)"},"content":{"rendered":"<p><\/p>\n<h3 class=\"wp-block-heading\"><strong>Solution compacte pour le s\u00e9chage de films DTF en petits formats<\/strong><\/h3>\n<p><\/p>\n<p><\/p>\n<p>Le <strong>Four MBO 35 Pro<\/strong> automatise tout le processus d\u2019application de poudre et de polym\u00e9risation sur films DTF de 35 cm. Il est \u00e9quip\u00e9 d\u2019un compartiment sup\u00e9rieur pour polyamide, d\u2019une r\u00e9cup\u00e9ration automatique du film et de filtres HEPA et charbon actif. Son design compact en fait une solution id\u00e9ale pour les espaces moyens recherchant performance et simplicit\u00e9.<\/p>\n<p><\/p>\n<p><\/p>\n<div class=\"wp-block-columns is-layout-flex wp-container-core-columns-is-layout-9d6595d7 wp-block-columns-is-layout-flex\">\n<div class=\"wp-block-column is-layout-flow wp-block-column-is-layout-flow\">\n<figure class=\"wp-block-image size-full\"><img decoding=\"async\" alt=\"\" class=\"wp-image-3991\" src=\"https:\/\/boprint.net\/wp-content\/uploads\/2025\/06\/pack-impresora-dtf-dm4-completo-horno-aplicador11.jpg\"\/><\/figure>\n<p><\/p><\/div>\n<p><\/p>\n<p><\/p>\n<div class=\"wp-block-column is-layout-flow wp-block-column-is-layout-flow\">\n<h3 class=\"wp-block-heading\">Caract\u00e9ristiques principales<\/h3>\n<p><\/p>\n<p><\/p>\n<ul class=\"wp-block-list\">\n<li><strong>Largeur maximale du film<\/strong>: 35 cm<\/li>\n<p><\/p>\n<p><\/p>\n<li><strong>Contr\u00f4le num\u00e9rique complet<\/strong>: temp\u00e9rature, vitesse et application<\/li>\n<p><\/p>\n<p><\/p>\n<li><strong>Chargement sup\u00e9rieur de poudre<\/strong>: pratique et s\u00fbre (toutes les 1,5\u20133 heures)<\/li>\n<p><\/p>\n<p><\/p>\n<li><strong>R\u00e9cup\u00e9ration automatique du film<\/strong>: ventilateurs et enrouleur inclus<\/li>\n<p><\/p>\n<p><\/p>\n<li><strong>Tiroir de recyclage<\/strong>: collecte et s\u00e9pare la poudre restante<\/li>\n<p><\/p>\n<p><\/p>\n<li><strong>Filtres HEPA + charbon<\/strong>: garantissent un environnement propre et sans gaz<\/li>\n<p><\/p>\n<p><\/p>\n<li><strong>Filtres jetables<\/strong>: sans entretien, \u00e0 remplacer une fois satur\u00e9s<\/li>\n<p><\/p>\n<p><\/p>\n<li><strong>Facile \u00e0 utiliser et \u00e0 entretenir<\/strong><\/li>\n<p><\/p><\/ul>\n<p><\/p>\n<p><\/p>\n<h3 class=\"wp-block-heading\">Avantages<\/h3>\n<p><\/p>\n<p><\/p>\n<ul class=\"wp-block-list\">\n<li>Automatise tout le processus d\u2019application et de polym\u00e9risation<\/li>\n<p><\/p>\n<p><\/p>\n<li>R\u00e9duit les temps morts et les erreurs<\/li>\n<p><\/p>\n<p><\/p>\n<li>Apporte r\u00e9gularit\u00e9 et propret\u00e9 \u00e0 la production<\/li>\n<p><\/p><\/ul>\n<p><\/p><\/div>\n<p><\/p><\/div>\n<p><\/p>\n<p><\/p>\n<div class=\"wp-block-columns is-layout-flex wp-container-core-columns-is-layout-9d6595d7 wp-block-columns-is-layout-flex\">\n<div class=\"wp-block-column is-layout-flow wp-block-column-is-layout-flow\">\n<h3 class=\"wp-block-heading\">Sp\u00e9cifications techniques<\/h3>\n<p><\/p>\n<p><\/p>\n<ul class=\"wp-block-list\">\n<li><strong>Largeur maximale du film<\/strong>: 35 cm<\/li>\n<p><\/p>\n<p><\/p>\n<li><strong>Bo\u00eete de remplissage de poudre<\/strong>: oui<\/li>\n<p><\/p>\n<p><\/p>\n<li><strong>Fr\u00e9quence de remplissage<\/strong>: toutes les 1,5\u20133 heures<\/li>\n<p><\/p>\n<p><\/p>\n<li><strong>Tiroir de recyclage<\/strong>: oui<\/li>\n<p><\/p>\n<p><\/p>\n<li><strong>Recyclage automatique<\/strong>: non<\/li>\n<p><\/p>\n<p><\/p>\n<li><strong>Tension<\/strong>: 220 V<\/li>\n<p><\/p>\n<p><\/p>\n<li><strong>Dimensions<\/strong>: 62 \u00d7 87 \u00d7 95 cm<\/li>\n<p><\/p>\n<p><\/p>\n<li><strong>Emballage<\/strong>: 82 \u00d7 63 \u00d7 76 cm<\/li>\n<p><\/p>\n<p><\/p>\n<li><strong>Poids net<\/strong>: 45 kg \/ <strong>Poids brut<\/strong>: 58 kg<\/li>\n<p><\/p><\/ul>\n<p><\/p><\/div>\n<p><\/p>\n<p><\/p>\n<div class=\"wp-block-column is-layout-flow wp-block-column-is-layout-flow\">\n<figure class=\"wp-block-image size-full\"><img decoding=\"async\" alt=\"\" class=\"wp-image-3992\" src=\"https:\/\/boprint.net\/wp-content\/uploads\/2025\/06\/horno-aplicador-automatico-dtf-sm3-35-cm1.jpg\"\/><\/figure>\n<p><\/p><\/div>\n<p><\/p><\/div>\n<p><\/p>\n<p><\/p>\n<div class=\"wp-block-columns is-layout-flex wp-container-core-columns-is-layout-9d6595d7 wp-block-columns-is-layout-flex\">\n<div class=\"wp-block-column is-layout-flow wp-block-column-is-layout-flow\">\n<figure class=\"wp-block-image size-full\"><img decoding=\"async\" alt=\"\" class=\"wp-image-3993\" src=\"https:\/\/boprint.net\/wp-content\/uploads\/2025\/06\/pack-impresora-dtf-inkone-dm3-full-equipment-shaker9.jpg\"\/><\/figure>\n<p><\/p><\/div>\n<p><\/p>\n<p><\/p>\n<div class=\"wp-block-column is-layout-flow wp-block-column-is-layout-flow\">\n<h3 class=\"wp-block-heading\">Comprend<\/h3>\n<p><\/p>\n<p><\/p>\n<ul class=\"wp-block-list\">\n<li>Syst\u00e8me de ventilation<\/li>\n<p><\/p>\n<p><\/p>\n<li>Dispositif d\u2019alimentation papier<\/li>\n<p><\/p>\n<p><\/p>\n<li>2 lampes<\/li>\n<p><\/p>\n<p><\/p>\n<li>Bloqueur de poudre<\/li>\n<p><\/p>\n<p><\/p>\n<li>2 tiges en aluminium (59 cm)<\/li>\n<p><\/p>\n<p><\/p>\n<li>C\u00e2ble d\u2019alimentation<\/li>\n<p><\/p>\n<p><\/p>\n<li>Tube papier (38 cm)<\/li>\n<p><\/p>\n<p><\/p>\n<li>Visserie et cl\u00e9 hexagonale<\/li>\n<p><\/p><\/ul>\n<p><\/p><\/div>\n<p><\/p><\/div>\n<p><\/p>\n<p><\/p>\n<div aria-hidden=\"true\" class=\"wp-block-spacer\" style=\"height:32px\"><\/div>\n<p><\/p>\n<p><\/p>\n<div class=\"wp-block-buttons is-content-justification-center is-layout-flex wp-container-core-buttons-is-layout-16018d1d wp-block-buttons-is-layout-flex\">\n<div class=\"wp-block-button\"><a class=\"wp-block-button__link has-white-color has-vivid-cyan-blue-background-color has-text-color has-background has-link-color has-medium-font-size has-custom-font-size wp-element-button\" href=\"https:\/\/mboprinters.com\/fr\/contact\" style=\"border-radius:4px\"><strong>Plus d\u2019informations<\/strong><\/a><\/div>\n<p><\/p><\/div>\n<p><\/p>\n<p><\/p>\n<div aria-hidden=\"true\" class=\"wp-block-spacer\" style=\"height:32px\"><\/div>\n<p><\/p>\n<p><\/p>\n<figure class=\"wp-block-gallery has-nested-images columns-4 is-cropped wp-block-gallery-1 is-layout-flex wp-block-gallery-is-layout-flex\">\n<figure class=\"wp-block-image size-large\"><img decoding=\"async\" data-id=\"3994\" alt=\"\" class=\"wp-image-3994\" src=\"https:\/\/boprint.net\/wp-content\/uploads\/2025\/06\/horno-aplicador-automatico-dtf-sm3-35-cm2.jpg\"\/><\/figure>\n<p><\/p>\n<p><\/p>\n<figure class=\"wp-block-image size-full\"><img decoding=\"async\" data-id=\"4011\" alt=\"\" class=\"wp-image-4011\" src=\"https:\/\/boprint.net\/wp-content\/uploads\/2025\/06\/horno-aplicador-automatico-dtf-inkone-sm3-35-cm6.jpg\"\/><\/figure>\n<p><\/p>\n<p><\/p>\n<figure class=\"wp-block-image size-large\"><img decoding=\"async\" data-id=\"3996\" alt=\"\" class=\"wp-image-3996\" src=\"https:\/\/boprint.net\/wp-content\/uploads\/2025\/06\/pack-impresora-dtf-inkone-dm3-full-equipment-shaker8.jpg\"\/><\/figure>\n<p><\/p><\/figure>\n<p><\/p>\n<p><\/p>\n<p><\/p>","protected":false},"excerpt":{"rendered":"<p><strong>Four DTF 35 Pro \u2013 Applicateur et unit\u00e9 de polym\u00e9risation automatique DTF (35 cm)<\/strong> \u00c9quipement professionnel compact pour automatiser l\u2019application de poudre et la polym\u00e9risation de films DTF jusqu\u2019\u00e0 35 cm. Il int\u00e8gre un contr\u00f4le num\u00e9rique, la r\u00e9cup\u00e9ration automatique du film et des filtres HEPA et charbon actif pour une production propre, constante et simple. Id\u00e9al pour les ateliers disposant d\u2019un espace moyen et recherchant des performances professionnelles. \u00a0<\/p>\n<p><!-- wp:buttons {\"layout\":{\"type\":\"flex\",\"justifyContent\":\"left\"}} --><\/p>\n<div class=\"wp-block-buttons\"><!-- wp:button {\"backgroundColor\":\"vivid-cyan-blue\",\"textColor\":\"white\",\"style\":{\"elements\":{\"link\":{\"color\":{\"text\":\"var:preset|color|white\"}}},\"border\":{\"radius\":\"4px\"}},\"fontSize\":\"medium\"} --><\/p>\n<div class=\"wp-block-button\"><a class=\"wp-block-button__link has-white-color has-vivid-cyan-blue-background-color has-text-color has-background has-link-color has-medium-font-size has-custom-font-size wp-element-button\" href=\"https:\/\/mboprinters.com\/fr\/contact\"><strong>Plus d\u2019informations<\/strong><\/a><\/div>\n<p><!-- \/wp:button --><\/div>\n<p><!-- \/wp:buttons --><\/p>\n","protected":false},"featured_media":3999,"comment_status":"closed","ping_status":"closed","template":"","meta":[],"product_brand":[],"product_cat":[88,78],"product_tag":[],"class_list":{"0":"post-3998","1":"product","2":"type-product","3":"status-publish","4":"has-post-thumbnail","6":"product_cat-dtf-oven","7":"product_cat-dtf-textil","9":"first","10":"instock","11":"taxable","12":"shipping-taxable","13":"product-type-simple"},"translation":{"provider":"WPGlobus","version":"3.0.0","language":"fr","enabled_languages":["es","en","de","fr"],"languages":{"es":{"title":true,"content":true,"excerpt":true},"en":{"title":true,"content":true,"excerpt":true},"de":{"title":true,"content":true,"excerpt":true},"fr":{"title":true,"content":true,"excerpt":true}}},"_links":{"self":[{"href":"https:\/\/mboprinters.com\/fr\/wp-json\/wp\/v2\/product\/3998","targetHints":{"allow":["GET"]}}],"collection":[{"href":"https:\/\/mboprinters.com\/fr\/wp-json\/wp\/v2\/product"}],"about":[{"href":"https:\/\/mboprinters.com\/fr\/wp-json\/wp\/v2\/types\/product"}],"replies":[{"embeddable":true,"href":"https:\/\/mboprinters.com\/fr\/wp-json\/wp\/v2\/comments?post=3998"}],"wp:featuredmedia":[{"embeddable":true,"href":"https:\/\/mboprinters.com\/fr\/wp-json\/wp\/v2\/media\/3999"}],"wp:attachment":[{"href":"https:\/\/mboprinters.com\/fr\/wp-json\/wp\/v2\/media?parent=3998"}],"wp:term":[{"taxonomy":"product_brand","embeddable":true,"href":"https:\/\/mboprinters.com\/fr\/wp-json\/wp\/v2\/product_brand?post=3998"},{"taxonomy":"product_cat","embeddable":true,"href":"https:\/\/mboprinters.com\/fr\/wp-json\/wp\/v2\/product_cat?post=3998"},{"taxonomy":"product_tag","embeddable":true,"href":"https:\/\/mboprinters.com\/fr\/wp-json\/wp\/v2\/product_tag?post=3998"}],"curies":[{"name":"wp","href":"https:\/\/api.w.org\/{rel}","templated":true}]}}