{"id":4012,"date":"2025-06-20T04:19:45","date_gmt":"2025-06-20T04:19:45","guid":{"rendered":"https:\/\/mboprinters.com\/?post_type=product&#038;p=4012"},"modified":"2026-05-07T07:30:34","modified_gmt":"2026-05-07T07:30:34","slug":"horno-dtf-60-pro-horno-y-aplicador-automatico-dtf-60-cm","status":"publish","type":"product","link":"https:\/\/mboprinters.com\/fr\/product\/horno-dtf-60-pro-horno-y-aplicador-automatico-dtf-60-cm","title":{"rendered":"Four DTF 60 Pro \u2013 Four et applicateur automatique DTF (60 cm)"},"content":{"rendered":"<p><\/p>\n<h3 class=\"wp-block-heading\"><strong>Syst\u00e8me professionnel de polym\u00e9risation et d\u2019application pour productions \u00e0 haut volume<\/strong><\/h3>\n<p><\/p>\n<p><\/p>\n<p>Le <strong>Four MBO 60 Pro<\/strong> est une machine unique qui automatise tout le processus d\u2019application de poudre de polyamide et de polym\u00e9risation des images imprim\u00e9es sur films DTF. Compatible avec toute imprimante de 60 cm, il fait partie d\u2019un syst\u00e8me de production continue de transfers de haute qualit\u00e9. Il dispose d\u2019un contr\u00f4le num\u00e9rique pr\u00e9cis, d\u2019un retour automatique de l\u2019exc\u00e9dent de poudre et d\u2019un syst\u00e8me de r\u00e9cup\u00e9ration automatique du film, assurant ainsi une production plus propre, plus rapide et plus efficace.<\/p>\n<p><\/p>\n<p><\/p>\n<div class=\"wp-block-columns is-layout-flex wp-container-core-columns-is-layout-9d6595d7 wp-block-columns-is-layout-flex\">\n<div class=\"wp-block-column is-layout-flow wp-block-column-is-layout-flow\">\n<figure class=\"wp-block-image size-full\"><img decoding=\"async\" alt=\"\" class=\"wp-image-4002\" src=\"https:\/\/boprint.net\/wp-content\/uploads\/2025\/06\/pack-impresora-dtf-dx7-60-cm-equipo-completo10.jpg\"\/><\/figure>\n<p><\/p><\/div>\n<p><\/p>\n<p><\/p>\n<div class=\"wp-block-column is-layout-flow wp-block-column-is-layout-flow\">\n<h3 class=\"wp-block-heading\">Caract\u00e9ristiques principales<\/h3>\n<p><\/p>\n<p><\/p>\n<ul class=\"wp-block-list\">\n<li><strong>Largeur maximale du film<\/strong>: bobines jusqu\u2019\u00e0 60 cm<\/li>\n<p><\/p>\n<p><\/p>\n<li><strong>Contr\u00f4le num\u00e9rique<\/strong>: r\u00e8gle la temp\u00e9rature du four, l\u2019application de poudre et la vitesse du convoyeur<\/li>\n<p><\/p>\n<p><\/p>\n<li><strong>Facile \u00e0 utiliser<\/strong>: utilisation intuitive avec formation minimale<\/li>\n<p><\/p>\n<p><\/p>\n<li><strong>Compartiment sup\u00e9rieur de polyamide<\/strong>: chargement pratique toutes les 4\u20135 heures<\/li>\n<p><\/p>\n<p><\/p>\n<li><strong>Recyclage automatique de la poudre<\/strong>: r\u00e9cup\u00e8re l\u2019exc\u00e9dent et le r\u00e9utilise<\/li>\n<p><\/p>\n<p><\/p>\n<li><strong>Bande transporteuse avec aspiration d\u2019air<\/strong>: facilite le chargement sans d\u00e9placement<\/li>\n<p><\/p>\n<p><\/p>\n<li><strong>Plaque frontale de pr\u00e9chauffage<\/strong>: r\u00e9duit l\u2019humidit\u00e9 et stabilise l\u2019encre<\/li>\n<p><\/p>\n<p><\/p>\n<li><strong>Chauffages en forme de L<\/strong>: cr\u00e9ent un tunnel de polym\u00e9risation efficace avec contr\u00f4le ind\u00e9pendant<\/li>\n<p><\/p>\n<p><\/p>\n<li><strong>Syst\u00e8me de r\u00e9cup\u00e9ration automatique du film<\/strong>: ventilateurs de refroidissement et bobine d\u2019enroulement<\/li>\n<p><\/p>\n<p><\/p>\n<li><strong>Parfait pour les productions intensives<\/strong>: \u00e9limine le besoin d\u2019un four et d\u2019un applicateur s\u00e9par\u00e9s<\/li>\n<p><\/p><\/ul>\n<p><\/p><\/div>\n<p><\/p><\/div>\n<p><\/p>\n<p><\/p>\n<div class=\"wp-block-columns is-layout-flex wp-container-core-columns-is-layout-9d6595d7 wp-block-columns-is-layout-flex\">\n<div class=\"wp-block-column is-layout-flow wp-block-column-is-layout-flow\">\n<h3 class=\"wp-block-heading\">Sp\u00e9cifications techniques<\/h3>\n<p><\/p>\n<p><\/p>\n<ul class=\"wp-block-list\">\n<li><strong>Largeur maximale du film<\/strong>: 60 cm<\/li>\n<p><\/p>\n<p><\/p>\n<li><strong>Capacit\u00e9 de poudre<\/strong>: 2\u20133 kg<\/li>\n<p><\/p>\n<p><\/p>\n<li><strong>Bo\u00eete de remplissage<\/strong>: oui<\/li>\n<p><\/p>\n<p><\/p>\n<li><strong>Fr\u00e9quence de remplissage<\/strong>: toutes les 4\u20135 heures<\/li>\n<p><\/p>\n<p><\/p>\n<li><strong>Recyclage de la poudre<\/strong>: automatique<\/li>\n<p><\/p>\n<p><\/p>\n<li><strong>Tension<\/strong>: 220 V<\/li>\n<p><\/p>\n<p><\/p>\n<li><strong>Courant nominal<\/strong>: 24 A<\/li>\n<p><\/p>\n<p><\/p>\n<li><strong>Puissance nominale<\/strong>: 5,2 kW<\/li>\n<p><\/p>\n<p><\/p>\n<li><strong>Consommation<\/strong>: 3\u20135,2 kW<\/li>\n<p><\/p>\n<p><\/p>\n<li><strong>Dimensions<\/strong>: 96 \u00d7 105 \u00d7 160 cm<\/li>\n<p><\/p>\n<p><\/p>\n<li><strong>Emballage<\/strong>: 142 \u00d7 112 \u00d7 111,3 cm<\/li>\n<p><\/p>\n<p><\/p>\n<li><strong>Poids net<\/strong>: 190 kg \/ <strong>Poids brut<\/strong>: 240 kg<\/li>\n<p><\/p><\/ul>\n<p><\/p><\/div>\n<p><\/p>\n<p><\/p>\n<div class=\"wp-block-column is-layout-flow wp-block-column-is-layout-flow\">\n<figure class=\"wp-block-image size-full\"><img decoding=\"async\" alt=\"\" class=\"wp-image-4003\" src=\"https:\/\/boprint.net\/wp-content\/uploads\/2025\/06\/horno-aplicador-dtf-4-jpg.jpg\"\/><\/figure>\n<p><\/p><\/div>\n<p><\/p><\/div>\n<p><\/p>\n<p><\/p>\n<div class=\"wp-block-columns is-layout-flex wp-container-core-columns-is-layout-9d6595d7 wp-block-columns-is-layout-flex\">\n<div class=\"wp-block-column is-layout-flow wp-block-column-is-layout-flow\">\n<figure class=\"wp-block-image size-full\"><img decoding=\"async\" alt=\"\" class=\"wp-image-4004\" src=\"https:\/\/boprint.net\/wp-content\/uploads\/2025\/06\/secheur-poudreur.jpg\"\/><\/figure>\n<p><\/p><\/div>\n<p><\/p>\n<p><\/p>\n<div class=\"wp-block-column is-layout-flow wp-block-column-is-layout-flow\">\n<h3 class=\"wp-block-heading\">Avantages<\/h3>\n<p><\/p>\n<p><\/p>\n<ul class=\"wp-block-list\">\n<li>Automatise tout le processus de polym\u00e9risation<\/li>\n<p><\/p>\n<p><\/p>\n<li>Augmente l\u2019efficacit\u00e9 et \u00e9conomise du temps et des co\u00fbts<\/li>\n<p><\/p>\n<p><\/p>\n<li>Minimise les erreurs humaines et le gaspillage de poudre<\/li>\n<p><\/p>\n<p><\/p>\n<li>Transfers pr\u00eats \u00e0 d\u00e9couper, appliquer ou stocker<\/li>\n<p><\/p><\/ul>\n<p><\/p>\n<p><\/p>\n<h3 class=\"wp-block-heading\">Comprend<\/h3>\n<p><\/p>\n<p><\/p>\n<ul class=\"wp-block-list\">\n<li>Support m\u00e9dia<\/li>\n<p><\/p>\n<p><\/p>\n<li>Syst\u00e8me de r\u00e9cup\u00e9ration \u00e0 double moteur<\/li>\n<p><\/p>\n<p><\/p>\n<li>Ventilateurs de refroidissement avec support<\/li>\n<p><\/p>\n<p><\/p>\n<li>Tube en acier inoxydable de 98 cm<\/li>\n<p><\/p>\n<p><\/p>\n<li>Pinces, pinceau et petite pelle<\/li>\n<p><\/p><\/ul>\n<p><\/p><\/div>\n<p><\/p><\/div>\n<p><\/p>\n<p><\/p>\n<div aria-hidden=\"true\" class=\"wp-block-spacer\" style=\"height:32px\"><\/div>\n<p><\/p>\n<p><\/p>\n<div class=\"wp-block-buttons is-content-justification-center is-layout-flex wp-container-core-buttons-is-layout-16018d1d wp-block-buttons-is-layout-flex\">\n<div class=\"wp-block-button\"><a class=\"wp-block-button__link has-white-color has-vivid-cyan-blue-background-color has-text-color has-background has-link-color has-medium-font-size has-custom-font-size wp-element-button\" href=\"https:\/\/mboprinters.com\/fr\/contact\" style=\"border-radius:4px\"><strong>Plus d\u2019informations<\/strong><\/a><\/div>\n<p><\/p><\/div>\n<p><\/p>\n<p><\/p>\n<div aria-hidden=\"true\" class=\"wp-block-spacer\" style=\"height:32px\"><\/div>\n<p><\/p>\n<p><\/p>\n<figure class=\"wp-block-gallery has-nested-images columns-5 is-cropped wp-block-gallery-1 is-layout-flex wp-block-gallery-is-layout-flex\">\n<figure class=\"wp-block-image size-large\"><img decoding=\"async\" data-id=\"4005\" alt=\"\" class=\"wp-image-4005\" src=\"https:\/\/boprint.net\/wp-content\/uploads\/2025\/06\/horno-aplicador-dtf6-jpg.jpeg\"\/><\/figure>\n<p><\/p>\n<p><\/p>\n<figure class=\"wp-block-image size-large\"><img decoding=\"async\" data-id=\"4007\" alt=\"\" class=\"wp-image-4007\" src=\"https:\/\/boprint.net\/wp-content\/uploads\/2025\/06\/horno-aplicador-dtf.jpg\"\/><\/figure>\n<p><\/p>\n<p><\/p>\n<figure class=\"wp-block-image size-large\"><img decoding=\"async\" data-id=\"4006\" alt=\"\" class=\"wp-image-4006\" src=\"https:\/\/boprint.net\/wp-content\/uploads\/2025\/06\/shaker-dtf-8.jpg\"\/><\/figure>\n<p><\/p>\n<p><\/p>\n<figure class=\"wp-block-image size-large\"><img decoding=\"async\" data-id=\"4008\" alt=\"\" class=\"wp-image-4008\" src=\"https:\/\/boprint.net\/wp-content\/uploads\/2025\/06\/secheur-poudreur9.jpg\"\/><\/figure>\n<p><\/p>\n<p><\/p>\n<figure class=\"wp-block-image size-large\"><img decoding=\"async\" data-id=\"4009\" alt=\"\" class=\"wp-image-4009\" src=\"https:\/\/boprint.net\/wp-content\/uploads\/2025\/06\/shaker-dtf7.jpg\"\/><\/figure>\n<p><\/p><\/figure>\n<p><\/p>\n<p><\/p>\n<p><\/p>","protected":false},"excerpt":{"rendered":"<p><strong>Four MBO 60 Pro \u2013 Applicateur et unit\u00e9 de polym\u00e9risation automatique DTF (60 cm)<\/strong><br \/>\nMachine professionnelle pour automatiser l\u2019application de poudre et la polym\u00e9risation de films DTF jusqu\u2019\u00e0 60 cm. Avec contr\u00f4le num\u00e9rique, recyclage automatique de la poudre et r\u00e9cup\u00e9ration int\u00e9gr\u00e9e du film, elle est id\u00e9ale pour les productions intensives n\u00e9cessitant fiabilit\u00e9, efficacit\u00e9 et r\u00e9sultats constants.<\/p>\n<p>\u00a0<\/p>\n<p><!-- wp:buttons {\"layout\":{\"type\":\"flex\",\"justifyContent\":\"left\"}} --><\/p>\n<div class=\"wp-block-buttons\"><!-- wp:button {\"backgroundColor\":\"vivid-cyan-blue\",\"textColor\":\"white\",\"style\":{\"elements\":{\"link\":{\"color\":{\"text\":\"var:preset|color|white\"}}},\"border\":{\"radius\":\"4px\"}},\"fontSize\":\"medium\"} --><\/p>\n<div class=\"wp-block-button\"><a class=\"wp-block-button__link has-white-color has-vivid-cyan-blue-background-color has-text-color has-background has-link-color has-medium-font-size has-custom-font-size wp-element-button\" href=\"https:\/\/mboprinters.com\/fr\/contact\"><strong>Plus d\u2019informations<\/strong><\/a><\/div>\n<p><!-- \/wp:button --><\/div>\n<p><!-- \/wp:buttons --><\/p>\n","protected":false},"featured_media":4013,"comment_status":"closed","ping_status":"closed","template":"","meta":[],"product_brand":[],"product_cat":[88,78],"product_tag":[],"class_list":{"0":"post-4012","1":"product","2":"type-product","3":"status-publish","4":"has-post-thumbnail","6":"product_cat-dtf-oven","7":"product_cat-dtf-textil","9":"first","10":"instock","11":"taxable","12":"shipping-taxable","13":"product-type-simple"},"translation":{"provider":"WPGlobus","version":"3.0.0","language":"fr","enabled_languages":["es","en","de","fr"],"languages":{"es":{"title":true,"content":true,"excerpt":true},"en":{"title":true,"content":true,"excerpt":true},"de":{"title":true,"content":true,"excerpt":true},"fr":{"title":true,"content":true,"excerpt":true}}},"_links":{"self":[{"href":"https:\/\/mboprinters.com\/fr\/wp-json\/wp\/v2\/product\/4012","targetHints":{"allow":["GET"]}}],"collection":[{"href":"https:\/\/mboprinters.com\/fr\/wp-json\/wp\/v2\/product"}],"about":[{"href":"https:\/\/mboprinters.com\/fr\/wp-json\/wp\/v2\/types\/product"}],"replies":[{"embeddable":true,"href":"https:\/\/mboprinters.com\/fr\/wp-json\/wp\/v2\/comments?post=4012"}],"wp:featuredmedia":[{"embeddable":true,"href":"https:\/\/mboprinters.com\/fr\/wp-json\/wp\/v2\/media\/4013"}],"wp:attachment":[{"href":"https:\/\/mboprinters.com\/fr\/wp-json\/wp\/v2\/media?parent=4012"}],"wp:term":[{"taxonomy":"product_brand","embeddable":true,"href":"https:\/\/mboprinters.com\/fr\/wp-json\/wp\/v2\/product_brand?post=4012"},{"taxonomy":"product_cat","embeddable":true,"href":"https:\/\/mboprinters.com\/fr\/wp-json\/wp\/v2\/product_cat?post=4012"},{"taxonomy":"product_tag","embeddable":true,"href":"https:\/\/mboprinters.com\/fr\/wp-json\/wp\/v2\/product_tag?post=4012"}],"curies":[{"name":"wp","href":"https:\/\/api.w.org\/{rel}","templated":true}]}}